{"id":92418,"date":"2024-10-23T22:34:26","date_gmt":"2024-10-23T19:41:08","guid":{"rendered":"https:\/\/factory.sale\/?post_type=product&#038;p=92418"},"modified":"2024-10-23T23:58:33","modified_gmt":"2024-10-23T20:58:33","slug":"sahkokiuas-harvia-spirit-sp90xw-90-kw-ohjauskeskuksella","status":"publish","type":"product","link":"https:\/\/factory.sale\/fi\/tuote\/sahkokiuas-harvia-spirit-sp90xw-90-kw-ohjauskeskuksella\/","title":{"rendered":"S\u00e4hk\u00f6kiuas Harvia Spirit SP90xw, 9,0 kW, ohjauskeskuksella"},"content":{"rendered":"<p>Korkealaatuinen, Suomessa suunniteltu ja valmistettu, design-kiuas on Harvian taidonn\u00e4yte, jossa korostuu erinomaisen saunomiskokemuksen lis\u00e4ksi turvallisuus ja luotettavuus. Kiukaan rakenne suojaa saunan rakenteita ja luo tasaisen l\u00e4mp\u00f6tilan saunaan ainutlaatuisen ja huomaamattoman ilmanvaihtokanaviston ansiosta. Ilmanvaihtokanavisto viilent\u00e4\u00e4 sein\u00e4rakenteita ja voimistaa ilmankiertoa vastuksien l\u00e4pi, luoden tasaisen l\u00e4mm\u00f6n saunaan.<\/p>\n<p>Harvia Spirit saunan s\u00e4hk\u00f6kiukaan tyylikk\u00e4\u00e4n kaarevat muodot huokuvat luonnollista muotoilua. Kiukaan design korostaa py\u00f6reit\u00e4 kivi\u00e4, luoden samalla modernin, mutta elegantin ilmapiirin saunaan, unohtamatta pehme\u00e4n kosteita l\u00f6ylyj\u00e4. WiFi-ohjausmahdollisuudella varustettu kiuas on helppok\u00e4ytt\u00f6inen. Nimens\u00e4 mukaisesti Harvia Spirit on saunasi l\u00f6ylyn henki, joka takaa pehme\u00e4t ja nautinnolliset l\u00f6ylyt.<\/p>\n<p>Spirit XW WiFi -s\u00e4hk\u00f6kiuas on kokonaisuus, joka mahdollistaa saunan ohjauksen k\u00e4tev\u00e4sti Xenio WiFi ohjauspaneelista tai et\u00e4n\u00e4 MyHarvia-mobiilisovelluksella. Pakkauksen mukana tulevat tarvikkeet (ovitunnistin, l\u00e4mp\u00f6tila-anturi ja Xenio WiFi -ohjauspaneeli) voit liitt\u00e4\u00e4 helposti suoraan kiukaaseen.<\/p>\n<p>&nbsp;<\/p>\n<p>&nbsp;<\/p>\n<p>&nbsp;<\/p>\n<p><strong>Tekniset tiedot:<\/strong><\/p>\n<p>Tuotekoodi: HSPE904MXW<br \/>\nTeho, kW: 9,0<br \/>\nSaunan koko, m3: 8-14<br \/>\nMitat (KxLxS), mm: 687 \/ 385 \/ 334<br \/>\nPaino, kg: 12<br \/>\nKivim\u00e4\u00e4r\u00e4, max, kg: 55 &#8211; 60<br \/>\nV\u00e4himm\u00e4isturvaet\u00e4isyys (katto\/sivut), mm: 900 \/ 80<br \/>\nSy\u00f6tt\u00f6j\u00e4nnite, vaihe: 400 V 3N~ \/ 230 V 1N~ \/ 230 V 3~<br \/>\nSulake, A: 3 x 16<br \/>\nLiit\u00e4nt\u00e4kaapeli, mm2: 5 x 2,5 \/ 3 x 10 \/ 4 x 2,5<br \/>\nOhjausyksikk\u00f6: Sis\u00e4ltyy<\/p>\n<p>&nbsp;<\/p>\n<p>&nbsp;<\/p>\n<p>&nbsp;<\/p>\n<p>Kivet eiv\u00e4t sis\u00e4lly toimitukseen. &#8212;-&gt; <a href=\"https:\/\/factory.sale\/fi\/tuote-osasto\/saniteetti\/saunatarvikkeet\/kiuaskivet\/\" target=\"_blank\" rel=\"noopener\">Klikkaa t\u00e4st\u00e4 ostaaksesi saunankivet<\/a><\/p>\n<p>Paketissa mukana ovitunnistin ja l\u00e4mp\u00f6tila-anturi.<\/p>\n<p>&nbsp;<\/p>\n<p>&nbsp;<\/p>\n<p><a href=\"https:\/\/factory.sale\/wp-content\/uploads\/2024\/10\/SPIRIT-FI-SE-EN-DE-FR.pdf\" target=\"_blank\" rel=\"noopener\">K\u00e4ytt\u00f6ohje<\/a><\/p>\n<p>&nbsp;<\/p>\n<div class=\"video-wrapper \"><iframe loading=\"lazy\" title=\"Harvia - Spirit of L\u00f6yly\" src=\"https:\/\/player.vimeo.com\/video\/725924617?dnt=1&amp;app_id=122963\" width=\"500\" height=\"281\" frameborder=\"0\" allow=\"autoplay; fullscreen; picture-in-picture; clipboard-write; encrypted-media; web-share\" referrerpolicy=\"strict-origin-when-cross-origin\"><\/iframe><\/div>\n","protected":false},"excerpt":{"rendered":"<p>Korkealaatuinen, Suomessa suunniteltu ja valmistettu, design-kiuas on Harvian taidonn\u00e4yte, jossa korostuu erinomaisen saunomiskokemuksen lis\u00e4ksi turvallisuus ja luotettavuus. Kiukaan rakenne suojaa saunan rakenteita ja luo tasaisen l\u00e4mp\u00f6tilan saunaan ainutlaatuisen ja huomaamattoman ilmanvaihtokanaviston ansiosta. Ilmanvaihtokanavisto viilent\u00e4\u00e4 sein\u00e4rakenteita ja voimistaa ilmankiertoa vastuksien l\u00e4pi, luoden tasaisen l\u00e4mm\u00f6n saunaan.<\/p>\n","protected":false},"featured_media":92401,"comment_status":"open","ping_status":"closed","template":"","meta":{"_acf_changed":false},"factory":[],"free-shipment":[],"product_brand":[],"product_cat":[1421,484],"product_tag":[3162,1152,4987,2106],"class_list":{"0":"post-92418","1":"product","2":"type-product","3":"status-publish","4":"has-post-thumbnail","6":"product_cat-harvia-fi","7":"product_cat-saunan-kiukaat","8":"product_tag-electric-heater-fi","9":"product_tag-harvia-fi","10":"product_tag-sahkokiuas-fi","11":"product_tag-sauna-fi","13":"first","14":"instock","15":"sale","16":"taxable","17":"shipping-taxable","18":"purchasable","19":"product-type-simple"},"acf":[],"_links":{"self":[{"href":"https:\/\/factory.sale\/fi\/wp-json\/wp\/v2\/product\/92418","targetHints":{"allow":["GET"]}}],"collection":[{"href":"https:\/\/factory.sale\/fi\/wp-json\/wp\/v2\/product"}],"about":[{"href":"https:\/\/factory.sale\/fi\/wp-json\/wp\/v2\/types\/product"}],"replies":[{"embeddable":true,"href":"https:\/\/factory.sale\/fi\/wp-json\/wp\/v2\/comments?post=92418"}],"wp:featuredmedia":[{"embeddable":true,"href":"https:\/\/factory.sale\/fi\/wp-json\/wp\/v2\/media\/92401"}],"wp:attachment":[{"href":"https:\/\/factory.sale\/fi\/wp-json\/wp\/v2\/media?parent=92418"}],"wp:term":[{"taxonomy":"factory","embeddable":true,"href":"https:\/\/factory.sale\/fi\/wp-json\/wp\/v2\/factory?post=92418"},{"taxonomy":"free-shipment","embeddable":true,"href":"https:\/\/factory.sale\/fi\/wp-json\/wp\/v2\/free-shipment?post=92418"},{"taxonomy":"product_brand","embeddable":true,"href":"https:\/\/factory.sale\/fi\/wp-json\/wp\/v2\/product_brand?post=92418"},{"taxonomy":"product_cat","embeddable":true,"href":"https:\/\/factory.sale\/fi\/wp-json\/wp\/v2\/product_cat?post=92418"},{"taxonomy":"product_tag","embeddable":true,"href":"https:\/\/factory.sale\/fi\/wp-json\/wp\/v2\/product_tag?post=92418"}],"curies":[{"name":"wp","href":"https:\/\/api.w.org\/{rel}","templated":true}]}}