{"id":92380,"date":"2024-10-23T11:41:10","date_gmt":"2024-10-23T08:44:22","guid":{"rendered":"https:\/\/factory.sale\/?post_type=product&#038;p=92380"},"modified":"2024-12-29T14:29:31","modified_gmt":"2024-12-29T11:29:31","slug":"simge-soba-liesiuuni-701-omega","status":"publish","type":"product","link":"https:\/\/factory.sale\/fi\/tuote\/simge-soba-liesiuuni-701-omega\/","title":{"rendered":"Simge Soba liesiuuni 701 Omega"},"content":{"rendered":"<p><strong>Ominaisuudet:<\/strong><\/p>\n<ul>\n<li>Irrotettava tuhkalaatikko<\/li>\n<li>Palotila on valurautaa<\/li>\n<li>Yl\u00e4levy ja keittorenkaat ovat valurautaa<\/li>\n<li>Ovissa on jousisaranat<\/li>\n<li>S\u00e4\u00e4dett\u00e4v\u00e4 ensisijainen ja toissijainen ilmavirta paremman palamisen hallitsemiseksi<\/li>\n<li>J\u00e4lkipolttotekniikka (v\u00e4h\u00e4iset p\u00e4\u00e4st\u00f6t)<\/li>\n<li>Irrotettava puulaatikko<\/li>\n<li>Emaloitu ter\u00e4suuni<\/li>\n<li>Keraaminen lasi<\/li>\n<li>Ylemm\u00e4ss\u00e4 oikeassa tai takasavun ulostulo<\/li>\n<li>Kromikahvat<\/li>\n<li>Uunin l\u00e4mp\u00f6mittari<\/li>\n<li>Paistopelti ja grilli<\/li>\n<\/ul>\n<p>&nbsp;<\/p>\n<p>&nbsp;<\/p>\n<p><strong>Tekniset tiedot:<\/strong><\/p>\n<ul>\n<li>Nimellisteho: 9.0 kW-N<\/li>\n<li>Tehokkuus: 80%<\/li>\n<li>Mitat: 870 x 510 x 790 mm<\/li>\n<li>Savuputken halkaisija: 130 mm R\/U<\/li>\n<li>Uunin koko: 450 x 455 x 175 mm<\/li>\n<li>Nettopaino: 82 kg<\/li>\n<li>L\u00e4mmitett\u00e4v\u00e4 alue: 160 m\u00b3<\/li>\n<\/ul>\n<p>&nbsp;<\/p>\n<p>&nbsp;<\/p>\n<p><strong>V\u00e4rit:<\/strong><\/p>\n<p>Musta<\/p>\n<p>Valkoinen<\/p>\n<p>Keltainen<\/p>\n<p>&nbsp;<\/p>\n<p>&nbsp;<\/p>\n<p>&nbsp;<\/p>\n<p><strong>Sertifikaatit:<\/strong><\/p>\n<p><strong><em><img loading=\"lazy\" decoding=\"async\" class=\"alignnone wp-image-91549\" src=\"https:\/\/factory.sale\/wp-content\/uploads\/2024\/10\/certifications-300x31.png\" sizes=\"auto, (max-width: 919px) 100vw, 919px\" srcset=\"https:\/\/factory.sale\/wp-content\/uploads\/2024\/10\/certifications-300x31.png 300w, https:\/\/factory.sale\/wp-content\/uploads\/2024\/10\/certifications-1024x105.png 1024w, https:\/\/factory.sale\/wp-content\/uploads\/2024\/10\/certifications-150x15.png 150w, https:\/\/factory.sale\/wp-content\/uploads\/2024\/10\/certifications-1536x158.png 1536w, https:\/\/factory.sale\/wp-content\/uploads\/2024\/10\/certifications-2048x211.png 2048w, https:\/\/factory.sale\/wp-content\/uploads\/2024\/10\/certifications-600x62.png 600w\" alt=\"\" width=\"919\" height=\"95\" \/><\/em><\/strong><\/p>\n<p>&nbsp;<\/p>\n<p>&nbsp;<\/p>\n<p>&nbsp;<\/p>\n<p><strong>Tuote toimitetaan lavalla + pahvilaatikossa.<\/strong><\/p>\n","protected":false},"excerpt":{"rendered":"<ul>\n<li>Irrotettava tuhkalaatikko<\/li>\n<li>Palotila on valurautaa<\/li>\n<li>Yl\u00e4levy ja keittorenkaat ovat valurautaa<\/li>\n<li>Ovissa on jousisaranat<\/li>\n<li>S\u00e4\u00e4dett\u00e4v\u00e4 ensisijainen ja toissijainen ilmavirta paremman palamisen hallitsemiseksi<\/li>\n<li>J\u00e4lkipolttotekniikka (v\u00e4h\u00e4iset p\u00e4\u00e4st\u00f6t)<\/li>\n<li>Irrotettava puulaatikko<\/li>\n<li>Emaloitu ter\u00e4suuni<\/li>\n<li>Keraaminen lasi<\/li>\n<li>Ylemm\u00e4ss\u00e4 oikeassa tai takasavun ulostulo<\/li>\n<li>Kromikahvat<\/li>\n<li>Uunin l\u00e4mp\u00f6mittari<\/li>\n<li>Paistopelti ja grilli<\/li>\n<\/ul>\n","protected":false},"featured_media":92365,"comment_status":"open","ping_status":"closed","template":"","meta":{"_acf_changed":false},"factory":[],"free-shipment":[],"product_brand":[],"product_cat":[3062,1329,4792],"product_tag":[2011],"class_list":{"0":"post-92380","1":"product","2":"type-product","3":"status-publish","4":"has-post-thumbnail","6":"product_cat-simge-soba-fi","7":"product_cat-uunit","8":"product_cat-uunit-fi","9":"product_tag-stove-fi","11":"first","12":"instock","13":"sale","14":"taxable","15":"shipping-taxable","16":"purchasable","17":"product-type-simple"},"acf":[],"_links":{"self":[{"href":"https:\/\/factory.sale\/fi\/wp-json\/wp\/v2\/product\/92380","targetHints":{"allow":["GET"]}}],"collection":[{"href":"https:\/\/factory.sale\/fi\/wp-json\/wp\/v2\/product"}],"about":[{"href":"https:\/\/factory.sale\/fi\/wp-json\/wp\/v2\/types\/product"}],"replies":[{"embeddable":true,"href":"https:\/\/factory.sale\/fi\/wp-json\/wp\/v2\/comments?post=92380"}],"wp:featuredmedia":[{"embeddable":true,"href":"https:\/\/factory.sale\/fi\/wp-json\/wp\/v2\/media\/92365"}],"wp:attachment":[{"href":"https:\/\/factory.sale\/fi\/wp-json\/wp\/v2\/media?parent=92380"}],"wp:term":[{"taxonomy":"factory","embeddable":true,"href":"https:\/\/factory.sale\/fi\/wp-json\/wp\/v2\/factory?post=92380"},{"taxonomy":"free-shipment","embeddable":true,"href":"https:\/\/factory.sale\/fi\/wp-json\/wp\/v2\/free-shipment?post=92380"},{"taxonomy":"product_brand","embeddable":true,"href":"https:\/\/factory.sale\/fi\/wp-json\/wp\/v2\/product_brand?post=92380"},{"taxonomy":"product_cat","embeddable":true,"href":"https:\/\/factory.sale\/fi\/wp-json\/wp\/v2\/product_cat?post=92380"},{"taxonomy":"product_tag","embeddable":true,"href":"https:\/\/factory.sale\/fi\/wp-json\/wp\/v2\/product_tag?post=92380"}],"curies":[{"name":"wp","href":"https:\/\/api.w.org\/{rel}","templated":true}]}}