{"id":92012,"date":"2024-10-16T12:45:46","date_gmt":"2024-10-16T09:58:29","guid":{"rendered":"https:\/\/factory.sale\/?post_type=product&#038;p=92012"},"modified":"2025-09-19T16:04:31","modified_gmt":"2025-09-19T13:04:31","slug":"bigbox-kansi-1200x1000-cm","status":"publish","type":"product","link":"https:\/\/factory.sale\/fi\/tuote\/bigbox-kansi-1200x1000-cm\/","title":{"rendered":"BigBox-kansi 1200&#215;1000 cm"},"content":{"rendered":"<p>BigBox-kansi 1200&#215;1000 cm<\/p>\n    <div class=\"col-xl-3 col-6\">\n        <div class=\"product-card h-100\">\n            <div class=\"ratio ratio-4x3 overflow-hidden\">\n                <a href=\"https:\/\/factory.sale\/fi\/tuote\/bigbox-sailio-bbg1210-670-l\/\">\n                    <img loading=\"lazy\" decoding=\"async\" width=\"768\" height=\"724\" src=\"https:\/\/factory.sale\/wp-content\/uploads\/2024\/10\/factory-sale-product-big-box-768x724.png\" class=\"img-fluid object-fit-contain w-100 h-100\" alt=\"BigBox s\u00e4ili\u00f6 BBG1210 670 L\" srcset=\"https:\/\/factory.sale\/wp-content\/uploads\/2024\/10\/factory-sale-product-big-box-768x724.png 768w, https:\/\/factory.sale\/wp-content\/uploads\/2024\/10\/factory-sale-product-big-box-300x283.png 300w, https:\/\/factory.sale\/wp-content\/uploads\/2024\/10\/factory-sale-product-big-box-150x141.png 150w, https:\/\/factory.sale\/wp-content\/uploads\/2024\/10\/factory-sale-product-big-box-600x565.png 600w, https:\/\/factory.sale\/wp-content\/uploads\/2024\/10\/factory-sale-product-big-box.png 1024w\" sizes=\"auto, (max-width: 768px) 100vw, 768px\" \/>                <\/a>\n            <\/div>\n\n            <div class=\"px-xl-3 px-2 py-3 text-xl-start\">\n                <a class=\"product-title-link\" href=\"https:\/\/factory.sale\/fi\/tuote\/bigbox-sailio-bbg1210-670-l\/\">\n                    <p class=\"d-none d-xl-block\">BigBox s\u00e4ili\u00f6 BBG1210 670 L<\/p>\n                    <p class=\"d-xl-none\">BigBox s\u00e4ili\u00f6 BBG1210 670 L<\/p>\n                <\/a>\n\n                <div class=\"price\">\n                                            <span class=\"new-price\"><span class=\"woocommerce-Price-amount amount\"><bdi><span class=\"woocommerce-Price-currencySymbol\">&euro;<\/span>259,00<\/bdi><\/span><\/span>\n                        <span class=\"old-price\"><span class=\"woocommerce-Price-amount amount\"><bdi><span class=\"woocommerce-Price-currencySymbol\">&euro;<\/span>284,90<\/bdi><\/span><\/span>\n                                    <\/div>\n\n                <div class=\"d-xl-grid d-none gap-4 d-xl-flex justify-content-start mt-2\">\n                    <button class=\"btn btn-product ajax-add-to-quote w-100 mt-1rem\"\n                            data-product-id=\"92001\">\n                        Add to quote\n                    <\/button>\n                <\/div>\n            <\/div>\n\n                            <div class=\"sale\">Sale -9%<\/div>\n                    <\/div>\n    <\/div>\n    \n<p>Katso teollisuus s\u00e4ili\u00f6iden laadunhallintaj\u00e4rjestelm\u00e4n\u00a0<a href=\"https:\/\/www.iso.org\/standard\/62085.html\" target=\"_blank\" rel=\"noopener\">ISO 9001 \u2013 standardin seloste<\/a><\/p>\n<p><em><strong>Etk\u00f6 ole varma, mink\u00e4 s\u00e4ili\u00f6n valitsisit? Blogikirjoituksemme \u201c<a href=\"https:\/\/factory.sale\/fi\/blog\/kuinka-valita-oikea-sailio\/\" target=\"_blank\" rel=\"noopener\">Kuinka valita oikea s\u00e4ili\u00f6<\/a>\u201d selitt\u00e4\u00e4 askel askeleelta, mit\u00e4 tulee ottaa huomioon uutta s\u00e4ili\u00f6t\u00e4 valitessa. Tutustu nyt!<\/strong><\/em><\/p>\n","protected":false},"excerpt":{"rendered":"<p><a href=\"https:\/\/factory.sale\/fi\/tuote\/bigbox-sailio-bbg1210-670-l\/\" target=\"_blank\" rel=\"noopener\">BigBox<\/a>-pohjalaatikoiden kansi.<\/p>\n<p>BigBoxit tulevat Saksasta, mik\u00e4 antaa niille parhaan hinta-laatusuhteen. BigBox-pohjalaatikot ovat eritt\u00e4in vahvoja ja kest\u00e4v\u00e4t 10-20 vuotta! T\u00e4m\u00e4 on pitk\u00e4aikainen investointi tuotantoosi!<\/p>\n<p>&nbsp;<\/p>\n","protected":false},"featured_media":140138,"comment_status":"open","ping_status":"closed","template":"","meta":{"_acf_changed":false},"factory":[],"free-shipment":[],"product_brand":[],"product_cat":[997,3045],"product_tag":[],"class_list":{"0":"post-92012","1":"product","2":"type-product","3":"status-publish","4":"has-post-thumbnail","6":"product_cat-piha-puutarha-fi","7":"product_cat-teollisuussailiot","9":"first","10":"instock","11":"sale","12":"taxable","13":"shipping-taxable","14":"purchasable","15":"product-type-simple"},"acf":[],"_links":{"self":[{"href":"https:\/\/factory.sale\/fi\/wp-json\/wp\/v2\/product\/92012","targetHints":{"allow":["GET"]}}],"collection":[{"href":"https:\/\/factory.sale\/fi\/wp-json\/wp\/v2\/product"}],"about":[{"href":"https:\/\/factory.sale\/fi\/wp-json\/wp\/v2\/types\/product"}],"replies":[{"embeddable":true,"href":"https:\/\/factory.sale\/fi\/wp-json\/wp\/v2\/comments?post=92012"}],"wp:featuredmedia":[{"embeddable":true,"href":"https:\/\/factory.sale\/fi\/wp-json\/wp\/v2\/media\/140138"}],"wp:attachment":[{"href":"https:\/\/factory.sale\/fi\/wp-json\/wp\/v2\/media?parent=92012"}],"wp:term":[{"taxonomy":"factory","embeddable":true,"href":"https:\/\/factory.sale\/fi\/wp-json\/wp\/v2\/factory?post=92012"},{"taxonomy":"free-shipment","embeddable":true,"href":"https:\/\/factory.sale\/fi\/wp-json\/wp\/v2\/free-shipment?post=92012"},{"taxonomy":"product_brand","embeddable":true,"href":"https:\/\/factory.sale\/fi\/wp-json\/wp\/v2\/product_brand?post=92012"},{"taxonomy":"product_cat","embeddable":true,"href":"https:\/\/factory.sale\/fi\/wp-json\/wp\/v2\/product_cat?post=92012"},{"taxonomy":"product_tag","embeddable":true,"href":"https:\/\/factory.sale\/fi\/wp-json\/wp\/v2\/product_tag?post=92012"}],"curies":[{"name":"wp","href":"https:\/\/api.w.org\/{rel}","templated":true}]}}