{"id":92001,"date":"2024-10-16T11:40:35","date_gmt":"2024-10-16T09:32:50","guid":{"rendered":"https:\/\/factory.sale\/?post_type=product&#038;p=92001"},"modified":"2025-09-19T16:06:24","modified_gmt":"2025-09-19T13:06:24","slug":"bigbox-sailio-bbg1210-670-l","status":"publish","type":"product","link":"https:\/\/factory.sale\/fi\/tuote\/bigbox-sailio-bbg1210-670-l\/","title":{"rendered":"BigBox s\u00e4ili\u00f6 BBG1210 670 L"},"content":{"rendered":"<p>BigBoxit tulevat Saksasta, mik\u00e4 antaa niille parhaan hinta-laatusuhteen. BigBox s\u00e4ili\u00f6t ovat eritt\u00e4in vahvoja ja kest\u00e4v\u00e4t 10-20 vuotta! T\u00e4m\u00e4 on pitk\u00e4aikainen investointi tuotantoosi!<\/p>\n<p><img loading=\"lazy\" decoding=\"async\" class=\"alignnone size-medium wp-image-119001\" src=\"https:\/\/factory.sale\/wp-content\/uploads\/2025\/09\/factory-sale-products-IMG_6131-300x225.jpg\" alt=\"alusekast\" width=\"300\" height=\"225\" srcset=\"https:\/\/factory.sale\/wp-content\/uploads\/2025\/09\/factory-sale-products-IMG_6131-300x225.jpg 300w, https:\/\/factory.sale\/wp-content\/uploads\/2025\/09\/factory-sale-products-IMG_6131-1024x768.jpg 1024w, https:\/\/factory.sale\/wp-content\/uploads\/2025\/09\/factory-sale-products-IMG_6131-150x113.jpg 150w, https:\/\/factory.sale\/wp-content\/uploads\/2025\/09\/factory-sale-products-IMG_6131-768x576.jpg 768w, https:\/\/factory.sale\/wp-content\/uploads\/2025\/09\/factory-sale-products-IMG_6131-1536x1152.jpg 1536w, https:\/\/factory.sale\/wp-content\/uploads\/2025\/09\/factory-sale-products-IMG_6131-600x450.jpg 600w, https:\/\/factory.sale\/wp-content\/uploads\/2025\/09\/factory-sale-products-IMG_6131.jpg 1680w\" sizes=\"auto, (max-width: 300px) 100vw, 300px\" \/><\/p>\n<p>Mahdollista ostaa lis\u00e4ksi &#8212;&gt; <a href=\"https:\/\/factory.sale\/fi\/tuote\/bigbox-kansi-1200x1000-cm\/\" target=\"_blank\" rel=\"noopener\">BigBox kansi 1200&#215;1000 cm<\/a><\/p>\n<p>&nbsp;<\/p>\n<p><strong>Tekniset tiedot:<\/strong><\/p>\n<p>Mitat: 1200 x 1000 x 79 cm<\/p>\n<p>Tilavuus: 670 L<\/p>\n<p>Kantavuus: 650 kg\/5000 kg<\/p>\n<p>Materiaali: PE-HD<\/p>\n<p>Ruokatodistuksella<\/p>\n<p>Tutustu samankaltaisiin tuotteisiin t\u00e4\u00e4ll\u00e4:\u00a0<a href=\"https:\/\/factory.sale\/fi\/tuote-osasto\/piha-puutarha-fi\/teollisuussailiot\/\"><i>\u201cTeollisuuss\u00e4ili\u00f6t\u201d<\/i><\/a><\/p>\n<p>Katso teollisuus s\u00e4ili\u00f6iden laadunhallintaj\u00e4rjestelm\u00e4n\u00a0<a href=\"https:\/\/www.iso.org\/standard\/62085.html\" target=\"_blank\" rel=\"noopener\">ISO 9001 \u2013 standardin seloste<\/a><\/p>\n<p><em><strong>Etk\u00f6 ole varma, mink\u00e4 s\u00e4ili\u00f6n valitsisit? Blogikirjoituksemme \u201c<a href=\"https:\/\/factory.sale\/fi\/blog\/kuinka-valita-oikea-sailio\/\" target=\"_blank\" rel=\"noopener\">Kuinka valita oikea s\u00e4ili\u00f6<\/a>\u201d selitt\u00e4\u00e4 askel askeleelta, mit\u00e4 tulee ottaa huomioon uutta s\u00e4ili\u00f6t\u00e4 valitessa. Tutustu nyt!<\/strong><\/em><\/p>\n","protected":false},"excerpt":{"rendered":"<p>BigBoxit tulevat Saksasta, mik\u00e4 antaa niille parhaan hinta-laatusuhteen. BigBox s\u00e4ili\u00f6t ovat eritt\u00e4in vahvoja ja kest\u00e4v\u00e4t 10-20 vuotta! T\u00e4m\u00e4 on pitk\u00e4aikainen investointi tuotantoosi!<\/p>\n","protected":false},"featured_media":140141,"comment_status":"open","ping_status":"closed","template":"","meta":{"_acf_changed":false},"factory":[],"free-shipment":[],"product_brand":[],"product_cat":[997,3045],"product_tag":[],"class_list":{"0":"post-92001","1":"product","2":"type-product","3":"status-publish","4":"has-post-thumbnail","6":"product_cat-piha-puutarha-fi","7":"product_cat-teollisuussailiot","9":"first","10":"instock","11":"sale","12":"taxable","13":"shipping-taxable","14":"purchasable","15":"product-type-simple"},"acf":[],"_links":{"self":[{"href":"https:\/\/factory.sale\/fi\/wp-json\/wp\/v2\/product\/92001","targetHints":{"allow":["GET"]}}],"collection":[{"href":"https:\/\/factory.sale\/fi\/wp-json\/wp\/v2\/product"}],"about":[{"href":"https:\/\/factory.sale\/fi\/wp-json\/wp\/v2\/types\/product"}],"replies":[{"embeddable":true,"href":"https:\/\/factory.sale\/fi\/wp-json\/wp\/v2\/comments?post=92001"}],"wp:featuredmedia":[{"embeddable":true,"href":"https:\/\/factory.sale\/fi\/wp-json\/wp\/v2\/media\/140141"}],"wp:attachment":[{"href":"https:\/\/factory.sale\/fi\/wp-json\/wp\/v2\/media?parent=92001"}],"wp:term":[{"taxonomy":"factory","embeddable":true,"href":"https:\/\/factory.sale\/fi\/wp-json\/wp\/v2\/factory?post=92001"},{"taxonomy":"free-shipment","embeddable":true,"href":"https:\/\/factory.sale\/fi\/wp-json\/wp\/v2\/free-shipment?post=92001"},{"taxonomy":"product_brand","embeddable":true,"href":"https:\/\/factory.sale\/fi\/wp-json\/wp\/v2\/product_brand?post=92001"},{"taxonomy":"product_cat","embeddable":true,"href":"https:\/\/factory.sale\/fi\/wp-json\/wp\/v2\/product_cat?post=92001"},{"taxonomy":"product_tag","embeddable":true,"href":"https:\/\/factory.sale\/fi\/wp-json\/wp\/v2\/product_tag?post=92001"}],"curies":[{"name":"wp","href":"https:\/\/api.w.org\/{rel}","templated":true}]}}