{"id":91986,"date":"2024-10-15T23:35:05","date_gmt":"2024-10-15T20:49:13","guid":{"rendered":"https:\/\/factory.sale\/?post_type=product&#038;p=91986"},"modified":"2025-09-19T16:09:41","modified_gmt":"2025-09-19T13:09:41","slug":"hiekka-suola-absorboiva-sailio-250l","status":"publish","type":"product","link":"https:\/\/factory.sale\/fi\/tuote\/hiekka-suola-absorboiva-sailio-250l\/","title":{"rendered":"Hiekka\/suola\/absorboiva s\u00e4ili\u00f6 250L"},"content":{"rendered":"<p>Hiekka\/suola\/absorboiva s\u00e4ili\u00f6 250L<\/p>\n<p>Hiekkalaatikko on suunniteltu Virossa, Viron olosuhteisiin. Materiaali on eritt\u00e4in kest\u00e4v\u00e4 ja joustava. Kylm\u00e4 ei vaikuta siihen &#8211; k\u00e4ytt\u00f6l\u00e4mp\u00f6tila on -50C &#8211; +50C. Lukitusmahdollisuus.<\/p>\n<p><img loading=\"lazy\" decoding=\"async\" class=\"alignnone size-medium wp-image-119168\" src=\"https:\/\/factory.sale\/wp-content\/uploads\/2025\/09\/factory-sale-products-IMG_3704-225x300.jpg\" alt=\"\" width=\"225\" height=\"300\" srcset=\"https:\/\/factory.sale\/wp-content\/uploads\/2025\/09\/factory-sale-products-IMG_3704-225x300.jpg 225w, https:\/\/factory.sale\/wp-content\/uploads\/2025\/09\/factory-sale-products-IMG_3704-768x1024.jpg 768w, https:\/\/factory.sale\/wp-content\/uploads\/2025\/09\/factory-sale-products-IMG_3704-112x150.jpg 112w, https:\/\/factory.sale\/wp-content\/uploads\/2025\/09\/factory-sale-products-IMG_3704-1152x1536.jpg 1152w, https:\/\/factory.sale\/wp-content\/uploads\/2025\/09\/factory-sale-products-IMG_3704-600x800.jpg 600w, https:\/\/factory.sale\/wp-content\/uploads\/2025\/09\/factory-sale-products-IMG_3704.jpg 1400w\" sizes=\"auto, (max-width: 225px) 100vw, 225px\" \/><\/p>\n<p>&nbsp;<\/p>\n<p><strong>Hiekka\/granulaattiastiat sopivat erinomaisesti:<\/strong><\/p>\n<p>Omakotitaloille<br \/>\nSuurille kerrostaloille<br \/>\nTeollisuusyrityksille<br \/>\nJulkiselle sektorille<br \/>\nModerni ja k\u00e4yt\u00e4nn\u00f6llinen<br \/>\nSopii hiekan, suolan ja absorboivien aineiden s\u00e4ilytykseen<br \/>\nMahdollisuus lukita<br \/>\nKest\u00e4\u00e4 kylm\u00e4\u00e4<\/p>\n<p>&nbsp;<\/p>\n<p><strong><br \/>\nTekniset tiedot:<\/strong><\/p>\n<p>Materiaali: kest\u00e4v\u00e4 PE-HD<\/p>\n<p>K\u00e4ytt\u00f6l\u00e4mp\u00f6tila: -50C &#8211; +50C<\/p>\n<p>Mitat: 630 x 870 x 770 mm<\/p>\n<p>Kantavuus: 600 kg<\/p>\n<p>Ominaisuudet: lukitusmahdollisuus,<\/p>\n<p>Paino: 12.20 \u00a0kg<\/p>\n<p>V\u00e4rit: vihre\u00e4, harmaa<\/p>\n<p><img loading=\"lazy\" decoding=\"async\" class=\"alignnone size-medium wp-image-118998\" src=\"https:\/\/factory.sale\/wp-content\/uploads\/2025\/09\/factory-sale-products-IMG_6149-300x225.jpg\" alt=\"Liivatuskast\" width=\"300\" height=\"225\" srcset=\"https:\/\/factory.sale\/wp-content\/uploads\/2025\/09\/factory-sale-products-IMG_6149-300x225.jpg 300w, https:\/\/factory.sale\/wp-content\/uploads\/2025\/09\/factory-sale-products-IMG_6149-1024x768.jpg 1024w, https:\/\/factory.sale\/wp-content\/uploads\/2025\/09\/factory-sale-products-IMG_6149-150x113.jpg 150w, https:\/\/factory.sale\/wp-content\/uploads\/2025\/09\/factory-sale-products-IMG_6149-768x576.jpg 768w, https:\/\/factory.sale\/wp-content\/uploads\/2025\/09\/factory-sale-products-IMG_6149-1536x1152.jpg 1536w, https:\/\/factory.sale\/wp-content\/uploads\/2025\/09\/factory-sale-products-IMG_6149-600x450.jpg 600w, https:\/\/factory.sale\/wp-content\/uploads\/2025\/09\/factory-sale-products-IMG_6149.jpg 1680w\" sizes=\"auto, (max-width: 300px) 100vw, 300px\" \/><\/p>\n<p>Tutustu samankaltaisiin tuotteisiin t\u00e4\u00e4ll\u00e4:\u00a0<a href=\"https:\/\/factory.sale\/fi\/tuote-osasto\/piha-puutarha-fi\/teollisuussailiot\/\"><i>\u201cTeollisuuss\u00e4ili\u00f6t\u201d<\/i><\/a><\/p>\n<p>Katso teollisuus s\u00e4ili\u00f6iden laadunhallintaj\u00e4rjestelm\u00e4n\u00a0<a href=\"https:\/\/www.iso.org\/standard\/62085.html\" target=\"_blank\" rel=\"noopener\">ISO 9001 \u2013 standardin seloste<\/a><\/p>\n<p><em><strong>Etk\u00f6 ole varma, mink\u00e4 s\u00e4ili\u00f6n valitsisit? Blogikirjoituksemme \u201c<a href=\"https:\/\/factory.sale\/fi\/blog\/kuinka-valita-oikea-sailio\/\" target=\"_blank\" rel=\"noopener\">Kuinka valita oikea s\u00e4ili\u00f6<\/a>\u201d selitt\u00e4\u00e4 askel askeleelta, mit\u00e4 tulee ottaa huomioon uutta s\u00e4ili\u00f6t\u00e4 valitessa. Tutustu nyt!<\/strong><\/em><\/p>\n","protected":false},"excerpt":{"rendered":"<p>Hiekkalaatikko on suunniteltu Virossa, Viron olosuhteisiin. Materiaali on eritt\u00e4in kest\u00e4v\u00e4 ja joustava. Kylm\u00e4 ei vaikuta siihen &#8211; k\u00e4ytt\u00f6l\u00e4mp\u00f6tila on -50C &#8211; +50C. Lukitusmahdollisuus.<\/p>\n","protected":false},"featured_media":140126,"comment_status":"open","ping_status":"closed","template":"","meta":{"_acf_changed":false},"factory":[],"free-shipment":[],"product_brand":[],"product_cat":[997,3045],"product_tag":[],"class_list":{"0":"post-91986","1":"product","2":"type-product","3":"status-publish","4":"has-post-thumbnail","6":"product_cat-piha-puutarha-fi","7":"product_cat-teollisuussailiot","9":"first","10":"instock","11":"sale","12":"taxable","13":"shipping-taxable","14":"purchasable","15":"product-type-simple"},"acf":[],"_links":{"self":[{"href":"https:\/\/factory.sale\/fi\/wp-json\/wp\/v2\/product\/91986","targetHints":{"allow":["GET"]}}],"collection":[{"href":"https:\/\/factory.sale\/fi\/wp-json\/wp\/v2\/product"}],"about":[{"href":"https:\/\/factory.sale\/fi\/wp-json\/wp\/v2\/types\/product"}],"replies":[{"embeddable":true,"href":"https:\/\/factory.sale\/fi\/wp-json\/wp\/v2\/comments?post=91986"}],"wp:featuredmedia":[{"embeddable":true,"href":"https:\/\/factory.sale\/fi\/wp-json\/wp\/v2\/media\/140126"}],"wp:attachment":[{"href":"https:\/\/factory.sale\/fi\/wp-json\/wp\/v2\/media?parent=91986"}],"wp:term":[{"taxonomy":"factory","embeddable":true,"href":"https:\/\/factory.sale\/fi\/wp-json\/wp\/v2\/factory?post=91986"},{"taxonomy":"free-shipment","embeddable":true,"href":"https:\/\/factory.sale\/fi\/wp-json\/wp\/v2\/free-shipment?post=91986"},{"taxonomy":"product_brand","embeddable":true,"href":"https:\/\/factory.sale\/fi\/wp-json\/wp\/v2\/product_brand?post=91986"},{"taxonomy":"product_cat","embeddable":true,"href":"https:\/\/factory.sale\/fi\/wp-json\/wp\/v2\/product_cat?post=91986"},{"taxonomy":"product_tag","embeddable":true,"href":"https:\/\/factory.sale\/fi\/wp-json\/wp\/v2\/product_tag?post=91986"}],"curies":[{"name":"wp","href":"https:\/\/api.w.org\/{rel}","templated":true}]}}