{"id":91923,"date":"2024-10-15T11:03:34","date_gmt":"2024-10-15T08:39:43","guid":{"rendered":"https:\/\/factory.sale\/?post_type=product&#038;p=91923"},"modified":"2025-09-19T16:30:04","modified_gmt":"2025-09-19T13:30:04","slug":"muovitynnyri-kannella-60l","status":"publish","type":"product","link":"https:\/\/factory.sale\/fi\/tuote\/muovitynnyri-kannella-60l\/","title":{"rendered":"Muovitynnyri kannella, 60L"},"content":{"rendered":"<p>Muovitynnyri kannella, 60L<\/p>\n<p>Valmistettu Saksassa, mik\u00e4 takaa vakaan korkean laadun ja luotettavan toimituksen.<\/p>\n<p><img loading=\"lazy\" decoding=\"async\" class=\"alignnone size-medium wp-image-119162\" src=\"https:\/\/factory.sale\/wp-content\/uploads\/2025\/09\/factory-sale-products-IMG_3717-225x300.jpg\" alt=\"\" width=\"225\" height=\"300\" srcset=\"https:\/\/factory.sale\/wp-content\/uploads\/2025\/09\/factory-sale-products-IMG_3717-225x300.jpg 225w, https:\/\/factory.sale\/wp-content\/uploads\/2025\/09\/factory-sale-products-IMG_3717-768x1024.jpg 768w, https:\/\/factory.sale\/wp-content\/uploads\/2025\/09\/factory-sale-products-IMG_3717-112x150.jpg 112w, https:\/\/factory.sale\/wp-content\/uploads\/2025\/09\/factory-sale-products-IMG_3717-1152x1536.jpg 1152w, https:\/\/factory.sale\/wp-content\/uploads\/2025\/09\/factory-sale-products-IMG_3717-600x800.jpg 600w, https:\/\/factory.sale\/wp-content\/uploads\/2025\/09\/factory-sale-products-IMG_3717.jpg 1400w\" sizes=\"auto, (max-width: 225px) 100vw, 225px\" \/><\/p>\n<p><strong>Tekniset tiedot:<\/strong><\/p>\n<p>Korkeus: 620 mm<\/p>\n<p>Halkaisija: 400 mm<\/p>\n<p>Vaarallisten tuotteiden sertifikaatti: UN 1H2\/X105\/S\/<\/p>\n<p>Paino: 3,5 kg<\/p>\n<p><img loading=\"lazy\" decoding=\"async\" class=\"alignnone size-medium wp-image-119046\" src=\"https:\/\/factory.sale\/wp-content\/uploads\/2025\/09\/factory-sale-products-IMG_6060-300x225.jpg\" alt=\"\" width=\"300\" height=\"225\" srcset=\"https:\/\/factory.sale\/wp-content\/uploads\/2025\/09\/factory-sale-products-IMG_6060-300x225.jpg 300w, https:\/\/factory.sale\/wp-content\/uploads\/2025\/09\/factory-sale-products-IMG_6060-1024x768.jpg 1024w, https:\/\/factory.sale\/wp-content\/uploads\/2025\/09\/factory-sale-products-IMG_6060-150x113.jpg 150w, https:\/\/factory.sale\/wp-content\/uploads\/2025\/09\/factory-sale-products-IMG_6060-768x576.jpg 768w, https:\/\/factory.sale\/wp-content\/uploads\/2025\/09\/factory-sale-products-IMG_6060-1536x1152.jpg 1536w, https:\/\/factory.sale\/wp-content\/uploads\/2025\/09\/factory-sale-products-IMG_6060-600x450.jpg 600w, https:\/\/factory.sale\/wp-content\/uploads\/2025\/09\/factory-sale-products-IMG_6060.jpg 1680w\" sizes=\"auto, (max-width: 300px) 100vw, 300px\" \/> <img loading=\"lazy\" decoding=\"async\" class=\"alignnone size-medium wp-image-119049\" src=\"https:\/\/factory.sale\/wp-content\/uploads\/2025\/09\/factory-sale-products-IMG_6120-300x225.jpg\" alt=\"\" width=\"300\" height=\"225\" srcset=\"https:\/\/factory.sale\/wp-content\/uploads\/2025\/09\/factory-sale-products-IMG_6120-300x225.jpg 300w, https:\/\/factory.sale\/wp-content\/uploads\/2025\/09\/factory-sale-products-IMG_6120-1024x768.jpg 1024w, https:\/\/factory.sale\/wp-content\/uploads\/2025\/09\/factory-sale-products-IMG_6120-150x113.jpg 150w, https:\/\/factory.sale\/wp-content\/uploads\/2025\/09\/factory-sale-products-IMG_6120-768x576.jpg 768w, https:\/\/factory.sale\/wp-content\/uploads\/2025\/09\/factory-sale-products-IMG_6120-1536x1152.jpg 1536w, https:\/\/factory.sale\/wp-content\/uploads\/2025\/09\/factory-sale-products-IMG_6120-600x450.jpg 600w, https:\/\/factory.sale\/wp-content\/uploads\/2025\/09\/factory-sale-products-IMG_6120.jpg 1680w\" sizes=\"auto, (max-width: 300px) 100vw, 300px\" \/><\/p>\n<p>Tutustu samankaltaisiin tuotteisiin t\u00e4\u00e4ll\u00e4:\u00a0<a href=\"https:\/\/factory.sale\/fi\/tuote-osasto\/piha-puutarha-fi\/teollisuussailiot\/\"><i>\u201cTeollisuuss\u00e4ili\u00f6t\u201d<\/i><\/a><\/p>\n<p>Katso teollisuus s\u00e4ili\u00f6iden laadunhallintaj\u00e4rjestelm\u00e4n\u00a0<a href=\"https:\/\/www.iso.org\/standard\/62085.html\" target=\"_blank\" rel=\"noopener\">ISO 9001 \u2013 standardin seloste<\/a><\/p>\n<p><em><strong>Etk\u00f6 ole varma, mink\u00e4 s\u00e4ili\u00f6n valitsisit? Blogikirjoituksemme \u201c<a href=\"https:\/\/factory.sale\/fi\/blog\/kuinka-valita-oikea-sailio\/\" target=\"_blank\" rel=\"noopener\">Kuinka valita oikea s\u00e4ili\u00f6<\/a>\u201d selitt\u00e4\u00e4 askel askeleelta, mit\u00e4 tulee ottaa huomioon uutta s\u00e4ili\u00f6t\u00e4 valitessa. Tutustu nyt!<\/strong><\/em><\/p>\n","protected":false},"excerpt":{"rendered":"<p><strong>Korkeus:<\/strong> 620 mm<\/p>\n<p><strong>Halkaisija:<\/strong> 400 mm<\/p>\n<p><strong>Vaarallisten tuotteiden sertifikaatti:<\/strong> UN 1H2\/X105\/S\/<\/p>\n<p><strong>Paino:<\/strong> 3,5 kg<\/p>\n<p><strong>HUOM! Min. tilaus 5 kpl!<\/strong><\/p>\n","protected":false},"featured_media":118184,"comment_status":"open","ping_status":"closed","template":"","meta":{"_acf_changed":false},"factory":[],"free-shipment":[],"product_brand":[],"product_cat":[997,3045],"product_tag":[],"class_list":{"0":"post-91923","1":"product","2":"type-product","3":"status-publish","4":"has-post-thumbnail","6":"product_cat-piha-puutarha-fi","7":"product_cat-teollisuussailiot","9":"first","10":"instock","11":"sale","12":"taxable","13":"shipping-taxable","14":"purchasable","15":"product-type-simple"},"acf":[],"_links":{"self":[{"href":"https:\/\/factory.sale\/fi\/wp-json\/wp\/v2\/product\/91923","targetHints":{"allow":["GET"]}}],"collection":[{"href":"https:\/\/factory.sale\/fi\/wp-json\/wp\/v2\/product"}],"about":[{"href":"https:\/\/factory.sale\/fi\/wp-json\/wp\/v2\/types\/product"}],"replies":[{"embeddable":true,"href":"https:\/\/factory.sale\/fi\/wp-json\/wp\/v2\/comments?post=91923"}],"wp:featuredmedia":[{"embeddable":true,"href":"https:\/\/factory.sale\/fi\/wp-json\/wp\/v2\/media\/118184"}],"wp:attachment":[{"href":"https:\/\/factory.sale\/fi\/wp-json\/wp\/v2\/media?parent=91923"}],"wp:term":[{"taxonomy":"factory","embeddable":true,"href":"https:\/\/factory.sale\/fi\/wp-json\/wp\/v2\/factory?post=91923"},{"taxonomy":"free-shipment","embeddable":true,"href":"https:\/\/factory.sale\/fi\/wp-json\/wp\/v2\/free-shipment?post=91923"},{"taxonomy":"product_brand","embeddable":true,"href":"https:\/\/factory.sale\/fi\/wp-json\/wp\/v2\/product_brand?post=91923"},{"taxonomy":"product_cat","embeddable":true,"href":"https:\/\/factory.sale\/fi\/wp-json\/wp\/v2\/product_cat?post=91923"},{"taxonomy":"product_tag","embeddable":true,"href":"https:\/\/factory.sale\/fi\/wp-json\/wp\/v2\/product_tag?post=91923"}],"curies":[{"name":"wp","href":"https:\/\/api.w.org\/{rel}","templated":true}]}}