{"id":91682,"date":"2024-10-12T11:30:07","date_gmt":"2024-10-12T08:45:32","guid":{"rendered":"https:\/\/factory.sale\/?post_type=product&#038;p=91682"},"modified":"2024-12-29T14:54:54","modified_gmt":"2024-12-29T11:54:54","slug":"simge-soba-kamiina-902-gine","status":"publish","type":"product","link":"https:\/\/factory.sale\/fi\/tuote\/simge-soba-kamiina-902-gine\/","title":{"rendered":"Simge Soba kamiina 902 Gine"},"content":{"rendered":"<p><strong>Ominaisuudet:<\/strong><\/p>\n<ul>\n<li>Irrotettava tuhkalaatikko<\/li>\n<li>Palotila on valurautaa<\/li>\n<li>Yl\u00e4levy ja keittorenkaat ovat valurautaa<\/li>\n<li>Ovet, kehykset, yl\u00e4levy ja alalevy ovat maalattua valurautaa<\/li>\n<li>S\u00e4\u00e4dett\u00e4v\u00e4 ensisijainen ja toissijainen ilmavirta paremman palamisen hallitsemiseksi<\/li>\n<li>J\u00e4lkipolttotekniikka (v\u00e4h\u00e4iset p\u00e4\u00e4st\u00f6t)<\/li>\n<li>Palamisen erottelulevy<\/li>\n<li>Keraaminen lasi<\/li>\n<li>Kromatut kahvat<\/li>\n<\/ul>\n<p>&nbsp;<\/p>\n<p>&nbsp;<\/p>\n<p><strong>Tekniset tiedot:<\/strong><\/p>\n<ul>\n<li>Nimellisteho: 6,50 kW-N<\/li>\n<li>Hy\u00f6tysuhde: 75 %<\/li>\n<li>Mitat: 870 x 510 x 790 mm<\/li>\n<li>Savupiipun halkaisija: 130 mm R\/U<\/li>\n<li>Uunin koko: 450 x 455 x 175 mm<\/li>\n<li>Nettopaino: 82 kg<\/li>\n<li>Nimellinen l\u00e4mp\u00f6teho: 6,22 kW<\/li>\n<li>L\u00e4mmitett\u00e4v\u00e4 tilavuus: 130 m\u00b3<\/li>\n<\/ul>\n<p>&nbsp;<\/p>\n<p>&nbsp;<\/p>\n<p>&nbsp;<\/p>\n<p><strong>V\u00e4rit:<\/strong><\/p>\n<p>Musta<\/p>\n<p>Burgundin (353,90\u20ac)<\/p>\n<p>&nbsp;<\/p>\n<p>&nbsp;<\/p>\n<p>&nbsp;<\/p>\n<p>&nbsp;<\/p>\n<p><strong>Sertifikaatit:<\/strong><\/p>\n<p><img loading=\"lazy\" decoding=\"async\" class=\"alignnone wp-image-91550\" src=\"https:\/\/factory.sale\/wp-content\/uploads\/2024\/10\/certifications-300x31.png\" alt=\"\" width=\"929\" height=\"96\" srcset=\"https:\/\/factory.sale\/wp-content\/uploads\/2024\/10\/certifications-300x31.png 300w, https:\/\/factory.sale\/wp-content\/uploads\/2024\/10\/certifications-1024x105.png 1024w, https:\/\/factory.sale\/wp-content\/uploads\/2024\/10\/certifications-150x15.png 150w, https:\/\/factory.sale\/wp-content\/uploads\/2024\/10\/certifications-1536x158.png 1536w, https:\/\/factory.sale\/wp-content\/uploads\/2024\/10\/certifications-2048x211.png 2048w, https:\/\/factory.sale\/wp-content\/uploads\/2024\/10\/certifications-600x62.png 600w\" sizes=\"auto, (max-width: 929px) 100vw, 929px\" \/><\/p>\n<p>&nbsp;<\/p>\n<p>&nbsp;<\/p>\n<p>&nbsp;<\/p>\n<p><strong>Tuote toimitetaan lavalla + pahvilaatikossa.<\/strong><\/p>\n<p>&nbsp;<\/p>\n<div class=\"video-wrapper \"><iframe loading=\"lazy\" title=\"Simge Soba - 902 GINE - Fireplace Stove \ud83d\udd25\" width=\"500\" height=\"281\" src=\"https:\/\/www.youtube.com\/embed\/ENS61KIB9PE?feature=oembed\" frameborder=\"0\" allow=\"accelerometer; autoplay; clipboard-write; encrypted-media; gyroscope; picture-in-picture; web-share\" referrerpolicy=\"strict-origin-when-cross-origin\" allowfullscreen><\/iframe><\/div>\n","protected":false},"excerpt":{"rendered":"<ul>\n<li>Irrotettava tuhkalaatikko<\/li>\n<li>Palotila on valurautaa<\/li>\n<li>Yl\u00e4levy ja keittorenkaat ovat valurautaa<\/li>\n<li>Ovet, kehykset, yl\u00e4levy ja alalevy ovat maalattua valurautaa<\/li>\n<li>S\u00e4\u00e4dett\u00e4v\u00e4 ensisijainen ja toissijainen ilmavirta paremman palamisen hallitsemiseksi<\/li>\n<li>J\u00e4lkipolttotekniikka (v\u00e4h\u00e4iset p\u00e4\u00e4st\u00f6t)<\/li>\n<li>Palamisen erottelulevy<\/li>\n<li>Keraaminen lasi<\/li>\n<li>Kromatut kahvat<\/li>\n<\/ul>\n<p>&nbsp;<\/p>\n","protected":false},"featured_media":91669,"comment_status":"open","ping_status":"closed","template":"","meta":{"_acf_changed":false},"factory":[],"free-shipment":[],"product_brand":[],"product_cat":[3062,1329,4792],"product_tag":[2011],"class_list":{"0":"post-91682","1":"product","2":"type-product","3":"status-publish","4":"has-post-thumbnail","6":"product_cat-simge-soba-fi","7":"product_cat-uunit","8":"product_cat-uunit-fi","9":"product_tag-stove-fi","11":"first","12":"instock","13":"sale","14":"taxable","15":"shipping-taxable","16":"purchasable","17":"product-type-simple"},"acf":[],"_links":{"self":[{"href":"https:\/\/factory.sale\/fi\/wp-json\/wp\/v2\/product\/91682","targetHints":{"allow":["GET"]}}],"collection":[{"href":"https:\/\/factory.sale\/fi\/wp-json\/wp\/v2\/product"}],"about":[{"href":"https:\/\/factory.sale\/fi\/wp-json\/wp\/v2\/types\/product"}],"replies":[{"embeddable":true,"href":"https:\/\/factory.sale\/fi\/wp-json\/wp\/v2\/comments?post=91682"}],"wp:featuredmedia":[{"embeddable":true,"href":"https:\/\/factory.sale\/fi\/wp-json\/wp\/v2\/media\/91669"}],"wp:attachment":[{"href":"https:\/\/factory.sale\/fi\/wp-json\/wp\/v2\/media?parent=91682"}],"wp:term":[{"taxonomy":"factory","embeddable":true,"href":"https:\/\/factory.sale\/fi\/wp-json\/wp\/v2\/factory?post=91682"},{"taxonomy":"free-shipment","embeddable":true,"href":"https:\/\/factory.sale\/fi\/wp-json\/wp\/v2\/free-shipment?post=91682"},{"taxonomy":"product_brand","embeddable":true,"href":"https:\/\/factory.sale\/fi\/wp-json\/wp\/v2\/product_brand?post=91682"},{"taxonomy":"product_cat","embeddable":true,"href":"https:\/\/factory.sale\/fi\/wp-json\/wp\/v2\/product_cat?post=91682"},{"taxonomy":"product_tag","embeddable":true,"href":"https:\/\/factory.sale\/fi\/wp-json\/wp\/v2\/product_tag?post=91682"}],"curies":[{"name":"wp","href":"https:\/\/api.w.org\/{rel}","templated":true}]}}