{"id":91642,"date":"2024-10-11T20:52:12","date_gmt":"2024-10-11T18:06:40","guid":{"rendered":"https:\/\/factory.sale\/?post_type=product&#038;p=91642"},"modified":"2024-12-29T14:45:36","modified_gmt":"2024-12-29T11:45:36","slug":"simge-soba-takka-805-iglo","status":"publish","type":"product","link":"https:\/\/factory.sale\/fi\/tuote\/simge-soba-takka-805-iglo\/","title":{"rendered":"Simge Soba takka 805 Iglo"},"content":{"rendered":"<p><strong>Ominaisuudet:<\/strong><\/p>\n<ul>\n<li>Palotila on valuraudasta<\/li>\n<li>Yl\u00e4levy, jalat ja ovet ovat valuraudasta<\/li>\n<li>S\u00e4\u00e4dett\u00e4v\u00e4 ensisijainen ja toissijainen ilmavirta paremman palamisen hallitsemiseksi<\/li>\n<li>J\u00e4lkipolttotekniikka (v\u00e4h\u00e4iset p\u00e4\u00e4st\u00f6t)<\/li>\n<li>Keraaminen lasi<\/li>\n<li>Kromatut kahvat<\/li>\n<\/ul>\n<p>&nbsp;<\/p>\n<p>&nbsp;<\/p>\n<p><strong>Tekniset tiedot:<\/strong><\/p>\n<ul>\n<li>Nimellisteho: 9,0 kW-N<\/li>\n<li>Hy\u00f6tysuhde: 80 %<\/li>\n<li>Mitat: 420 x 540 x 795 mm<\/li>\n<li>Savupiipun halkaisija: 130 mm R\/U<\/li>\n<li>Nettopaino: 55 kg<\/li>\n<li>Nimellinen l\u00e4mp\u00f6teho: 13,5 kW<\/li>\n<li>L\u00e4mmitett\u00e4v\u00e4 tilavuus: 200 m\u00b3<\/li>\n<\/ul>\n<p>&nbsp;<\/p>\n<p>&nbsp;<\/p>\n<p><strong>V\u00e4rit:<\/strong><\/p>\n<p>Musta<br \/>\nPunainen (294 \u20ac)<\/p>\n<p>&nbsp;<\/p>\n<p>&nbsp;<\/p>\n<p>&nbsp;<\/p>\n<p><strong>Sertifikaatit:<\/strong><\/p>\n<p><img loading=\"lazy\" decoding=\"async\" class=\"alignnone wp-image-91550\" src=\"https:\/\/factory.sale\/wp-content\/uploads\/2024\/10\/certifications-300x31.png\" alt=\"\" width=\"929\" height=\"96\" srcset=\"https:\/\/factory.sale\/wp-content\/uploads\/2024\/10\/certifications-300x31.png 300w, https:\/\/factory.sale\/wp-content\/uploads\/2024\/10\/certifications-1024x105.png 1024w, https:\/\/factory.sale\/wp-content\/uploads\/2024\/10\/certifications-150x15.png 150w, https:\/\/factory.sale\/wp-content\/uploads\/2024\/10\/certifications-1536x158.png 1536w, https:\/\/factory.sale\/wp-content\/uploads\/2024\/10\/certifications-2048x211.png 2048w, https:\/\/factory.sale\/wp-content\/uploads\/2024\/10\/certifications-600x62.png 600w\" sizes=\"auto, (max-width: 929px) 100vw, 929px\" \/><\/p>\n<p>&nbsp;<\/p>\n<p>&nbsp;<\/p>\n<p><strong>Tuote toimitetaan lavalla + pahvilaatikossa.<\/strong><\/p>\n<p>&nbsp;<\/p>\n<p>&nbsp;<\/p>\n<div class=\"video-wrapper \"><iframe loading=\"lazy\" title=\"Simge Soba - 805 IGLO - Wood burning fireplace stove \ud83d\udd25\" width=\"500\" height=\"281\" src=\"https:\/\/www.youtube.com\/embed\/hBZUrWvjhSo?feature=oembed\" frameborder=\"0\" allow=\"accelerometer; autoplay; clipboard-write; encrypted-media; gyroscope; picture-in-picture; web-share\" referrerpolicy=\"strict-origin-when-cross-origin\" allowfullscreen><\/iframe><\/div>\n","protected":false},"excerpt":{"rendered":"<ul>\n<li>Palotila on valuraudasta<\/li>\n<li>Yl\u00e4levy, jalat ja ovet ovat valuraudasta<\/li>\n<li>S\u00e4\u00e4dett\u00e4v\u00e4 ensisijainen ja toissijainen ilmavirta paremman palamisen hallitsemiseksi<\/li>\n<li>J\u00e4lkipolttotekniikka (v\u00e4h\u00e4iset p\u00e4\u00e4st\u00f6t)<\/li>\n<li>Keraaminen lasi<\/li>\n<li>Kromatut kahvat<\/li>\n<\/ul>\n","protected":false},"featured_media":91630,"comment_status":"open","ping_status":"closed","template":"","meta":{"_acf_changed":false},"factory":[],"free-shipment":[],"product_brand":[],"product_cat":[3062,4792,1329],"product_tag":[],"class_list":{"0":"post-91642","1":"product","2":"type-product","3":"status-publish","4":"has-post-thumbnail","6":"product_cat-simge-soba-fi","7":"product_cat-uunit-fi","8":"product_cat-uunit","10":"first","11":"instock","12":"sale","13":"taxable","14":"shipping-taxable","15":"purchasable","16":"product-type-simple"},"acf":[],"_links":{"self":[{"href":"https:\/\/factory.sale\/fi\/wp-json\/wp\/v2\/product\/91642","targetHints":{"allow":["GET"]}}],"collection":[{"href":"https:\/\/factory.sale\/fi\/wp-json\/wp\/v2\/product"}],"about":[{"href":"https:\/\/factory.sale\/fi\/wp-json\/wp\/v2\/types\/product"}],"replies":[{"embeddable":true,"href":"https:\/\/factory.sale\/fi\/wp-json\/wp\/v2\/comments?post=91642"}],"wp:featuredmedia":[{"embeddable":true,"href":"https:\/\/factory.sale\/fi\/wp-json\/wp\/v2\/media\/91630"}],"wp:attachment":[{"href":"https:\/\/factory.sale\/fi\/wp-json\/wp\/v2\/media?parent=91642"}],"wp:term":[{"taxonomy":"factory","embeddable":true,"href":"https:\/\/factory.sale\/fi\/wp-json\/wp\/v2\/factory?post=91642"},{"taxonomy":"free-shipment","embeddable":true,"href":"https:\/\/factory.sale\/fi\/wp-json\/wp\/v2\/free-shipment?post=91642"},{"taxonomy":"product_brand","embeddable":true,"href":"https:\/\/factory.sale\/fi\/wp-json\/wp\/v2\/product_brand?post=91642"},{"taxonomy":"product_cat","embeddable":true,"href":"https:\/\/factory.sale\/fi\/wp-json\/wp\/v2\/product_cat?post=91642"},{"taxonomy":"product_tag","embeddable":true,"href":"https:\/\/factory.sale\/fi\/wp-json\/wp\/v2\/product_tag?post=91642"}],"curies":[{"name":"wp","href":"https:\/\/api.w.org\/{rel}","templated":true}]}}