{"id":91602,"date":"2024-10-11T16:59:29","date_gmt":"2024-10-11T14:16:06","guid":{"rendered":"https:\/\/factory.sale\/?post_type=product&#038;p=91602"},"modified":"2024-12-29T14:37:12","modified_gmt":"2024-12-29T11:37:12","slug":"simge-soba-liesiuuni-801-stella","status":"publish","type":"product","link":"https:\/\/factory.sale\/fi\/tuote\/simge-soba-liesiuuni-801-stella\/","title":{"rendered":"Simge Soba liesiuuni 801 Stella"},"content":{"rendered":"<p><strong>Ominaisuudet:<\/strong><\/p>\n<ul>\n<li>Irrotettava tuhkalaatikko<\/li>\n<li>Palotila on valmistettu valuraudasta<\/li>\n<li>Yl\u00e4levy ja keittorenkaat ovat valuraudasta<\/li>\n<li>Ovet ja kehys maalatusta valuraudasta<\/li>\n<li>S\u00e4\u00e4dett\u00e4v\u00e4 ensisijainen ja toissijainen ilmavirta paremman palamisen hallitsemiseksi<\/li>\n<li>J\u00e4lkipolttotekniikka (v\u00e4h\u00e4iset p\u00e4\u00e4st\u00f6t)<\/li>\n<li>Emaloitu ter\u00e4suuni<\/li>\n<li>Keraaminen lasi<\/li>\n<li>Yl\u00e4oikea tai -vasen savupiipun ulostulo<\/li>\n<li>Kromatut kahvat<\/li>\n<li>Uunin l\u00e4mp\u00f6mittari<\/li>\n<li>Paistopelti ja grilli<\/li>\n<\/ul>\n<p>&nbsp;<\/p>\n<p>&nbsp;<\/p>\n<p><strong>Tekniset tiedot:<\/strong><\/p>\n<ul>\n<li>Nimellisteho: 9,01 kW-N<\/li>\n<li>Hy\u00f6tysuhde: 80 %<\/li>\n<li>Mitat: 910 x 525 x 770 mm<\/li>\n<li>Savupiipun halkaisija: 130 mm R\/U<\/li>\n<li>Uunin koko: 390 x 450 x 230 mm<\/li>\n<li>Nettopaino: 105 kg<\/li>\n<li>9 kW &#8211; nimellinen l\u00e4mp\u00f6teho<\/li>\n<li>160 m\u00b3 &#8211; l\u00e4mmitett\u00e4v\u00e4 tilavuus<\/li>\n<\/ul>\n<p>&nbsp;<\/p>\n<p>&nbsp;<\/p>\n<p><strong>V\u00e4ri:<\/strong><\/p>\n<p>Musta<br \/>\nPunainen (402 \u20ac)<\/p>\n<p>&nbsp;<\/p>\n<p>&nbsp;<\/p>\n<p><strong>Sertifikaatit:<\/strong><\/p>\n<p><img loading=\"lazy\" decoding=\"async\" class=\"alignnone wp-image-91551\" src=\"https:\/\/factory.sale\/wp-content\/uploads\/2024\/10\/certifications-300x31.png\" alt=\"\" width=\"997\" height=\"103\" srcset=\"https:\/\/factory.sale\/wp-content\/uploads\/2024\/10\/certifications-300x31.png 300w, https:\/\/factory.sale\/wp-content\/uploads\/2024\/10\/certifications-1024x105.png 1024w, https:\/\/factory.sale\/wp-content\/uploads\/2024\/10\/certifications-150x15.png 150w, https:\/\/factory.sale\/wp-content\/uploads\/2024\/10\/certifications-1536x158.png 1536w, https:\/\/factory.sale\/wp-content\/uploads\/2024\/10\/certifications-2048x211.png 2048w, https:\/\/factory.sale\/wp-content\/uploads\/2024\/10\/certifications-600x62.png 600w\" sizes=\"auto, (max-width: 997px) 100vw, 997px\" \/><\/p>\n<p>&nbsp;<\/p>\n<p><strong>Tuote toimitetaan lavalla + pahvilaatikossa.<\/strong><\/p>\n<p>&nbsp;<\/p>\n<p>&nbsp;<\/p>\n<p>&nbsp;<\/p>\n<div class=\"video-wrapper \"><iframe loading=\"lazy\" title=\"Simge Soba - 801 STELLA - Wood burning cooking stove \ud83d\udd25\" width=\"500\" height=\"281\" src=\"https:\/\/www.youtube.com\/embed\/bi01dUaD6k4?feature=oembed\" frameborder=\"0\" allow=\"accelerometer; autoplay; clipboard-write; encrypted-media; gyroscope; picture-in-picture; web-share\" referrerpolicy=\"strict-origin-when-cross-origin\" allowfullscreen><\/iframe><\/div>\n","protected":false},"excerpt":{"rendered":"<ul>\n<li>Irrotettava tuhkalaatikko<\/li>\n<li>Palotila on valmistettu valuraudasta<\/li>\n<li>Yl\u00e4levy ja keittorenkaat ovat valuraudasta<\/li>\n<li>Ovet ja kehys maalatusta valuraudasta<\/li>\n<li>S\u00e4\u00e4dett\u00e4v\u00e4 ensisijainen ja toissijainen ilmavirta paremman palamisen hallitsemiseksi<\/li>\n<li>J\u00e4lkipolttotekniikka (v\u00e4h\u00e4iset p\u00e4\u00e4st\u00f6t)<\/li>\n<li>Emaloitu ter\u00e4suuni<\/li>\n<li>Keraaminen lasi<\/li>\n<li>Yl\u00e4oikea tai -vasen savupiipun ulostulo<\/li>\n<li>Kromatut kahvat<\/li>\n<li>Uunin l\u00e4mp\u00f6mittari<\/li>\n<li>Paistopelti ja grilli<\/li>\n<\/ul>\n","protected":false},"featured_media":91584,"comment_status":"open","ping_status":"closed","template":"","meta":{"_acf_changed":false},"factory":[],"free-shipment":[],"product_brand":[],"product_cat":[3062,1329,4792],"product_tag":[],"class_list":{"0":"post-91602","1":"product","2":"type-product","3":"status-publish","4":"has-post-thumbnail","6":"product_cat-simge-soba-fi","7":"product_cat-uunit","8":"product_cat-uunit-fi","10":"first","11":"instock","12":"sale","13":"taxable","14":"shipping-taxable","15":"purchasable","16":"product-type-simple"},"acf":[],"_links":{"self":[{"href":"https:\/\/factory.sale\/fi\/wp-json\/wp\/v2\/product\/91602","targetHints":{"allow":["GET"]}}],"collection":[{"href":"https:\/\/factory.sale\/fi\/wp-json\/wp\/v2\/product"}],"about":[{"href":"https:\/\/factory.sale\/fi\/wp-json\/wp\/v2\/types\/product"}],"replies":[{"embeddable":true,"href":"https:\/\/factory.sale\/fi\/wp-json\/wp\/v2\/comments?post=91602"}],"wp:featuredmedia":[{"embeddable":true,"href":"https:\/\/factory.sale\/fi\/wp-json\/wp\/v2\/media\/91584"}],"wp:attachment":[{"href":"https:\/\/factory.sale\/fi\/wp-json\/wp\/v2\/media?parent=91602"}],"wp:term":[{"taxonomy":"factory","embeddable":true,"href":"https:\/\/factory.sale\/fi\/wp-json\/wp\/v2\/factory?post=91602"},{"taxonomy":"free-shipment","embeddable":true,"href":"https:\/\/factory.sale\/fi\/wp-json\/wp\/v2\/free-shipment?post=91602"},{"taxonomy":"product_brand","embeddable":true,"href":"https:\/\/factory.sale\/fi\/wp-json\/wp\/v2\/product_brand?post=91602"},{"taxonomy":"product_cat","embeddable":true,"href":"https:\/\/factory.sale\/fi\/wp-json\/wp\/v2\/product_cat?post=91602"},{"taxonomy":"product_tag","embeddable":true,"href":"https:\/\/factory.sale\/fi\/wp-json\/wp\/v2\/product_tag?post=91602"}],"curies":[{"name":"wp","href":"https:\/\/api.w.org\/{rel}","templated":true}]}}