{"id":91552,"date":"2024-10-10T21:37:53","date_gmt":"2024-10-10T18:47:51","guid":{"rendered":"https:\/\/factory.sale\/?post_type=product&#038;p=91552"},"modified":"2024-12-29T14:33:50","modified_gmt":"2024-12-29T11:33:50","slug":"simge-soba-liesiuuni-7040-urus","status":"publish","type":"product","link":"https:\/\/factory.sale\/fi\/tuote\/simge-soba-liesiuuni-7040-urus\/","title":{"rendered":"Simge Soba liesiuuni 7040 URUS"},"content":{"rendered":"<p><strong>Ominaisuudet:<\/strong><\/p>\n<ul>\n<li>Irrotettava tuhkalaatikko<\/li>\n<li>Palotila on valurautaa<\/li>\n<li>Yl\u00e4levy ja keittorengas ovat valurautaa<\/li>\n<li>S\u00e4\u00e4dett\u00e4v\u00e4 ensisijainen ja toissijainen ilmavirta paremman palamisen hallitsemiseksi<\/li>\n<li>J\u00e4lkipolttotekniikka (v\u00e4h\u00e4iset p\u00e4\u00e4st\u00f6t)<\/li>\n<li>Irrotettava puulaatikko<\/li>\n<li>Emaloitu ter\u00e4suuni<\/li>\n<li>Keraaminen lasi<\/li>\n<li>Yl\u00e4oikea tai takasavupiipun ulostulo<\/li>\n<li>Kromatut kahvat<\/li>\n<li>Uunin l\u00e4mp\u00f6mittari<\/li>\n<li>Paistopelti ja grilli<\/li>\n<\/ul>\n<p>&nbsp;<\/p>\n<p>&nbsp;<\/p>\n<p><strong>Tekniset tiedot:<\/strong><\/p>\n<ul>\n<li>Nimellisteho: 9,0 kW-N<\/li>\n<li>Hy\u00f6tysuhde: 80 %<\/li>\n<li>Mitat: 875 x 510 x 810 mm<\/li>\n<li>Savupiipun halkaisija: 130 mm R\/U<\/li>\n<li>Uunin koko: 430 x 450 x 225 mm<\/li>\n<li>Nettopaino: 82 kg<\/li>\n<\/ul>\n<p>&nbsp;<\/p>\n<p>&nbsp;<\/p>\n<p><strong>Sertifikaatit<\/strong><\/p>\n<p><img loading=\"lazy\" decoding=\"async\" class=\"alignnone wp-image-91551\" src=\"https:\/\/factory.sale\/wp-content\/uploads\/2024\/10\/certifications-300x31.png\" alt=\"\" width=\"881\" height=\"91\" srcset=\"https:\/\/factory.sale\/wp-content\/uploads\/2024\/10\/certifications-300x31.png 300w, https:\/\/factory.sale\/wp-content\/uploads\/2024\/10\/certifications-1024x105.png 1024w, https:\/\/factory.sale\/wp-content\/uploads\/2024\/10\/certifications-150x15.png 150w, https:\/\/factory.sale\/wp-content\/uploads\/2024\/10\/certifications-1536x158.png 1536w, https:\/\/factory.sale\/wp-content\/uploads\/2024\/10\/certifications-2048x211.png 2048w, https:\/\/factory.sale\/wp-content\/uploads\/2024\/10\/certifications-600x62.png 600w\" sizes=\"auto, (max-width: 881px) 100vw, 881px\" \/><\/p>\n<p>&nbsp;<\/p>\n<p>&nbsp;<\/p>\n<p><em><strong>Tuote toimitetaan lavalla + pahvilaatikossa.<\/strong><\/em><\/p>\n<p>&nbsp;<\/p>\n<p>&nbsp;<\/p>\n<div class=\"video-wrapper \"><iframe loading=\"lazy\" title=\"Simge Soba - 7040 URUS - Wood burning cooking stove \ud83d\udd25\" width=\"500\" height=\"281\" src=\"https:\/\/www.youtube.com\/embed\/E1qso8g8usc?feature=oembed\" frameborder=\"0\" allow=\"accelerometer; autoplay; clipboard-write; encrypted-media; gyroscope; picture-in-picture; web-share\" referrerpolicy=\"strict-origin-when-cross-origin\" allowfullscreen><\/iframe><\/div>\n","protected":false},"excerpt":{"rendered":"<ul>\n<li>Irrotettava tuhkalaatikko<\/li>\n<li>Palotila on valurautaa<\/li>\n<li>Yl\u00e4levy ja keittorengas ovat valurautaa<\/li>\n<li>S\u00e4\u00e4dett\u00e4v\u00e4 ensisijainen ja toissijainen ilmavirta paremman palamisen hallitsemiseksi<\/li>\n<li>J\u00e4lkipolttotekniikka (v\u00e4h\u00e4iset p\u00e4\u00e4st\u00f6t)<\/li>\n<li>Irrotettava puulaatikko<\/li>\n<li>Emaloitu ter\u00e4suuni<\/li>\n<li>Keraaminen lasi<\/li>\n<li>Yl\u00e4oikea tai takasavupiipun ulostulo<\/li>\n<li>Kromatut kahvat<\/li>\n<li>Uunin l\u00e4mp\u00f6mittari<\/li>\n<li>Paistopelti ja grilli<\/li>\n<\/ul>\n","protected":false},"featured_media":91446,"comment_status":"open","ping_status":"closed","template":"","meta":{"_acf_changed":false},"factory":[],"free-shipment":[],"product_brand":[],"product_cat":[3062,4792,1329],"product_tag":[2011],"class_list":{"0":"post-91552","1":"product","2":"type-product","3":"status-publish","4":"has-post-thumbnail","6":"product_cat-simge-soba-fi","7":"product_cat-uunit-fi","8":"product_cat-uunit","9":"product_tag-stove-fi","11":"first","12":"instock","13":"sale","14":"taxable","15":"shipping-taxable","16":"purchasable","17":"product-type-simple"},"acf":[],"_links":{"self":[{"href":"https:\/\/factory.sale\/fi\/wp-json\/wp\/v2\/product\/91552","targetHints":{"allow":["GET"]}}],"collection":[{"href":"https:\/\/factory.sale\/fi\/wp-json\/wp\/v2\/product"}],"about":[{"href":"https:\/\/factory.sale\/fi\/wp-json\/wp\/v2\/types\/product"}],"replies":[{"embeddable":true,"href":"https:\/\/factory.sale\/fi\/wp-json\/wp\/v2\/comments?post=91552"}],"wp:featuredmedia":[{"embeddable":true,"href":"https:\/\/factory.sale\/fi\/wp-json\/wp\/v2\/media\/91446"}],"wp:attachment":[{"href":"https:\/\/factory.sale\/fi\/wp-json\/wp\/v2\/media?parent=91552"}],"wp:term":[{"taxonomy":"factory","embeddable":true,"href":"https:\/\/factory.sale\/fi\/wp-json\/wp\/v2\/factory?post=91552"},{"taxonomy":"free-shipment","embeddable":true,"href":"https:\/\/factory.sale\/fi\/wp-json\/wp\/v2\/free-shipment?post=91552"},{"taxonomy":"product_brand","embeddable":true,"href":"https:\/\/factory.sale\/fi\/wp-json\/wp\/v2\/product_brand?post=91552"},{"taxonomy":"product_cat","embeddable":true,"href":"https:\/\/factory.sale\/fi\/wp-json\/wp\/v2\/product_cat?post=91552"},{"taxonomy":"product_tag","embeddable":true,"href":"https:\/\/factory.sale\/fi\/wp-json\/wp\/v2\/product_tag?post=91552"}],"curies":[{"name":"wp","href":"https:\/\/api.w.org\/{rel}","templated":true}]}}