{"id":91286,"date":"2024-10-09T16:22:08","date_gmt":"2024-10-09T13:27:13","guid":{"rendered":"https:\/\/factory.sale\/?post_type=product&#038;p=91286"},"modified":"2024-10-24T14:10:03","modified_gmt":"2024-10-24T11:10:03","slug":"nb-4100-mikroprosessorilla-varustettu-tasonhallintajarjestelma-20-28dc-max-80c-4-20ma-15m-koysi-ruostumattomasta-teraksesta-valmistettu-paino","status":"publish","type":"product","link":"https:\/\/factory.sale\/fi\/tuote\/nb-4100-mikroprosessorilla-varustettu-tasonhallintajarjestelma-20-28dc-max-80c-4-20ma-15m-koysi-ruostumattomasta-teraksesta-valmistettu-paino\/","title":{"rendered":"NB 4100 mikroprosessorilla varustettu tasonhallintaj\u00e4rjestelm\u00e4, 20-28DC, MAX +80c"},"content":{"rendered":"<p>Jatkuva tasonmittaus kiinteiden aineiden sovelluksissa<\/p>\n<p>&nbsp;<\/p>\n<p><strong>Prosessi<\/strong><\/p>\n<p>\u2022 Riippumaton irtotavaran ominaisuuksista<br \/>\n\u2022 Tarkka mittaus<\/p>\n<p><strong>Palvelu<\/strong><\/p>\n<p>\u2022 Helppo asennus ja k\u00e4ytt\u00f6\u00f6notto<br \/>\n\u2022 K\u00f6ysi- ja teippiversion pitk\u00e4 k\u00e4ytt\u00f6ik\u00e4<br \/>\n\u2022 Alhainen huoltovaatimus<\/p>\n<p><strong>Hyv\u00e4ksynn\u00e4t<\/strong><\/p>\n<p>\u2022 Hyv\u00e4ksytty k\u00e4ytett\u00e4v\u00e4ksi vaarallisilla alueilla<br \/>\n\u2022 2011\/65\/EU RoHS-yhteensopiva<\/p>\n<p><strong>Tekniset tiedot:<\/strong><\/p>\n<ul>\n<li>Tuote: NB 4100<\/li>\n<li>Toimittaja: UWT<\/li>\n<li>Virtal\u00e4hde: 18-36V DC<\/li>\n<li>Sarja: Nivobob<\/li>\n<li>K\u00e4ytt\u00f6l\u00e4mp\u00f6tila: -40\u02da&#8230;+80\u02daC<\/li>\n<li>Suojausluokka: IP66<\/li>\n<li>Kotelointi: Alumiini<\/li>\n<li>L\u00e4ht\u00f6: 2 x rele; 1 x 4-20mA<\/li>\n<li>Sertifikaatti: CE<\/li>\n<li>Pituus: 15 m<\/li>\n<\/ul>\n<p>&nbsp;<\/p>\n<p><a href=\"https:\/\/factory.sale\/wp-content\/uploads\/2024\/10\/NB4_opt_en.pdf\" target=\"_blank\" rel=\"noopener\">PDF<\/a><\/p>\n","protected":false},"excerpt":{"rendered":"<ul>\n<li>Tuote: NB 4100<\/li>\n<li>Toimittaja: UWT<\/li>\n<li>Virtal\u00e4hde: 18-36V DC<\/li>\n<li>Sarja: Nivobob<\/li>\n<li>K\u00e4ytt\u00f6l\u00e4mp\u00f6tila: -40\u02da&#8230;+80\u02daC<\/li>\n<li>Suojausluokka: IP66<\/li>\n<li>Kotelointi: Alumiini<\/li>\n<li>L\u00e4ht\u00f6: 2 x rele; 1 x 4-20mA<\/li>\n<li>Sertifikaatti: CE<\/li>\n<li>Pituus: 15 m<\/li>\n<\/ul>\n","protected":false},"featured_media":91283,"comment_status":"open","ping_status":"closed","template":"","meta":{"_acf_changed":false},"factory":[],"free-shipment":[],"product_brand":[],"product_cat":[2999,2607],"product_tag":[],"class_list":{"0":"post-91286","1":"product","2":"type-product","3":"status-publish","4":"has-post-thumbnail","6":"product_cat-tasoanturit","7":"product_cat-teollisuusautomaatio","9":"first","10":"instock","11":"sale","12":"taxable","13":"shipping-taxable","14":"purchasable","15":"product-type-simple"},"acf":[],"_links":{"self":[{"href":"https:\/\/factory.sale\/fi\/wp-json\/wp\/v2\/product\/91286","targetHints":{"allow":["GET"]}}],"collection":[{"href":"https:\/\/factory.sale\/fi\/wp-json\/wp\/v2\/product"}],"about":[{"href":"https:\/\/factory.sale\/fi\/wp-json\/wp\/v2\/types\/product"}],"replies":[{"embeddable":true,"href":"https:\/\/factory.sale\/fi\/wp-json\/wp\/v2\/comments?post=91286"}],"wp:featuredmedia":[{"embeddable":true,"href":"https:\/\/factory.sale\/fi\/wp-json\/wp\/v2\/media\/91283"}],"wp:attachment":[{"href":"https:\/\/factory.sale\/fi\/wp-json\/wp\/v2\/media?parent=91286"}],"wp:term":[{"taxonomy":"factory","embeddable":true,"href":"https:\/\/factory.sale\/fi\/wp-json\/wp\/v2\/factory?post=91286"},{"taxonomy":"free-shipment","embeddable":true,"href":"https:\/\/factory.sale\/fi\/wp-json\/wp\/v2\/free-shipment?post=91286"},{"taxonomy":"product_brand","embeddable":true,"href":"https:\/\/factory.sale\/fi\/wp-json\/wp\/v2\/product_brand?post=91286"},{"taxonomy":"product_cat","embeddable":true,"href":"https:\/\/factory.sale\/fi\/wp-json\/wp\/v2\/product_cat?post=91286"},{"taxonomy":"product_tag","embeddable":true,"href":"https:\/\/factory.sale\/fi\/wp-json\/wp\/v2\/product_tag?post=91286"}],"curies":[{"name":"wp","href":"https:\/\/api.w.org\/{rel}","templated":true}]}}