{"id":91274,"date":"2024-10-09T16:00:38","date_gmt":"2024-10-09T13:04:59","guid":{"rendered":"https:\/\/factory.sale\/?post_type=product&#038;p=91274"},"modified":"2024-10-24T14:48:09","modified_gmt":"2024-10-24T11:48:09","slug":"nr-7200-tutkaanturi-12-35dc-max-15m-4-20mahart-40c-80c-1bar-3bar-g1%c2%bd-naytto-ip66-67","status":"publish","type":"product","link":"https:\/\/factory.sale\/fi\/tuote\/nr-7200-tutkaanturi-12-35dc-max-15m-4-20mahart-40c-80c-1bar-3bar-g1%c2%bd-naytto-ip66-67\/","title":{"rendered":"NR 7200 Tutka-anturi, 12-35DC, max 15M, 4-20MA+HART, -40\u00b0C&#8230;+80\u00b0C, -1BAR&#8230;+3BAR, G1\u00bd\u201d, n\u00e4ytt\u00f6, IP66\/67"},"content":{"rendered":"<p>Korkean suojausluokan ja kest\u00e4vien materiaalien ansiosta anturi sopii erinomaisesti nestesovelluksiin ja sit\u00e4 voidaan k\u00e4ytt\u00e4\u00e4 my\u00f6s pienemmiss\u00e4 irtomateriaalisiiloissa. Mittaus suoritetaan antenniin asti ilman estoet\u00e4isyytt\u00e4 yl\u00e4vy\u00f6hykkeell\u00e4. Anturin arvoja voidaan asettaa tai lukea suoraan laitteelta valinnaisen LED-n\u00e4yt\u00f6n kautta. Vapaasti s\u00e4teilev\u00e4 tutka-anturi reagoi nopeasti ja se voidaan konfiguroida my\u00f6s mobiililaitteiden ja UWT LevelApp -sovelluksen kautta. Konfigurointi UWT LevelAppin kautta.<\/p>\n<p>&nbsp;<\/p>\n<p>&nbsp;<\/p>\n<p><strong>Tekniset tiedot:<\/strong><\/p>\n<ul>\n<li>Toimittaja: UWT<\/li>\n<li>Virtal\u00e4hde: 12-35V DC<\/li>\n<li>Sarja: NivoRadar<\/li>\n<li>Mitta-alue enint\u00e4\u00e4n: 15 m<\/li>\n<li>K\u00e4ytt\u00f6l\u00e4mp\u00f6tila: -40\u02da&#8230;+80\u02daC<\/li>\n<li>Suojausluokka: IP66\/67<\/li>\n<li>Kotelointi: Muovi<\/li>\n<li>L\u00e4ht\u00f6: 4&#8230;20 mA + HART<\/li>\n<li>Kierre\/l\u00e4pivienti: G1\u00bd\u201d<\/li>\n<li>Paine: -1&#8230;3 bar<\/li>\n<\/ul>\n<p>&nbsp;<\/p>\n<p>&nbsp;<\/p>\n<p>&nbsp;<\/p>\n<p><a href=\"https:\/\/factory.sale\/wp-content\/uploads\/2024\/10\/NivoRadar-7000.pdf\" target=\"_blank\" rel=\"noopener\">PDF<\/a><\/p>\n","protected":false},"excerpt":{"rendered":"<p>Korkean suojausluokan ja kest\u00e4vien materiaalien ansiosta anturi sopii erinomaisesti nestesovelluksiin ja sit\u00e4 voidaan k\u00e4ytt\u00e4\u00e4 my\u00f6s pienemmiss\u00e4 irtomateriaalisiiloissa. Mittaus suoritetaan antenniin asti ilman estoet\u00e4isyytt\u00e4 yl\u00e4vy\u00f6hykkeell\u00e4. Anturin arvoja voidaan asettaa tai lukea suoraan laitteelta valinnaisen LED-n\u00e4yt\u00f6n kautta. Vapaasti s\u00e4teilev\u00e4 tutka-anturi reagoi nopeasti ja se voidaan konfiguroida my\u00f6s mobiililaitteiden ja UWT LevelApp -sovelluksen kautta. Konfigurointi UWT LevelAppin kautta.<\/p>\n","protected":false},"featured_media":91265,"comment_status":"open","ping_status":"closed","template":"","meta":{"_acf_changed":false},"factory":[],"free-shipment":[],"product_brand":[],"product_cat":[2993,2583],"product_tag":[],"class_list":{"0":"post-91274","1":"product","2":"type-product","3":"status-publish","4":"has-post-thumbnail","6":"product_cat-level-sensors-2","7":"product_cat-industrial-automation","9":"first","10":"instock","11":"sale","12":"taxable","13":"shipping-taxable","14":"purchasable","15":"product-type-simple"},"acf":[],"_links":{"self":[{"href":"https:\/\/factory.sale\/fi\/wp-json\/wp\/v2\/product\/91274","targetHints":{"allow":["GET"]}}],"collection":[{"href":"https:\/\/factory.sale\/fi\/wp-json\/wp\/v2\/product"}],"about":[{"href":"https:\/\/factory.sale\/fi\/wp-json\/wp\/v2\/types\/product"}],"replies":[{"embeddable":true,"href":"https:\/\/factory.sale\/fi\/wp-json\/wp\/v2\/comments?post=91274"}],"wp:featuredmedia":[{"embeddable":true,"href":"https:\/\/factory.sale\/fi\/wp-json\/wp\/v2\/media\/91265"}],"wp:attachment":[{"href":"https:\/\/factory.sale\/fi\/wp-json\/wp\/v2\/media?parent=91274"}],"wp:term":[{"taxonomy":"factory","embeddable":true,"href":"https:\/\/factory.sale\/fi\/wp-json\/wp\/v2\/factory?post=91274"},{"taxonomy":"free-shipment","embeddable":true,"href":"https:\/\/factory.sale\/fi\/wp-json\/wp\/v2\/free-shipment?post=91274"},{"taxonomy":"product_brand","embeddable":true,"href":"https:\/\/factory.sale\/fi\/wp-json\/wp\/v2\/product_brand?post=91274"},{"taxonomy":"product_cat","embeddable":true,"href":"https:\/\/factory.sale\/fi\/wp-json\/wp\/v2\/product_cat?post=91274"},{"taxonomy":"product_tag","embeddable":true,"href":"https:\/\/factory.sale\/fi\/wp-json\/wp\/v2\/product_tag?post=91274"}],"curies":[{"name":"wp","href":"https:\/\/api.w.org\/{rel}","templated":true}]}}