{"id":91256,"date":"2024-10-09T15:44:09","date_gmt":"2024-10-09T12:48:01","guid":{"rendered":"https:\/\/factory.sale\/?post_type=product&#038;p=91256"},"modified":"2024-10-24T14:56:26","modified_gmt":"2024-10-24T11:56:26","slug":"rn-3003-tasoanturi-24dc-metallilapa-alumiinikotelo-40-80c-150x150mm","status":"publish","type":"product","link":"https:\/\/factory.sale\/fi\/tuote\/rn-3003-tasoanturi-24dc-metallilapa-alumiinikotelo-40-80c-150x150mm\/","title":{"rendered":"RN 3003 Tasoanturi, 24DC, metallilapa, alumiinikotelo, -40&#8230;+80\u00b0C, 150X150MM"},"content":{"rendered":"<p><strong>Tuotetiedot:<\/strong><\/p>\n<ul>\n<li>Tuote: TASOPINTA-ANTURI RN 3003<\/li>\n<li>Valmistaja: UWT<\/li>\n<li>Virtal\u00e4hde: 24V DC<\/li>\n<li>Sarja: Rotonivo<\/li>\n<li>K\u00e4ytt\u00f6l\u00e4mp\u00f6tila: -40\u02da&#8230;+80\u02daC<\/li>\n<li>Suojausluokka: IP66<\/li>\n<li>Kotelointi: Alumiini<\/li>\n<li>L\u00e4ht\u00f6: PNP<\/li>\n<li>Sertifikaatti: CE<\/li>\n<li>Korkeus: 150 mm<\/li>\n<li>Leveys: 150 mm<\/li>\n<\/ul>\n<p>&nbsp;<\/p>\n<p>&nbsp;<\/p>\n<p>&nbsp;<\/p>\n","protected":false},"excerpt":{"rendered":"<ul>\n<li>Tuote: TASOPINTA-ANTURI RN 3003<\/li>\n<li>Valmistaja: UWT<\/li>\n<li>Virtal\u00e4hde: 24V DC<\/li>\n<li>Sarja: Rotonivo<\/li>\n<li>K\u00e4ytt\u00f6l\u00e4mp\u00f6tila: -40\u02da&#8230;+80\u02daC<\/li>\n<li>Suojausluokka: IP66<\/li>\n<li>Kotelointi: Alumiini<\/li>\n<li>L\u00e4ht\u00f6: PNP<\/li>\n<li>Sertifikaatti: CE<\/li>\n<li>Korkeus: 150 mm<\/li>\n<li>Leveys: 150 mm<\/li>\n<\/ul>\n","protected":false},"featured_media":91253,"comment_status":"open","ping_status":"closed","template":"","meta":{"_acf_changed":false},"factory":[],"free-shipment":[],"product_brand":[],"product_cat":[2993,2583],"product_tag":[],"class_list":{"0":"post-91256","1":"product","2":"type-product","3":"status-publish","4":"has-post-thumbnail","6":"product_cat-level-sensors-2","7":"product_cat-industrial-automation","9":"first","10":"instock","11":"sale","12":"taxable","13":"shipping-taxable","14":"purchasable","15":"product-type-simple"},"acf":[],"_links":{"self":[{"href":"https:\/\/factory.sale\/fi\/wp-json\/wp\/v2\/product\/91256","targetHints":{"allow":["GET"]}}],"collection":[{"href":"https:\/\/factory.sale\/fi\/wp-json\/wp\/v2\/product"}],"about":[{"href":"https:\/\/factory.sale\/fi\/wp-json\/wp\/v2\/types\/product"}],"replies":[{"embeddable":true,"href":"https:\/\/factory.sale\/fi\/wp-json\/wp\/v2\/comments?post=91256"}],"wp:featuredmedia":[{"embeddable":true,"href":"https:\/\/factory.sale\/fi\/wp-json\/wp\/v2\/media\/91253"}],"wp:attachment":[{"href":"https:\/\/factory.sale\/fi\/wp-json\/wp\/v2\/media?parent=91256"}],"wp:term":[{"taxonomy":"factory","embeddable":true,"href":"https:\/\/factory.sale\/fi\/wp-json\/wp\/v2\/factory?post=91256"},{"taxonomy":"free-shipment","embeddable":true,"href":"https:\/\/factory.sale\/fi\/wp-json\/wp\/v2\/free-shipment?post=91256"},{"taxonomy":"product_brand","embeddable":true,"href":"https:\/\/factory.sale\/fi\/wp-json\/wp\/v2\/product_brand?post=91256"},{"taxonomy":"product_cat","embeddable":true,"href":"https:\/\/factory.sale\/fi\/wp-json\/wp\/v2\/product_cat?post=91256"},{"taxonomy":"product_tag","embeddable":true,"href":"https:\/\/factory.sale\/fi\/wp-json\/wp\/v2\/product_tag?post=91256"}],"curies":[{"name":"wp","href":"https:\/\/api.w.org\/{rel}","templated":true}]}}