{"id":91169,"date":"2024-10-07T23:07:51","date_gmt":"2024-10-07T20:20:27","guid":{"rendered":"https:\/\/factory.sale\/?post_type=product&#038;p=91169"},"modified":"2024-10-24T14:52:40","modified_gmt":"2024-10-24T11:52:40","slug":"rn-3001-tason-raja-anturi-230ac-metallilapa-alumiinikotelo-250c-pituus-250mm-g1%c2%bd","status":"publish","type":"product","link":"https:\/\/factory.sale\/fi\/tuote\/rn-3001-tason-raja-anturi-230ac-metallilapa-alumiinikotelo-250c-pituus-250mm-g1%c2%bd\/","title":{"rendered":"RN 3001 Tason raja-anturi, 230AC, metallilapa, alumiinikotelo +250\u00b0C, pituus 250MM, G1\u00bd\u201d"},"content":{"rendered":"<p><strong>Tuotetiedot<\/strong>:<\/p>\n<ul>\n<li>Tuote: TASON RAJA-ANTURI RN 3001<\/li>\n<li>Valmistaja: UWT<\/li>\n<li>Sy\u00f6tt\u00f6j\u00e4nnite: 230V AC<\/li>\n<li>Sarja: Rotonivo<\/li>\n<li>K\u00e4ytt\u00f6l\u00e4mp\u00f6tila: max +250\u02daC<\/li>\n<li>Suojausluokka: IP66<\/li>\n<li>Kotelointi: Alumiini<\/li>\n<li>L\u00e4ht\u00f6: SPDT rele<\/li>\n<li>Kierre\/l\u00e4pivienti: G1\u00bd\u201d<\/li>\n<li>Sertifikaatti: CE<\/li>\n<li>Pituus: 250mm<\/li>\n<\/ul>\n","protected":false},"excerpt":{"rendered":"<ul>\n<li>Tuote: TASON RAJA-ANTURI RN 3001<\/li>\n<li>Valmistaja: UWT<\/li>\n<li>Sy\u00f6tt\u00f6j\u00e4nnite: 230V AC<\/li>\n<li>Sarja: Rotonivo<\/li>\n<li>K\u00e4ytt\u00f6l\u00e4mp\u00f6tila: max +250\u02daC<\/li>\n<li>Suojausluokka: IP66<\/li>\n<li>Kotelointi: Alumiini<\/li>\n<li>L\u00e4ht\u00f6: SPDT rele<\/li>\n<li>Kierre\/l\u00e4pivienti: G1\u00bd\u201d<\/li>\n<li>Sertifikaatti: CE<\/li>\n<li>Pituus: 250mm<\/li>\n<\/ul>\n","protected":false},"featured_media":91166,"comment_status":"open","ping_status":"closed","template":"","meta":{"_acf_changed":false},"factory":[],"free-shipment":[],"product_brand":[],"product_cat":[2999,2607],"product_tag":[],"class_list":{"0":"post-91169","1":"product","2":"type-product","3":"status-publish","4":"has-post-thumbnail","6":"product_cat-tasoanturit","7":"product_cat-teollisuusautomaatio","9":"first","10":"instock","11":"sale","12":"taxable","13":"shipping-taxable","14":"purchasable","15":"product-type-simple"},"acf":[],"_links":{"self":[{"href":"https:\/\/factory.sale\/fi\/wp-json\/wp\/v2\/product\/91169","targetHints":{"allow":["GET"]}}],"collection":[{"href":"https:\/\/factory.sale\/fi\/wp-json\/wp\/v2\/product"}],"about":[{"href":"https:\/\/factory.sale\/fi\/wp-json\/wp\/v2\/types\/product"}],"replies":[{"embeddable":true,"href":"https:\/\/factory.sale\/fi\/wp-json\/wp\/v2\/comments?post=91169"}],"wp:featuredmedia":[{"embeddable":true,"href":"https:\/\/factory.sale\/fi\/wp-json\/wp\/v2\/media\/91166"}],"wp:attachment":[{"href":"https:\/\/factory.sale\/fi\/wp-json\/wp\/v2\/media?parent=91169"}],"wp:term":[{"taxonomy":"factory","embeddable":true,"href":"https:\/\/factory.sale\/fi\/wp-json\/wp\/v2\/factory?post=91169"},{"taxonomy":"free-shipment","embeddable":true,"href":"https:\/\/factory.sale\/fi\/wp-json\/wp\/v2\/free-shipment?post=91169"},{"taxonomy":"product_brand","embeddable":true,"href":"https:\/\/factory.sale\/fi\/wp-json\/wp\/v2\/product_brand?post=91169"},{"taxonomy":"product_cat","embeddable":true,"href":"https:\/\/factory.sale\/fi\/wp-json\/wp\/v2\/product_cat?post=91169"},{"taxonomy":"product_tag","embeddable":true,"href":"https:\/\/factory.sale\/fi\/wp-json\/wp\/v2\/product_tag?post=91169"}],"curies":[{"name":"wp","href":"https:\/\/api.w.org\/{rel}","templated":true}]}}