{"id":91149,"date":"2024-10-07T15:17:19","date_gmt":"2024-10-07T12:23:52","guid":{"rendered":"https:\/\/factory.sale\/?post_type=product&#038;p=91149"},"modified":"2024-10-24T18:23:38","modified_gmt":"2024-10-24T15:23:38","slug":"rn-3004-tasoanturi-230ac-metallilapa-alumiinikotelu-pituus-250mm-g1%c2%bd-alumiini-max-80c","status":"publish","type":"product","link":"https:\/\/factory.sale\/fi\/tuote\/rn-3004-tasoanturi-230ac-metallilapa-alumiinikotelu-pituus-250mm-g1%c2%bd-alumiini-max-80c\/","title":{"rendered":"RN 3004 Tasoanturi, 230AC, metallilapa, alumiinikotelo, pituus 250MM, G1\u00bd\u201d, alumiini, MAX +80\u00b0C"},"content":{"rendered":"<p>ROTONIVO on s\u00e4hk\u00f6mekaaninen tasokytkin, jota k\u00e4ytet\u00e4\u00e4n irtotavaran tasonvalvontaan. Laitteita on saatavana useilla Ex-hyv\u00e4ksynn\u00f6ill\u00e4 k\u00e4ytett\u00e4v\u00e4ksi vaarallisilla alueilla. Ne voidaan varustaa prosessin yli- ja matalapaineelle sek\u00e4 eritt\u00e4in korkeille tai matalille prosessil\u00e4mp\u00f6tiloille.<\/p>\n<p>&nbsp;<\/p>\n<p><strong>Soveltuvuus:<\/strong><\/p>\n<p>Rakennusmateriaaliteollisuus: kalkki, styroksi, muovaushiekka jne.<br \/>\nElintarviketeollisuus: maitojauhe, jauho, suola jne.<br \/>\nMuoviteollisuus: muovirae jne.<br \/>\nPuuteollisuus<br \/>\nKemianteollisuus<br \/>\nKoneenrakennus<\/p>\n<p>&nbsp;<\/p>\n<p><strong>Tekniset tiedot:<\/strong><\/p>\n<ul>\n<li>Toimittaja: UWT<\/li>\n<li>Sy\u00f6tt\u00f6j\u00e4nnite: 230V AC<\/li>\n<li>Sarja: Rotonivo<\/li>\n<li>K\u00e4ytt\u00f6l\u00e4mp\u00f6tila: -20\u02da&#8230;+80\u02daC<\/li>\n<li>Suojausluokka: IP66<\/li>\n<li>Kotelointi: alumiini<\/li>\n<li>L\u00e4ht\u00f6: rele<\/li>\n<li>Kierreliit\u00e4nt\u00e4: G1\u00bd\u201d<\/li>\n<li>Sertifikaatti: CE<\/li>\n<li>Pituus: 250 mm<\/li>\n<\/ul>\n<p>&nbsp;<\/p>\n<p>&nbsp;<\/p>\n<p><a href=\"https:\/\/factory.sale\/wp-content\/uploads\/2024\/10\/RN-300.pdf\" target=\"_blank\" rel=\"noopener\">PDF<\/a><\/p>\n","protected":false},"excerpt":{"rendered":"<p>ROTONIVO on s\u00e4hk\u00f6mekaaninen tasokytkin, jota k\u00e4ytet\u00e4\u00e4n irtotavaran tasonvalvontaan. Laitteita on saatavana useilla Ex-hyv\u00e4ksynn\u00f6ill\u00e4 k\u00e4ytett\u00e4v\u00e4ksi vaarallisilla alueilla. Ne voidaan varustaa prosessin yli- ja matalapaineelle sek\u00e4 eritt\u00e4in korkeille tai matalille prosessil\u00e4mp\u00f6tiloille.<\/p>\n","protected":false},"featured_media":91143,"comment_status":"open","ping_status":"closed","template":"","meta":{"_acf_changed":false},"factory":[],"free-shipment":[],"product_brand":[],"product_cat":[2999,2607],"product_tag":[],"class_list":{"0":"post-91149","1":"product","2":"type-product","3":"status-publish","4":"has-post-thumbnail","6":"product_cat-tasoanturit","7":"product_cat-teollisuusautomaatio","9":"first","10":"instock","11":"sale","12":"taxable","13":"shipping-taxable","14":"purchasable","15":"product-type-simple"},"acf":[],"_links":{"self":[{"href":"https:\/\/factory.sale\/fi\/wp-json\/wp\/v2\/product\/91149","targetHints":{"allow":["GET"]}}],"collection":[{"href":"https:\/\/factory.sale\/fi\/wp-json\/wp\/v2\/product"}],"about":[{"href":"https:\/\/factory.sale\/fi\/wp-json\/wp\/v2\/types\/product"}],"replies":[{"embeddable":true,"href":"https:\/\/factory.sale\/fi\/wp-json\/wp\/v2\/comments?post=91149"}],"wp:featuredmedia":[{"embeddable":true,"href":"https:\/\/factory.sale\/fi\/wp-json\/wp\/v2\/media\/91143"}],"wp:attachment":[{"href":"https:\/\/factory.sale\/fi\/wp-json\/wp\/v2\/media?parent=91149"}],"wp:term":[{"taxonomy":"factory","embeddable":true,"href":"https:\/\/factory.sale\/fi\/wp-json\/wp\/v2\/factory?post=91149"},{"taxonomy":"free-shipment","embeddable":true,"href":"https:\/\/factory.sale\/fi\/wp-json\/wp\/v2\/free-shipment?post=91149"},{"taxonomy":"product_brand","embeddable":true,"href":"https:\/\/factory.sale\/fi\/wp-json\/wp\/v2\/product_brand?post=91149"},{"taxonomy":"product_cat","embeddable":true,"href":"https:\/\/factory.sale\/fi\/wp-json\/wp\/v2\/product_cat?post=91149"},{"taxonomy":"product_tag","embeddable":true,"href":"https:\/\/factory.sale\/fi\/wp-json\/wp\/v2\/product_tag?post=91149"}],"curies":[{"name":"wp","href":"https:\/\/api.w.org\/{rel}","templated":true}]}}