{"id":91133,"date":"2024-10-07T14:54:34","date_gmt":"2024-10-07T11:58:15","guid":{"rendered":"https:\/\/factory.sale\/?post_type=product&#038;p=91133"},"modified":"2024-10-24T18:36:40","modified_gmt":"2024-10-24T15:36:40","slug":"vn-4020-varahtelyanturi-19-230ac-19-40dc-alumiinikotelo-40-150c-pituus-170-mm-r1%c2%bd","status":"publish","type":"product","link":"https:\/\/factory.sale\/fi\/tuote\/vn-4020-varahtelyanturi-19-230ac-19-40dc-alumiinikotelo-40-150c-pituus-170-mm-r1%c2%bd\/","title":{"rendered":"VN 4020 v\u00e4r\u00e4htelyanturi, 19-230AC\/19-40DC, alumiinikotelo, -40&#8230;+150\u00b0C, pituus 170 mm, R1\u00bd\u201d"},"content":{"rendered":"<p>Laitetta k\u00e4ytet\u00e4\u00e4n tasonvalvontaan kaikentyyppisiss\u00e4 konteissa ja siiloissa. Sit\u00e4 voidaan k\u00e4ytt\u00e4\u00e4 kaikkien jauhemaisten ja rakeisten irtomateriaalien kanssa, joiden tiheys on yli 30 g\/l (1,9 lb\/ft3) ja joilla ei ole taipumusta muodostaa kerrostumia tai sakkaa.<\/p>\n<p>&nbsp;<\/p>\n<p><strong>Sovelluskohteita:<\/strong><\/p>\n<p>Rakennusmateriaaliteollisuus: kalkki, muottihiekka jne.<br \/>\nElintarviketeollisuus: maitojauhe, jauho, suola jne.<br \/>\nMuoviteollisuus: muovigranulaatit jne.<br \/>\nPuuteollisuus<br \/>\nKemianteollisuus<br \/>\nKoneenrakennus<\/p>\n<p>&nbsp;<\/p>\n<p><strong>Tekniset tiedot:<\/strong><\/p>\n<ul>\n<li>Tuote: V\u00e4r\u00e4htelytasorajal\u00e4hetin<\/li>\n<li>Toimittaja: UWT<\/li>\n<li>Sy\u00f6tt\u00f6j\u00e4nnite: 19-230V AC \/ 19-40V DC<\/li>\n<li>Sarja: Vibranivo<\/li>\n<li>K\u00e4ytt\u00f6l\u00e4mp\u00f6tila: -40&#8230;.+150\u00b0C<\/li>\n<li>Suojausluokka: IP67<\/li>\n<li>Kotelointi: Alumiini<\/li>\n<li>L\u00e4ht\u00f6: DPDT-rele<\/li>\n<li>Kierre\/liit\u00e4nt\u00e4: R1\u00bd\u201d<\/li>\n<li>Sertifikaatti: CE<\/li>\n<li>Pituus: 170 mm<\/li>\n<\/ul>\n<p>&nbsp;<\/p>\n<p>&nbsp;<\/p>\n<p><a href=\"https:\/\/factory.sale\/wp-content\/uploads\/2024\/10\/Vibronivo-4000-manuaal.pdf\" target=\"_blank\" rel=\"noopener\">PDF<\/a><\/p>\n","protected":false},"excerpt":{"rendered":"<p>Laitetta k\u00e4ytet\u00e4\u00e4n tasonvalvontaan kaikentyyppisiss\u00e4 konteissa ja siiloissa. Sit\u00e4 voidaan k\u00e4ytt\u00e4\u00e4 kaikkien jauhemaisten ja rakeisten irtomateriaalien kanssa, joiden tiheys on yli 30 g\/l (1,9 lb\/ft3) ja joilla ei ole taipumusta muodostaa kerrostumia tai sakkaa.<\/p>\n","protected":false},"featured_media":91137,"comment_status":"open","ping_status":"closed","template":"","meta":{"_acf_changed":false},"factory":[],"free-shipment":[],"product_brand":[],"product_cat":[2999,2607],"product_tag":[],"class_list":{"0":"post-91133","1":"product","2":"type-product","3":"status-publish","4":"has-post-thumbnail","6":"product_cat-tasoanturit","7":"product_cat-teollisuusautomaatio","9":"first","10":"instock","11":"sale","12":"taxable","13":"shipping-taxable","14":"purchasable","15":"product-type-simple"},"acf":[],"_links":{"self":[{"href":"https:\/\/factory.sale\/fi\/wp-json\/wp\/v2\/product\/91133","targetHints":{"allow":["GET"]}}],"collection":[{"href":"https:\/\/factory.sale\/fi\/wp-json\/wp\/v2\/product"}],"about":[{"href":"https:\/\/factory.sale\/fi\/wp-json\/wp\/v2\/types\/product"}],"replies":[{"embeddable":true,"href":"https:\/\/factory.sale\/fi\/wp-json\/wp\/v2\/comments?post=91133"}],"wp:featuredmedia":[{"embeddable":true,"href":"https:\/\/factory.sale\/fi\/wp-json\/wp\/v2\/media\/91137"}],"wp:attachment":[{"href":"https:\/\/factory.sale\/fi\/wp-json\/wp\/v2\/media?parent=91133"}],"wp:term":[{"taxonomy":"factory","embeddable":true,"href":"https:\/\/factory.sale\/fi\/wp-json\/wp\/v2\/factory?post=91133"},{"taxonomy":"free-shipment","embeddable":true,"href":"https:\/\/factory.sale\/fi\/wp-json\/wp\/v2\/free-shipment?post=91133"},{"taxonomy":"product_brand","embeddable":true,"href":"https:\/\/factory.sale\/fi\/wp-json\/wp\/v2\/product_brand?post=91133"},{"taxonomy":"product_cat","embeddable":true,"href":"https:\/\/factory.sale\/fi\/wp-json\/wp\/v2\/product_cat?post=91133"},{"taxonomy":"product_tag","embeddable":true,"href":"https:\/\/factory.sale\/fi\/wp-json\/wp\/v2\/product_tag?post=91133"}],"curies":[{"name":"wp","href":"https:\/\/api.w.org\/{rel}","templated":true}]}}