{"id":91118,"date":"2024-10-07T15:01:11","date_gmt":"2024-10-07T12:02:17","guid":{"rendered":"https:\/\/factory.sale\/?post_type=product&#038;p=91118"},"modified":"2024-10-24T18:31:00","modified_gmt":"2024-10-24T15:31:00","slug":"sm-85-kalvotason-kytkin-o-85-mm-ip55","status":"publish","type":"product","link":"https:\/\/factory.sale\/fi\/tuote\/sm-85-kalvotason-kytkin-o-85-mm-ip55\/","title":{"rendered":"SM-85 kalvotason kytkin, \u00d8 85 mm, IP55"},"content":{"rendered":"<p>T\u00e4m\u00e4 laite soveltuu maksimi- ja minimitasojen hallintaan. Sit\u00e4 voidaan k\u00e4ytt\u00e4\u00e4 siiloissa ja s\u00e4ili\u00f6iss\u00e4, jotka sis\u00e4lt\u00e4v\u00e4t materiaaleja, kuten jauhetta, rakeita, riisi\u00e4, viljaa, muovia, kahvia, hiekkaa jne. Sen toiminta perustuu tuotteen aiheuttamaan paineeseen kumikalvolla, joka aktivoi nopeatoimisen mikrokytkimen. Kytkimen herkkyytt\u00e4 voidaan s\u00e4\u00e4t\u00e4\u00e4 laitteen kannessa olevalla ruuvilla ja s\u00e4\u00e4t\u00f6 tehd\u00e4\u00e4n materiaalin ja sen ominaispainon mukaan. Kosteuden ja l\u00e4mp\u00f6tilan vaihtelut eiv\u00e4t vaikuta toimintaan. Lis\u00e4ksi kalvo on iskunkest\u00e4v\u00e4 ja kest\u00e4\u00e4 t\u00e4rin\u00e4\u00e4.<\/p>\n<p>&nbsp;<\/p>\n<p>&nbsp;<\/p>\n<p><strong>Tekniset tiedot:<\/strong><\/p>\n<ul>\n<li>Tuote: kalvotason ohjaimet<\/li>\n<li>Toimittaja: Aeco<\/li>\n<li>K\u00e4ytt\u00f6l\u00e4mp\u00f6tila: -10\u02da&#8230;+60\u02da\u0421<\/li>\n<li>Suojausluokka: IP55<\/li>\n<li>Kotelointi: alumiini<\/li>\n<li>L\u00e4ht\u00f6: rele<\/li>\n<li>Sertifikaatti: CE<\/li>\n<li>Materiaali: muovi<\/li>\n<li>Halkaisija: 85 mm<\/li>\n<\/ul>\n<p>&nbsp;<\/p>\n<p>&nbsp;<\/p>\n<p><a href=\"https:\/\/factory.sale\/wp-content\/uploads\/2024\/10\/SM-85-datasheet.pdf\" target=\"_blank\" rel=\"noopener\">PDF<\/a><\/p>\n","protected":false},"excerpt":{"rendered":"<p>T\u00e4m\u00e4 laite soveltuu maksimi- ja minimitasojen hallintaan. Sit\u00e4 voidaan k\u00e4ytt\u00e4\u00e4 siiloissa ja s\u00e4ili\u00f6iss\u00e4, jotka sis\u00e4lt\u00e4v\u00e4t materiaaleja, kuten jauhetta, rakeita, riisi\u00e4, viljaa, muovia, kahvia, hiekkaa jne. Sen toiminta perustuu tuotteen aiheuttamaan paineeseen kumikalvolla, joka aktivoi nopeatoimisen mikrokytkimen. Kytkimen herkkyytt\u00e4 voidaan s\u00e4\u00e4t\u00e4\u00e4 laitteen kannessa olevalla ruuvilla ja s\u00e4\u00e4t\u00f6 tehd\u00e4\u00e4n materiaalin ja sen ominaispainon mukaan. Kosteuden ja l\u00e4mp\u00f6tilan vaihtelut eiv\u00e4t vaikuta toimintaan. Lis\u00e4ksi kalvo on iskunkest\u00e4v\u00e4 ja kest\u00e4\u00e4 t\u00e4rin\u00e4\u00e4.<\/p>\n","protected":false},"featured_media":91122,"comment_status":"open","ping_status":"closed","template":"","meta":{"_acf_changed":false},"factory":[],"free-shipment":[],"product_brand":[],"product_cat":[2999,2607],"product_tag":[],"class_list":{"0":"post-91118","1":"product","2":"type-product","3":"status-publish","4":"has-post-thumbnail","6":"product_cat-tasoanturit","7":"product_cat-teollisuusautomaatio","9":"first","10":"instock","11":"sale","12":"taxable","13":"shipping-taxable","14":"purchasable","15":"product-type-simple"},"acf":[],"_links":{"self":[{"href":"https:\/\/factory.sale\/fi\/wp-json\/wp\/v2\/product\/91118","targetHints":{"allow":["GET"]}}],"collection":[{"href":"https:\/\/factory.sale\/fi\/wp-json\/wp\/v2\/product"}],"about":[{"href":"https:\/\/factory.sale\/fi\/wp-json\/wp\/v2\/types\/product"}],"replies":[{"embeddable":true,"href":"https:\/\/factory.sale\/fi\/wp-json\/wp\/v2\/comments?post=91118"}],"wp:featuredmedia":[{"embeddable":true,"href":"https:\/\/factory.sale\/fi\/wp-json\/wp\/v2\/media\/91122"}],"wp:attachment":[{"href":"https:\/\/factory.sale\/fi\/wp-json\/wp\/v2\/media?parent=91118"}],"wp:term":[{"taxonomy":"factory","embeddable":true,"href":"https:\/\/factory.sale\/fi\/wp-json\/wp\/v2\/factory?post=91118"},{"taxonomy":"free-shipment","embeddable":true,"href":"https:\/\/factory.sale\/fi\/wp-json\/wp\/v2\/free-shipment?post=91118"},{"taxonomy":"product_brand","embeddable":true,"href":"https:\/\/factory.sale\/fi\/wp-json\/wp\/v2\/product_brand?post=91118"},{"taxonomy":"product_cat","embeddable":true,"href":"https:\/\/factory.sale\/fi\/wp-json\/wp\/v2\/product_cat?post=91118"},{"taxonomy":"product_tag","embeddable":true,"href":"https:\/\/factory.sale\/fi\/wp-json\/wp\/v2\/product_tag?post=91118"}],"curies":[{"name":"wp","href":"https:\/\/api.w.org\/{rel}","templated":true}]}}