{"id":91109,"date":"2024-10-07T15:04:33","date_gmt":"2024-10-07T12:05:37","guid":{"rendered":"https:\/\/factory.sale\/?post_type=product&#038;p=91109"},"modified":"2024-10-24T14:51:49","modified_gmt":"2024-10-24T11:51:49","slug":"rfls-53n-1-re-g-tasonantur-95-230ac-releulostulo","status":"publish","type":"product","link":"https:\/\/factory.sale\/fi\/tuote\/rfls-53n-1-re-g-tasonantur-95-230ac-releulostulo\/","title":{"rendered":"RFLS-53N-1-RE-G tasonanturi, 95-230AC, releulostulo"},"content":{"rendered":"<p>RFLS-53-anturi k\u00e4ytt\u00e4\u00e4 kapasitiivisen mittauksen periaatetta korkealla taajuudella. T\u00e4m\u00e4 tarkoittaa, ett\u00e4 anturi reagoi materiaalin massaan ja j\u00e4tt\u00e4\u00e4 huomioimatta mittausosaan \u2013 anturin aktiiviselle pinnalle \u2013 j\u00e4\u00e4neet kerrostumat ja materiaalij\u00e4\u00e4m\u00e4t. N\u00e4in ollen anturia voidaan k\u00e4ytt\u00e4\u00e4 vaativissa sovelluksissa jauheen, p\u00f6lyn ja hygroskooppisten materiaalien havaitsemiseen, ja se voi korvata mekaaniset py\u00f6riv\u00e4t pintakytkimet tai tavalliset kapasitiiviset pintakytkimet. Anturia valmistetaan useina versioina, joissa on eritt\u00e4in matala (24 V DC) tai matala k\u00e4ytt\u00f6j\u00e4nnite (230 V DC). Saatavilla on erilaisia l\u00e4ht\u00f6tyyppej\u00e4 (PNP, rele, SSR) ja s\u00e4hk\u00f6liit\u00e4nt\u00f6j\u00e4 (M12, venttiililiittimet, kaapeli).<\/p>\n<p>RFLS-53 korvaa t\u00e4ysin vanhemman CLS-53-mallin, mutta sen 230 VAC-version s\u00e4hk\u00f6liit\u00e4nt\u00e4 on erilainen (3 johtoa).<\/p>\n<p>&nbsp;<\/p>\n<p>&nbsp;<\/p>\n<p><strong>Tuotetiedot:<\/strong><\/p>\n<ul>\n<li>Toimittaja: Dinel<\/li>\n<li>Virtal\u00e4hde: 90-250 AC<\/li>\n<li>K\u00e4ytt\u00f6l\u00e4mp\u00f6tila: -20\u02da&#8230;+60\u02daC<\/li>\n<li>Suojausluokka: IP65<\/li>\n<li>L\u00e4ht\u00f6: Rele<\/li>\n<li>Kierre\/sis\u00e4\u00e4ntuloliit\u00e4nt\u00e4: G1\u00bd&#8221;<\/li>\n<\/ul>\n<p>&nbsp;<\/p>\n<p><a href=\"https:\/\/factory.sale\/wp-content\/uploads\/2024\/10\/RFLS-53N-manual.pdf\" target=\"_blank\" rel=\"noopener\">PDF<\/a><\/p>\n","protected":false},"excerpt":{"rendered":"<p>RFLS-53-anturi k\u00e4ytt\u00e4\u00e4 kapasitiivisen mittauksen periaatetta korkealla taajuudella. T\u00e4m\u00e4 tarkoittaa, ett\u00e4 anturi reagoi materiaalin massaan ja j\u00e4tt\u00e4\u00e4 huomioimatta mittausosaan \u2013 anturin aktiiviselle pinnalle \u2013 j\u00e4\u00e4neet kerrostumat ja materiaalij\u00e4\u00e4m\u00e4t. N\u00e4in ollen anturia voidaan k\u00e4ytt\u00e4\u00e4 vaativissa sovelluksissa jauheen, p\u00f6lyn ja hygroskooppisten materiaalien havaitsemiseen, ja se voi korvata mekaaniset py\u00f6riv\u00e4t pintakytkimet tai tavalliset kapasitiiviset pintakytkimet. Anturia valmistetaan useina versioina, joissa on eritt\u00e4in matala (24 V DC) tai matala k\u00e4ytt\u00f6j\u00e4nnite (230 V DC). Saatavilla on erilaisia l\u00e4ht\u00f6tyyppej\u00e4 (PNP, rele, SSR) ja s\u00e4hk\u00f6liit\u00e4nt\u00f6j\u00e4 (M12, venttiililiittimet, kaapeli).<\/p>\n<p>RFLS-53 korvaa t\u00e4ysin vanhemman CLS-53-mallin, mutta sen 230 VAC-version s\u00e4hk\u00f6liit\u00e4nt\u00e4 on erilainen (3 johtoa).<\/p>\n","protected":false},"featured_media":91099,"comment_status":"open","ping_status":"closed","template":"","meta":{"_acf_changed":false},"factory":[],"free-shipment":[],"product_brand":[],"product_cat":[2999,2607],"product_tag":[],"class_list":{"0":"post-91109","1":"product","2":"type-product","3":"status-publish","4":"has-post-thumbnail","6":"product_cat-tasoanturit","7":"product_cat-teollisuusautomaatio","9":"first","10":"instock","11":"sale","12":"taxable","13":"shipping-taxable","14":"purchasable","15":"product-type-simple"},"acf":[],"_links":{"self":[{"href":"https:\/\/factory.sale\/fi\/wp-json\/wp\/v2\/product\/91109","targetHints":{"allow":["GET"]}}],"collection":[{"href":"https:\/\/factory.sale\/fi\/wp-json\/wp\/v2\/product"}],"about":[{"href":"https:\/\/factory.sale\/fi\/wp-json\/wp\/v2\/types\/product"}],"replies":[{"embeddable":true,"href":"https:\/\/factory.sale\/fi\/wp-json\/wp\/v2\/comments?post=91109"}],"wp:featuredmedia":[{"embeddable":true,"href":"https:\/\/factory.sale\/fi\/wp-json\/wp\/v2\/media\/91099"}],"wp:attachment":[{"href":"https:\/\/factory.sale\/fi\/wp-json\/wp\/v2\/media?parent=91109"}],"wp:term":[{"taxonomy":"factory","embeddable":true,"href":"https:\/\/factory.sale\/fi\/wp-json\/wp\/v2\/factory?post=91109"},{"taxonomy":"free-shipment","embeddable":true,"href":"https:\/\/factory.sale\/fi\/wp-json\/wp\/v2\/free-shipment?post=91109"},{"taxonomy":"product_brand","embeddable":true,"href":"https:\/\/factory.sale\/fi\/wp-json\/wp\/v2\/product_brand?post=91109"},{"taxonomy":"product_cat","embeddable":true,"href":"https:\/\/factory.sale\/fi\/wp-json\/wp\/v2\/product_cat?post=91109"},{"taxonomy":"product_tag","embeddable":true,"href":"https:\/\/factory.sale\/fi\/wp-json\/wp\/v2\/product_tag?post=91109"}],"curies":[{"name":"wp","href":"https:\/\/api.w.org\/{rel}","templated":true}]}}