{"id":90888,"date":"2024-10-02T21:06:26","date_gmt":"2024-10-02T18:33:40","guid":{"rendered":"https:\/\/factory.sale\/?post_type=product&#038;p=90888"},"modified":"2026-04-03T16:04:21","modified_gmt":"2026-04-03T13:04:21","slug":"puinen-kylmaallas-kahdelle-henkilolle-16x10-m","status":"publish","type":"product","link":"https:\/\/factory.sale\/fi\/tuote\/puinen-kylmaallas-kahdelle-henkilolle-16x10-m\/","title":{"rendered":"Puinen kylm\u00e4allas kahdelle henkil\u00f6lle 1,6&#215;1,0 m"},"content":{"rendered":"<p><strong>Kylm\u00e4vesipaljussa kastautuminen on loistava tapa hy\u00f6dynt\u00e4\u00e4 kylm\u00e4n veden terveysvaikutuksia!<\/strong><\/p>\n<p>Kylm\u00e4vesihoito voi auttaa parantamaan verenkiertoa, v\u00e4hent\u00e4m\u00e4\u00e4n tulehdusta ja kohottamaan mielialaa.<\/p>\n<p>Voit valita paljun puulajin useista vaihtoehdoista, jotka sopivat erilaisiin tyyleihin ja budjetteihin.<\/p>\n<p>Voit my\u00f6s liitt\u00e4\u00e4 t\u00e4h\u00e4n kylm\u00e4allas paljuun l\u00e4mmittimen, joka antaa sinulle mahdollisuuden nauttia l\u00e4mpim\u00e4st\u00e4 ja rentouttavasta kylvyst\u00e4 kylm\u00e4ll\u00e4 s\u00e4\u00e4ll\u00e4 tai viilent\u00e4\u00e4 itse\u00e4si raikkaalla vedell\u00e4 kes\u00e4helteill\u00e4.<\/p>\n<p>&nbsp;<\/p>\n<p>&nbsp;<\/p>\n<p><strong>Kylpytynnyrin perusvarustukseen sis\u00e4ltyy:<\/strong><\/p>\n<ul>\n<li>Puinen tynnyri<\/li>\n<li>Tynnyrin muotoon valmistetut istumapenkit<\/li>\n<li>Ulkokamiina<\/li>\n<li>Savupiippu 2m<\/li>\n<li>Savupiipun sadesuoja<\/li>\n<li>2 kiristysvannetta, ruostumattomasta ter\u00e4ksest\u00e4<\/li>\n<li>Pohjaventtiili ja tulppa<\/li>\n<\/ul>\n<p>&nbsp;<\/p>\n<p>&nbsp;<\/p>\n<p><strong>Tekniset tiedot:<\/strong><\/p>\n<ul>\n<li>Paino &#8211; 180 kg<\/li>\n<li>Mitat: 1,6&#215;1,0 \u00a0m<\/li>\n<li>Tynnyrin korkeus \u2013 1,12 m<\/li>\n<li>Tynnyrin syvyys \u2013 0,98 m<\/li>\n<li>Sein\u00e4laudan paksuus \u2013 41 mm<\/li>\n<li>Pohjalaudan paksuus \u2013 39 mm<\/li>\n<li>Istuinpenkkien korkeus \u2013 320 mm<\/li>\n<li>Istuinpenkkien leveys \u2013 350 mm<\/li>\n<li>Istuinpenkkien laudanpaksuus \u2013 41 mm<\/li>\n<\/ul>\n<p>&nbsp;<\/p>\n<p>&nbsp;<\/p>\n<p><strong>Saatavilla paljon lis\u00e4varusteita:<\/strong><\/p>\n<p>Kamiina<\/p>\n<p>Portaat<\/p>\n<p>Kannet<\/p>\n<p>Rappu<\/p>\n<p>Tyhjennysventtiili<\/p>\n<p>&nbsp;<\/p>\n<p>&nbsp;<\/p>\n<p>&nbsp;<\/p>\n<p><strong><em>Kysy lis\u00e4tietoja!<\/em><\/strong><\/p>\n<p>&nbsp;<\/p>\n<p>&nbsp;<\/p>\n<p><b>Kuljetustiedot:<\/b><\/p>\n<p>Toimitus kuorma-autolla, jossa on takalaitanostin.<\/p>\n<p>&nbsp;<\/p>\n<div class=\"video-wrapper \"><iframe loading=\"lazy\" title=\"How to relax if you have your own Garden Spa? Outdoor relaxation area with sauna and hot tub.\" width=\"500\" height=\"281\" src=\"https:\/\/www.youtube.com\/embed\/xH6mpa-K8CE?feature=oembed\" frameborder=\"0\" allow=\"accelerometer; autoplay; clipboard-write; encrypted-media; gyroscope; picture-in-picture; web-share\" referrerpolicy=\"strict-origin-when-cross-origin\" allowfullscreen><\/iframe><\/div>\n","protected":false},"excerpt":{"rendered":"<p><strong>Kylm\u00e4vesipaljussa kastautuminen on loistava tapa hy\u00f6dynt\u00e4\u00e4 kylm\u00e4n veden terveysvaikutuksia!<\/strong><\/p>\n<p>Kylm\u00e4vesihoito voi auttaa parantamaan verenkiertoa, v\u00e4hent\u00e4m\u00e4\u00e4n tulehdusta ja kohottamaan mielialaa.<\/p>\n<p>Voit valita paljun puulajin useista vaihtoehdoista, jotka sopivat erilaisiin tyyleihin ja budjetteihin.<\/p>\n<p>Voit my\u00f6s liitt\u00e4\u00e4 t\u00e4h\u00e4n kylm\u00e4allas paljuun l\u00e4mmittimen, joka antaa sinulle mahdollisuuden nauttia l\u00e4mpim\u00e4st\u00e4 ja rentouttavasta kylvyst\u00e4 kylm\u00e4ll\u00e4 s\u00e4\u00e4ll\u00e4 tai viilent\u00e4\u00e4 itse\u00e4si raikkaalla vedell\u00e4 kes\u00e4helteill\u00e4.<\/p>\n","protected":false},"featured_media":90857,"comment_status":"open","ping_status":"closed","template":"","meta":{"_acf_changed":false},"factory":[],"free-shipment":[],"product_brand":[],"product_cat":[3028,2210],"product_tag":[1488,2846],"class_list":{"0":"post-90888","1":"product","2":"type-product","3":"status-publish","4":"has-post-thumbnail","6":"product_cat-kulmavesipaljut","7":"product_cat-kylpytynnyrit","8":"product_tag-garden-fi","9":"product_tag-hot-tub-fi","11":"first","12":"instock","13":"sale","14":"taxable","15":"shipping-taxable","16":"purchasable","17":"product-type-simple"},"acf":[],"_links":{"self":[{"href":"https:\/\/factory.sale\/fi\/wp-json\/wp\/v2\/product\/90888","targetHints":{"allow":["GET"]}}],"collection":[{"href":"https:\/\/factory.sale\/fi\/wp-json\/wp\/v2\/product"}],"about":[{"href":"https:\/\/factory.sale\/fi\/wp-json\/wp\/v2\/types\/product"}],"replies":[{"embeddable":true,"href":"https:\/\/factory.sale\/fi\/wp-json\/wp\/v2\/comments?post=90888"}],"wp:featuredmedia":[{"embeddable":true,"href":"https:\/\/factory.sale\/fi\/wp-json\/wp\/v2\/media\/90857"}],"wp:attachment":[{"href":"https:\/\/factory.sale\/fi\/wp-json\/wp\/v2\/media?parent=90888"}],"wp:term":[{"taxonomy":"factory","embeddable":true,"href":"https:\/\/factory.sale\/fi\/wp-json\/wp\/v2\/factory?post=90888"},{"taxonomy":"free-shipment","embeddable":true,"href":"https:\/\/factory.sale\/fi\/wp-json\/wp\/v2\/free-shipment?post=90888"},{"taxonomy":"product_brand","embeddable":true,"href":"https:\/\/factory.sale\/fi\/wp-json\/wp\/v2\/product_brand?post=90888"},{"taxonomy":"product_cat","embeddable":true,"href":"https:\/\/factory.sale\/fi\/wp-json\/wp\/v2\/product_cat?post=90888"},{"taxonomy":"product_tag","embeddable":true,"href":"https:\/\/factory.sale\/fi\/wp-json\/wp\/v2\/product_tag?post=90888"}],"curies":[{"name":"wp","href":"https:\/\/api.w.org\/{rel}","templated":true}]}}