{"id":90830,"date":"2024-10-02T19:00:13","date_gmt":"2024-10-02T15:59:31","guid":{"rendered":"https:\/\/factory.sale\/?post_type=product&#038;p=90830"},"modified":"2026-04-03T16:27:58","modified_gmt":"2026-04-03T13:27:58","slug":"kylmaallas-lasikuituinen-kahdelle-henkilolle","status":"publish","type":"product","link":"https:\/\/factory.sale\/fi\/tuote\/kylmaallas-lasikuituinen-kahdelle-henkilolle\/","title":{"rendered":"Kylm\u00e4allas lasikuituinen kahdelle henkil\u00f6lle"},"content":{"rendered":"<p><strong>Kylm\u00e4allas: Nauti raikkaasta vedest\u00e4!<\/strong><\/p>\n<p>Lasikuitualtaan tilavuus on 800 litraa ja se on verhoiltu kauniilla 18 mm l\u00e4mp\u00f6puulla, joka kest\u00e4\u00e4 hyvin s\u00e4\u00e4n vaihtelut. Altaan pohjassa on vedenpit\u00e4v\u00e4 vaneri ja keskell\u00e4 tyhjennysproppu, joka helpottaa tyhjennyst\u00e4. Altaassa on my\u00f6s kaksi niskatukea, jotka lis\u00e4\u00e4v\u00e4t mukavuutta.<\/p>\n<p>Kylm\u00e4allas voi varustaa l\u00e4mmittimella ja saada kylm\u00e4vesipaljusta l\u00e4mminvesipaljun.<\/p>\n<p>&nbsp;<\/p>\n<p>&nbsp;<\/p>\n<p><strong>Perusvarustukseen sis\u00e4ltyy:<\/strong><\/p>\n<ul>\n<li>Lasikuituallas verhoiltuna 18 mm l\u00e4mp\u00f6puulla<\/li>\n<li>Vedenpit\u00e4v\u00e4 vaneripohja<\/li>\n<li>2 niskatukia<\/li>\n<li>Pohjaventtiili<\/li>\n<\/ul>\n<p>&nbsp;<\/p>\n<p><strong>V\u00e4ri:<\/strong><\/p>\n<p>Sininen, harmaa, turkoosi, beige, musta<\/p>\n<p><img loading=\"lazy\" decoding=\"async\" class=\"alignnone wp-image-28931\" src=\"https:\/\/factory.sale\/wp-content\/uploads\/2023\/06\/colours-300x67.png\" alt=\"\" width=\"707\" height=\"158\" srcset=\"https:\/\/factory.sale\/wp-content\/uploads\/2023\/06\/colours-300x67.png 300w, https:\/\/factory.sale\/wp-content\/uploads\/2023\/06\/colours-1024x228.png 1024w, https:\/\/factory.sale\/wp-content\/uploads\/2023\/06\/colours-150x33.png 150w, https:\/\/factory.sale\/wp-content\/uploads\/2023\/06\/colours-1536x342.png 1536w, https:\/\/factory.sale\/wp-content\/uploads\/2023\/06\/colours-600x134.png 600w, https:\/\/factory.sale\/wp-content\/uploads\/2023\/06\/colours.png 1950w\" sizes=\"auto, (max-width: 707px) 100vw, 707px\" \/><\/p>\n<p>&nbsp;<\/p>\n<p>&nbsp;<\/p>\n<p><strong>Tekniset tiedot:<\/strong><\/p>\n<ul>\n<li>Koko \u2013 1,85 \u00d7 0,95 m<\/li>\n<li>Tilavuus \u2013 800 l<\/li>\n<li>Paino (kg) \u2013 120<\/li>\n<li>Tilavuus (henkil\u00f6\u00e4) \u2013 2<\/li>\n<li>Tynnyrin korkeus \u2013 1,1 m<\/li>\n<li>Tynnyrin syvyys \u2013 0, 96 m<\/li>\n<li>Istuinpenkkien korkeus \u2013 280 mm<\/li>\n<li>Istuinpenkkien leveys \u2013 480 mm<\/li>\n<li>L\u00e4mp\u00f6puu verhoilu (pysty laudoitus, paksuus 18mm)<\/li>\n<li>Vedenkest\u00e4v\u00e4 vanerilattia \u2013 9 mm<\/li>\n<\/ul>\n<p>&nbsp;<\/p>\n<p>&nbsp;<\/p>\n<p><strong>Saatavilla paljon lis\u00e4varusteita:<\/strong><\/p>\n<p>Kamiina<\/p>\n<p>Kuplaj\u00e4rjestelm\u00e4<\/p>\n<p>Hierontaj\u00e4rjestelm\u00e4<\/p>\n<p>LED-valaistus<\/p>\n<p>Portaat<\/p>\n<p>Kannet<\/p>\n<p>PU-vaahto<\/p>\n<p>Tyhjennysventtiili<\/p>\n<p>&nbsp;<\/p>\n<p>&nbsp;<\/p>\n<p>&nbsp;<\/p>\n<p><strong><em>Kysy lis\u00e4tietoja!<\/em><\/strong><\/p>\n<p>&nbsp;<\/p>\n<p>&nbsp;<\/p>\n<p><b>Kuljetustiedot:<\/b><\/p>\n<p>Toimitus kuorma-autolla, jossa on takalaitanostin.<\/p>\n","protected":false},"excerpt":{"rendered":"<p><strong>Kylm\u00e4allas: Nauti raikkaasta vedest\u00e4!<\/strong><\/p>\n<p>Lasikuitualtaan tilavuus on 800 litraa ja se on verhoiltu kauniilla 18 mm l\u00e4mp\u00f6puulla, joka kest\u00e4\u00e4 hyvin s\u00e4\u00e4n vaihtelut. Altaan pohjassa on vedenpit\u00e4v\u00e4 vaneri ja keskell\u00e4 tyhjennysproppu, joka helpottaa tyhjennyst\u00e4. Altaassa on my\u00f6s kaksi niskatukea, jotka lis\u00e4\u00e4v\u00e4t mukavuutta.<\/p>\n","protected":false},"featured_media":90834,"comment_status":"open","ping_status":"closed","template":"","meta":{"_acf_changed":false},"factory":[],"free-shipment":[],"product_brand":[],"product_cat":[3028,2210],"product_tag":[4439],"class_list":{"0":"post-90830","1":"product","2":"type-product","3":"status-publish","4":"has-post-thumbnail","6":"product_cat-kulmavesipaljut","7":"product_cat-kylpytynnyrit","8":"product_tag-cold-plunge-fi","10":"first","11":"instock","12":"sale","13":"taxable","14":"shipping-taxable","15":"purchasable","16":"product-type-simple"},"acf":[],"_links":{"self":[{"href":"https:\/\/factory.sale\/fi\/wp-json\/wp\/v2\/product\/90830","targetHints":{"allow":["GET"]}}],"collection":[{"href":"https:\/\/factory.sale\/fi\/wp-json\/wp\/v2\/product"}],"about":[{"href":"https:\/\/factory.sale\/fi\/wp-json\/wp\/v2\/types\/product"}],"replies":[{"embeddable":true,"href":"https:\/\/factory.sale\/fi\/wp-json\/wp\/v2\/comments?post=90830"}],"wp:featuredmedia":[{"embeddable":true,"href":"https:\/\/factory.sale\/fi\/wp-json\/wp\/v2\/media\/90834"}],"wp:attachment":[{"href":"https:\/\/factory.sale\/fi\/wp-json\/wp\/v2\/media?parent=90830"}],"wp:term":[{"taxonomy":"factory","embeddable":true,"href":"https:\/\/factory.sale\/fi\/wp-json\/wp\/v2\/factory?post=90830"},{"taxonomy":"free-shipment","embeddable":true,"href":"https:\/\/factory.sale\/fi\/wp-json\/wp\/v2\/free-shipment?post=90830"},{"taxonomy":"product_brand","embeddable":true,"href":"https:\/\/factory.sale\/fi\/wp-json\/wp\/v2\/product_brand?post=90830"},{"taxonomy":"product_cat","embeddable":true,"href":"https:\/\/factory.sale\/fi\/wp-json\/wp\/v2\/product_cat?post=90830"},{"taxonomy":"product_tag","embeddable":true,"href":"https:\/\/factory.sale\/fi\/wp-json\/wp\/v2\/product_tag?post=90830"}],"curies":[{"name":"wp","href":"https:\/\/api.w.org\/{rel}","templated":true}]}}