{"id":90761,"date":"2024-09-30T14:34:05","date_gmt":"2024-09-30T12:01:24","guid":{"rendered":"https:\/\/factory.sale\/?post_type=product&#038;p=90761"},"modified":"2026-03-23T15:38:17","modified_gmt":"2026-03-23T12:38:17","slug":"peilisauna-2-m-4-hengelle","status":"publish","type":"product","link":"https:\/\/factory.sale\/fi\/tuote\/peilisauna-2-m-4-hengelle\/","title":{"rendered":"&#8220;2m&#8221; Peilisauna 4-hl\u00f6"},"content":{"rendered":"<p><video style=\"max-width: 100%; height: auto; display: block;\" preload=\"auto\" autoplay=\"autoplay\" loop=\"loop\" muted=\"\" controls=\"controls\" width=\"1500\" height=\"750\"><source src=\"https:\/\/factory.sale\/wp-content\/uploads\/2024\/10\/MIRRORED-SAUNA-1.mp4\" type=\"video\/mp4\" \/>Your browser does not support the video tag.<\/video><\/p>\n<p><video style=\"max-width: 100%; height: auto; display: block;\" preload=\"auto\" autoplay=\"autoplay\" loop=\"loop\" muted=\"\" controls=\"controls\" width=\"1500\" height=\"750\"><source src=\"https:\/\/factory.sale\/wp-content\/uploads\/2024\/10\/SAUNA-DEVUSKA-FacebookInstagram-NO-LOGO-1.mp4\" type=\"video\/mp4\" \/>Your browser does not support the video tag.<\/video><\/p>\n<p>&nbsp;<\/p>\n<p><strong>Esittelemme uusimman innovaatiomme \u2013 Peilisaunan!<\/strong><\/p>\n<p>T\u00e4m\u00e4 upea ja tyylik\u00e4s sauna on suunniteltu viem\u00e4\u00e4n rentoutumishetkesi uudelle tasolle. Peilisein\u00e4 lis\u00e4\u00e4 eleganssia ja luo tilan laajentumisen illuusion. Sauna on virtaviivainen ja minimalistinen muotoilultaan, mik\u00e4 tekee siit\u00e4 t\u00e4ydellisen lis\u00e4n mihin tahansa ymp\u00e4rist\u00f6\u00f6n. Astu ylellisyyden maailmaan ja nauti Peilisaunamme kauneudesta ja rauhasta.<\/p>\n<p>&nbsp;<\/p>\n<p>&nbsp;<\/p>\n<p><strong>Tekniset tiedot:<\/strong><\/p>\n<ul>\n<li>Malli: Mirror S2<\/li>\n<li>Koko PxLxK: 200 x 220 x 230 cm<\/li>\n<li>Litte\u00e4n pakkauksen koko PxLxK: 200 x 120 x 150 cm<\/li>\n<li>Paino: ~640 kg<\/li>\n<li>H\u00f6yryhuoneen pituus: 185 cm<\/li>\n<li>H\u00f6yryhuoneen kapasiteetti: ~4 henkil\u00f6\u00e4<\/li>\n<li>H\u00f6yryhuoneen tilavuus: 6,7 m\u00b3<\/li>\n<li>L\u00e4mmitysaika: ~1 tunti<\/li>\n<\/ul>\n<p>&nbsp;<\/p>\n<p>&nbsp;<\/p>\n<p><strong>Peruspaketti sis\u00e4lt\u00e4\u00e4:<\/strong><\/p>\n<ul>\n<li>Kuusipuinen saunan runko (puun paksuus 40 mm)<\/li>\n<li>Penkit lep\u00e4st\u00e4 tai l\u00e4mp\u00f6k\u00e4sitellyst\u00e4 puusta<\/li>\n<li>Etusein\u00e4n ikkunat: peilisein\u00e4 lasiovella<\/li>\n<li>Bitumikatto<\/li>\n<li>Saunakivet (vain kiukaan kanssa)<\/li>\n<li>Ruostumattomasta ter\u00e4ksest\u00e4 valmistetut vanteet<\/li>\n<li>Takasein\u00e4ss\u00e4: peili py\u00f6re\u00e4 panoraamaikkuna<\/li>\n<\/ul>\n<p>&nbsp;<\/p>\n<p>&nbsp;<\/p>\n<p><strong>Katon v\u00e4rit:<\/strong><\/p>\n<p>Ruskea, musta, vihre\u00e4<\/p>\n<p><img loading=\"lazy\" decoding=\"async\" class=\"alignnone wp-image-90748\" src=\"https:\/\/factory.sale\/wp-content\/uploads\/2024\/09\/roof-colours-300x91.png\" alt=\"\" width=\"630\" height=\"191\" srcset=\"https:\/\/factory.sale\/wp-content\/uploads\/2024\/09\/roof-colours-300x91.png 300w, https:\/\/factory.sale\/wp-content\/uploads\/2024\/09\/roof-colours-1024x311.png 1024w, https:\/\/factory.sale\/wp-content\/uploads\/2024\/09\/roof-colours-150x46.png 150w, https:\/\/factory.sale\/wp-content\/uploads\/2024\/09\/roof-colours-600x182.png 600w, https:\/\/factory.sale\/wp-content\/uploads\/2024\/09\/roof-colours.png 1330w\" sizes=\"auto, (max-width: 630px) 100vw, 630px\" \/><\/p>\n<p>&nbsp;<\/p>\n<p>&nbsp;<\/p>\n<p><strong>Puu:<\/strong><\/p>\n<p>Kuusi<br \/>\nL\u00e4mp\u00f6k\u00e4sitelty puu (lis\u00e4hintaan)<\/p>\n<p>&nbsp;<\/p>\n<p>&nbsp;<\/p>\n<p>&nbsp;<\/p>\n<p><strong>Saatavilla lis\u00e4varusteita:<\/strong><\/p>\n<p>Puul\u00e4mmitteiset kiukaat<br \/>\nS\u00e4hk\u00f6kiukaat<br \/>\nUlkovalot (LED, edess\u00e4)<br \/>\nUlkovalot (LED, takana)<br \/>\nSaunan lattia (l\u00e4mp\u00f6puu tai lepp\u00e4)<br \/>\nKaton kulmat, 2 kpl<br \/>\nKatoksen<br \/>\nSelk\u00e4nojat, 2 kpl<br \/>\nH\u00f6yryhuoneen LED-valaistus<br \/>\nH\u00f6yryhuoneen valo<br \/>\nPeilisauna 2 m 4 henkil\u00f6lle<\/p>\n<p>&nbsp;<\/p>\n<p>&nbsp;<\/p>\n<p><b>Kuljetustiedot:<\/b><\/p>\n<p>Toimitus kuorma-autolla, jossa on takalaitanostin.<\/p>\n","protected":false},"excerpt":{"rendered":"<p><strong>Esittelemme uusimman innovaatiomme \u2013 Peilisaunan!<\/strong><\/p>\n<p>T\u00e4m\u00e4 upea ja tyylik\u00e4s sauna on suunniteltu viem\u00e4\u00e4n rentoutumishetkesi uudelle tasolle. Peilisein\u00e4 lis\u00e4\u00e4 eleganssia ja luo tilan laajentumisen illuusion. Sauna on virtaviivainen ja minimalistinen muotoilultaan, mik\u00e4 tekee siit\u00e4 t\u00e4ydellisen lis\u00e4n mihin tahansa ymp\u00e4rist\u00f6\u00f6n. Astu ylellisyyden maailmaan ja nauti Peilisaunamme kauneudesta ja rauhasta.<\/p>\n<p>&nbsp;<\/p>\n","protected":false},"featured_media":90756,"comment_status":"open","ping_status":"closed","template":"","meta":{"_acf_changed":false},"factory":[],"free-shipment":[],"product_brand":[],"product_cat":[1317,1644],"product_tag":[1651,2106],"class_list":{"0":"post-90761","1":"product","2":"type-product","3":"status-publish","4":"has-post-thumbnail","6":"product_cat-sauna-fi","7":"product_cat-tynnyrisauna","8":"product_tag-barrel-sauna-fi","9":"product_tag-sauna-fi","11":"first","12":"instock","13":"sale","14":"taxable","15":"shipping-taxable","16":"purchasable","17":"product-type-simple"},"acf":[],"_links":{"self":[{"href":"https:\/\/factory.sale\/fi\/wp-json\/wp\/v2\/product\/90761","targetHints":{"allow":["GET"]}}],"collection":[{"href":"https:\/\/factory.sale\/fi\/wp-json\/wp\/v2\/product"}],"about":[{"href":"https:\/\/factory.sale\/fi\/wp-json\/wp\/v2\/types\/product"}],"replies":[{"embeddable":true,"href":"https:\/\/factory.sale\/fi\/wp-json\/wp\/v2\/comments?post=90761"}],"wp:featuredmedia":[{"embeddable":true,"href":"https:\/\/factory.sale\/fi\/wp-json\/wp\/v2\/media\/90756"}],"wp:attachment":[{"href":"https:\/\/factory.sale\/fi\/wp-json\/wp\/v2\/media?parent=90761"}],"wp:term":[{"taxonomy":"factory","embeddable":true,"href":"https:\/\/factory.sale\/fi\/wp-json\/wp\/v2\/factory?post=90761"},{"taxonomy":"free-shipment","embeddable":true,"href":"https:\/\/factory.sale\/fi\/wp-json\/wp\/v2\/free-shipment?post=90761"},{"taxonomy":"product_brand","embeddable":true,"href":"https:\/\/factory.sale\/fi\/wp-json\/wp\/v2\/product_brand?post=90761"},{"taxonomy":"product_cat","embeddable":true,"href":"https:\/\/factory.sale\/fi\/wp-json\/wp\/v2\/product_cat?post=90761"},{"taxonomy":"product_tag","embeddable":true,"href":"https:\/\/factory.sale\/fi\/wp-json\/wp\/v2\/product_tag?post=90761"}],"curies":[{"name":"wp","href":"https:\/\/api.w.org\/{rel}","templated":true}]}}