{"id":90661,"date":"2024-09-30T01:38:55","date_gmt":"2024-09-29T22:50:42","guid":{"rendered":"https:\/\/factory.sale\/?post_type=product&#038;p=90661"},"modified":"2024-10-28T13:14:38","modified_gmt":"2024-10-28T10:14:38","slug":"tulipoyta-engasco-slava-low","status":"publish","type":"product","link":"https:\/\/factory.sale\/fi\/tuote\/tulipoyta-engasco-slava-low\/","title":{"rendered":"Tulip\u00f6yt\u00e4 Engasco Slava Low"},"content":{"rendered":"<p>Slava tulip\u00f6yt\u00e4 on valmistettu huolella yksityiskohtiin kiinnitt\u00e4en, ja se on osoitus Engascon sitoutumisesta ulkotilojen mukavuuteen. Sen erilaiset mitat takaavat t\u00e4ydellisen sopivuuden kaikkiin ymp\u00e4rist\u00f6ihin, intiimeist\u00e4 parvekkeista aina laajoihin terasseihin asti. Korkean tai matalan p\u00f6yt\u00e4korkeuden valinta tarjoaa lis\u00e4mahdollisuuden personointiin, jolloin voit luoda tunnelman, joka sopii parhaiten ymp\u00e4rist\u00f6\u00f6si.<\/p>\n<p>P\u00f6ytiemme pohja on valmistettu kest\u00e4v\u00e4st\u00e4 ruostumattomasta ter\u00e4ksest\u00e4. P\u00f6yt\u00e4levy on valmistettu Compact Topista. Compact Top on korkealaatuinen, joustava materiaali, joka tunnetaan UV-s\u00e4teilyn, naarmuuntumisen ja korkeiden l\u00e4mp\u00f6tilojen kest\u00e4vyydest\u00e4\u00e4n.\u00a0Se on my\u00f6s ei-huokoinen, joten se sopii erinomaisesti ulkok\u00e4ytt\u00f6\u00f6n, koska se ei ime vett\u00e4 tai muita nesteit\u00e4.<\/p>\n<p>P\u00e4ivitt\u00e4inen huolto vaatii p\u00f6yd\u00e4n puhdistamisen s\u00e4\u00e4nn\u00f6llisesti. Ensin pit\u00e4\u00e4 poistaa polttimen kansi ja varmistaa, ett\u00e4 siin\u00e4 ei ole p\u00f6ly\u00e4 tai roskia. S\u00e4\u00e4nn\u00f6llinen puhdistus auttaa pit\u00e4m\u00e4\u00e4n p\u00f6yd\u00e4n optimaalisessa kunnossa.<\/p>\n<p>&nbsp;<\/p>\n<p>&nbsp;<\/p>\n<p><strong>Taulukon v\u00e4rivaihtoehdot:<\/strong><\/p>\n<p>Ruosteenruskea<\/p>\n<p><img loading=\"lazy\" decoding=\"async\" class=\"alignnone size-medium wp-image-90349\" src=\"https:\/\/factory.sale\/wp-content\/uploads\/2024\/09\/colour-rust-brown-300x159.png\" sizes=\"auto, (max-width: 300px) 100vw, 300px\" srcset=\"https:\/\/factory.sale\/wp-content\/uploads\/2024\/09\/colour-rust-brown-300x159.png 300w, https:\/\/factory.sale\/wp-content\/uploads\/2024\/09\/colour-rust-brown-150x79.png 150w, https:\/\/factory.sale\/wp-content\/uploads\/2024\/09\/colour-rust-brown-600x318.png 600w, https:\/\/factory.sale\/wp-content\/uploads\/2024\/09\/colour-rust-brown.png 770w\" alt=\"\" width=\"300\" height=\"159\" \/><\/p>\n<p>Manhattan<\/p>\n<p><img loading=\"lazy\" decoding=\"async\" class=\"alignnone size-medium wp-image-90346\" src=\"https:\/\/factory.sale\/wp-content\/uploads\/2024\/09\/colour-manhattan-300x160.png\" sizes=\"auto, (max-width: 300px) 100vw, 300px\" srcset=\"https:\/\/factory.sale\/wp-content\/uploads\/2024\/09\/colour-manhattan-300x160.png 300w, https:\/\/factory.sale\/wp-content\/uploads\/2024\/09\/colour-manhattan-150x80.png 150w, https:\/\/factory.sale\/wp-content\/uploads\/2024\/09\/colour-manhattan-600x320.png 600w, https:\/\/factory.sale\/wp-content\/uploads\/2024\/09\/colour-manhattan.png 766w\" alt=\"\" width=\"300\" height=\"160\" \/><\/p>\n<p>Antratsiitti<\/p>\n<p><strong><img loading=\"lazy\" decoding=\"async\" class=\"alignnone size-medium wp-image-90343\" src=\"https:\/\/factory.sale\/wp-content\/uploads\/2024\/09\/colour-anthracite-300x159.png\" sizes=\"auto, (max-width: 300px) 100vw, 300px\" srcset=\"https:\/\/factory.sale\/wp-content\/uploads\/2024\/09\/colour-anthracite-300x159.png 300w, https:\/\/factory.sale\/wp-content\/uploads\/2024\/09\/colour-anthracite-150x80.png 150w, https:\/\/factory.sale\/wp-content\/uploads\/2024\/09\/colour-anthracite-600x318.png 600w, https:\/\/factory.sale\/wp-content\/uploads\/2024\/09\/colour-anthracite.png 762w\" alt=\"\" width=\"300\" height=\"159\" \/><\/strong><\/p>\n<p>&nbsp;<\/p>\n<p>&nbsp;<\/p>\n<p><strong>Tekniset tiedot:<\/strong><\/p>\n<p><strong>Slava Low 90 x 90 cm<\/strong><\/p>\n<p><strong>Hinta:<\/strong> 1100 \u20ac<\/p>\n<ul>\n<li>L\u00e4mmityss\u00e4de: 30 m\u00b2<\/li>\n<li>Paino: 38 kg<\/li>\n<li>Kapsiteetti: enint\u00e4\u00e4n 4 henkil\u00f6\u00e4<\/li>\n<li>CE-sertifioitu<\/li>\n<li>Takuu: 2 vuotta<\/li>\n<\/ul>\n<p>&nbsp;<\/p>\n<p><strong>Slava Low 100 x 100 cm<\/strong><\/p>\n<p><strong>Hinta: <\/strong>1200 \u20ac<\/p>\n<ul>\n<li>L\u00e4mmityss\u00e4de: 30 m\u00b2<\/li>\n<li>Paino: 40 kg<\/li>\n<li>Kapsiteetti: enint\u00e4\u00e4n 6 henkil\u00f6\u00e4<\/li>\n<li>CE-sertifioitu<\/li>\n<li>Takuu: 2 vuotta<\/li>\n<\/ul>\n<p>&nbsp;<\/p>\n<p>&nbsp;<\/p>\n<p><strong>Slava Low 120 x 120 cm<\/strong><\/p>\n<p><strong>Hinta:<\/strong> 1300 \u20ac<\/p>\n<ul>\n<li>L\u00e4mmityss\u00e4de: 30 m\u00b2<\/li>\n<li>Paino: 42 kg<\/li>\n<li>Kapsiteetti: enint\u00e4\u00e4n 8 henkil\u00f6\u00e4<\/li>\n<li>CE-sertifioitu<\/li>\n<li>Takuu: 2 vuotta<\/li>\n<\/ul>\n<p>&nbsp;<\/p>\n<p><strong>Setti sis\u00e4lt\u00e4\u00e4:<\/strong><\/p>\n<ul>\n<li>Tulip\u00f6yt\u00e4<\/li>\n<li>Lasisarja<\/li>\n<li>Laavakivi\u00e4<\/li>\n<li>Asennusk\u00e4sikirja<\/li>\n<\/ul>\n<p>&nbsp;<\/p>\n<p><strong>Ei sis\u00e4lly:<\/strong><\/p>\n<ul>\n<li>AAA-paristo<\/li>\n<li>Kiintoavain-ty\u00f6kalu kaasuliit\u00e4nn\u00e4lle<\/li>\n<li>Kaasupullo<\/li>\n<\/ul>\n<p>&nbsp;<\/p>\n<p><strong>Kaasunkulutus:<\/strong><\/p>\n<p>P\u00f6yd\u00e4t toimivat nestekaasulla ja k\u00e4ytt\u00e4v\u00e4t noin 0,45 \u2013 0,87 kg kaasua tunnissa. Ne sopivat 10 kg:n s\u00e4ili\u00f6lle, mutta parasta ja turvallisinta k\u00e4ytt\u00f6\u00e4 varten suositellaan 7,5 kg:n nestekaasus\u00e4ili\u00f6t\u00e4. T\u00e4ydell\u00e4 10 kg:n tankilla ne palavat noin 12-22 tuntia.<\/p>\n<p>&nbsp;<\/p>\n<p><strong>Asennus:<\/strong><\/p>\n<p>P\u00f6yd\u00e4t toimitetaan osissa. Helppok\u00e4ytt\u00f6isen k\u00e4ytt\u00f6oppaamme avulla niiden kokoamisen pit\u00e4isi kuitenkin olla helppoa ja asennukseen menee vain 30 minuutissa.<\/p>\n<p>&nbsp;<\/p>\n<p><strong>Lis\u00e4tarvikkeet:<\/strong><\/p>\n<p>S\u00e4\u00e4nkest\u00e4v\u00e4 kansi<\/p>\n<p>Monik\u00e4ytt\u00f6inen Fire Pit Cover Plate<\/p>\n<p>Grillin kiinnitys tulip\u00f6yd\u00e4lle<\/p>\n<p>&nbsp;<\/p>\n<p><a href=\"https:\/\/factory.sale\/wp-content\/uploads\/2024\/09\/Copy-of-Engasco_01-1.mov\" target=\"_blank\" rel=\"noopener\">Klikkaa t\u00e4st\u00e4 n\u00e4hd\u00e4ksesi videon<\/a><\/p>\n<p>&nbsp;<\/p>\n","protected":false},"excerpt":{"rendered":"<p>Slava tulip\u00f6yt\u00e4 on valmistettu huolella yksityiskohtiin kiinnitt\u00e4en, ja se on osoitus Engascon sitoutumisesta ulkotilojen mukavuuteen. Sen erilaiset mitat takaavat t\u00e4ydellisen sopivuuden kaikkiin ymp\u00e4rist\u00f6ihin, intiimeist\u00e4 parvekkeista aina laajoihin terasseihin asti. Korkean tai matalan p\u00f6yt\u00e4korkeuden valinta tarjoaa lis\u00e4mahdollisuuden personointiin, jolloin voit luoda tunnelman, joka sopii parhaiten ymp\u00e4rist\u00f6\u00f6si.<\/p>\n<p>&nbsp;<\/p>\n<p><strong>Minimitilaus on 8 kpl!<\/strong><\/p>\n","protected":false},"featured_media":90649,"comment_status":"open","ping_status":"closed","template":"","meta":{"_acf_changed":false},"factory":[],"free-shipment":[],"product_brand":[],"product_cat":[1099,3006],"product_tag":[1035,1034],"class_list":{"0":"post-90661","1":"product","2":"type-product","3":"status-publish","4":"has-post-thumbnail","6":"product_cat-urban-furniture","7":"product_cat-fire-tables","8":"product_tag-garden","9":"product_tag-yard","11":"first","12":"instock","13":"sale","14":"taxable","15":"shipping-taxable","16":"purchasable","17":"product-type-simple"},"acf":[],"_links":{"self":[{"href":"https:\/\/factory.sale\/fi\/wp-json\/wp\/v2\/product\/90661","targetHints":{"allow":["GET"]}}],"collection":[{"href":"https:\/\/factory.sale\/fi\/wp-json\/wp\/v2\/product"}],"about":[{"href":"https:\/\/factory.sale\/fi\/wp-json\/wp\/v2\/types\/product"}],"replies":[{"embeddable":true,"href":"https:\/\/factory.sale\/fi\/wp-json\/wp\/v2\/comments?post=90661"}],"wp:featuredmedia":[{"embeddable":true,"href":"https:\/\/factory.sale\/fi\/wp-json\/wp\/v2\/media\/90649"}],"wp:attachment":[{"href":"https:\/\/factory.sale\/fi\/wp-json\/wp\/v2\/media?parent=90661"}],"wp:term":[{"taxonomy":"factory","embeddable":true,"href":"https:\/\/factory.sale\/fi\/wp-json\/wp\/v2\/factory?post=90661"},{"taxonomy":"free-shipment","embeddable":true,"href":"https:\/\/factory.sale\/fi\/wp-json\/wp\/v2\/free-shipment?post=90661"},{"taxonomy":"product_brand","embeddable":true,"href":"https:\/\/factory.sale\/fi\/wp-json\/wp\/v2\/product_brand?post=90661"},{"taxonomy":"product_cat","embeddable":true,"href":"https:\/\/factory.sale\/fi\/wp-json\/wp\/v2\/product_cat?post=90661"},{"taxonomy":"product_tag","embeddable":true,"href":"https:\/\/factory.sale\/fi\/wp-json\/wp\/v2\/product_tag?post=90661"}],"curies":[{"name":"wp","href":"https:\/\/api.w.org\/{rel}","templated":true}]}}