{"id":90375,"date":"2024-09-25T12:57:04","date_gmt":"2024-09-25T10:07:28","guid":{"rendered":"https:\/\/factory.sale\/?post_type=product&#038;p=90375"},"modified":"2024-10-28T13:06:41","modified_gmt":"2024-10-28T10:06:41","slug":"tulipoyta-engasco-boutique","status":"publish","type":"product","link":"https:\/\/factory.sale\/fi\/tuote\/tulipoyta-engasco-boutique\/","title":{"rendered":"Tulip\u00f6yt\u00e4 Engasco Boutique"},"content":{"rendered":"<p>Boutique tulip\u00f6yt\u00e4 on valmistettu vanhasta viinitynnyrist\u00e4 jossa sekoittuu vanhaa aikaa moderniin tyyliin. Se on enemm\u00e4n kuin pelkk\u00e4 p\u00f6yt\u00e4; siin\u00e4 on pala historiaa. Ja koska sit\u00e4 saa vain rajoitettuna er\u00e4n\u00e4, se tekee siit\u00e4 viel\u00e4kin ainutlaatuisemman.<\/p>\n<p>P\u00f6ytiemme pohja on valmistettu kest\u00e4v\u00e4st\u00e4 ruostumattomasta ter\u00e4ksest\u00e4. P\u00f6yt\u00e4levy on valmistettu Compact Topista. Compact Top on korkealaatuinen, joustava materiaali, joka tunnetaan UV-s\u00e4teilyn, naarmuuntumisen ja korkeiden l\u00e4mp\u00f6tilojen kest\u00e4vyydest\u00e4\u00e4n.\u00a0Se on my\u00f6s ei-huokoinen, joten se sopii erinomaisesti ulkok\u00e4ytt\u00f6\u00f6n, koska se ei ime vett\u00e4 tai muita nesteit\u00e4.<\/p>\n<p>P\u00e4ivitt\u00e4inen huolto vaatii p\u00f6yd\u00e4n puhdistamisen s\u00e4\u00e4nn\u00f6llisesti. Ensin pit\u00e4\u00e4 poistaa polttimen kansi ja varmistaa, ett\u00e4 siin\u00e4 ei ole p\u00f6ly\u00e4 tai roskia. S\u00e4\u00e4nn\u00f6llinen puhdistus auttaa pit\u00e4m\u00e4\u00e4n p\u00f6yd\u00e4n optimaalisessa kunnossa.<\/p>\n<p>&nbsp;<\/p>\n<p>&nbsp;<\/p>\n<p><strong>Taulukon v\u00e4rivaihtoehdot:<\/strong><\/p>\n<p>Ruosteenruskea<\/p>\n<p><img loading=\"lazy\" decoding=\"async\" class=\"alignnone size-medium wp-image-90349\" src=\"https:\/\/factory.sale\/wp-content\/uploads\/2024\/09\/colour-rust-brown-300x159.png\" sizes=\"auto, (max-width: 300px) 100vw, 300px\" srcset=\"https:\/\/factory.sale\/wp-content\/uploads\/2024\/09\/colour-rust-brown-300x159.png 300w, https:\/\/factory.sale\/wp-content\/uploads\/2024\/09\/colour-rust-brown-150x79.png 150w, https:\/\/factory.sale\/wp-content\/uploads\/2024\/09\/colour-rust-brown-600x318.png 600w, https:\/\/factory.sale\/wp-content\/uploads\/2024\/09\/colour-rust-brown.png 770w\" alt=\"\" width=\"300\" height=\"159\" \/><\/p>\n<p>Manhattan<\/p>\n<p><img loading=\"lazy\" decoding=\"async\" class=\"alignnone size-medium wp-image-90346\" src=\"https:\/\/factory.sale\/wp-content\/uploads\/2024\/09\/colour-manhattan-300x160.png\" sizes=\"auto, (max-width: 300px) 100vw, 300px\" srcset=\"https:\/\/factory.sale\/wp-content\/uploads\/2024\/09\/colour-manhattan-300x160.png 300w, https:\/\/factory.sale\/wp-content\/uploads\/2024\/09\/colour-manhattan-150x80.png 150w, https:\/\/factory.sale\/wp-content\/uploads\/2024\/09\/colour-manhattan-600x320.png 600w, https:\/\/factory.sale\/wp-content\/uploads\/2024\/09\/colour-manhattan.png 766w\" alt=\"\" width=\"300\" height=\"160\" \/><\/p>\n<p>Antratsiitti<\/p>\n<p><strong><img loading=\"lazy\" decoding=\"async\" class=\"alignnone size-medium wp-image-90343\" src=\"https:\/\/factory.sale\/wp-content\/uploads\/2024\/09\/colour-anthracite-300x159.png\" sizes=\"auto, (max-width: 300px) 100vw, 300px\" srcset=\"https:\/\/factory.sale\/wp-content\/uploads\/2024\/09\/colour-anthracite-300x159.png 300w, https:\/\/factory.sale\/wp-content\/uploads\/2024\/09\/colour-anthracite-150x80.png 150w, https:\/\/factory.sale\/wp-content\/uploads\/2024\/09\/colour-anthracite-600x318.png 600w, https:\/\/factory.sale\/wp-content\/uploads\/2024\/09\/colour-anthracite.png 762w\" alt=\"\" width=\"300\" height=\"159\" \/><\/strong><\/p>\n<p>&nbsp;<\/p>\n<p>&nbsp;<\/p>\n<p><strong>Tekniset tiedot:<\/strong><\/p>\n<ul>\n<li>L\u00e4mmityss\u00e4de: 30m2<\/li>\n<li>Paino: 38 kg<\/li>\n<li>Sopii enint\u00e4\u00e4n: 4 hengelle<\/li>\n<li>CE-sertifioitu<\/li>\n<li>2 vuoden takuu<\/li>\n<\/ul>\n<p>&nbsp;<\/p>\n<p><strong>Setti sis\u00e4lt\u00e4\u00e4:<\/strong><\/p>\n<ul>\n<li>Tulip\u00f6yt\u00e4<\/li>\n<li>Lasisarja<\/li>\n<li>Laavakivi\u00e4<\/li>\n<li>Asennusk\u00e4sikirja<\/li>\n<\/ul>\n<p>&nbsp;<\/p>\n<p><strong>Ei sis\u00e4lly:<\/strong><\/p>\n<ul>\n<li>AAA-paristo<\/li>\n<li>Kiintoavain-ty\u00f6kalu kaasuliit\u00e4nn\u00e4lle<\/li>\n<li>Kaasupullo<\/li>\n<\/ul>\n<p>&nbsp;<\/p>\n<p><strong>Kaasunkulutus:<\/strong><\/p>\n<p>P\u00f6yd\u00e4t toimivat nestekaasulla ja k\u00e4ytt\u00e4v\u00e4t noin 0,45 \u2013 0,87 kg kaasua tunnissa. Ne sopivat 10 kg:n s\u00e4ili\u00f6lle, mutta parasta ja turvallisinta k\u00e4ytt\u00f6\u00e4 varten suositellaan 7,5 kg:n nestekaasus\u00e4ili\u00f6t\u00e4. T\u00e4ydell\u00e4 10 kg:n tankilla ne palavat noin 12-22 tuntia.<\/p>\n<p>&nbsp;<\/p>\n<p><strong>Asennus:<\/strong><\/p>\n<p>P\u00f6yd\u00e4t toimitetaan osissa. Helppok\u00e4ytt\u00f6isen k\u00e4ytt\u00f6oppaamme avulla niiden kokoamisen pit\u00e4isi kuitenkin olla helppoa ja asennukseen menee vain 30 minuutissa.<\/p>\n<p>&nbsp;<\/p>\n<p><strong>Lis\u00e4tarvikkeet:<\/strong><\/p>\n<p>S\u00e4\u00e4nkest\u00e4v\u00e4 kansi<\/p>\n<p>Monik\u00e4ytt\u00f6inen Fire Pit Cover Plate<\/p>\n<p>Grillin kiinnitys palop\u00f6yd\u00e4lle<\/p>\n<p>&nbsp;<\/p>\n<p><a href=\"https:\/\/factory.sale\/wp-content\/uploads\/2024\/09\/Copy-of-Engasco_01-1.mov\" target=\"_blank\" rel=\"noopener\">Klikkaa t\u00e4st\u00e4 n\u00e4hd\u00e4ksesi videon<\/a><\/p>\n","protected":false},"excerpt":{"rendered":"<p>Boutique tulip\u00f6yt\u00e4 on valmistettu vanhasta viinitynnyrist\u00e4 jossa sekoittuu vanhaa aikaa moderniin tyyliin. Se on enemm\u00e4n kuin pelkk\u00e4 p\u00f6yt\u00e4; siin\u00e4 on pala historiaa. Ja koska sit\u00e4 saa vain rajoitettuna er\u00e4n\u00e4, se tekee siit\u00e4 viel\u00e4kin ainutlaatuisemman.<\/p>\n<p>&nbsp;<\/p>\n<div class=\"short-descr\">\n<div class=\"woocommerce-product-details__short-description\">\n<p><strong>Minimitilaus on 8 kpl!<\/strong><\/p>\n<\/div>\n<\/div>\n<p class=\"price\">\n","protected":false},"featured_media":90372,"comment_status":"open","ping_status":"closed","template":"","meta":{"_acf_changed":false},"factory":[],"free-shipment":[],"product_brand":[],"product_cat":[1099,3006],"product_tag":[],"class_list":{"0":"post-90375","1":"product","2":"type-product","3":"status-publish","4":"has-post-thumbnail","6":"product_cat-urban-furniture","7":"product_cat-fire-tables","9":"first","10":"instock","11":"sale","12":"taxable","13":"shipping-taxable","14":"purchasable","15":"product-type-simple"},"acf":[],"_links":{"self":[{"href":"https:\/\/factory.sale\/fi\/wp-json\/wp\/v2\/product\/90375","targetHints":{"allow":["GET"]}}],"collection":[{"href":"https:\/\/factory.sale\/fi\/wp-json\/wp\/v2\/product"}],"about":[{"href":"https:\/\/factory.sale\/fi\/wp-json\/wp\/v2\/types\/product"}],"replies":[{"embeddable":true,"href":"https:\/\/factory.sale\/fi\/wp-json\/wp\/v2\/comments?post=90375"}],"wp:featuredmedia":[{"embeddable":true,"href":"https:\/\/factory.sale\/fi\/wp-json\/wp\/v2\/media\/90372"}],"wp:attachment":[{"href":"https:\/\/factory.sale\/fi\/wp-json\/wp\/v2\/media?parent=90375"}],"wp:term":[{"taxonomy":"factory","embeddable":true,"href":"https:\/\/factory.sale\/fi\/wp-json\/wp\/v2\/factory?post=90375"},{"taxonomy":"free-shipment","embeddable":true,"href":"https:\/\/factory.sale\/fi\/wp-json\/wp\/v2\/free-shipment?post=90375"},{"taxonomy":"product_brand","embeddable":true,"href":"https:\/\/factory.sale\/fi\/wp-json\/wp\/v2\/product_brand?post=90375"},{"taxonomy":"product_cat","embeddable":true,"href":"https:\/\/factory.sale\/fi\/wp-json\/wp\/v2\/product_cat?post=90375"},{"taxonomy":"product_tag","embeddable":true,"href":"https:\/\/factory.sale\/fi\/wp-json\/wp\/v2\/product_tag?post=90375"}],"curies":[{"name":"wp","href":"https:\/\/api.w.org\/{rel}","templated":true}]}}