{"id":90201,"date":"2026-03-12T15:38:48","date_gmt":"2024-09-19T11:07:27","guid":{"rendered":"https:\/\/factory.sale\/?post_type=product&#038;p=90201"},"modified":"2025-11-15T16:08:29","modified_gmt":"2025-11-15T13:08:29","slug":"tucson-in-kylpytynnyri","status":"publish","type":"product","link":"https:\/\/factory.sale\/fi\/tuote\/tucson-in-kylpytynnyri\/","title":{"rendered":"&#8220;Tucson In&#8221; kylpytynnyri"},"content":{"rendered":"<p>Kohota hyvinvointikokemustasi uudelle tasolle Tucson In -kylpytynnyrill\u00e4 \u2013 luonnon inspiroima rentoutus<\/p>\n<p>Tucson-kylpytynnyri on saanut nimens\u00e4 O&#8217;odhamin kielest\u00e4, jossa &#8220;Cuk \u1e62on&#8221; tarkoittaa &#8220;mustan kukkulan juurella&#8221; tai &#8220;l\u00e4hdett\u00e4 mustan vuoren juurella&#8221;. Aivan kuten Sentinel Peakin tuliper\u00e4iset vuoret, t\u00e4m\u00e4 kylpytynnyri on kunnianosoitus luonnon kauneudelle ja ajattomalle rentoutumiselle.<\/p>\n<p>Tucson-kylpytynnyri on t\u00e4ydellinen sekoitus eleganssia ja toimivuutta. Se tarjoaa tilaa kuudelle hengelle, sis\u00e4lt\u00e4en yhden makuupaikan ja viisi istumapaikkaa. Integroitu S304-ruostumattomasta ter\u00e4ksest\u00e4 valmistettu kamiina takaa tehokkaan l\u00e4mm\u00f6npit\u00e4vyyden ja pitk\u00e4ik\u00e4isyyden. Tyylikk\u00e4iden mittojensa ansiosta se on upea lis\u00e4 mihin tahansa ulkotilaan, luoden rentouttavan ja ylellisen keitaan.<\/p>\n<p>Mukauta kylpytynnyrisi valitsemalla erilaisia <a href=\"https:\/\/factory.sale\/wp-content\/uploads\/2024\/08\/b8fed1d7-89d6-49a3-a3e8-8aae8c9e7127.jpg\" target=\"_blank\" rel=\"noopener\">akryylisisuksia<\/a> ja <a href=\"https:\/\/factory.sale\/wp-content\/uploads\/2024\/08\/bd93d185-0970-4f63-b0fa-e7ab46a1380a.jpg\" target=\"_blank\" rel=\"noopener\">viimeistelyj\u00e4<\/a>, kuten kuusi, poltettu kuusi, l\u00e4mp\u00f6puu tai WPC-paneelit.<br \/>\nParanna kokemustasi valinnaisilla lis\u00e4varusteilla, kuten vesihierontasuuttimilla, \u00e4\u00e4nentoistoj\u00e4rjestelm\u00e4ll\u00e4, sensoriohjauksella, vesiputousominaisuudella ja jopa mukinpidikkeill\u00e4. K\u00e4sintehty l\u00e4mp\u00f6kansi auttaa s\u00e4ilytt\u00e4m\u00e4\u00e4n veden l\u00e4mp\u00f6tilan, varmistaen ett\u00e4 Tucson Out kylpytynnyri on aina valmis k\u00e4ytt\u00f6\u00f6n.<\/p>\n<p>Tekniset tiedot:<\/p>\n<ul>\n<li>Mitat: P 2200 mm x L 2200 mm x K 1100 mm<\/li>\n<li>Paino: 400 kg<\/li>\n<li>Vesitilavuus: 1100 L<\/li>\n<li>Kamiina: Integroitu, S304 ruostumaton ter\u00e4s<\/li>\n<li>Pakkauksen mitat: 2300 x 2350 x 1300 mm<\/li>\n<\/ul>\n<p>Hinta sis\u00e4lt\u00e4\u00e4:<\/p>\n<ul>\n<li>Integroitu S304-kamiina<\/li>\n<li>Akryylisis\u00e4osa, jossa 5 istumapaikkaa ja 1 makuupaikka (harmaa tai valkoinen)<\/li>\n<li>Kuusipuinen ulkoverhoilu ja mustaksi maalatut kulmat<\/li>\n<li>Eriste: suljetun solun polyuretaanivaahto<\/li>\n<li>2 m piippu, suojaverkolla ja hatussa<\/li>\n<li>Pneumaattinen ohjausj\u00e4rjestelm\u00e4<\/li>\n<li>Sulakerasia ja tyhjennysventtiili<\/li>\n<\/ul>\n<p class=\"\" data-start=\"1496\" data-end=\"1542\"><strong data-start=\"1496\" data-end=\"1542\">T\u00e4ydenn\u00e4 paljuasi premium-lis\u00e4varusteilla:<\/strong><\/p>\n<p class=\"\" data-start=\"1544\" data-end=\"1732\">Vie kylpykokemuksesi uudelle tasolle vesihierontaj\u00e4rjestelm\u00e4ll\u00e4, ilmahieronnalla ja mukaansatempaavalla \u00e4\u00e4nentoistolla. Luo tunnelmaa kosketusohjauksella ja rauhoittavalla vesiputouksella.<\/p>\n<p class=\"\" data-start=\"1734\" data-end=\"1960\">Nauti \u00e4lykk\u00e4\u00e4st\u00e4 ohjauksesta Gecko-j\u00e4rjestelm\u00e4ll\u00e4, joka tarjoaa WiFi-yhteyden ja sovelluksen kautta hallinnan suoraan \u00e4lypuhelimellasi. Sis\u00e4\u00e4nrakennettu s\u00e4hk\u00f6l\u00e4mmitin pit\u00e4\u00e4 veden l\u00e4mpim\u00e4n\u00e4 \u2013 juuri silloin kun sin\u00e4 olet valmis.<\/p>\n<p data-start=\"1734\" data-end=\"1960\"><img loading=\"lazy\" decoding=\"async\" class=\"alignnone wp-image-94075\" src=\"https:\/\/factory.sale\/wp-content\/uploads\/2024\/08\/hot-tub-accessories-factory.sale-_4_-300x212.webp\" alt=\"\" width=\"971\" height=\"686\" srcset=\"https:\/\/factory.sale\/wp-content\/uploads\/2024\/08\/hot-tub-accessories-factory.sale-_4_-300x212.webp 300w, https:\/\/factory.sale\/wp-content\/uploads\/2024\/08\/hot-tub-accessories-factory.sale-_4_-1024x724.webp 1024w, https:\/\/factory.sale\/wp-content\/uploads\/2024\/08\/hot-tub-accessories-factory.sale-_4_-150x106.webp 150w, https:\/\/factory.sale\/wp-content\/uploads\/2024\/08\/hot-tub-accessories-factory.sale-_4_-1536x1086.webp 1536w, https:\/\/factory.sale\/wp-content\/uploads\/2024\/08\/hot-tub-accessories-factory.sale-_4_-600x424.webp 600w, https:\/\/factory.sale\/wp-content\/uploads\/2024\/08\/hot-tub-accessories-factory.sale-_4_-64x45.webp 64w, https:\/\/factory.sale\/wp-content\/uploads\/2024\/08\/hot-tub-accessories-factory.sale-_4_.webp 2000w\" sizes=\"auto, (max-width: 971px) 100vw, 971px\" \/><\/p>\n<p><strong>Valinnaiset lis\u00e4varusteet:<\/strong><\/p>\n<ul>\n<li>Vesihierontaj\u00e4rjestelm\u00e4, ruostumattomat suuttimet, 1,1 kW pumppu (6, 8, tai 12 suutinta)<\/li>\n<li>Vesihierontaj\u00e4rjestelm\u00e4, 14 suutinta, 1,5 kW pumppu<\/li>\n<li>Vesihierontaj\u00e4rjestelm\u00e4, 16\/18\/24 suutinta, 2 \u00d7 1,1 kW pumput (345 l\/min)<\/li>\n<li>Ilmahierontaj\u00e4rjestelm\u00e4, 12 tai 18 ruostumattomasta ter\u00e4ksest\u00e4 suutinta (750 W pumppu)<\/li>\n<li>Ilmahierontaj\u00e4rjestelm\u00e4, 24 suutinta (2 \u00d7 750 W pumput)<\/li>\n<li>Bluetooth-\u00e4\u00e4nentoistoj\u00e4rjestelm\u00e4 lis\u00e4kaiutinvalmiudella<\/li>\n<li>Kosketusohjain musta tai valkoinen 3-in-1 (vesihieronta + ilma + s\u00e4hk\u00f6l\u00e4mmitys), ilman l\u00e4mp\u00f6tila-anturia<\/li>\n<li>Kosketusohjain valkoinen 4-in-1 (vesihieronta + ilma + LED + s\u00e4hk\u00f6l\u00e4mmitys), l\u00e4mp\u00f6tila-anturilla<\/li>\n<li>Vesiputous \/ suihku<\/li>\n<li>L\u00e4mp\u00f6kansi<\/li>\n<li>Mukitelineet (metalli, muovi tai puu)<\/li>\n<li>Mukautettava LED-valaistus: kirkkaammat LED-stars ja pehme\u00e4mm\u00e4t MINI LED<\/li>\n<li>LED-valonauha ulkopuolella, paljun ymp\u00e4rill\u00e4<\/li>\n<li>Kuusipuinen ulkoverhoilu eri viimeistelyvaihtoehdoilla<\/li>\n<li>L\u00e4mp\u00f6puinen ulkoverhoilu eri viimeistelyvaihtoehdoilla \u2013 poltettu l\u00e4mp\u00f6puu rhombus-profiililla<\/li>\n<li>WPC-ulkoverhoilu<\/li>\n<li>Niskatuet<\/li>\n<li>Pyyheteline<\/li>\n<li>L\u00e4mp\u00f6kannen nostomekanismi<\/li>\n<li>Gecko-ohjausj\u00e4rjestelm\u00e4 WiFi-yhteydell\u00e4<\/li>\n<li>S\u00e4hk\u00f6l\u00e4mmitysvaihtoehdot: 3, 6 tai 9 kW<\/li>\n<li>Polttopuiden s\u00e4ilytyslaatikko<\/li>\n<li>Tuulisuoja<\/li>\n<li>Mahdollisuus kaiverruttaa oma logo metallisiin kulmaprofiileihin<\/li>\n<li>Portaat: py\u00f6re\u00e4 profiili, suora profiili (laatikkoportaat), XL py\u00f6re\u00e4 profiili<\/li>\n<li>Vedenpuhdistus hiekkasuodattimella ja UVC-valolla<\/li>\n<li>Skimmeri, pinnanpuhdistin \u2013 saatavana my\u00f6s UV-valolla<\/li>\n<li>Suodatinj\u00e4rjestelm\u00e4n kotelo<\/li>\n<li>Polttopuiden s\u00e4ilytyslaatikko, yksipuolinen (l\u00e4mp\u00f6puu)<\/li>\n<li>Polttopuiden s\u00e4ilytyslaatikko, kaksipuolinen (l\u00e4mp\u00f6puu)<\/li>\n<\/ul>\n<p>&nbsp;<\/p>\n<p><strong>Akryylisis\u00e4pintojen v\u00e4rivaihtoehdot:<\/strong><\/p>\n<p><img loading=\"lazy\" decoding=\"async\" class=\"alignnone wp-image-104214\" src=\"https:\/\/factory.sale\/wp-content\/uploads\/2025\/05\/akryylisisus-vari-factory-sale-300x120.webp\" alt=\"\" width=\"635\" height=\"254\" srcset=\"https:\/\/factory.sale\/wp-content\/uploads\/2025\/05\/akryylisisus-vari-factory-sale-300x120.webp 300w, https:\/\/factory.sale\/wp-content\/uploads\/2025\/05\/akryylisisus-vari-factory-sale-150x60.webp 150w, https:\/\/factory.sale\/wp-content\/uploads\/2025\/05\/akryylisisus-vari-factory-sale-600x240.webp 600w, https:\/\/factory.sale\/wp-content\/uploads\/2025\/05\/akryylisisus-vari-factory-sale.webp 750w\" sizes=\"auto, (max-width: 635px) 100vw, 635px\" \/><\/p>\n<p><strong>Ulkoviimeistelyn vaihtoehdot:<\/strong><br \/>\n<img loading=\"lazy\" decoding=\"async\" class=\"alignnone wp-image-104205\" src=\"https:\/\/factory.sale\/wp-content\/uploads\/2025\/05\/Paljun-viimeistely-factory-sale-300x120.webp\" alt=\"\" width=\"900\" height=\"360\" srcset=\"https:\/\/factory.sale\/wp-content\/uploads\/2025\/05\/Paljun-viimeistely-factory-sale-300x120.webp 300w, https:\/\/factory.sale\/wp-content\/uploads\/2025\/05\/Paljun-viimeistely-factory-sale-150x60.webp 150w, https:\/\/factory.sale\/wp-content\/uploads\/2025\/05\/Paljun-viimeistely-factory-sale-600x240.webp 600w, https:\/\/factory.sale\/wp-content\/uploads\/2025\/05\/Paljun-viimeistely-factory-sale.webp 750w\" sizes=\"auto, (max-width: 900px) 100vw, 900px\" \/><\/p>\n<p><strong>Portaat:<\/strong><\/p>\n<p><img loading=\"lazy\" decoding=\"async\" class=\"alignnone wp-image-104370\" src=\"https:\/\/factory.sale\/wp-content\/uploads\/2024\/09\/portaat-factory.sale-1-300x120.webp\" alt=\"\" width=\"683\" height=\"273\" srcset=\"https:\/\/factory.sale\/wp-content\/uploads\/2024\/09\/portaat-factory.sale-1-300x120.webp 300w, https:\/\/factory.sale\/wp-content\/uploads\/2024\/09\/portaat-factory.sale-1-150x60.webp 150w, https:\/\/factory.sale\/wp-content\/uploads\/2024\/09\/portaat-factory.sale-1-600x240.webp 600w, https:\/\/factory.sale\/wp-content\/uploads\/2024\/09\/portaat-factory.sale-1.webp 750w\" sizes=\"auto, (max-width: 683px) 100vw, 683px\" \/><\/p>\n<p><strong>L\u00e4mp\u00f6kannen v\u00e4rivaihtoehdot:<\/strong><\/p>\n<p><img loading=\"lazy\" decoding=\"async\" class=\"alignnone wp-image-93270\" src=\"https:\/\/factory.sale\/wp-content\/uploads\/2024\/08\/kylpytynnyri-lampokannen-varivaihtoehdot-factory.sale_-300x120.webp\" alt=\"\" width=\"560\" height=\"224\" srcset=\"https:\/\/factory.sale\/wp-content\/uploads\/2024\/08\/kylpytynnyri-lampokannen-varivaihtoehdot-factory.sale_-300x120.webp 300w, https:\/\/factory.sale\/wp-content\/uploads\/2024\/08\/kylpytynnyri-lampokannen-varivaihtoehdot-factory.sale_-150x60.webp 150w, https:\/\/factory.sale\/wp-content\/uploads\/2024\/08\/kylpytynnyri-lampokannen-varivaihtoehdot-factory.sale_-600x240.webp 600w, https:\/\/factory.sale\/wp-content\/uploads\/2024\/08\/kylpytynnyri-lampokannen-varivaihtoehdot-factory.sale_.webp 750w\" sizes=\"auto, (max-width: 560px) 100vw, 560px\" \/><\/p>\n<p class=\"\" data-start=\"3909\" data-end=\"4258\"><strong data-start=\"3909\" data-end=\"3940\">Miksi l\u00e4mp\u00f6kansi on t\u00e4rke\u00e4?<\/strong><br data-start=\"3940\" data-end=\"3943\" \/>L\u00e4mp\u00f6kansi on v\u00e4ltt\u00e4m\u00e4t\u00f6n veden l\u00e4mp\u00f6tilan yll\u00e4pit\u00e4miseksi, energiankulutuksen v\u00e4hent\u00e4miseksi ja paljun suojaamiseksi lialta ja p\u00f6lylt\u00e4. Se lis\u00e4\u00e4 turvallisuutta erityisesti lapsi- ja lemmikkiperheiss\u00e4 ja suojaa paljuasi s\u00e4\u00e4olosuhteilta. K\u00e4yt\u00e4nn\u00f6llinen, kustannustehokas ja ymp\u00e4rist\u00f6yst\u00e4v\u00e4llinen ratkaisu paljullesi.<\/p>\n<p>Sukella rentoutumisen ja virkist\u00e4ytymisen maailmaan Tucson Out kylpytynnyrill\u00e4\u2014todellinen ylellisyyden ja k\u00e4sity\u00f6n symboli.<\/p>\n<p>Lis\u00e4tiedot <a href=\"https:\/\/factory.sale\/wp-content\/uploads\/2024\/09\/Kylpytynnyn-KAYTTOOHJE-2024-factory.sale_.pdf\" target=\"_blank\" rel=\"noopener\">k\u00e4ytt\u00f6oppaassa<\/a><\/p>\n","protected":false},"excerpt":{"rendered":"<p>Tutustu \u00e4\u00e4rimm\u00e4iseen rentoutumiskokemukseen Tucson In kylpytynnyriss\u00e4.<\/p>\n<p>T\u00e4ydellisesti tyyli\u00e4 ja toimivuutta yhdist\u00e4v\u00e4 kylpytynnyri tarjoaa ylellisen pakopaikan mukautetuilla ominaisuuksilla ja huippuluokan k\u00e4sity\u00f6n\u00e4. Etsitp\u00e4 sitten rauhaa tai sosiaalista tilaa kokoontumisille, Tucson In tarjoaa tyylikk\u00e4\u00e4n muotoilunsa ja edistykselliset vaihtoehdot. R\u00e4\u00e4t\u00e4l\u00f6i kokemuksesi viimeistelyill\u00e4 ja lis\u00e4varusteilla, jotka kuvastavat ainutlaatuista makuasi.<br \/>\nMuuta kotisi henkil\u00f6kohtaiseksi kylpyl\u00e4keitaaksi Tucson In kylpytynnyrill\u00e4.<\/p>\n","protected":false},"featured_media":89743,"comment_status":"open","ping_status":"closed","template":"","meta":{"_acf_changed":false},"factory":[],"free-shipment":[],"product_brand":[],"product_cat":[2208,2586],"product_tag":[990,2303,2992],"class_list":{"0":"post-90201","1":"product","2":"type-product","3":"status-publish","4":"has-post-thumbnail","6":"product_cat-hot-tubs-2","7":"product_cat-fiberglass-hot-tubs","8":"product_tag-hot-tub","9":"product_tag-hot-tub-with-stove","10":"product_tag-luxury-hot-tub","12":"first","13":"instock","14":"sale","15":"taxable","16":"shipping-taxable","17":"purchasable","18":"product-type-simple"},"acf":[],"_links":{"self":[{"href":"https:\/\/factory.sale\/fi\/wp-json\/wp\/v2\/product\/90201","targetHints":{"allow":["GET"]}}],"collection":[{"href":"https:\/\/factory.sale\/fi\/wp-json\/wp\/v2\/product"}],"about":[{"href":"https:\/\/factory.sale\/fi\/wp-json\/wp\/v2\/types\/product"}],"replies":[{"embeddable":true,"href":"https:\/\/factory.sale\/fi\/wp-json\/wp\/v2\/comments?post=90201"}],"wp:featuredmedia":[{"embeddable":true,"href":"https:\/\/factory.sale\/fi\/wp-json\/wp\/v2\/media\/89743"}],"wp:attachment":[{"href":"https:\/\/factory.sale\/fi\/wp-json\/wp\/v2\/media?parent=90201"}],"wp:term":[{"taxonomy":"factory","embeddable":true,"href":"https:\/\/factory.sale\/fi\/wp-json\/wp\/v2\/factory?post=90201"},{"taxonomy":"free-shipment","embeddable":true,"href":"https:\/\/factory.sale\/fi\/wp-json\/wp\/v2\/free-shipment?post=90201"},{"taxonomy":"product_brand","embeddable":true,"href":"https:\/\/factory.sale\/fi\/wp-json\/wp\/v2\/product_brand?post=90201"},{"taxonomy":"product_cat","embeddable":true,"href":"https:\/\/factory.sale\/fi\/wp-json\/wp\/v2\/product_cat?post=90201"},{"taxonomy":"product_tag","embeddable":true,"href":"https:\/\/factory.sale\/fi\/wp-json\/wp\/v2\/product_tag?post=90201"}],"curies":[{"name":"wp","href":"https:\/\/api.w.org\/{rel}","templated":true}]}}