{"id":90119,"date":"2024-09-01T16:25:22","date_gmt":"2024-09-16T19:44:28","guid":{"rendered":"https:\/\/factory.sale\/?post_type=product&#038;p=90119"},"modified":"2024-10-24T18:28:22","modified_gmt":"2024-10-24T15:28:22","slug":"rn-4001-tasopinta-anturi-24v-dc-muovinen-siipipyora-muovikotelo-140-mm-g1%c2%bd","status":"publish","type":"product","link":"https:\/\/factory.sale\/fi\/tuote\/rn-4001-tasopinta-anturi-24v-dc-muovinen-siipipyora-muovikotelo-140-mm-g1%c2%bd\/","title":{"rendered":"RN 4001 Tasopinta-anturi, 24V DC, muovinen siipipy\u00f6r\u00e4, muovikotelo, 140 mm, G1\u00bd\u201d"},"content":{"rendered":"<p>Py\u00f6riv\u00e4lapaista anturia Rotonivo\u00ae RN 4001 k\u00e4ytet\u00e4\u00e4n varasto- ja prosessis\u00e4ili\u00f6iss\u00e4 t\u00e4ysi-, tarve- ja tyhj\u00e4tason tunnistamiseen monissa irtomateriaaleissa, joissa ei ole \u00e4\u00e4rimm\u00e4isi\u00e4 prosessiolosuhteita. Materiaalin kertym\u00e4 tai p\u00f6lyinen prosessiymp\u00e4rist\u00f6 ei vaikuta mill\u00e4\u00e4n tavalla t\u00e4ytt\u00f6mittarin mittaustulosten tarkkuuteen.<\/p>\n<p>&nbsp;<\/p>\n<table class=\"table-data-sheet\">\n<tbody>\n<tr class=\"odd\">\n<td>Tuote<\/td>\n<td>TASOPINTA-ANTURI RN 4001<\/td>\n<\/tr>\n<tr class=\"even\">\n<td>Valmistaja<\/td>\n<td>UWT<\/td>\n<\/tr>\n<tr class=\"odd\">\n<td>Virtal\u00e4hde<\/td>\n<td>24V DC<\/td>\n<\/tr>\n<tr class=\"even\">\n<td>Sarja<\/td>\n<td>Rotonivo<\/td>\n<\/tr>\n<tr class=\"odd\">\n<td>K\u00e4ytt\u00f6l\u00e4mp\u00f6tila<\/td>\n<td>-20\u02da&#8230;+80\u02daC<\/td>\n<\/tr>\n<tr class=\"even\">\n<td>Suojausluokka<\/td>\n<td>IP66<\/td>\n<\/tr>\n<tr class=\"odd\">\n<td>Kotelointi<\/td>\n<td>Muovi<\/td>\n<\/tr>\n<tr class=\"even\">\n<td>Teho<\/td>\n<td>SPDT relee<\/td>\n<\/tr>\n<tr class=\"odd\">\n<td>Kierre\/L\u00e4pivienti:<\/td>\n<td>G1\u00bd\u201d<\/td>\n<\/tr>\n<tr class=\"even\">\n<td>Sertifikaatti<\/td>\n<td>CE<\/td>\n<\/tr>\n<tr class=\"odd\">\n<td>Pituus<\/td>\n<td>140mm<\/td>\n<\/tr>\n<\/tbody>\n<\/table>\n<p>&nbsp;<\/p>\n<p><a href=\"https:\/\/factory.sale\/wp-content\/uploads\/2024\/09\/Rotonivo-4000-manuaal-1.pdf\" target=\"_blank\" rel=\"noopener\">RN4001 PDF<\/a><\/p>\n","protected":false},"excerpt":{"rendered":"<table class=\"table-data-sheet\">\n<tbody>\n<tr class=\"odd\">\n<td>Tuote<\/td>\n<td>TASOPINTA-ANTURI RN 4001<\/td>\n<\/tr>\n<tr class=\"even\">\n<td>Valmistaja<\/td>\n<td>UWT<\/td>\n<\/tr>\n<tr class=\"odd\">\n<td>Virtal\u00e4hde<\/td>\n<td>24V DC<\/td>\n<\/tr>\n<tr class=\"even\">\n<td>Sarja<\/td>\n<td>Rotonivo<\/td>\n<\/tr>\n<tr class=\"odd\">\n<td>K\u00e4ytt\u00f6l\u00e4mp\u00f6tila<\/td>\n<td>-20\u02da&#8230;+80\u02daC<\/td>\n<\/tr>\n<tr class=\"even\">\n<td>Suojausluokka<\/td>\n<td>IP66<\/td>\n<\/tr>\n<tr class=\"odd\">\n<td>Kotelointi<\/td>\n<td>Muovi<\/td>\n<\/tr>\n<tr class=\"even\">\n<td>Teho<\/td>\n<td>SPDT relee<\/td>\n<\/tr>\n<tr class=\"odd\">\n<td>Kierre\/L\u00e4pivienti:<\/td>\n<td>G1\u00bd\u201d<\/td>\n<\/tr>\n<tr class=\"even\">\n<td>Sertifikaatti<\/td>\n<td>CE<\/td>\n<\/tr>\n<tr class=\"odd\">\n<td>Pituus<\/td>\n<td>140mm<\/td>\n<\/tr>\n<\/tbody>\n<\/table>\n","protected":false},"featured_media":89654,"comment_status":"open","ping_status":"closed","template":"","meta":{"_acf_changed":false},"factory":[],"free-shipment":[],"product_brand":[],"product_cat":[2999],"product_tag":[],"class_list":{"0":"post-90119","1":"product","2":"type-product","3":"status-publish","4":"has-post-thumbnail","6":"product_cat-tasoanturit","8":"first","9":"instock","10":"sale","11":"taxable","12":"shipping-taxable","13":"purchasable","14":"product-type-simple"},"acf":[],"_links":{"self":[{"href":"https:\/\/factory.sale\/fi\/wp-json\/wp\/v2\/product\/90119","targetHints":{"allow":["GET"]}}],"collection":[{"href":"https:\/\/factory.sale\/fi\/wp-json\/wp\/v2\/product"}],"about":[{"href":"https:\/\/factory.sale\/fi\/wp-json\/wp\/v2\/types\/product"}],"replies":[{"embeddable":true,"href":"https:\/\/factory.sale\/fi\/wp-json\/wp\/v2\/comments?post=90119"}],"wp:featuredmedia":[{"embeddable":true,"href":"https:\/\/factory.sale\/fi\/wp-json\/wp\/v2\/media\/89654"}],"wp:attachment":[{"href":"https:\/\/factory.sale\/fi\/wp-json\/wp\/v2\/media?parent=90119"}],"wp:term":[{"taxonomy":"factory","embeddable":true,"href":"https:\/\/factory.sale\/fi\/wp-json\/wp\/v2\/factory?post=90119"},{"taxonomy":"free-shipment","embeddable":true,"href":"https:\/\/factory.sale\/fi\/wp-json\/wp\/v2\/free-shipment?post=90119"},{"taxonomy":"product_brand","embeddable":true,"href":"https:\/\/factory.sale\/fi\/wp-json\/wp\/v2\/product_brand?post=90119"},{"taxonomy":"product_cat","embeddable":true,"href":"https:\/\/factory.sale\/fi\/wp-json\/wp\/v2\/product_cat?post=90119"},{"taxonomy":"product_tag","embeddable":true,"href":"https:\/\/factory.sale\/fi\/wp-json\/wp\/v2\/product_tag?post=90119"}],"curies":[{"name":"wp","href":"https:\/\/api.w.org\/{rel}","templated":true}]}}