{"id":90093,"date":"2024-09-01T16:30:52","date_gmt":"2024-09-15T20:24:02","guid":{"rendered":"https:\/\/factory.sale\/?post_type=product&#038;p=90093"},"modified":"2024-10-24T14:21:59","modified_gmt":"2024-10-24T11:21:59","slug":"nr-7100-tasoanturi-12-35v-dc-max-8m-4-20ma-40c-60c-1bar-3bar-g1%c2%bd-ip66-67","status":"publish","type":"product","link":"https:\/\/factory.sale\/fi\/tuote\/nr-7100-tasoanturi-12-35v-dc-max-8m-4-20ma-40c-60c-1bar-3bar-g1%c2%bd-ip66-67\/","title":{"rendered":"NR 7100 Tasoanturi, 12-35V DC, MAX 8M, 4-20mA, -40\u00b0C&#8230;+60\u00b0C, -1BAR&#8230;+3BAR, G1\u00bd\u201d, IP66\/67"},"content":{"rendered":"<p>80 GHz kontaktiton FMCW tutka-anturi NivoRadar\u00ae NR 7100, jonka kapea s\u00e4dekulma on 8\u00b0, k\u00e4ytet\u00e4\u00e4n erilaisissa teollisissa sovelluksissa, kuten varastosiiloissa, prosessis\u00e4ili\u00f6iss\u00e4 ja IBC-konteissa jatkuvaan pinnankorkeuden mittaukseen. apaasti s\u00e4teilev\u00e4ss\u00e4 tasol\u00e4hettimess\u00e4 on kompakti rakenne, 1 1\/2&#8243; prosessiliit\u00e4nt\u00e4 (PVDF) ja mittausalue jopa 8 m sek\u00e4 eritt\u00e4in nopea vasteaika. Elintarviketeollisuuteen sopivat tutkalaitteet soveltuvat k\u00e4ytett\u00e4v\u00e4ksi elintarviketeollisuuden prosesseissa. Tutka-antureita voidaan k\u00e4ytt\u00e4\u00e4 aggressiivisissa aineissa, kuten hapoissa, em\u00e4ksiss\u00e4 ja liuottimissa sek\u00e4 hyvin viskoosisissa nesteiss\u00e4 ja \u00f6ljyiss\u00e4.<\/p>\n<p>&nbsp;<\/p>\n<table class=\"table-data-sheet\">\n<tbody>\n<tr class=\"odd\">\n<td>Valmistaja<\/td>\n<td>UWT<\/td>\n<\/tr>\n<tr class=\"even\">\n<td>Virransy\u00f6tt\u00f6<\/td>\n<td>12-35V DC<\/td>\n<\/tr>\n<tr class=\"odd\">\n<td>Sarja<\/td>\n<td>NivoRadar<\/td>\n<\/tr>\n<tr class=\"even\">\n<td>Mittausalue<\/td>\n<td>max 8m<\/td>\n<\/tr>\n<tr class=\"odd\">\n<td>K\u00e4ytt\u00f6l\u00e4mp\u00f6tila<\/td>\n<td>-40\u02da&#8230;+60\u02daC<\/td>\n<\/tr>\n<tr class=\"even\">\n<td>Suojausluokka<\/td>\n<td>IP66\/67<\/td>\n<\/tr>\n<tr class=\"odd\">\n<td>Kotelomateriaali<\/td>\n<td>muovinen massa<\/td>\n<\/tr>\n<tr class=\"even\">\n<td>L\u00e4ht\u00f6<\/td>\n<td>4-20mA<\/td>\n<\/tr>\n<tr class=\"odd\">\n<td>Kierre\/L\u00e4pivienti<\/td>\n<td>G1\u00bd\u201d<\/td>\n<\/tr>\n<tr class=\"even\">\n<td>Paine<\/td>\n<td>-1&#8230;3bar<\/td>\n<\/tr>\n<\/tbody>\n<\/table>\n<p>&nbsp;<\/p>\n<p>&nbsp;<\/p>\n<p><a href=\"https:\/\/factory.sale\/wp-content\/uploads\/2024\/09\/NivoRadar-7000.pdf\" target=\"_blank\" rel=\"noopener\">NivoRadar 700<\/a><\/p>\n<p><a href=\"https:\/\/factory.sale\/wp-content\/uploads\/2024\/09\/NivoRadar-7000-technical-notes.pdf\" target=\"_blank\" rel=\"noopener\">NivoRadar 700 Tekniset huomautukset<\/a><\/p>\n","protected":false},"excerpt":{"rendered":"<p>&nbsp;<\/p>\n<table class=\"table-data-sheet\">\n<tbody>\n<tr class=\"odd\">\n<td>Tootja<\/td>\n<td>UWT<\/td>\n<\/tr>\n<tr class=\"even\">\n<td>Virransy\u00f6tt\u00f6<\/td>\n<td>12-35V DC<\/td>\n<\/tr>\n<tr class=\"odd\">\n<td>Sarja<\/td>\n<td>NivoRadar<\/td>\n<\/tr>\n<tr class=\"even\">\n<td>Mittausalue<\/td>\n<td>max 8m<\/td>\n<\/tr>\n<tr class=\"odd\">\n<td>K\u00e4ytt\u00f6l\u00e4mp\u00f6tila<\/td>\n<td>-40\u02da&#8230;+60\u02daC<\/td>\n<\/tr>\n<tr class=\"even\">\n<td>Suojausluokka<\/td>\n<td>IP66\/67<\/td>\n<\/tr>\n<tr class=\"odd\">\n<td>Kotelomateriaali<\/td>\n<td>muovinen massa<\/td>\n<\/tr>\n<tr class=\"even\">\n<td>L\u00e4ht\u00f6<\/td>\n<td>4-20mA<\/td>\n<\/tr>\n<tr class=\"odd\">\n<td>Kierre\/L\u00e4pivienti<\/td>\n<td>G1\u00bd\u201d<\/td>\n<\/tr>\n<tr class=\"even\">\n<td>Paine<\/td>\n<td>-1&#8230;3bar<\/td>\n<\/tr>\n<\/tbody>\n<\/table>\n","protected":false},"featured_media":89644,"comment_status":"open","ping_status":"closed","template":"","meta":{"_acf_changed":false},"factory":[],"free-shipment":[],"product_brand":[],"product_cat":[2999],"product_tag":[],"class_list":{"0":"post-90093","1":"product","2":"type-product","3":"status-publish","4":"has-post-thumbnail","6":"product_cat-tasoanturit","8":"first","9":"instock","10":"sale","11":"taxable","12":"shipping-taxable","13":"purchasable","14":"product-type-simple"},"acf":[],"_links":{"self":[{"href":"https:\/\/factory.sale\/fi\/wp-json\/wp\/v2\/product\/90093","targetHints":{"allow":["GET"]}}],"collection":[{"href":"https:\/\/factory.sale\/fi\/wp-json\/wp\/v2\/product"}],"about":[{"href":"https:\/\/factory.sale\/fi\/wp-json\/wp\/v2\/types\/product"}],"replies":[{"embeddable":true,"href":"https:\/\/factory.sale\/fi\/wp-json\/wp\/v2\/comments?post=90093"}],"wp:featuredmedia":[{"embeddable":true,"href":"https:\/\/factory.sale\/fi\/wp-json\/wp\/v2\/media\/89644"}],"wp:attachment":[{"href":"https:\/\/factory.sale\/fi\/wp-json\/wp\/v2\/media?parent=90093"}],"wp:term":[{"taxonomy":"factory","embeddable":true,"href":"https:\/\/factory.sale\/fi\/wp-json\/wp\/v2\/factory?post=90093"},{"taxonomy":"free-shipment","embeddable":true,"href":"https:\/\/factory.sale\/fi\/wp-json\/wp\/v2\/free-shipment?post=90093"},{"taxonomy":"product_brand","embeddable":true,"href":"https:\/\/factory.sale\/fi\/wp-json\/wp\/v2\/product_brand?post=90093"},{"taxonomy":"product_cat","embeddable":true,"href":"https:\/\/factory.sale\/fi\/wp-json\/wp\/v2\/product_cat?post=90093"},{"taxonomy":"product_tag","embeddable":true,"href":"https:\/\/factory.sale\/fi\/wp-json\/wp\/v2\/product_tag?post=90093"}],"curies":[{"name":"wp","href":"https:\/\/api.w.org\/{rel}","templated":true}]}}