{"id":90083,"date":"2024-09-01T17:02:09","date_gmt":"2024-09-15T20:10:13","guid":{"rendered":"https:\/\/factory.sale\/?post_type=product&#038;p=90083"},"modified":"2025-03-22T01:10:12","modified_gmt":"2025-03-21T22:10:12","slug":"nb-4200-mikroprosessorilla-varustettu-pinnanvalvontajarjestelma-20-28v-dc-max-80c-4-20ma-15-m-nauha-ruostumattomasta-teraksesta-valmistettu-paino","status":"publish","type":"product","link":"https:\/\/factory.sale\/fi\/tuote\/nb-4200-mikroprosessorilla-varustettu-pinnanvalvontajarjestelma-20-28v-dc-max-80c-4-20ma-15-m-nauha-ruostumattomasta-teraksesta-valmistettu-paino\/","title":{"rendered":"NB 4200 Mikroprosessorilla varustettu pinnanvalvontaj\u00e4rjestelm\u00e4, 20-28V DC, max +80\u00b0C, 4-20mA, 15 m nauha, ruostumattomasta ter\u00e4ksest\u00e4 valmistettu paino"},"content":{"rendered":"<p>S\u00e4hk\u00f6mekaanista luotilankasensoria NivoBob\u00ae NB 4200 k\u00e4ytet\u00e4\u00e4n jatkuvaan pinnankorkeuden mittaamiseen erilaisissa massavarastointisiiloissa. Yksinkertainen s\u00e4hk\u00f6mekaaninen mittausmenetelm\u00e4 tekee siit\u00e4 luotettavan monitoimilaitteen, joka on hyv\u00e4ksytty k\u00e4yt\u00e4nn\u00f6ss\u00e4 l\u00e4hes kaikkiin irtotavara-aineisiin. Erityisesti p\u00f6lyisiss\u00e4, tahmeissa tai matalan DK:n bulkkimateriaaleissa NB 4200 toimii t\u00e4ydellisesti.<\/p>\n<p>&nbsp;<\/p>\n<p>&nbsp;<\/p>\n<p><strong>Tuotetiedot:<\/strong><\/p>\n<table class=\"table-data-sheet\">\n<tbody>\n<tr class=\"odd\">\n<td>Tuote<\/td>\n<td>NB 4200<\/td>\n<\/tr>\n<tr class=\"even\">\n<td>Toimittaja<\/td>\n<td>UWT<\/td>\n<\/tr>\n<tr class=\"odd\">\n<td>Virtal\u00e4hde<\/td>\n<td>18-36V DC<\/td>\n<\/tr>\n<tr class=\"even\">\n<td>Sarja<\/td>\n<td>Nivobob<\/td>\n<\/tr>\n<tr class=\"odd\">\n<td>K\u00e4ytt\u00f6l\u00e4mp\u00f6tila<\/td>\n<td>-40\u02da&#8230;+80\u02daC<\/td>\n<\/tr>\n<tr class=\"even\">\n<td>Suojausluokka<\/td>\n<td>IP66<\/td>\n<\/tr>\n<tr class=\"odd\">\n<td>Kotelomateriaali<\/td>\n<td>Alumiini<\/td>\n<\/tr>\n<tr class=\"even\">\n<td>L\u00e4ht\u00f6<\/td>\n<td>2 x rele; 1 x 4-20mA<\/td>\n<\/tr>\n<tr class=\"odd\">\n<td>Sertifikaatti<\/td>\n<td>CE<\/td>\n<\/tr>\n<tr class=\"even\">\n<td>Pituus<\/td>\n<td>15m<\/td>\n<\/tr>\n<\/tbody>\n<\/table>\n<p>&nbsp;<\/p>\n<p>&nbsp;<\/p>\n<p><a href=\"https:\/\/factory.sale\/wp-content\/uploads\/2024\/09\/NB4_opt_en.pdf\" target=\"_blank\" rel=\"noopener\">PDF<\/a><\/p>\n","protected":false},"excerpt":{"rendered":"<table class=\"table-data-sheet\">\n<tbody>\n<tr class=\"odd\">\n<td>Tuote<\/td>\n<td>NB 4200<\/td>\n<\/tr>\n<tr class=\"even\">\n<td>Toimittaja<\/td>\n<td>UWT<\/td>\n<\/tr>\n<tr class=\"odd\">\n<td>Virtal\u00e4hde<\/td>\n<td>18-36V DC<\/td>\n<\/tr>\n<tr class=\"even\">\n<td>Sarja<\/td>\n<td>Nivobob<\/td>\n<\/tr>\n<tr class=\"odd\">\n<td>K\u00e4ytt\u00f6l\u00e4mp\u00f6tila<\/td>\n<td>-40\u02da&#8230;+80\u02daC<\/td>\n<\/tr>\n<tr class=\"even\">\n<td>Suojausluokka<\/td>\n<td>IP66<\/td>\n<\/tr>\n<tr class=\"odd\">\n<td>Kotelomateriaali<\/td>\n<td>Alumiini<\/td>\n<\/tr>\n<tr class=\"even\">\n<td>L\u00e4ht\u00f6<\/td>\n<td>2 x rele; 1 x 4-20mA<\/td>\n<\/tr>\n<tr class=\"odd\">\n<td>Sertifikaatti<\/td>\n<td>CE<\/td>\n<\/tr>\n<tr class=\"even\">\n<td>Pituus<\/td>\n<td>15m<\/td>\n<\/tr>\n<\/tbody>\n<\/table>\n","protected":false},"featured_media":89659,"comment_status":"open","ping_status":"closed","template":"","meta":{"_acf_changed":false},"factory":[],"free-shipment":[],"product_brand":[],"product_cat":[2999],"product_tag":[],"class_list":{"0":"post-90083","1":"product","2":"type-product","3":"status-publish","4":"has-post-thumbnail","6":"product_cat-tasoanturit","8":"first","9":"instock","10":"sale","11":"taxable","12":"shipping-taxable","13":"purchasable","14":"product-type-simple"},"acf":[],"_links":{"self":[{"href":"https:\/\/factory.sale\/fi\/wp-json\/wp\/v2\/product\/90083","targetHints":{"allow":["GET"]}}],"collection":[{"href":"https:\/\/factory.sale\/fi\/wp-json\/wp\/v2\/product"}],"about":[{"href":"https:\/\/factory.sale\/fi\/wp-json\/wp\/v2\/types\/product"}],"replies":[{"embeddable":true,"href":"https:\/\/factory.sale\/fi\/wp-json\/wp\/v2\/comments?post=90083"}],"wp:featuredmedia":[{"embeddable":true,"href":"https:\/\/factory.sale\/fi\/wp-json\/wp\/v2\/media\/89659"}],"wp:attachment":[{"href":"https:\/\/factory.sale\/fi\/wp-json\/wp\/v2\/media?parent=90083"}],"wp:term":[{"taxonomy":"factory","embeddable":true,"href":"https:\/\/factory.sale\/fi\/wp-json\/wp\/v2\/factory?post=90083"},{"taxonomy":"free-shipment","embeddable":true,"href":"https:\/\/factory.sale\/fi\/wp-json\/wp\/v2\/free-shipment?post=90083"},{"taxonomy":"product_brand","embeddable":true,"href":"https:\/\/factory.sale\/fi\/wp-json\/wp\/v2\/product_brand?post=90083"},{"taxonomy":"product_cat","embeddable":true,"href":"https:\/\/factory.sale\/fi\/wp-json\/wp\/v2\/product_cat?post=90083"},{"taxonomy":"product_tag","embeddable":true,"href":"https:\/\/factory.sale\/fi\/wp-json\/wp\/v2\/product_tag?post=90083"}],"curies":[{"name":"wp","href":"https:\/\/api.w.org\/{rel}","templated":true}]}}