{"id":90064,"date":"2024-09-12T14:12:39","date_gmt":"2024-09-12T11:12:41","guid":{"rendered":"https:\/\/factory.sale\/?post_type=product&#038;p=90064"},"modified":"2025-03-25T21:48:31","modified_gmt":"2025-03-25T18:48:31","slug":"19m-terassisetti-muovisisuksella-ja-ulkotakalla","status":"publish","type":"product","link":"https:\/\/factory.sale\/fi\/tuote\/19m-terassisetti-muovisisuksella-ja-ulkotakalla\/","title":{"rendered":"1,9m terassisetti muovisisuksella ja ulkotakalla"},"content":{"rendered":"<p>Terassisettiin kuuluu lasikuitusisus, alusrunko, merialumiininen ulkotakka (30kW) 2m savupiipulla ja viem\u00e4rihana.<\/p>\n<p>&nbsp;<\/p>\n<p><strong>Tekniset tiedot:<\/strong><\/p>\n<p>Materiaali: Kyll\u00e4stetty puu<br \/>\nUlkohalkaisija: 1900 mm<br \/>\nSis\u00e4halkaisija: 1700 mm<br \/>\nKorkeus: 1100 mm<br \/>\nSis\u00e4syvyys: 1000 mm<br \/>\nPaino: 120 kg<br \/>\nTilavuus: 1300 litraa<br \/>\nHenkil\u00f6m\u00e4\u00e4r\u00e4: 6-7<br \/>\nL\u00e4mmittysaika 5-38\u00b0C: 1,5-2,5h&#8217;<\/p>\n<p>&nbsp;<\/p>\n<p><a href=\"https:\/\/factory.sale\/wp-content\/uploads\/2024\/09\/Paloturvallisuus-ja-turvaetaisyydet.pdf\" target=\"_blank\" rel=\"noopener\">Paloturvallisuus ja turvaet\u00e4isyydet<\/a><\/p>\n<p><strong>Muoviv\u00e4rit:<\/strong><\/p>\n<p>Sininen, tummanharmaa, vaaleanharmaa<\/p>\n<p><strong><img loading=\"lazy\" decoding=\"async\" class=\"alignnone wp-image-88093\" src=\"https:\/\/factory.sale\/wp-content\/uploads\/2024\/07\/plastic-colours-300x82.png\" alt=\"\" width=\"413\" height=\"113\" srcset=\"https:\/\/factory.sale\/wp-content\/uploads\/2024\/07\/plastic-colours-300x82.png 300w, https:\/\/factory.sale\/wp-content\/uploads\/2024\/07\/plastic-colours-150x41.png 150w, https:\/\/factory.sale\/wp-content\/uploads\/2024\/07\/plastic-colours.png 394w\" sizes=\"auto, (max-width: 413px) 100vw, 413px\" \/><\/strong><\/p>\n<p>&nbsp;<\/p>\n<p>&nbsp;<\/p>\n<p><strong>Ulkotakan vaihtoehdot:<\/strong><\/p>\n<p>Ulkotakka 30 kW (takaisku) (sis\u00e4ltyy hintaan)<br \/>\nUlkotakka 35 kW (takaisku, lasiovi)<br \/>\nUlkotakka 40 kW (takaisku, lasiovi)<br \/>\nUlkotakka 45 kW (oikeavirtaus, lasiovi)<br \/>\nUlkotakka 45 kW (vasenvirtaus, lasiovi)<\/p>\n<p>&nbsp;<\/p>\n<p>&nbsp;<\/p>\n<p>&nbsp;<\/p>\n<p><strong>Lis\u00e4ominaisuudet:<\/strong><\/p>\n<ul>\n<li>PVC kansi<\/li>\n<li>L\u00e4mp\u00f6kansi 10cm<\/li>\n<li>Polyuretaanieristys<\/li>\n<li>LED-valo yhdell\u00e4 lampulla<\/li>\n<li>LED-valo kahdella lampulla<\/li>\n<li>LED-valo nelj\u00e4ll\u00e4 lampulla<\/li>\n<li>Kuplaj\u00e4rjestelm\u00e4 8 suuttimella<\/li>\n<li>Kuplaj\u00e4rjestelm\u00e4 16 suuttimella<\/li>\n<li>Kelluva Bluetooth-l\u00e4mp\u00f6mittari<\/li>\n<li>Savupiipun l\u00e4mp\u00f6suoja<\/li>\n<li>Savupiipun lis\u00e4jatko 1m<\/li>\n<li>Kipin\u00e4suoja<\/li>\n<li>Jalkakylpy<\/li>\n<li>Melo<\/li>\n<li>Sis\u00e4inen suodatin<\/li>\n<li>Suodatinj\u00e4rjestelm\u00e4 + suodatinpallot + korkit 2kpl<\/li>\n<li>Dutrion-tabletit veden puhdistukseen<\/li>\n<\/ul>\n<p>&nbsp;<\/p>\n<p>&nbsp;<\/p>\n<p>&nbsp;<\/p>\n","protected":false},"excerpt":{"rendered":"<p>Terassisettiin kuuluu lasikuitusisus, alusrunko, merialumiininen ulkotakka (30kW) 2m savupiipulla ja viem\u00e4rihana.<\/p>\n","protected":false},"featured_media":90033,"comment_status":"open","ping_status":"closed","template":"","meta":{"_acf_changed":false},"factory":[],"free-shipment":[],"product_brand":[],"product_cat":[2210,2591],"product_tag":[2846],"class_list":{"0":"post-90064","1":"product","2":"type-product","3":"status-publish","4":"has-post-thumbnail","6":"product_cat-kylpytynnyrit","7":"product_cat-upotettavat-kylpytynnyrit","8":"product_tag-hot-tub-fi","10":"first","11":"instock","12":"sale","13":"taxable","14":"shipping-taxable","15":"purchasable","16":"product-type-simple"},"acf":[],"_links":{"self":[{"href":"https:\/\/factory.sale\/fi\/wp-json\/wp\/v2\/product\/90064","targetHints":{"allow":["GET"]}}],"collection":[{"href":"https:\/\/factory.sale\/fi\/wp-json\/wp\/v2\/product"}],"about":[{"href":"https:\/\/factory.sale\/fi\/wp-json\/wp\/v2\/types\/product"}],"replies":[{"embeddable":true,"href":"https:\/\/factory.sale\/fi\/wp-json\/wp\/v2\/comments?post=90064"}],"wp:featuredmedia":[{"embeddable":true,"href":"https:\/\/factory.sale\/fi\/wp-json\/wp\/v2\/media\/90033"}],"wp:attachment":[{"href":"https:\/\/factory.sale\/fi\/wp-json\/wp\/v2\/media?parent=90064"}],"wp:term":[{"taxonomy":"factory","embeddable":true,"href":"https:\/\/factory.sale\/fi\/wp-json\/wp\/v2\/factory?post=90064"},{"taxonomy":"free-shipment","embeddable":true,"href":"https:\/\/factory.sale\/fi\/wp-json\/wp\/v2\/free-shipment?post=90064"},{"taxonomy":"product_brand","embeddable":true,"href":"https:\/\/factory.sale\/fi\/wp-json\/wp\/v2\/product_brand?post=90064"},{"taxonomy":"product_cat","embeddable":true,"href":"https:\/\/factory.sale\/fi\/wp-json\/wp\/v2\/product_cat?post=90064"},{"taxonomy":"product_tag","embeddable":true,"href":"https:\/\/factory.sale\/fi\/wp-json\/wp\/v2\/product_tag?post=90064"}],"curies":[{"name":"wp","href":"https:\/\/api.w.org\/{rel}","templated":true}]}}