{"id":89918,"date":"2024-09-08T17:35:28","date_gmt":"2024-09-08T17:47:49","guid":{"rendered":"https:\/\/factory.sale\/?post_type=product&#038;p=89918"},"modified":"2025-05-02T12:34:35","modified_gmt":"2025-05-02T09:34:35","slug":"caliskan-paistouunilla-306-3d","status":"publish","type":"product","link":"https:\/\/factory.sale\/fi\/tuote\/caliskan-paistouunilla-306-3d\/","title":{"rendered":"\u00c7al\u0131\u015fkan paistouunilla 306-3D"},"content":{"rendered":"<p>Nauti aidosta puu-uunista ja r\u00e4tisev\u00e4st\u00e4 tulesta!<\/p>\n<p>T\u00e4m\u00e4 puu-uuni sopii t\u00e4ydellisesti mihin tahansa sisustukseen, riippumatta sen koosta tai v\u00e4rimaailmasta. Sen elegantti muotoilu tekee siit\u00e4 huoneen keskipisteen, miss\u00e4 tahansa se sijaitseekin.<\/p>\n<p>Perinteisest\u00e4 ulkon\u00e4\u00f6st\u00e4\u00e4n ja tunnelmastaan huolimatta t\u00e4m\u00e4 uuni on yksi ymp\u00e4rist\u00f6yst\u00e4v\u00e4llisimmist\u00e4 vaihtoehdoista nykyp\u00e4iv\u00e4n markkinoilla.<\/p>\n<p>Valmistettu valuraudasta yli puolen vuosisadan \u00c7al\u0131\u015fkan-perinteell\u00e4, t\u00e4m\u00e4 uuni on t\u00e4ynn\u00e4 uusinta teknologiaa ja ominaisuuksia.<\/p>\n<p>S\u00e4\u00e4st\u00e4 rahaa ja resursseja! \u00c7al\u0131\u015fkan-puu-uunilla l\u00e4mmitt\u00e4misen edut ovat vertaansa vailla, erityisesti syksyn ja talven siirtym\u00e4kaudella.<\/p>\n<p><em><strong>5 vuoden takuu!<\/strong><\/em><\/p>\n<p>&nbsp;<\/p>\n<p>&nbsp;<\/p>\n<p><strong>Tekniset tiedot:<\/strong><\/p>\n<ul>\n<li>Teho: 12,870 kW<\/li>\n<li>Tulenkest\u00e4v\u00e4t tulitiilet<\/li>\n<li>Mitat: syvyys 52 \u00d7 leveys 59 \u00d7 korkeus 117,5 cm<\/li>\n<li>L\u00e4mp\u00f6kapasiteetti: 128 m\u00b2<\/li>\n<li>Valurautaiset osat: yl\u00e4levy, rungot ja kannet, jalat, arina<\/li>\n<li>Lasitettu emalipinnoite<\/li>\n<li>Savupiipun halkaisija: 130 mm<\/li>\n<li>L\u00e4mp\u00f6shokkia kest\u00e4v\u00e4 keraaminen lasi<\/li>\n<li>Helppo puhdistaa<\/li>\n<li>Kaksivaiheinen uuni l\u00e4mp\u00f6mittarilla<\/li>\n<li>Paksu metallilevy<\/li>\n<li>Paino: 135 kg<\/li>\n<li>Etu-, oikea- ja vasenpuoleinen keraaminen lasi<\/li>\n<li>Polttoaine: puu\u200b<\/li>\n<\/ul>\n<p>&nbsp;<\/p>\n<p>&nbsp;<\/p>\n<p><strong>Sertifikaatit:<\/strong><\/p>\n<ul>\n<li>Eco Design 2022<\/li>\n<li>T\u00e4ytt\u00e4\u00e4 BlmSchV (liittovaltion p\u00e4\u00e4st\u00f6nsuojeluasetus) 2. tason vaatimukset<\/li>\n<li>CE<\/li>\n<li>15a B-VG<\/li>\n<li>Certificato Ambientale<\/li>\n<li>DEFRA-hyv\u00e4ksytty<\/li>\n<\/ul>\n<p>&nbsp;<\/p>\n<p>&nbsp;<\/p>\n<p>&nbsp;<\/p>\n<p><a href=\"https:\/\/factory.sale\/wp-content\/uploads\/2024\/09\/306-302-Usermanuel-ALMANCA.docx\" target=\"_blank\" rel=\"noopener\">Ohjeet<\/a><\/p>\n<p>&nbsp;<\/p>\n<p><em>Lue ja noudata k\u00e4ytt\u00f6ohjetta.<\/em><br \/>\n<em>K\u00e4yt\u00e4 ainoastaan hyv\u00e4ksytty\u00e4 polttoainetta \u2013 asianmukaisesti kuivattua ja pilkottua polttopuuta!<\/em><\/p>\n<div class=\"video-wrapper \"><iframe loading=\"lazy\" title=\"306-3D Furnace Fireplace Stove\" width=\"500\" height=\"281\" src=\"https:\/\/www.youtube.com\/embed\/mILO25kM_aI?feature=oembed\" frameborder=\"0\" allow=\"accelerometer; autoplay; clipboard-write; encrypted-media; gyroscope; picture-in-picture; web-share\" referrerpolicy=\"strict-origin-when-cross-origin\" allowfullscreen><\/iframe><\/div>\n","protected":false},"excerpt":{"rendered":"<p>Nauti aidosta puu-uunista ja r\u00e4tisev\u00e4st\u00e4 tulesta!<\/p>\n<p>T\u00e4m\u00e4 puu-uuni sopii t\u00e4ydellisesti mihin tahansa sisustukseen, riippumatta sen koosta tai v\u00e4rimaailmasta. Sen elegantti muotoilu tekee siit\u00e4 huoneen keskipisteen, miss\u00e4 tahansa se sijaitseekin.<\/p>\n<p>&nbsp;<\/p>\n<p>L\u00e4mmitett\u00e4v\u00e4 alue 10 \u2013 155m\u00b2.<\/p>\n<p>ILMAINEN TOIMITUS EU- ALUEELLA!<\/p>\n","protected":false},"featured_media":89914,"comment_status":"open","ping_status":"closed","template":"","meta":{"_acf_changed":false},"factory":[],"free-shipment":[],"product_brand":[],"product_cat":[2787,1329],"product_tag":[2011],"class_list":{"0":"post-89918","1":"product","2":"type-product","3":"status-publish","4":"has-post-thumbnail","6":"product_cat-caliskan-fi","7":"product_cat-uunit","8":"product_tag-stove-fi","10":"first","11":"instock","12":"sale","13":"taxable","14":"shipping-taxable","15":"purchasable","16":"product-type-simple"},"acf":[],"_links":{"self":[{"href":"https:\/\/factory.sale\/fi\/wp-json\/wp\/v2\/product\/89918","targetHints":{"allow":["GET"]}}],"collection":[{"href":"https:\/\/factory.sale\/fi\/wp-json\/wp\/v2\/product"}],"about":[{"href":"https:\/\/factory.sale\/fi\/wp-json\/wp\/v2\/types\/product"}],"replies":[{"embeddable":true,"href":"https:\/\/factory.sale\/fi\/wp-json\/wp\/v2\/comments?post=89918"}],"wp:featuredmedia":[{"embeddable":true,"href":"https:\/\/factory.sale\/fi\/wp-json\/wp\/v2\/media\/89914"}],"wp:attachment":[{"href":"https:\/\/factory.sale\/fi\/wp-json\/wp\/v2\/media?parent=89918"}],"wp:term":[{"taxonomy":"factory","embeddable":true,"href":"https:\/\/factory.sale\/fi\/wp-json\/wp\/v2\/factory?post=89918"},{"taxonomy":"free-shipment","embeddable":true,"href":"https:\/\/factory.sale\/fi\/wp-json\/wp\/v2\/free-shipment?post=89918"},{"taxonomy":"product_brand","embeddable":true,"href":"https:\/\/factory.sale\/fi\/wp-json\/wp\/v2\/product_brand?post=89918"},{"taxonomy":"product_cat","embeddable":true,"href":"https:\/\/factory.sale\/fi\/wp-json\/wp\/v2\/product_cat?post=89918"},{"taxonomy":"product_tag","embeddable":true,"href":"https:\/\/factory.sale\/fi\/wp-json\/wp\/v2\/product_tag?post=89918"}],"curies":[{"name":"wp","href":"https:\/\/api.w.org\/{rel}","templated":true}]}}