{"id":89757,"date":"2024-09-06T15:19:24","date_gmt":"2024-09-06T12:46:49","guid":{"rendered":"https:\/\/factory.sale\/?post_type=product&#038;p=89757"},"modified":"2025-05-05T10:45:46","modified_gmt":"2025-05-05T07:45:46","slug":"caliskan-uuni-304-3d-2","status":"publish","type":"product","link":"https:\/\/factory.sale\/fi\/tuote\/caliskan-uuni-304-3d-2\/","title":{"rendered":"\u00c7al\u0131\u015fkan uuni 304-3D"},"content":{"rendered":"<p>Nauti aidosta takasta ja r\u00e4tisev\u00e4st\u00e4 tulesta! Kuvittele miellytt\u00e4v\u00e4 l\u00e4mp\u00f6 ja r\u00e4tisev\u00e4t polttopuut olohuoneessasi \u2013 eik\u00f6 olekin ihanaa?<\/p>\n<p>T\u00e4m\u00e4 puuk\u00e4ytt\u00f6inen takka sopii t\u00e4ydellisesti mihin tahansa sisustukseen, sen koosta tai v\u00e4rimaailmasta riippumatta. Sen elegantti muotoilu tekee siit\u00e4 huomion keskipisteen, miss\u00e4 tahansa se sijaitseekin.<\/p>\n<p>Perinteisest\u00e4 ulkon\u00e4\u00f6st\u00e4\u00e4n huolimatta t\u00e4m\u00e4 takka on yksi ymp\u00e4rist\u00f6yst\u00e4v\u00e4llisimmist\u00e4 vaihtoehdoista nykyp\u00e4iv\u00e4n markkinoilla.<\/p>\n<p>Valmistettu valuraudasta yli puolen vuosisadan \u00c7al\u0131\u015fkan-perinteen mukaisesti ja varustettu uusimmilla teknologioilla ja ominaisuuksilla.<\/p>\n<p>S\u00e4\u00e4st\u00e4 rahaa ja resursseja! L\u00e4mmitt\u00e4misen edut t\u00e4ll\u00e4 \u00c7al\u0131\u015fkan-takalla ovat vertaansa vailla, erityisesti syksyn ja talven siirtym\u00e4kaudella.<\/p>\n<p>&nbsp;<\/p>\n<p><em><strong>5 vuoden takuu!<\/strong><\/em><\/p>\n<p>&nbsp;<\/p>\n<p>&nbsp;<\/p>\n<p><strong>Tekniset tiedot:<\/strong><\/p>\n<ul>\n<li>Teho: 7,230 kW<\/li>\n<li>Tulenkest\u00e4v\u00e4t shamottitiilet<\/li>\n<li>Mitat: syvyys 52 \u00d7 leveys 35,5 \u00d7 korkeus 79,5 cm<\/li>\n<li>L\u00e4mp\u00f6kapasiteetti: 70 m\u00b2<\/li>\n<li>Valurautaiset osat: yl\u00e4levy, runko, kannet, jalat, arina<\/li>\n<li>Lasitettu emalipinnoite<\/li>\n<li>Savupiipun halkaisija: 130 mm<\/li>\n<li>L\u00e4mp\u00f6shokkia kest\u00e4v\u00e4 keraaminen lasi<\/li>\n<li>Helppo puhdistaa<\/li>\n<li>Paksu metallilevy<\/li>\n<li>Etupuolen, oikean ja vasemman puolen keraaminen lasi<\/li>\n<li>Polttoaine: puu<\/li>\n<li>Paino: 74,1 kg<\/li>\n<\/ul>\n<p>&nbsp;<\/p>\n<p>&nbsp;<\/p>\n<p><strong>Sertifikaatit:<\/strong><\/p>\n<ul>\n<li>Eco Design 2022<\/li>\n<li>T\u00e4ytt\u00e4\u00e4 BlmSchV (liittovaltion p\u00e4\u00e4st\u00f6nsuojeluasetus) 2. tason vaatimukset.<\/li>\n<li>CE<\/li>\n<li>15a B-VG<\/li>\n<li>Certificato Ambientale<\/li>\n<li>DEFRA-hyv\u00e4ksytty<\/li>\n<\/ul>\n<p>&nbsp;<\/p>\n<p>&nbsp;<\/p>\n<p><a href=\"https:\/\/factory.sale\/wp-content\/uploads\/2024\/09\/315_305_304_301_USER_MANUAL_ENGLISH.docx\" target=\"_blank\" rel=\"noopener\">K\u00e4ytt\u00f6ohje<\/a><\/p>\n<p>&nbsp;<\/p>\n<p>&nbsp;<\/p>\n<p>Lue ja noudata k\u00e4ytt\u00f6ohjetta.<br \/>\nK\u00e4yt\u00e4 vain hyv\u00e4ksyttyj\u00e4 polttoaineita \u2013 asianmukaisesti kuivattua ja pilkottua polttopuuta!<\/p>\n<div class=\"video-wrapper \"><iframe loading=\"lazy\" title=\"304-3D Mini Fireplace Stove\" width=\"500\" height=\"281\" src=\"https:\/\/www.youtube.com\/embed\/-o2GOHFS51o?feature=oembed\" frameborder=\"0\" allow=\"accelerometer; autoplay; clipboard-write; encrypted-media; gyroscope; picture-in-picture; web-share\" referrerpolicy=\"strict-origin-when-cross-origin\" allowfullscreen><\/iframe><\/div>\n","protected":false},"excerpt":{"rendered":"<p>Nauti aidosta takasta ja r\u00e4tisev\u00e4st\u00e4 tulesta! Kuvittele miellytt\u00e4v\u00e4 l\u00e4mp\u00f6 ja r\u00e4tisev\u00e4t polttopuut olohuoneessasi \u2013 eik\u00f6 olekin ihanaa?<\/p>\n<p>&nbsp;<\/p>\n<p>L\u00e4mmitett\u00e4v\u00e4 alue 10 \u2013 85 m\u00b2.<\/p>\n<p>ILMAINEN TOIMITUS EU- ALUEELLA!<\/p>\n","protected":false},"featured_media":89754,"comment_status":"open","ping_status":"closed","template":"","meta":{"_acf_changed":false},"factory":[],"free-shipment":[],"product_brand":[],"product_cat":[2787,1329],"product_tag":[],"class_list":{"0":"post-89757","1":"product","2":"type-product","3":"status-publish","4":"has-post-thumbnail","6":"product_cat-caliskan-fi","7":"product_cat-uunit","9":"first","10":"instock","11":"sale","12":"taxable","13":"shipping-taxable","14":"purchasable","15":"product-type-simple"},"acf":[],"_links":{"self":[{"href":"https:\/\/factory.sale\/fi\/wp-json\/wp\/v2\/product\/89757","targetHints":{"allow":["GET"]}}],"collection":[{"href":"https:\/\/factory.sale\/fi\/wp-json\/wp\/v2\/product"}],"about":[{"href":"https:\/\/factory.sale\/fi\/wp-json\/wp\/v2\/types\/product"}],"replies":[{"embeddable":true,"href":"https:\/\/factory.sale\/fi\/wp-json\/wp\/v2\/comments?post=89757"}],"wp:featuredmedia":[{"embeddable":true,"href":"https:\/\/factory.sale\/fi\/wp-json\/wp\/v2\/media\/89754"}],"wp:attachment":[{"href":"https:\/\/factory.sale\/fi\/wp-json\/wp\/v2\/media?parent=89757"}],"wp:term":[{"taxonomy":"factory","embeddable":true,"href":"https:\/\/factory.sale\/fi\/wp-json\/wp\/v2\/factory?post=89757"},{"taxonomy":"free-shipment","embeddable":true,"href":"https:\/\/factory.sale\/fi\/wp-json\/wp\/v2\/free-shipment?post=89757"},{"taxonomy":"product_brand","embeddable":true,"href":"https:\/\/factory.sale\/fi\/wp-json\/wp\/v2\/product_brand?post=89757"},{"taxonomy":"product_cat","embeddable":true,"href":"https:\/\/factory.sale\/fi\/wp-json\/wp\/v2\/product_cat?post=89757"},{"taxonomy":"product_tag","embeddable":true,"href":"https:\/\/factory.sale\/fi\/wp-json\/wp\/v2\/product_tag?post=89757"}],"curies":[{"name":"wp","href":"https:\/\/api.w.org\/{rel}","templated":true}]}}