{"id":89747,"date":"2024-09-06T14:46:49","date_gmt":"2024-09-06T11:44:44","guid":{"rendered":"https:\/\/factory.sale\/?post_type=product&#038;p=89747"},"modified":"2026-04-25T18:39:05","modified_gmt":"2026-04-25T15:39:05","slug":"caliskan-puu-uuni-304","status":"publish","type":"product","link":"https:\/\/factory.sale\/fi\/tuote\/caliskan-puu-uuni-304\/","title":{"rendered":"\u00c7al\u0131\u015fkan puu-uuni 304"},"content":{"rendered":"<p>Nauti aidosta puu-uunista ja r\u00e4tisev\u00e4st\u00e4 tulesta!<\/p>\n<p>\u00c7al\u0131\u015fkan-uunit edustavat kodin syd\u00e4nt\u00e4, jonka muistamme lapsuudestamme.<\/p>\n<p>Ainutlaatuinen emaloitu uuni palotilan vieress\u00e4.<\/p>\n<p>Siirry vihre\u00e4mp\u00e4\u00e4n suuntaan \u00c7al\u0131\u015fkan-puu-uunien avulla. Tehokkaita, ymp\u00e4rist\u00f6yst\u00e4v\u00e4llisi\u00e4 ja eritt\u00e4in tyylikk\u00e4it\u00e4!<\/p>\n<p>\u00c4l\u00e4 j\u00e4t\u00e4 v\u00e4liin mahdollisuutta muuttaa kotisi kodikkaaksi paratiisiksi!<br \/>\n\u00c7al\u0131\u015fkan-takkapuu-uuni tuo mukanaan eleganssia ja tehokkuutta. Todellinen mestariteos, joka on huoneesi syd\u00e4n puhtaiden linjojensa ja huippuluokan suorituskykyns\u00e4 ansiosta.<\/p>\n<p>Valmistettu valuraudasta, yli puolen vuosisadan \u00c7al\u0131\u015fkan-perinteell\u00e4. T\u00e4m\u00e4 uuni on t\u00e4ynn\u00e4 uusinta teknologiaa ja ominaisuuksia.<\/p>\n<p>S\u00e4\u00e4st\u00e4 rahaa ja resursseja! \u00c7al\u0131\u015fkan-puu-uunilla l\u00e4mmitt\u00e4misen edut ovat vertaansa vailla, erityisesti syksyn ja talven siirtym\u00e4kaudella.<\/p>\n<p>&nbsp;<\/p>\n<p><strong><em>5 vuoden takuu!<\/em><\/strong><\/p>\n<p>&nbsp;<\/p>\n<p>&nbsp;<\/p>\n<p><strong>Tekniset tiedot:<\/strong><\/p>\n<ul>\n<li>Paino: 70,1 kg<\/li>\n<li>Polttoaine: puu<\/li>\n<li>Teho: 7,230 kW<\/li>\n<li>Tulenkest\u00e4v\u00e4t shamottitiilet<\/li>\n<li>Mitat: syvyys 52 \u00d7 leveys 33,5 \u00d7 korkeus 79,5 cm<\/li>\n<li>L\u00e4mp\u00f6kapasiteetti: 70 m\u00b2<\/li>\n<li>Valurautaiset osat: yl\u00e4levy, runko, kannet, jalat, arina<\/li>\n<li>Lasitettu emalipinnoite<\/li>\n<li>Savupiipun halkaisija: 130 mm<\/li>\n<li>Helppo puhdistaa<\/li>\n<li>Paksu metallilevy<\/li>\n<li>L\u00e4mp\u00f6shokkia kest\u00e4v\u00e4 keraaminen lasi<\/li>\n<\/ul>\n<p>&nbsp;<\/p>\n<p>&nbsp;<\/p>\n<p><strong>Sertifikaatit:<\/strong><\/p>\n<ul>\n<li>Eco Design 2022<\/li>\n<li>T\u00e4ytt\u00e4\u00e4 BlmSchV (liittovaltion p\u00e4\u00e4st\u00f6nsuojeluasetus) 2. tason vaatimukset.<\/li>\n<li>CE<\/li>\n<li>15a B-VG<\/li>\n<li>Certificato Ambientale<\/li>\n<li>DEFRA-hyv\u00e4ksytty<\/li>\n<\/ul>\n<p>&nbsp;<\/p>\n<p>&nbsp;<\/p>\n<p><a href=\"https:\/\/factory.sale\/wp-content\/uploads\/2024\/09\/HOT-TUB-GENERAL-USER-MANUAL-2024.docx.pdf\" target=\"_blank\" rel=\"noopener\">K\u00e4ytt\u00f6ohje<\/a><\/p>\n<p>&nbsp;<\/p>\n<p>Lue ja noudata k\u00e4ytt\u00f6ohjetta.<br \/>\nK\u00e4yt\u00e4 vain hyv\u00e4ksytty\u00e4 polttoainetta \u2013 asianmukaisesti kuivattua ja halkaistua polttopuuta!<\/p>\n<p>&nbsp;<\/p>\n<div class=\"video-wrapper \"><iframe loading=\"lazy\" title=\"304-Mini Fireplace Stove\" width=\"500\" height=\"281\" src=\"https:\/\/www.youtube.com\/embed\/iCC1HF4GkJs?feature=oembed\" frameborder=\"0\" allow=\"accelerometer; autoplay; clipboard-write; encrypted-media; gyroscope; picture-in-picture; web-share\" referrerpolicy=\"strict-origin-when-cross-origin\" allowfullscreen><\/iframe><\/div>\n","protected":false},"excerpt":{"rendered":"<p>Nauti aidosta puu-uunista ja r\u00e4tisev\u00e4st\u00e4 tulesta! \u00c7al\u0131\u015fkan-uunit edustavat kodin syd\u00e4nt\u00e4, jonka muistamme lapsuudestamme.<\/p>\n<p>&nbsp;<\/p>\n<p>L\u00e4mmitett\u00e4v\u00e4 alue 10 \u2013 85m\u00b2.<\/p>\n","protected":false},"featured_media":89719,"comment_status":"open","ping_status":"closed","template":"","meta":{"_acf_changed":false},"factory":[],"free-shipment":[],"product_brand":[],"product_cat":[2787,1329],"product_tag":[],"class_list":{"0":"post-89747","1":"product","2":"type-product","3":"status-publish","4":"has-post-thumbnail","6":"product_cat-caliskan-fi","7":"product_cat-uunit","9":"first","10":"instock","11":"sale","12":"taxable","13":"shipping-taxable","14":"purchasable","15":"product-type-simple"},"acf":[],"_links":{"self":[{"href":"https:\/\/factory.sale\/fi\/wp-json\/wp\/v2\/product\/89747","targetHints":{"allow":["GET"]}}],"collection":[{"href":"https:\/\/factory.sale\/fi\/wp-json\/wp\/v2\/product"}],"about":[{"href":"https:\/\/factory.sale\/fi\/wp-json\/wp\/v2\/types\/product"}],"replies":[{"embeddable":true,"href":"https:\/\/factory.sale\/fi\/wp-json\/wp\/v2\/comments?post=89747"}],"wp:featuredmedia":[{"embeddable":true,"href":"https:\/\/factory.sale\/fi\/wp-json\/wp\/v2\/media\/89719"}],"wp:attachment":[{"href":"https:\/\/factory.sale\/fi\/wp-json\/wp\/v2\/media?parent=89747"}],"wp:term":[{"taxonomy":"factory","embeddable":true,"href":"https:\/\/factory.sale\/fi\/wp-json\/wp\/v2\/factory?post=89747"},{"taxonomy":"free-shipment","embeddable":true,"href":"https:\/\/factory.sale\/fi\/wp-json\/wp\/v2\/free-shipment?post=89747"},{"taxonomy":"product_brand","embeddable":true,"href":"https:\/\/factory.sale\/fi\/wp-json\/wp\/v2\/product_brand?post=89747"},{"taxonomy":"product_cat","embeddable":true,"href":"https:\/\/factory.sale\/fi\/wp-json\/wp\/v2\/product_cat?post=89747"},{"taxonomy":"product_tag","embeddable":true,"href":"https:\/\/factory.sale\/fi\/wp-json\/wp\/v2\/product_tag?post=89747"}],"curies":[{"name":"wp","href":"https:\/\/api.w.org\/{rel}","templated":true}]}}