{"id":89487,"date":"2024-08-26T11:45:37","date_gmt":"2024-08-26T09:04:00","guid":{"rendered":"https:\/\/factory.sale\/?post_type=product&#038;p=89487"},"modified":"2024-08-27T11:33:21","modified_gmt":"2024-08-27T08:33:21","slug":"korkealaatuinen-kuiva-leppa-polttopuu-29-cm","status":"publish","type":"product","link":"https:\/\/factory.sale\/fi\/tuote\/korkealaatuinen-kuiva-leppa-polttopuu-29-cm\/","title":{"rendered":"Korkealaatuinen kuiva lepp\u00e4 polttopuu 29 cm"},"content":{"rendered":"<p>Kuiva lepp\u00e4 polttopuu, joka on valmistettu Norjan 4414 standardin mukaan.<\/p>\n<p>&nbsp;<\/p>\n<p><strong>Luonnollinen kuivaus<\/strong><\/p>\n<p>Luonnollinen puun kuivaus tarjoaa useita etuja verrattuna uunissa kuivattuun polttopuuhun:<\/p>\n<p>Ymp\u00e4rist\u00f6yst\u00e4v\u00e4llinen! Halot varastoidaan latoihin ja annetaan kuivua luonnollisesti auringon ja ilman avulla. Yli 6 kuukauden kuivaus takaa jokaiselle halolle vakaan ja korkean laadun (kosteuspitoisuus enint\u00e4\u00e4n 20%). Kaikki tuotteet ovat valmiita kauden alussa ja valmiita nopeisiin toimituksiin suurissa m\u00e4\u00e4riss\u00e4.<\/p>\n<p>&nbsp;<\/p>\n<p>&nbsp;<\/p>\n<p><strong>Raaka-aine<\/strong><\/p>\n<p>Tuotannossa k\u00e4ytet\u00e4\u00e4n vain parasta laatupuuta. Tuotteet ovat ymp\u00e4rist\u00f6yst\u00e4v\u00e4llisi\u00e4 ja 100 % luonnollisia.<\/p>\n<p>&nbsp;<\/p>\n<p>&nbsp;<\/p>\n<p>&nbsp;<\/p>\n<p><strong>Tuotetiedot:<\/strong><\/p>\n<ul>\n<li>Halkojen pituus: 29 cm +\/- 1 cm<\/li>\n<li>Halkon halkaisija: 6-15 cm<\/li>\n<li>Kosteus: jopa 20 %<\/li>\n<li>S\u00e4kin koko: 70 x 50 cm<\/li>\n<\/ul>\n<p>&nbsp;<\/p>\n<p>Pakattu 40 litran UV-suojattuihin verkkopusseihin, joiden s\u00e4ilyvyysaika on jopa vuosi.<br \/>\nS\u00e4kit on pinottu turvallisesti kuormalavoille k\u00e4tev\u00e4\u00e4 s\u00e4ilytyst\u00e4 varten.<\/p>\n<p>&nbsp;<\/p>\n<p><strong>Hinta per EUR lava eli 72 kpl s\u00e4kki\u00e4!<\/strong><br \/>\n<strong>EUR\/EPAL-lava: 800 x 1200mm.<\/strong><\/p>\n<p>&nbsp;<\/p>\n<p><img loading=\"lazy\" decoding=\"async\" class=\"alignnone wp-image-89541\" src=\"https:\/\/factory.sale\/wp-content\/uploads\/2024\/08\/firewood-fin-300x62.png\" alt=\"\" width=\"992\" height=\"205\" srcset=\"https:\/\/factory.sale\/wp-content\/uploads\/2024\/08\/firewood-fin-300x62.png 300w, https:\/\/factory.sale\/wp-content\/uploads\/2024\/08\/firewood-fin-1024x212.png 1024w, https:\/\/factory.sale\/wp-content\/uploads\/2024\/08\/firewood-fin-150x31.png 150w, https:\/\/factory.sale\/wp-content\/uploads\/2024\/08\/firewood-fin-600x125.png 600w, https:\/\/factory.sale\/wp-content\/uploads\/2024\/08\/firewood-fin.png 1118w\" sizes=\"auto, (max-width: 992px) 100vw, 992px\" \/><\/p>\n<p>&nbsp;<\/p>\n","protected":false},"excerpt":{"rendered":"<p>Kuiva lepp\u00e4 polttopuu, joka on valmistettu Norjan 4414 standardin mukaan.<\/p>\n<p>&nbsp;<\/p>\n<p><strong>Lavan korkeus 2450 mm<\/strong><\/p>\n<p><strong>Hinta kokonainen EUR lava eli 72 s\u00e4kki.<\/strong><\/p>\n","protected":false},"featured_media":89550,"comment_status":"open","ping_status":"closed","template":"","meta":{"_acf_changed":false},"factory":[],"free-shipment":[],"product_brand":[],"product_cat":[1325,1328,4795],"product_tag":[],"class_list":{"0":"post-89487","1":"product","2":"type-product","3":"status-publish","4":"has-post-thumbnail","6":"product_cat-lammitys-vesi-ja-ilmanvaihto","7":"product_cat-lammitysmateriaalit","8":"product_cat-lammitysmateriaalit-fi","10":"first","11":"instock","12":"sale","13":"taxable","14":"shipping-taxable","15":"purchasable","16":"product-type-simple"},"acf":[],"_links":{"self":[{"href":"https:\/\/factory.sale\/fi\/wp-json\/wp\/v2\/product\/89487","targetHints":{"allow":["GET"]}}],"collection":[{"href":"https:\/\/factory.sale\/fi\/wp-json\/wp\/v2\/product"}],"about":[{"href":"https:\/\/factory.sale\/fi\/wp-json\/wp\/v2\/types\/product"}],"replies":[{"embeddable":true,"href":"https:\/\/factory.sale\/fi\/wp-json\/wp\/v2\/comments?post=89487"}],"wp:featuredmedia":[{"embeddable":true,"href":"https:\/\/factory.sale\/fi\/wp-json\/wp\/v2\/media\/89550"}],"wp:attachment":[{"href":"https:\/\/factory.sale\/fi\/wp-json\/wp\/v2\/media?parent=89487"}],"wp:term":[{"taxonomy":"factory","embeddable":true,"href":"https:\/\/factory.sale\/fi\/wp-json\/wp\/v2\/factory?post=89487"},{"taxonomy":"free-shipment","embeddable":true,"href":"https:\/\/factory.sale\/fi\/wp-json\/wp\/v2\/free-shipment?post=89487"},{"taxonomy":"product_brand","embeddable":true,"href":"https:\/\/factory.sale\/fi\/wp-json\/wp\/v2\/product_brand?post=89487"},{"taxonomy":"product_cat","embeddable":true,"href":"https:\/\/factory.sale\/fi\/wp-json\/wp\/v2\/product_cat?post=89487"},{"taxonomy":"product_tag","embeddable":true,"href":"https:\/\/factory.sale\/fi\/wp-json\/wp\/v2\/product_tag?post=89487"}],"curies":[{"name":"wp","href":"https:\/\/api.w.org\/{rel}","templated":true}]}}