{"id":89112,"date":"2024-08-22T20:00:05","date_gmt":"2024-08-22T17:00:06","guid":{"rendered":"https:\/\/factory.sale\/?post_type=product&#038;p=89112"},"modified":"2026-03-06T15:54:33","modified_gmt":"2026-03-06T12:54:33","slug":"autokatos-aalto-32m%c2%b2-matkailuautolle","status":"publish","type":"product","link":"https:\/\/factory.sale\/fi\/tuote\/autokatos-aalto-32m%c2%b2-matkailuautolle\/","title":{"rendered":"Autokatos &#8220;Ralf&#8221; 32m\u00b2 matkailuautolle, Holzbr\u00fcder"},"content":{"rendered":"<p>Kuvittele, ett\u00e4 autosi on suojattuna auringolta, sateelta ja lumelta \u2013 se on k\u00e4yt\u00e4nn\u00f6llinen sijoitus, joka tuo mielenrauhaa. Tukevat ja tyylikk\u00e4\u00e4t massiivipuusta tehdyt autokatoksemme eiv\u00e4t ainoastaan paranna kotisi ulkon\u00e4k\u00f6\u00e4, vaan my\u00f6s helpottavat el\u00e4m\u00e4\u00e4si. Sano hyv\u00e4stit kylmille aamuille, jolloin jouduit raaputtamaan j\u00e4\u00e4t\u00e4 ja lunta autosi p\u00e4\u00e4lt\u00e4, ja tervetuloa puhtaaseen ajonautintoon.<br \/>\nKatoksemme on rakennettu kest\u00e4m\u00e4\u00e4n, tukipilarit ja kantavat palkit on valmistettu kest\u00e4v\u00e4st\u00e4 laminoidusta puusta ja muut rakenteelliset elementit korkealaatuisesta h\u00f6yl\u00e4tyst\u00e4 materiaalista C24. Katto kest\u00e4\u00e4 raskaita kuormia, mik\u00e4 takaa suojan kaikissa s\u00e4\u00e4olosuhteissa. Voit lis\u00e4ksi asentaa aurinkopaneelit lis\u00e4toiminnallisuutta varten.<\/p>\n<p>T\u00e4rkeimm\u00e4t ominaisuudet:<br \/>\nKest\u00e4vyys: Laminoidut puutukipilarit ja -palkit.<br \/>\nMonipuolisuus: <a href=\"https:\/\/factory.sale\/wp-content\/uploads\/2024\/07\/roof-colours.png\" target=\"_blank\" rel=\"noopener\">12 v\u00e4rivaihtoehtoa<\/a> Ruukki T20 -nelikulmioista pelti\u00e4 varten.<br \/>\nHelppo asennus: Toimitetaan kaikkien tarvittavien tarvikkeiden, yksityiskohtaisten asennuspiirustusten ja korkealaatuisten materiaalien kanssa.<\/p>\n<p>Pakettiin sis\u00e4ltyy:<\/p>\n<ul>\n<li>tarvittavat tarvikkeet ja kiinnitysv\u00e4lineet (pois lukien perustuksen kiinnitysjalat)<\/li>\n<li>yksityiskohtaiset asennuspiirustukset katemateriaali<\/li>\n<li>tukipylv\u00e4\u00e4t ja kantavat palkit<\/li>\n<\/ul>\n<p>Tekniset tiedot:<\/p>\n<p>Leveys: 400 cm<br \/>\nSyvyys: 800 cm<br \/>\nKorkeus: 407 cm<br \/>\nPinta-ala: 32 m\u00b2<br \/>\nSis\u00e4\u00e4nk\u00e4ynnin leveys: 372 cm<br \/>\nSis\u00e4\u00e4nk\u00e4ynnin korkeus: 372 cm<br \/>\nKattokaltevuus: 2<br \/>\nKattomateriaali: Ruukki T20 -nelikulmainen pelti<br \/>\nKantavat palkit: Laminoitu puu<br \/>\nTukipilarit: 140 x 140 mm<br \/>\nKantavat palkit: 140 x 140 mm<\/p>\n<p><img loading=\"lazy\" decoding=\"async\" class=\"alignnone size-medium wp-image-89170\" src=\"https:\/\/factory.sale\/wp-content\/uploads\/2024\/08\/Connor-32m2-for-motorhome-300x240.jpg\" alt=\"\" width=\"300\" height=\"240\" srcset=\"https:\/\/factory.sale\/wp-content\/uploads\/2024\/08\/Connor-32m2-for-motorhome-300x240.jpg 300w, https:\/\/factory.sale\/wp-content\/uploads\/2024\/08\/Connor-32m2-for-motorhome-150x120.jpg 150w, https:\/\/factory.sale\/wp-content\/uploads\/2024\/08\/Connor-32m2-for-motorhome-600x480.jpg 600w, https:\/\/factory.sale\/wp-content\/uploads\/2024\/08\/Connor-32m2-for-motorhome.jpg 750w\" sizes=\"auto, (max-width: 300px) 100vw, 300px\" \/> <img loading=\"lazy\" decoding=\"async\" class=\"alignnone size-medium wp-image-89167\" src=\"https:\/\/factory.sale\/wp-content\/uploads\/2024\/08\/Connor-32m2-for-motorhome-1-300x240.jpg\" alt=\"\" width=\"300\" height=\"240\" srcset=\"https:\/\/factory.sale\/wp-content\/uploads\/2024\/08\/Connor-32m2-for-motorhome-1-300x240.jpg 300w, https:\/\/factory.sale\/wp-content\/uploads\/2024\/08\/Connor-32m2-for-motorhome-1-150x120.jpg 150w, https:\/\/factory.sale\/wp-content\/uploads\/2024\/08\/Connor-32m2-for-motorhome-1-600x480.jpg 600w, https:\/\/factory.sale\/wp-content\/uploads\/2024\/08\/Connor-32m2-for-motorhome-1.jpg 750w\" sizes=\"auto, (max-width: 300px) 100vw, 300px\" \/><\/p>\n<p>Lis\u00e4valinnat:<br \/>\nKuusi sivusein\u00e4moduulia ja yksi takasein\u00e4moduuli lis\u00e4suojaksi.<br \/>\nKondensaatiota est\u00e4v\u00e4t kattopellit.<br \/>\nKehyksen v\u00e4rivaihtoehdot <a href=\"https:\/\/factory.sale\/wp-content\/uploads\/2024\/07\/Ral-chart.pdf\" target=\"_blank\" rel=\"noopener\">RAL-v\u00e4rikartasta<\/a>.<\/p>\n<p>Tilaa t\u00e4n\u00e4\u00e4n, jotta autosi saa ansaitsemansa suojan.<br \/>\nMuunna kotisi naapuruston t\u00e4hdeksi ja nauti lis\u00e4mukavuudesta ja mielenrauhasta.<\/p>\n<p>Kuljetus ja asennus:<\/p>\n<p>Kohteeseen on oltava p\u00e4\u00e4sy 11 metri\u00e4 pitk\u00e4lle ja noin 18 tonnia painavalle kuormanosturi-autolle. Ajoneuvon saapuessa purkamiseen on varattu 30 minuuttia.<\/p>\n<p>Paketin mitat: K: 600mm; P: 6000mm; L: 1200mm; paino: 1160kg<\/p>\n<p>*Ilmainen kuljetus ja purku ymp\u00e4ri Suomen, paitsi saaristo.<\/p>\n","protected":false},"excerpt":{"rendered":"<p>Korkealuokkainen Autokatos: Kest\u00e4v\u00e4, Tyylik\u00e4s, Muokattava<\/p>\n<p>Suojaa ajoneuvosi korkealaatuisella autokatoksellamme. Mukauta katto suosikki v\u00e4ris\u00e4vyll\u00e4 ja valinnaisilla sivu- ja takasein\u00e4moduuleilla. Nauti nopeasta ja siistist\u00e4 asennuksesta sek\u00e4 laajasta v\u00e4rivalikoimasta. Laatu ja asiakastyytyv\u00e4isyys taattu. Ota yhteytt\u00e4 ja r\u00e4\u00e4t\u00e4l\u00f6i ihanteellinen autonsuoja jo t\u00e4n\u00e4\u00e4n!<\/p>\n","protected":false},"featured_media":89164,"comment_status":"open","ping_status":"closed","template":"","meta":{"_acf_changed":false},"factory":[5003],"free-shipment":[5021],"product_brand":[],"product_cat":[1339],"product_tag":[1487],"class_list":{"0":"post-89112","1":"product","2":"type-product","3":"status-publish","4":"has-post-thumbnail","6":"factory-puiduvennad","7":"free-shipment-ilmainen-toimitus-2","8":"product_cat-autokatokset","9":"product_tag-carport-fi","11":"first","12":"instock","13":"sale","14":"taxable","15":"shipping-taxable","16":"purchasable","17":"product-type-simple"},"acf":[],"_links":{"self":[{"href":"https:\/\/factory.sale\/fi\/wp-json\/wp\/v2\/product\/89112","targetHints":{"allow":["GET"]}}],"collection":[{"href":"https:\/\/factory.sale\/fi\/wp-json\/wp\/v2\/product"}],"about":[{"href":"https:\/\/factory.sale\/fi\/wp-json\/wp\/v2\/types\/product"}],"replies":[{"embeddable":true,"href":"https:\/\/factory.sale\/fi\/wp-json\/wp\/v2\/comments?post=89112"}],"wp:featuredmedia":[{"embeddable":true,"href":"https:\/\/factory.sale\/fi\/wp-json\/wp\/v2\/media\/89164"}],"wp:attachment":[{"href":"https:\/\/factory.sale\/fi\/wp-json\/wp\/v2\/media?parent=89112"}],"wp:term":[{"taxonomy":"factory","embeddable":true,"href":"https:\/\/factory.sale\/fi\/wp-json\/wp\/v2\/factory?post=89112"},{"taxonomy":"free-shipment","embeddable":true,"href":"https:\/\/factory.sale\/fi\/wp-json\/wp\/v2\/free-shipment?post=89112"},{"taxonomy":"product_brand","embeddable":true,"href":"https:\/\/factory.sale\/fi\/wp-json\/wp\/v2\/product_brand?post=89112"},{"taxonomy":"product_cat","embeddable":true,"href":"https:\/\/factory.sale\/fi\/wp-json\/wp\/v2\/product_cat?post=89112"},{"taxonomy":"product_tag","embeddable":true,"href":"https:\/\/factory.sale\/fi\/wp-json\/wp\/v2\/product_tag?post=89112"}],"curies":[{"name":"wp","href":"https:\/\/api.w.org\/{rel}","templated":true}]}}