{"id":88956,"date":"2024-08-19T12:10:24","date_gmt":"2024-08-19T09:22:52","guid":{"rendered":"https:\/\/factory.sale\/?post_type=product&#038;p=88956"},"modified":"2025-08-29T10:50:58","modified_gmt":"2025-08-29T07:50:58","slug":"antislip-pro-askelaanieriste-jarnvik-15-m2-rulla","status":"publish","type":"product","link":"https:\/\/factory.sale\/fi\/tuote\/antislip-pro-askelaanieriste-jarnvik-15-m2-rulla\/","title":{"rendered":"Antislip pro askel\u00e4\u00e4nieriste J\u00e4rnvik 15 m2\/rulla"},"content":{"rendered":"<p><strong>Tuotekoodi:<\/strong> JVF1215AS<\/p>\n<p><strong>EAN:<\/strong> 6430049654423<\/p>\n<p>&nbsp;<\/p>\n<p>&nbsp;<\/p>\n<p>UHD polyeteenivaahdosta valmistettu alusmateriaali vinyylilattioiden asennukseen. Tihe\u00e4rakenteinen, pit\u00e4v\u00e4, polyeteeninen askel\u00e4\u00e4nieriste. Suunniteltu erityisesti lukkopontillisille vinyylilattioille. Antislip -liukuesto-rakenne turvaa lukkoponttien kest\u00e4vyyden. Soveltuu erinomaisesti tiloihin, joissa lattial\u00e4mmitys.<\/p>\n<p>Tihe\u00e4rakenteinen, pit\u00e4v\u00e4, polyeteeninen askel\u00e4\u00e4nieriste. Suunniteltu erityisesti lukkopontillisille vinyylilattioille. Antislip -liukuesto-rakenne turvaa lukkoponttien kest\u00e4vyyden. Soveltuu erinomaisesti tiloihin, joissa lattial\u00e4mmitys.<\/p>\n<p>&nbsp;<\/p>\n<p>&nbsp;<\/p>\n<p><strong>Tuotetiedot:<\/strong><\/p>\n<p>UHD polyeteenivaahdosta valmistettu alusmateriaali vinyylilattioiden asennukseen<br \/>\nAntislip -pinta suojaa lukkoponttirakennetta<br \/>\nT\u00e4ydellinen ratkaisu lattial\u00e4mmityskohteisiin, toisin kuin polystyreenipohjaiset alusmateriaalit<br \/>\nVastaa raskaasti kuormitettujen lattioiden vaatimuksia<br \/>\nEritt\u00e4in korkea materiaalin tiheys<br \/>\n100%:sti kierr\u00e4tett\u00e4v\u00e4 materiaali, FCKW- sek\u00e4 HFCKW -vapaa<br \/>\nYmp\u00e4rist\u00f6yst\u00e4v\u00e4llinen tuote<br \/>\nPaksuus 1,2 mm<br \/>\nAskel\u00e4\u00e4nenvaimennus 16 dB<br \/>\nRullan koko 15 x 1 m<br \/>\nTakuu kotik\u00e4yt\u00f6ss\u00e4 10 vuotta<br \/>\nPaino 3,1 kg (kilogramma)<br \/>\nMitat 101 \u00d7 16 \u00d7 16 cm (senttimetri)<\/p>\n<p>&nbsp;<\/p>\n<p>&nbsp;<\/p>\n<p>&nbsp;<\/p>\n<p><b>LAVAVELOITUKSET JA PIENTOIMITUSLIS\u00c4:<\/b><\/p>\n<p>EUR LAVAT 15 \u20ac, FIN LAVAT 18,6 \u20ac, KERTA LAVAT 9 \u20ac, Pientoimituslis\u00e4 (&lt;100\u20ac ostoksille) 13,2\u20ac<\/p>\n","protected":false},"excerpt":{"rendered":"<p>UHD polyeteenivaahdosta valmistettu alusmateriaali vinyylilattioiden asennukseen. Tihe\u00e4rakenteinen, pit\u00e4v\u00e4, polyeteeninen askel\u00e4\u00e4nieriste. Suunniteltu erityisesti lukkopontillisille vinyylilattioille. Antislip -liukuesto-rakenne turvaa lukkoponttien kest\u00e4vyyden. Soveltuu erinomaisesti tiloihin, joissa lattial\u00e4mmitys.<\/p>\n<p>Tihe\u00e4rakenteinen, pit\u00e4v\u00e4, polyeteeninen askel\u00e4\u00e4nieriste. Suunniteltu erityisesti lukkopontillisille vinyylilattioille. Antislip -liukuesto-rakenne turvaa lukkoponttien kest\u00e4vyyden. Soveltuu erinomaisesti tiloihin, joissa lattial\u00e4mmitys.<\/p>\n<p><strong>Hinta per 15m2 rulla!<\/strong><\/p>\n<p>&nbsp;<\/p>\n","protected":false},"featured_media":88953,"comment_status":"open","ping_status":"closed","template":"","meta":{"_acf_changed":false},"factory":[],"free-shipment":[],"product_brand":[],"product_cat":[446,1596],"product_tag":[504],"class_list":{"0":"post-88956","1":"product","2":"type-product","3":"status-publish","4":"has-post-thumbnail","6":"product_cat-lattiat","7":"product_cat-vinyylilattiat","8":"product_tag-floor-fi","10":"first","11":"instock","12":"sale","13":"taxable","14":"shipping-taxable","15":"purchasable","16":"product-type-simple"},"acf":[],"_links":{"self":[{"href":"https:\/\/factory.sale\/fi\/wp-json\/wp\/v2\/product\/88956","targetHints":{"allow":["GET"]}}],"collection":[{"href":"https:\/\/factory.sale\/fi\/wp-json\/wp\/v2\/product"}],"about":[{"href":"https:\/\/factory.sale\/fi\/wp-json\/wp\/v2\/types\/product"}],"replies":[{"embeddable":true,"href":"https:\/\/factory.sale\/fi\/wp-json\/wp\/v2\/comments?post=88956"}],"wp:featuredmedia":[{"embeddable":true,"href":"https:\/\/factory.sale\/fi\/wp-json\/wp\/v2\/media\/88953"}],"wp:attachment":[{"href":"https:\/\/factory.sale\/fi\/wp-json\/wp\/v2\/media?parent=88956"}],"wp:term":[{"taxonomy":"factory","embeddable":true,"href":"https:\/\/factory.sale\/fi\/wp-json\/wp\/v2\/factory?post=88956"},{"taxonomy":"free-shipment","embeddable":true,"href":"https:\/\/factory.sale\/fi\/wp-json\/wp\/v2\/free-shipment?post=88956"},{"taxonomy":"product_brand","embeddable":true,"href":"https:\/\/factory.sale\/fi\/wp-json\/wp\/v2\/product_brand?post=88956"},{"taxonomy":"product_cat","embeddable":true,"href":"https:\/\/factory.sale\/fi\/wp-json\/wp\/v2\/product_cat?post=88956"},{"taxonomy":"product_tag","embeddable":true,"href":"https:\/\/factory.sale\/fi\/wp-json\/wp\/v2\/product_tag?post=88956"}],"curies":[{"name":"wp","href":"https:\/\/api.w.org\/{rel}","templated":true}]}}