{"id":88771,"date":"2024-08-06T18:00:41","date_gmt":"2024-08-06T15:11:12","guid":{"rendered":"https:\/\/factory.sale\/?post_type=product&#038;p=88771"},"modified":"2024-08-19T11:35:25","modified_gmt":"2024-08-19T08:35:25","slug":"paatylista-spc-sisustuslevyille-alumiini-3070mm-jarnvik","status":"publish","type":"product","link":"https:\/\/factory.sale\/fi\/tuote\/paatylista-spc-sisustuslevyille-alumiini-3070mm-jarnvik\/","title":{"rendered":"P\u00e4\u00e4tylista SPC-sisustuslevyille alumiini 3070mm J\u00e4rnvik"},"content":{"rendered":"<p><strong>Tuotekoodi:\u00a0<\/strong>JVL-307P<\/p>\n<p><strong>EAN: <\/strong>JVL-307K<\/p>\n<p>&nbsp;<\/p>\n<p>&nbsp;<\/p>\n<p>Alumiininen p\u00e4\u00e4tylista, joka soveltuu J\u00e4rnvik SPC &#8211; sisustuslevyjen p\u00e4\u00e4tt\u00e4miseen.<\/p>\n<p>Koko: 7 x 20 x 3070 mm<\/p>\n<p>Myyntier\u00e4: \u00a01 pl<\/p>\n<p>&nbsp;<\/p>\n<p>&nbsp;<\/p>\n<p>&nbsp;<\/p>\n<p>&nbsp;<\/p>\n<p><b>LAVAVELOITUKSET JA PIENTOIMITUSLIS\u00c4:<\/b><\/p>\n<p>EUR LAVAT 15 \u20ac, FIN LAVAT 18,6 \u20ac, KERTA LAVAT 9 \u20ac, Pientoimituslis\u00e4 (&lt;100\u20ac ostoksille) 13,2\u20ac<\/p>\n","protected":false},"excerpt":{"rendered":"<p>Alumiininen p\u00e4\u00e4tylista, joka soveltuu J\u00e4rnvik SPC &#8211; sisustuslevyjen p\u00e4\u00e4tt\u00e4miseen.<\/p>\n","protected":false},"featured_media":88768,"comment_status":"open","ping_status":"closed","template":"","meta":{"_acf_changed":false},"factory":[],"free-shipment":[],"product_brand":[],"product_cat":[2956,1321],"product_tag":[],"class_list":{"0":"post-88771","1":"product","2":"type-product","3":"status-publish","4":"has-post-thumbnail","6":"product_cat-seinapaneelit","7":"product_cat-yleinen-rakentaminen","9":"first","10":"instock","11":"sale","12":"taxable","13":"shipping-taxable","14":"purchasable","15":"product-type-simple"},"acf":[],"_links":{"self":[{"href":"https:\/\/factory.sale\/fi\/wp-json\/wp\/v2\/product\/88771","targetHints":{"allow":["GET"]}}],"collection":[{"href":"https:\/\/factory.sale\/fi\/wp-json\/wp\/v2\/product"}],"about":[{"href":"https:\/\/factory.sale\/fi\/wp-json\/wp\/v2\/types\/product"}],"replies":[{"embeddable":true,"href":"https:\/\/factory.sale\/fi\/wp-json\/wp\/v2\/comments?post=88771"}],"wp:featuredmedia":[{"embeddable":true,"href":"https:\/\/factory.sale\/fi\/wp-json\/wp\/v2\/media\/88768"}],"wp:attachment":[{"href":"https:\/\/factory.sale\/fi\/wp-json\/wp\/v2\/media?parent=88771"}],"wp:term":[{"taxonomy":"factory","embeddable":true,"href":"https:\/\/factory.sale\/fi\/wp-json\/wp\/v2\/factory?post=88771"},{"taxonomy":"free-shipment","embeddable":true,"href":"https:\/\/factory.sale\/fi\/wp-json\/wp\/v2\/free-shipment?post=88771"},{"taxonomy":"product_brand","embeddable":true,"href":"https:\/\/factory.sale\/fi\/wp-json\/wp\/v2\/product_brand?post=88771"},{"taxonomy":"product_cat","embeddable":true,"href":"https:\/\/factory.sale\/fi\/wp-json\/wp\/v2\/product_cat?post=88771"},{"taxonomy":"product_tag","embeddable":true,"href":"https:\/\/factory.sale\/fi\/wp-json\/wp\/v2\/product_tag?post=88771"}],"curies":[{"name":"wp","href":"https:\/\/api.w.org\/{rel}","templated":true}]}}