{"id":88752,"date":"2024-08-06T17:02:01","date_gmt":"2024-08-06T14:07:57","guid":{"rendered":"https:\/\/factory.sale\/?post_type=product&#038;p=88752"},"modified":"2024-08-19T11:50:19","modified_gmt":"2024-08-19T08:50:19","slug":"spc-sisustuslevy-silex-jarnvik-269-m2","status":"publish","type":"product","link":"https:\/\/factory.sale\/fi\/tuote\/spc-sisustuslevy-silex-jarnvik-269-m2\/","title":{"rendered":"SPC sisustuslevy Silex J\u00e4rnvik 2,69 m2"},"content":{"rendered":"<p><strong>Tuotekoodi:<\/strong> JVSP-245032<\/p>\n<p><strong>EAN:<\/strong> 6430049657318<\/p>\n<p>&nbsp;<\/p>\n<p>&nbsp;<\/p>\n<p><strong>T\u00e4ysin uudenlainen SPC -sisustuslevy<\/strong><\/p>\n<p>J\u00e4rnvik SPC -sisustuslevy on loistava ratkaisu niin kotiin kuin julkisiinkin tiloihin, kun halutaan saada sisustukseen uutta potkua, nopeasti. Soveltuu k\u00e4ytett\u00e4v\u00e4ksi niin uudis- kuin saneerauskohteissakin. Levy on t\u00e4ysin vedenkest\u00e4v\u00e4 ja sill\u00e4 on korkea palonkest\u00e4vyys eik\u00e4 se kutistu tai laajene ajan my\u00f6t\u00e4.<\/p>\n<p>&nbsp;<\/p>\n<p><strong><br \/>\nKest\u00e4v\u00e4 rakenne moneen k\u00e4ytt\u00f6tarkoitukseen<\/strong><\/p>\n<p>SPC -sisustuslevyss\u00e4 on kivikomposiittinen runko, johon on k\u00e4ytetty yli 70% kiviainesta. Pinta on digitaalisesti tulostettu mukailemaan luonnollista n\u00e4kym\u00e4\u00e4, on UV -suojattu ja siin\u00e4 on lattioissakin k\u00e4yt\u00f6ss\u00e4 oleva naarmuuntumisen est\u00e4v\u00e4 pintakerros. Soveltuu k\u00e4ytett\u00e4v\u00e4ksi kylpyhuoneessa, vessassa, keitti\u00f6ss\u00e4, makuuhuoneessa, tehostesein\u00e4n\u00e4, toimistoissa, n\u00e4yttelytiloissa jne.<\/p>\n<p>&nbsp;<\/p>\n<p>&nbsp;<\/p>\n<p><strong>Helppo asentaa<\/strong><\/p>\n<p>Levy voidaan asentaa laattojen p\u00e4\u00e4lle, kipsilevypinnalle, betonille, puupinnalle tai lastulevyn p\u00e4\u00e4lle. Levy on helppo ty\u00f6st\u00e4\u00e4 ja k\u00e4sitell\u00e4, ja sill\u00e4 saadaan nopeasti valmista pintaa. Levy kiinnitet\u00e4\u00e4n liimalla ja m\u00e4rk\u00e4tiloissa saumat tiivistet\u00e4\u00e4n silikonilla.<\/p>\n<p>&nbsp;<\/p>\n<p>&nbsp;<\/p>\n<p><strong>Ymp\u00e4rist\u00f6yst\u00e4v\u00e4llinen tuote<\/strong><\/p>\n<p>Itse tuote ja kaikki k\u00e4ytett\u00e4v\u00e4t materiaalit tuotetaan Euroopassa, jolloin tuotteen logistiikasta aiheutuva hiilijalanj\u00e4lki on yli 60% pienempi kuin esimerkiksi Kaukoid\u00e4ss\u00e4 tuotetuilla vastaavilla. Materiaalista 70% on kiviainesta ja koko tuote on 100%:sti kierr\u00e4tett\u00e4v\u00e4.<\/p>\n<p>&nbsp;<\/p>\n<p>&nbsp;<\/p>\n<p><strong>SPC sisustuslevy ominaisuudet:<\/strong><\/p>\n<p>VEDENKEST\u00c4V\u00c4<br \/>\nJ\u00e4rnvik SPC -sisustuslevyj\u00e4 voidaan k\u00e4ytt\u00e4\u00e4 sis\u00e4tiloissa niin kuivissa kuin kosteissakin tiloissa<\/p>\n<p>HELPPO PIT\u00c4\u00c4 PUHTAANA<br \/>\nLevyt on suunniteltu hylkim\u00e4\u00e4n likaa eik\u00e4 pintakerrokseen tartu lika ja se on helppo pyyhki\u00e4 puhtaaksi<\/p>\n<p>AIDONN\u00c4K\u00d6INEN<br \/>\nTuotteessa on digitaalisesti luotu aidon- ja luonnollisenn\u00e4k\u00f6inen kuviointi<\/p>\n<p>MITTAPYSYVYYS<br \/>\nJ\u00e4rnvik SPC -sisustuslevyt eiv\u00e4t muuta kokoansa l\u00e4mm\u00f6n- tai kosteuden vaihdellessa<\/p>\n<p>KEST\u00c4V\u00c4 PINTAKERROS<br \/>\nLevyjen pintarakenne on suunniteltu suojaamaan sit\u00e4 naarmuilta<\/p>\n<p>PALONKEST\u00c4VYYS<br \/>\nTuote on korkeasti palonkest\u00e4v\u00e4<\/p>\n<p>BUDJETTIYST\u00c4V\u00c4LLINEN<br \/>\nJ\u00e4rnvik SPC -sisustuslevyt ovat taloudellinen vaihtoehto, joiden hinta-laatusuhde on huippuluokkaa<\/p>\n<p>&nbsp;<\/p>\n<p>&nbsp;<\/p>\n<p><strong>Tekniset tiedot:<\/strong><\/p>\n<p>Kuvio: Tummanharmaa, syv\u00e4llinen kivikuosi<br \/>\nLevyn koko: 960 X 2800 X 4 mm<br \/>\nPaino: 22,68 kg<br \/>\nReunat: Suorat<br \/>\nRunko: Kivikomposiitti 70% (2000kg\/m3)<br \/>\nPintasuojaus: Ultimate Shield Technology*<br \/>\nPintakerros: 0,3mm<br \/>\nPrintti: Digital Ultra HD, kevyesti kuvioitu kivi<br \/>\nPakkaus 2,69m2\/kpl<br \/>\nMyyntier\u00e4: 10<\/p>\n<p>&nbsp;<\/p>\n<p><em>* erikoisluja UV- pinnoitetekniikka tarjoaa erinomaisen suojan naarmuuntimisen, tahrojen ja kulumisenkest\u00e4vyyden suhteen<\/em><\/p>\n<p>&nbsp;<\/p>\n<p>&nbsp;<\/p>\n<p>&nbsp;<\/p>\n<p><strong>Asennus:<\/strong> Suorille sein\u00e4pinnoille 1-komponenttisella elastisella ja liuotteettomalla asennusliimalla. Voidaan asentaa niin levy- kuin betonipinnoille.<\/p>\n<p><strong>Takuu:<\/strong> 10 vuotta kotitalousk\u00e4yt\u00f6ss\u00e4; 5 vuotta julkisissa tiloissa<\/p>\n<p>&nbsp;<\/p>\n<p>&nbsp;<\/p>\n<p><b>LAVAVELOITUKSET JA PIENTOIMITUSLIS\u00c4:<\/b><\/p>\n<p>EUR LAVAT 15 \u20ac, FIN LAVAT 18,6 \u20ac, KERTA LAVAT 9 \u20ac, Pientoimituslis\u00e4 (&lt;100\u20ac ostoksille) 13,2\u20ac<\/p>\n","protected":false},"excerpt":{"rendered":"<p><strong>T\u00e4ysin uudenlainen SPC -sisustuslevy<\/strong><\/p>\n<p>J\u00e4rnvik SPC -sisustuslevy on loistava ratkaisu niin kotiin kuin julkisiinkin tiloihin, kun halutaan saada sisustukseen uutta potkua, nopeasti. Soveltuu k\u00e4ytett\u00e4v\u00e4ksi niin uudis- kuin saneerauskohteissakin. Levy on t\u00e4ysin vedenkest\u00e4v\u00e4 ja sill\u00e4 on korkea palonkest\u00e4vyys eik\u00e4 se kutistu tai laajene ajan my\u00f6t\u00e4.<\/p>\n","protected":false},"featured_media":88746,"comment_status":"open","ping_status":"closed","template":"","meta":{"_acf_changed":false},"factory":[],"free-shipment":[],"product_brand":[],"product_cat":[2956,1321],"product_tag":[521],"class_list":{"0":"post-88752","1":"product","2":"type-product","3":"status-publish","4":"has-post-thumbnail","6":"product_cat-seinapaneelit","7":"product_cat-yleinen-rakentaminen","8":"product_tag-panel-fi","10":"first","11":"instock","12":"sale","13":"taxable","14":"shipping-taxable","15":"purchasable","16":"product-type-simple"},"acf":[],"_links":{"self":[{"href":"https:\/\/factory.sale\/fi\/wp-json\/wp\/v2\/product\/88752","targetHints":{"allow":["GET"]}}],"collection":[{"href":"https:\/\/factory.sale\/fi\/wp-json\/wp\/v2\/product"}],"about":[{"href":"https:\/\/factory.sale\/fi\/wp-json\/wp\/v2\/types\/product"}],"replies":[{"embeddable":true,"href":"https:\/\/factory.sale\/fi\/wp-json\/wp\/v2\/comments?post=88752"}],"wp:featuredmedia":[{"embeddable":true,"href":"https:\/\/factory.sale\/fi\/wp-json\/wp\/v2\/media\/88746"}],"wp:attachment":[{"href":"https:\/\/factory.sale\/fi\/wp-json\/wp\/v2\/media?parent=88752"}],"wp:term":[{"taxonomy":"factory","embeddable":true,"href":"https:\/\/factory.sale\/fi\/wp-json\/wp\/v2\/factory?post=88752"},{"taxonomy":"free-shipment","embeddable":true,"href":"https:\/\/factory.sale\/fi\/wp-json\/wp\/v2\/free-shipment?post=88752"},{"taxonomy":"product_brand","embeddable":true,"href":"https:\/\/factory.sale\/fi\/wp-json\/wp\/v2\/product_brand?post=88752"},{"taxonomy":"product_cat","embeddable":true,"href":"https:\/\/factory.sale\/fi\/wp-json\/wp\/v2\/product_cat?post=88752"},{"taxonomy":"product_tag","embeddable":true,"href":"https:\/\/factory.sale\/fi\/wp-json\/wp\/v2\/product_tag?post=88752"}],"curies":[{"name":"wp","href":"https:\/\/api.w.org\/{rel}","templated":true}]}}