{"id":88699,"date":"2024-08-06T14:14:58","date_gmt":"2024-08-06T11:55:22","guid":{"rendered":"https:\/\/factory.sale\/?post_type=product&#038;p=88699"},"modified":"2024-08-19T11:06:19","modified_gmt":"2024-08-19T08:06:19","slug":"akustiikkaseinapaneeli-jarnvik-5100-serenus-600x24x2440-mm","status":"publish","type":"product","link":"https:\/\/factory.sale\/fi\/tuote\/akustiikkaseinapaneeli-jarnvik-5100-serenus-600x24x2440-mm\/","title":{"rendered":"Akustiikkasein\u00e4paneeli J\u00e4rnvik 5100 Serenus 600x24x2440 mm"},"content":{"rendered":"<p><strong>Tuotekoodi:<\/strong> JVWP-A600-TAMU<\/p>\n<p><strong>EAN:<\/strong> 6430049657158<\/p>\n<p>&nbsp;<\/p>\n<p>&nbsp;<\/p>\n<p>Korkeaprofiilinen, tyylik\u00e4s akustinen rimapaneelilevy, jossa pohja on mustaa huopaa ja p\u00e4\u00e4llinen vaaleaa tammea muistuttavaa puukuviota. Voidaan asentaa pystyyn tai vaakaan sek\u00e4 kattoon.<br \/>\n\u00c4\u00e4nt\u00e4 erist\u00e4v\u00e4 pohjahuopa vaimentaa melua ja j\u00e4lkikaikuja. Mdf -rimoissa n\u00e4ytt\u00e4v\u00e4 puunsyykuviointi. Akustisella huovalla on paloa viiv\u00e4stytt\u00e4v\u00e4 ominaisuus ja se kuuluu B1 &#8211; paloluokkaan. Ei sis\u00e4ll\u00e4 haitallisia yhdisteit\u00e4. Helppo ja nopea asentaa. Suoraan sein\u00e4\u00e4n asennettuna NRC-arvo 0,3, \u00e4\u00e4nenvaimennusluokka D. Koolattuna \u00e4\u00e4nenvaimennusluokka A.<\/p>\n<p><strong>EN 13501-1:2018 CLASS B, ASTM E84 CLASS A.<\/strong><\/p>\n<p>&nbsp;<\/p>\n<p>&nbsp;<\/p>\n<p><strong>Tuotetiedot:<\/strong><\/p>\n<p>Paino: 10,8 kg<br \/>\nMitat: pituus: 2440mm, leveys: 600 mm ja paksuus: 24 mm<br \/>\n1 kpl = 600 x 24 x 2440 mm (1,464m2)<\/p>\n<p>&nbsp;<\/p>\n<p>&nbsp;<\/p>\n<p><strong>Akustiikkasein\u00e4paneeleiden asennus<\/strong><\/p>\n<p>Akustiikkapaneelit voidaan asentaa suoraan sein\u00e4\u00e4n, tai koolauksen p\u00e4\u00e4lle. Koolauksen p\u00e4\u00e4lle asennettuna p\u00e4\u00e4st\u00e4\u00e4n \u00e4\u00e4nenvoimakkuusluokkaan A.<\/p>\n<p><strong>Asennus voidaan tehd\u00e4 ruuveilla tai liimalla.<\/strong><\/p>\n<ul>\n<li>Ruuveilla asennettaessa kiinnitys kolmella ruuvilla vaakaan, 60cm:n v\u00e4lein.<\/li>\n<li>Liimalla asennettaessa liimaa levitet\u00e4\u00e4n kauttaaltaan levyn taakse.<\/li>\n<li>Koolattaessa kiinnitys kolmella mustalla ruuvilla vaakaan, koolaus ja ruuvaus 60cm:n v\u00e4lein.<\/li>\n<\/ul>\n<ol>\n<li>Valmistele tarvittavat ty\u00f6kalut ja materiaalit.<br \/>\nAsennuksessa tarvitset; liimaa, hienohampaisen k\u00e4sisirkkelin (tai k\u00e4sisahan), puukon, rullamitan sek\u00e4 ruuveja.<\/li>\n<li>Tarkista ennen asennusta, ett\u00e4 jokainen levy on moitteeton. Asennettaessa hyv\u00e4ksyt\u00e4\u00e4n tuotteen laatu.<br \/>\nMittaa sein\u00e4n korkeus ja leveys. Laske levyjen jako vaakasuunnassa niin, ett\u00e4 molempiin reunoihin j\u00e4\u00e4 samanverran tilaa. Nurkkalevyjen halkaisun tulisi osua rimojen v\u00e4liin, jolloin halkaisu voidaan tehd\u00e4 huopaa pitkin mattoveitsell\u00e4.<\/li>\n<li>Katkaise levyt oikeaan mittaan k\u00e4sisirkkelill\u00e4 ja aloita asennus. Varmista aina paneeleiden suoruus vatupassin tms avulla.<\/li>\n<li>Liimattaessa; levit\u00e4 liima paneelin taakse kauttaaltaan ja asenna levy paikoilleen. Voit halutessa k\u00e4ytt\u00e4\u00e4 my\u00f6s ruuveja helpottamaan asennusta. Ruuvattessa; aseta levy paikoilleen ja ruuvaa kiinni yll\u00e4 olevan ohjeen mukaisesti.<\/li>\n<li>Tarkista aina seuraavaa levy\u00e4 asennettaessa, ett\u00e4 rimojen v\u00e4li pysyy samana, ja ett\u00e4 levyt ovat suorassa linjassa.<\/li>\n<\/ol>\n<p>&nbsp;<\/p>\n<p>&nbsp;<\/p>\n<p><strong>Asennus vaakaan tai kattoon<\/strong><\/p>\n<p>Asennus tapahtuu samalla periaatteella kuin pystyynkin asennettaessa. Vaakaan asennettaessa suunta on aina alhaalta yl\u00f6sp\u00e4in. Kattoon asennettaessa suositellaan k\u00e4ytett\u00e4v\u00e4ksi ruuveja sek\u00e4 liimaa.<\/p>\n<p><strong>HUOM!<\/strong> Jos k\u00e4yt\u00f6ss\u00e4 on kattol\u00e4mmitys, varmista tuotteen sopivuus l\u00e4mmitysj\u00e4rjestelm\u00e4n toimittajalta.<\/p>\n<p>&nbsp;<\/p>\n<p>&nbsp;<\/p>\n<p><b>LAVAVELOITUKSET JA PIENTOIMITUSLIS\u00c4:<\/b><\/p>\n<p>EUR LAVAT 15 \u20ac, FIN LAVAT 18,6 \u20ac, KERTA LAVAT 9 \u20ac, Pientoimituslis\u00e4 (&lt;100\u20ac ostoksille) 13,2\u20ac<\/p>\n","protected":false},"excerpt":{"rendered":"<p><strong>Tyylik\u00e4s ja kustannustehokas sisustusratkaisu<\/strong><\/p>\n<p>Korkeaprofiilinen, tyylik\u00e4s akustinen rimapaneelilevy, jossa pohja on mustaa huopaa ja p\u00e4\u00e4llinen vaaleaa tammea muistuttavaa puukuviota. Voidaan asentaa pystyyn tai vaakaan sek\u00e4 kattoon.<br \/>\n\u00c4\u00e4nt\u00e4 erist\u00e4v\u00e4 pohjahuopa vaimentaa melua ja j\u00e4lkikaikuja. Mdf -rimoissa n\u00e4ytt\u00e4v\u00e4 puunsyykuviointi. Akustisella huovalla on paloa viiv\u00e4stytt\u00e4v\u00e4 ominaisuus ja se kuuluu B1 &#8211; paloluokkaan. Ei sis\u00e4ll\u00e4 haitallisia yhdisteit\u00e4. Helppo ja nopea asentaa. Suoraan sein\u00e4\u00e4n asennettuna NRC-arvo 0,3, \u00e4\u00e4nenvaimennusluokka D. Koolattuna \u00e4\u00e4nenvaimennusluokka A.<\/p>\n","protected":false},"featured_media":88691,"comment_status":"open","ping_status":"closed","template":"","meta":{"_acf_changed":false},"factory":[],"free-shipment":[],"product_brand":[],"product_cat":[2956,1321],"product_tag":[],"class_list":{"0":"post-88699","1":"product","2":"type-product","3":"status-publish","4":"has-post-thumbnail","6":"product_cat-seinapaneelit","7":"product_cat-yleinen-rakentaminen","9":"first","10":"instock","11":"sale","12":"taxable","13":"shipping-taxable","14":"purchasable","15":"product-type-simple"},"acf":[],"_links":{"self":[{"href":"https:\/\/factory.sale\/fi\/wp-json\/wp\/v2\/product\/88699","targetHints":{"allow":["GET"]}}],"collection":[{"href":"https:\/\/factory.sale\/fi\/wp-json\/wp\/v2\/product"}],"about":[{"href":"https:\/\/factory.sale\/fi\/wp-json\/wp\/v2\/types\/product"}],"replies":[{"embeddable":true,"href":"https:\/\/factory.sale\/fi\/wp-json\/wp\/v2\/comments?post=88699"}],"wp:featuredmedia":[{"embeddable":true,"href":"https:\/\/factory.sale\/fi\/wp-json\/wp\/v2\/media\/88691"}],"wp:attachment":[{"href":"https:\/\/factory.sale\/fi\/wp-json\/wp\/v2\/media?parent=88699"}],"wp:term":[{"taxonomy":"factory","embeddable":true,"href":"https:\/\/factory.sale\/fi\/wp-json\/wp\/v2\/factory?post=88699"},{"taxonomy":"free-shipment","embeddable":true,"href":"https:\/\/factory.sale\/fi\/wp-json\/wp\/v2\/free-shipment?post=88699"},{"taxonomy":"product_brand","embeddable":true,"href":"https:\/\/factory.sale\/fi\/wp-json\/wp\/v2\/product_brand?post=88699"},{"taxonomy":"product_cat","embeddable":true,"href":"https:\/\/factory.sale\/fi\/wp-json\/wp\/v2\/product_cat?post=88699"},{"taxonomy":"product_tag","embeddable":true,"href":"https:\/\/factory.sale\/fi\/wp-json\/wp\/v2\/product_tag?post=88699"}],"curies":[{"name":"wp","href":"https:\/\/api.w.org\/{rel}","templated":true}]}}