{"id":88651,"date":"2024-08-06T12:15:32","date_gmt":"2024-08-06T09:08:21","guid":{"rendered":"https:\/\/factory.sale\/?post_type=product&#038;p=88651"},"modified":"2024-08-29T10:48:08","modified_gmt":"2024-08-29T07:48:08","slug":"3d-seinapaneeli-jarnvik-0031-magna-xl-300x12x2900-mm","status":"publish","type":"product","link":"https:\/\/factory.sale\/fi\/tuote\/3d-seinapaneeli-jarnvik-0031-magna-xl-300x12x2900-mm\/","title":{"rendered":"3D sein\u00e4paneeli J\u00e4rnvik 0031 Magna XL 300x12x2900 mm"},"content":{"rendered":"<p><strong>Tuotekoodi:<\/strong> JVWP-0031XL-TAMU<\/p>\n<p><strong>EAN:<\/strong> 6430049657233<\/p>\n<p>&nbsp;<\/p>\n<p>&nbsp;<\/p>\n<p><strong>Tyylik\u00e4s ja kustannustehokas sisustusratkaisu<\/strong><\/p>\n<p>J\u00e4rnvik 3D sein\u00e4paneelit avaavat t\u00e4ysin uuden ja kustannustehokkaan mahdollisuuden rakentaa n\u00e4ytt\u00e4vi\u00e4 sein\u00e4ratkaisuja. 3D sein\u00e4paneeleilla saat suosittujen rimaseinien tyylikk\u00e4\u00e4n ulkon\u00e4\u00f6n pienell\u00e4 vaivalla ja matalammilla kustannuksilla, ilman maalaamista ja useiden tuntien ty\u00f6panosta.<\/p>\n<p>3D sein\u00e4paneelit soveltuvat k\u00e4ytett\u00e4v\u00e4ksi sein\u00e4n osana, kokonaisina seinin\u00e4 tai vaikkapa katossa. Paneelit tuovat tiloihin samalla visuaalisesti tilan tuntua.<\/p>\n<p>Tuotteet ovat t\u00e4ysin vedenkest\u00e4vi\u00e4, ne eiv\u00e4t sis\u00e4ll\u00e4 haitallisia aineita tai raskasmetalleja, ovat kierr\u00e4tett\u00e4vi\u00e4 ja ovat todella helppoja asentaa. Paneelit kest\u00e4v\u00e4t hyvin kulutusta ja ne on helppo pit\u00e4\u00e4 puhtaana.<br \/>\nPaneeleissa on tyylik\u00e4s 3D pintarakenne, joka tuo eloa ja n\u00e4ytt\u00e4vyytt\u00e4 tilaan kuin tilaan. T\u00e4ydellinen valinta oleskelutiloihin, TV-seiniin, kylpyhuoneisiin, konttoreihin, vastaanottotiloihin ja lukuisiin muihin tiloihin.<\/p>\n<p>Matala\/leve\u00e4 -profiilinen, tyylik\u00e4s pontillinen sein\u00e4paneeli 3D- kuosilla, jossa pohja on mustaa ja p\u00e4\u00e4llinen vaaleaa koivua muistuttavaa puukuviota. Voidaan asentaa pystyyn tai vaakaan. Erikoisleve\u00e4 malli 300mm, jonka ansiosta paneeli on entist\u00e4 vaivattomampi asentaa, kun valmista pintaa tulee kerralla enemm\u00e4n.<br \/>\nT\u00e4ysin vedenkest\u00e4v\u00e4, ei sis\u00e4ll\u00e4 haitallisia aineita, materiaali polystyreeni. Kulutusta kest\u00e4v\u00e4 \/ ei naarmunnu helposti. Helppo ja nopea asentaa.<\/p>\n<p>&nbsp;<\/p>\n<p>&nbsp;<\/p>\n<p><strong>Siistimm\u00e4n lopputuloksen saavuttamiseksi panelin asennuksessa suositellaan k\u00e4ytett\u00e4v\u00e4n erillisi\u00e4 p\u00e4\u00e4typaloja (saatavilla lis\u00e4ksi):<\/strong><\/p>\n<p>P\u00e4\u00e4typala uros J\u00e4rnvik 0031 Magna XL 55 x 12 x 2900 mm (JVWP-0031XL-TAMU-CMU; EAN: 6430049657240)<strong> 7,74 .-<\/strong><\/p>\n<p>P\u00e4\u00e4typala naaras J\u00e4rnvik 0031 Magna XL 32 x 12 x 2900 mm (JVWP-0031XL-TAMU-CMN; EAN: 6430049657257) <strong>7,74 .-<\/strong><\/p>\n<p><img loading=\"lazy\" decoding=\"async\" class=\"alignnone wp-image-88864\" src=\"https:\/\/factory.sale\/wp-content\/uploads\/2024\/08\/Jarnvik-magna-xl-end-piece-factory.sale_-300x55.webp\" alt=\"\" width=\"682\" height=\"125\" srcset=\"https:\/\/factory.sale\/wp-content\/uploads\/2024\/08\/Jarnvik-magna-xl-end-piece-factory.sale_-300x55.webp 300w, https:\/\/factory.sale\/wp-content\/uploads\/2024\/08\/Jarnvik-magna-xl-end-piece-factory.sale_-150x28.webp 150w, https:\/\/factory.sale\/wp-content\/uploads\/2024\/08\/Jarnvik-magna-xl-end-piece-factory.sale_-600x110.webp 600w, https:\/\/factory.sale\/wp-content\/uploads\/2024\/08\/Jarnvik-magna-xl-end-piece-factory.sale_.webp 1024w\" sizes=\"auto, (max-width: 682px) 100vw, 682px\" \/><\/p>\n<p>&nbsp;<\/p>\n<p><strong>Tuotetiedot:<\/strong><\/p>\n<p>Leveys: 300 mm<br \/>\nKorkeus: 12 mm<br \/>\nPituus: 290 cm<br \/>\n8 kpl = 6,96 m2<\/p>\n<p>&nbsp;<\/p>\n<p>&nbsp;<\/p>\n<p><strong>3D Sein\u00e4paneeleiden asennus<\/strong><\/p>\n<p>1. Tasoita sein\u00e4 tarvittaessa ja poista mahdolliset tapettij\u00e4\u00e4m\u00e4t tms. Tarvittaessa tee erillinen koolaus. Erillisen koolauksen tekemist\u00e4 asennettavaan sein\u00e4\u00e4n harkittava tapauskohtaisesti. Koolaus helpottaa sein\u00e4paneeleiden mahdollista purkamista.<\/p>\n<p>2. K\u00e4yt\u00e4 paneeleiden katkaisuun sirkkeli\u00e4, jonka ter\u00e4n py\u00f6rimisnopeus 5000- 6000rpm, ja tihe\u00e4hampaista ter\u00e4\u00e4 (min.60T, suositus 100T). Varmista paneelien p\u00e4iden suoruus tasaamalla ne aina sirkkelill\u00e4.<\/p>\n<p>3. 3a. Asennus pystyyn<br \/>\nAsennus tapahtuu aina urospontti edelt\u00e4. Jos asennus tapahtuu nurkasta nurkkaan, erillisi\u00e4 p\u00e4\u00e4typaloja ei tarvita, vaan viimeinen paneeli sahataan pituussuunnassa oikean levyiseksi. Jos paneeleita ei asenneta koko sein\u00e4n matkalle, aloitetaan asennus urosp\u00e4\u00e4typalalla. Jos sein\u00e4ll\u00e4 on ulkonurkka, aloitetaan asennus aina ulkonurkasta urosp\u00e4\u00e4typalalla ja ja sahataan viimeinen paneeli pituussuunnassa oikean levyiseksi.<br \/>\n3b. Asennus vaakaan<br \/>\nAsennus tapahtuu aina urospontti edelt\u00e4. Vaakaan asennettaessa suunta on aina alhaalta yl\u00f6sp\u00e4in. Asennettaessa paneeleita vaakaan, asennus p\u00e4\u00e4ttyy naarasp\u00e4\u00e4typalaan halutulle korkeudelle, eik\u00e4 urosp\u00e4\u00e4typalaa tarvita.<\/p>\n<p>4. Pontillinen paneeli kiinnitet\u00e4\u00e4n liimalla ja nauloilla asennettavaan pintaan. Levit\u00e4 paneelin takapuolelle liimaa koko matkalle ja aseta paneeli paikoilleen. Kiinnit\u00e4 lopuksi paneeli listanaulapyssyll\u00e4 urospontin puolelta noin 40cm:n v\u00e4lein. Naulaus tulee tehd\u00e4 reunaan, jotta naulanrei\u00e4t j\u00e4\u00e4v\u00e4t piiloon seuraavan paneelin naaraspontin alle. Asenna aina vasemmalta oikealle, urospontti edelt\u00e4. Kivipinnalle asennettaessa voidaan k\u00e4ytt\u00e4\u00e4 pelkk\u00e4\u00e4 liimaa (Wurth Power Tack tai vastaava).<\/p>\n<p>&nbsp;<\/p>\n<p>Betonisein\u00e4lle asennettaessa suositellaan k\u00e4ytett\u00e4v\u00e4ksi Wurth Power Tack- tai Casco XtremeFix asennusliimaa tai vastaavaa. Asennettaessa puu- tai levypinnalle, jossa naulaaminen mahdollista, suositellaan k\u00e4ytett\u00e4v\u00e4ksi Wurth Asennusliima Pro 140 tai vastaavaa. Sein\u00e4paneeli voidaan liimata my\u00f6s erilliselle taustalevylle, jolloin se voidaan asentaa kokonaisena sein\u00e4\u00e4n esimerkiksi ruuvaamalla. Paneeleiden jatkamista ei suositella, mutta paneeli voidaan asentaa puskusaumaan. Sauma kannattaa pyrki\u00e4 kohdistamaan mahdollisimman huomaamattomaan paikkaan.<\/p>\n<p><em>HUOM! <\/em>Suunnittele asennus aina huolella etuk\u00e4teen laskemalla paneeleiden etenem\u00e4, ja ottamalla mahdolliset nurkat huomioon. Jos paneeleita ei asenneta nurkasta nurkkaan, laske aina p\u00e4\u00e4typalojen vaikutus etenem\u00e4\u00e4n, jotta saat halutun lopputuloksen ja paneelit sille kohdalle, kuin suunniteltu.<\/p>\n<p>&nbsp;<\/p>\n<p>&nbsp;<\/p>\n<p><b>LAVAVELOITUKSET JA PIENTOIMITUSLIS\u00c4:<\/b><\/p>\n<p>EUR LAVAT 15 \u20ac, FIN LAVAT 18,6 \u20ac, KERTA LAVAT 9 \u20ac, Pientoimituslis\u00e4 (&lt;100\u20ac ostoksille) 13,2\u20ac<\/p>\n","protected":false},"excerpt":{"rendered":"<p><strong>Tyylik\u00e4s ja kustannustehokas sisustusratkaisu<\/strong><\/p>\n<p>J\u00e4rnvik 3D sein\u00e4paneelit avaavat t\u00e4ysin uuden ja kustannustehokkaan mahdollisuuden rakentaa n\u00e4ytt\u00e4vi\u00e4 sein\u00e4ratkaisuja. 3D sein\u00e4paneeleilla saat suosittujen rimaseinien tyylikk\u00e4\u00e4n ulkon\u00e4\u00f6n pienell\u00e4 vaivalla ja matalammilla kustannuksilla, ilman maalaamista ja useiden tuntien ty\u00f6panosta.<\/p>\n<p>&nbsp;<\/p>\n<p>Hinta per kpl!<\/p>\n","protected":false},"featured_media":88656,"comment_status":"open","ping_status":"closed","template":"","meta":{"_acf_changed":false},"factory":[],"free-shipment":[],"product_brand":[],"product_cat":[2956,1321],"product_tag":[],"class_list":{"0":"post-88651","1":"product","2":"type-product","3":"status-publish","4":"has-post-thumbnail","6":"product_cat-seinapaneelit","7":"product_cat-yleinen-rakentaminen","9":"first","10":"instock","11":"sale","12":"taxable","13":"shipping-taxable","14":"purchasable","15":"product-type-simple"},"acf":[],"_links":{"self":[{"href":"https:\/\/factory.sale\/fi\/wp-json\/wp\/v2\/product\/88651","targetHints":{"allow":["GET"]}}],"collection":[{"href":"https:\/\/factory.sale\/fi\/wp-json\/wp\/v2\/product"}],"about":[{"href":"https:\/\/factory.sale\/fi\/wp-json\/wp\/v2\/types\/product"}],"replies":[{"embeddable":true,"href":"https:\/\/factory.sale\/fi\/wp-json\/wp\/v2\/comments?post=88651"}],"wp:featuredmedia":[{"embeddable":true,"href":"https:\/\/factory.sale\/fi\/wp-json\/wp\/v2\/media\/88656"}],"wp:attachment":[{"href":"https:\/\/factory.sale\/fi\/wp-json\/wp\/v2\/media?parent=88651"}],"wp:term":[{"taxonomy":"factory","embeddable":true,"href":"https:\/\/factory.sale\/fi\/wp-json\/wp\/v2\/factory?post=88651"},{"taxonomy":"free-shipment","embeddable":true,"href":"https:\/\/factory.sale\/fi\/wp-json\/wp\/v2\/free-shipment?post=88651"},{"taxonomy":"product_brand","embeddable":true,"href":"https:\/\/factory.sale\/fi\/wp-json\/wp\/v2\/product_brand?post=88651"},{"taxonomy":"product_cat","embeddable":true,"href":"https:\/\/factory.sale\/fi\/wp-json\/wp\/v2\/product_cat?post=88651"},{"taxonomy":"product_tag","embeddable":true,"href":"https:\/\/factory.sale\/fi\/wp-json\/wp\/v2\/product_tag?post=88651"}],"curies":[{"name":"wp","href":"https:\/\/api.w.org\/{rel}","templated":true}]}}