{"id":88484,"date":"2024-07-31T11:59:57","date_gmt":"2024-07-31T09:09:15","guid":{"rendered":"https:\/\/factory.sale\/?post_type=product&#038;p=88484"},"modified":"2025-03-23T14:39:49","modified_gmt":"2025-03-23T11:39:49","slug":"vinyylilankku-i4f-spc-ixpe-jarnvik-lantlig-ek-223-m2","status":"publish","type":"product","link":"https:\/\/factory.sale\/fi\/tuote\/vinyylilankku-i4f-spc-ixpe-jarnvik-lantlig-ek-223-m2\/","title":{"rendered":"Vinyylilankku i4F SPC IXPE J\u00e4rnvik Lantlig Ek 2,23 m2"},"content":{"rendered":"<p><strong>Tuotekoodi:<\/strong> I4F-2308SI<\/p>\n<p><strong>EAN:<\/strong> 6430049656977<\/p>\n<p>&nbsp;<\/p>\n<p>&nbsp;<\/p>\n<p><strong>J\u00e4rnvik i4F SPC IXPE j\u00e4ykk\u00e4ytiminen vinyylilankku<\/strong><\/p>\n<p>Vinyylilankku kaikkiin asuintiloihin sek\u00e4 raskaan k\u00e4yt\u00f6n julkisiin tiloihin. Materiaali PVC (100% uusiomateriaali), SPC (70% kiviainesta).<\/p>\n<p>J\u00e4rnvik i4F SPC IXPE -j\u00e4ykk\u00e4ytimellinen vinyylilankku on uuden sukupolven vinyylilattia, jossa on kivikomposiittinen (SPC) runkorakenne. Runkorakenteeseen on k\u00e4ytetty 70% kiviainesta, joka tekee lattiasta j\u00e4yk\u00e4n ja kest\u00e4v\u00e4n. Lankun pohjaan integroitu askel\u00e4\u00e4nieriste parantaa tilan akustiikkaa ja tekee lattiasta hiljaisemman.<\/p>\n<p>Lankut on helppo asentaa laadukkaan i4F \u2013ponttirakenteen ansiosta. Asennus tapahtuu pitk\u00e4n sivun osalta taittamalla, p\u00e4\u00e4typontit lukitaan ly\u00f6m\u00e4ll\u00e4 rekyylitt\u00f6m\u00e4ll\u00e4 kumivasaralla pontti kiinni. i4F SPC IXPE vinyylilattia on kest\u00e4v\u00e4 ja helppohoitoinen ja se asennetaan kelluvana. Liimaa ei tarvita ja se soveltuu k\u00e4ytett\u00e4v\u00e4ksi lattial\u00e4mmityksen kanssa. J\u00e4ykk\u00e4ytimellinen vinyylilankku soveltuu kaikkiin asuintiloihin sek\u00e4 raskaamman k\u00e4yt\u00f6n julkisiin tiloihin.<\/p>\n<p>Tuote on valmistettu Euroopassa, joten sen kuljetuksesta johtuvat p\u00e4\u00e4st\u00f6t ovat huomattavasti pienemm\u00e4t kuin Euroopan ulkopuolella valmistetuilla lattioilla.<\/p>\n<p>&nbsp;<\/p>\n<p>&nbsp;<\/p>\n<p><strong>Tuotetiedot:<\/strong><\/p>\n<p>Koko: 22,8 x 121,9 cm<br \/>\nPaksuus: 5,0 mm<br \/>\nKulutuskerros: 0,55mm<br \/>\nMikroviiste: Kyll\u00e4<br \/>\nK\u00e4ytt\u00f6luokka: 33<br \/>\nPonttirakenne: i4F drop lock<br \/>\nPakkaus\/lava: 2,23m2 \/ 107,04m2<br \/>\nAskel\u00e4\u00e4nieriste: \u00a0IXPE 1,0mm<\/p>\n<p>&nbsp;<\/p>\n<div class=\"page\" title=\"Page 7\">\n<table style=\"height: 262px;\" width=\"907\">\n<colgroup>\n<col \/>\n<col \/>\n<col \/>\n<col \/>\n<col \/>\n<col \/>\n<col \/>\n<col \/><\/colgroup>\n<tbody>\n<tr>\n<td>\n<div class=\"layoutArea\">\n<div class=\"column\">\n<p>Ka\u0308ytto\u0308luokka<\/p>\n<\/div>\n<\/div>\n<\/td>\n<td>\n<div class=\"layoutArea\">\n<div class=\"column\">\n<p>Kokonaisp aksuus<\/p>\n<\/div>\n<\/div>\n<\/td>\n<td>\n<div class=\"layoutArea\">\n<div class=\"column\">\n<p>Kulutuske rros<\/p>\n<\/div>\n<\/div>\n<\/td>\n<td>\n<div class=\"layoutArea\">\n<div class=\"column\">\n<p>A\u0308a\u0308ni &#8211; erista\u0308vyys<\/p>\n<\/div>\n<\/div>\n<\/td>\n<td>\n<div class=\"layoutArea\">\n<div class=\"column\">\n<p>La\u0308mmo\u0308n- erista\u0308vyys<\/p>\n<\/div>\n<\/div>\n<\/td>\n<td>\n<div class=\"layoutArea\">\n<div class=\"column\">\n<p>Palo \u00a0luokka<\/p>\n<\/div>\n<\/div>\n<\/td>\n<td>\n<div class=\"layoutArea\">\n<div class=\"column\">\n<p>Formaldehyde<\/p>\n<\/div>\n<\/div>\n<\/td>\n<td>\n<div class=\"layoutArea\">\n<div class=\"column\">\n<p>Tiheys<\/p>\n<\/div>\n<\/div>\n<\/td>\n<\/tr>\n<tr>\n<td>\n<div class=\"layoutArea\">\n<div class=\"column\">\n<p>23 \/ 33<\/p>\n<\/div>\n<\/div>\n<\/td>\n<td>\n<div class=\"layoutArea\">\n<div class=\"column\">\n<p>5,5mm<\/p>\n<\/div>\n<\/div>\n<\/td>\n<td>\n<div class=\"layoutArea\">\n<div class=\"column\">\n<p>0,55mm<\/p>\n<\/div>\n<\/div>\n<\/td>\n<td>\n<div class=\"layoutArea\">\n<div class=\"column\">\n<p>STC 60<\/p>\n<\/div>\n<\/div>\n<\/td>\n<td>\n<div class=\"layoutArea\">\n<div class=\"column\">\n<p>0,034 (M2k)\/w<\/p>\n<\/div>\n<\/div>\n<\/td>\n<td>\n<div class=\"layoutArea\">\n<div class=\"column\">\n<p>Bfl-s1<\/p>\n<\/div>\n<\/div>\n<\/td>\n<td>\n<div class=\"layoutArea\">\n<div class=\"column\">\n<p>Ei sisa\u0308lla\u0308<\/p>\n<\/div>\n<\/div>\n<\/td>\n<td>\n<div class=\"layoutArea\">\n<div class=\"column\">\n<p>2000 (g\/cm3)<\/p>\n<\/div>\n<\/div>\n<\/td>\n<\/tr>\n<tr>\n<td>\n<div class=\"layoutArea\">\n<div class=\"column\">\n<p>23 \/ 33<\/p>\n<\/div>\n<\/div>\n<\/td>\n<td>\n<div class=\"layoutArea\">\n<div class=\"column\">\n<p>5.0mm<\/p>\n<\/div>\n<\/div>\n<\/td>\n<td>\n<div class=\"layoutArea\">\n<div class=\"column\">\n<p>0.55mm<\/p>\n<\/div>\n<\/div>\n<\/td>\n<td>\n<div class=\"layoutArea\">\n<div class=\"column\">\n<p>STC 60<\/p>\n<\/div>\n<\/div>\n<\/td>\n<td>\n<div class=\"layoutArea\">\n<div class=\"column\">\n<p>0.034 (M2k)\/w<\/p>\n<\/div>\n<\/div>\n<\/td>\n<td>\n<div class=\"layoutArea\">\n<div class=\"column\">\n<p>Bfl-s1<\/p>\n<\/div>\n<\/div>\n<\/td>\n<td>\n<div class=\"layoutArea\">\n<div class=\"column\">\n<p>Ei sisa\u0308lla\u0308<\/p>\n<\/div>\n<\/div>\n<\/td>\n<td>\n<div class=\"layoutArea\">\n<div class=\"column\">\n<p>2000 (g\/cm3)<\/p>\n<\/div>\n<\/div>\n<\/td>\n<\/tr>\n<\/tbody>\n<\/table>\n<\/div>\n<div class=\"page\" title=\"Page 7\">\n<table style=\"height: 175px;\" width=\"868\">\n<colgroup>\n<col \/>\n<col \/>\n<col \/>\n<col \/>\n<col \/>\n<col \/>\n<col \/>\n<col \/><\/colgroup>\n<tbody>\n<tr>\n<td colspan=\"8\" rowspan=\"1\">\n<div class=\"layoutArea\">\n<div class=\"column\">\n<p>Lankun Koko \u00a0 \u00a0 Kpl \/ pkt \u00a0 \u00a0 m2 \/ pkt \u00a0 \u00a0 \u00a0 \u00a0 \u00a0 Pkt \/ lava \u00a0 \u00a0 \u00a0 \u00a0 \u00a0 m2 \/ lava \u00a0 \u00a0 \u00a0 \u00a0 \u00a0 \u00a0 \u00a0 Askel\u00e4\u00e4nieriste \u00a0 \u00a0 \u00a0 \u00a0 \u00a0Pontti \u00a0 \u00a0 Microviiste<\/p>\n<\/div>\n<\/div>\n<\/td>\n<\/tr>\n<tr>\n<td>\n<div class=\"layoutArea\">\n<div class=\"column\">\n<p>228x1219mm<\/p>\n<\/div>\n<\/div>\n<\/td>\n<td>\n<div class=\"layoutArea\">\n<div class=\"column\">\n<p>10kpl<\/p>\n<\/div>\n<\/div>\n<\/td>\n<td>\n<div class=\"layoutArea\">\n<div class=\"column\">\n<p>2,79<\/p>\n<\/div>\n<\/div>\n<\/td>\n<td>\n<div class=\"layoutArea\">\n<div class=\"column\">\n<p>60<\/p>\n<\/div>\n<\/div>\n<\/td>\n<td>\n<div class=\"layoutArea\">\n<div class=\"column\">\n<p>167,22<\/p>\n<\/div>\n<\/div>\n<\/td>\n<td>\n<div class=\"layoutArea\">\n<div class=\"column\">\n<p>EVA 1,5mm<\/p>\n<\/div>\n<\/div>\n<\/td>\n<td>\n<div class=\"layoutArea\">\n<div class=\"column\">\n<p>Unilin UniClic<\/p>\n<\/div>\n<\/div>\n<\/td>\n<td>\n<div class=\"layoutArea\">\n<div class=\"column\">\n<p>Kylla\u0308<\/p>\n<\/div>\n<\/div>\n<\/td>\n<\/tr>\n<tr>\n<td>\n<div class=\"layoutArea\">\n<div class=\"column\">\n<p>228x1219mm<\/p>\n<\/div>\n<\/div>\n<\/td>\n<td>\n<div class=\"layoutArea\">\n<div class=\"column\">\n<p>8kpl<\/p>\n<\/div>\n<\/div>\n<\/td>\n<td>\n<div class=\"layoutArea\">\n<div class=\"column\">\n<p>2.23<\/p>\n<\/div>\n<\/div>\n<\/td>\n<td>\n<div class=\"layoutArea\">\n<div class=\"column\">\n<p>48<\/p>\n<\/div>\n<\/div>\n<\/td>\n<td>\n<div class=\"layoutArea\">\n<div class=\"column\">\n<p>107,04<\/p>\n<\/div>\n<\/div>\n<\/td>\n<td>\n<div class=\"layoutArea\">\n<div class=\"column\">\n<p>IXPE 1,0mm<\/p>\n<\/div>\n<\/div>\n<\/td>\n<td>\n<div class=\"layoutArea\">\n<div class=\"column\">\n<p>i4F<\/p>\n<\/div>\n<\/div>\n<\/td>\n<td>\n<div class=\"layoutArea\">\n<div class=\"column\">\n<p>Kylla\u0308<\/p>\n<\/div>\n<\/div>\n<\/td>\n<\/tr>\n<\/tbody>\n<\/table>\n<\/div>\n<p>&nbsp;<\/p>\n<p>&nbsp;<\/p>\n<p>&nbsp;<\/p>\n<p>&nbsp;<\/p>\n<p>&nbsp;<\/p>\n<p>&nbsp;<\/p>\n<p><b>LAVAVELOITUKSET JA PIENTOIMITUSLIS\u00c4:<\/b><\/p>\n<p>EUR LAVAT 15 \u20ac, FIN LAVAT 18,6 \u20ac, KERTA LAVAT 9 \u20ac, Pientoimituslis\u00e4 (&lt;100\u20ac ostoksille) 13,2\u20ac<\/p>\n","protected":false},"excerpt":{"rendered":"<p><strong>\u00c4\u00e4net\u00f6n. El\u00e4m\u00e4ton.<\/strong><\/p>\n<p>J\u00e4rnvik i4F SPC IXPE -j\u00e4ykk\u00e4ytimellinen vinyylilankku on uuden sukupolven vinyylilattia, jossa on kivikomposiittinen (SPC) runkorakenne. Runkorakenteeseen on k\u00e4ytetty 70% kiviainesta, joka tekee lattiasta j\u00e4yk\u00e4n ja kest\u00e4v\u00e4n. Lankun pohjaan integroitu askel\u00e4\u00e4nieriste parantaa tilan akustiikkaa ja tekee lattiasta hiljaisemman.<\/p>\n<p>&nbsp;<\/p>\n<p><strong>Hinta per m2.<\/strong><\/p>\n","protected":false},"featured_media":88476,"comment_status":"open","ping_status":"closed","template":"","meta":{"_acf_changed":false},"factory":[],"free-shipment":[],"product_brand":[],"product_cat":[446,1596],"product_tag":[],"class_list":{"0":"post-88484","1":"product","2":"type-product","3":"status-publish","4":"has-post-thumbnail","6":"product_cat-lattiat","7":"product_cat-vinyylilattiat","9":"first","10":"instock","11":"sale","12":"taxable","13":"shipping-taxable","14":"purchasable","15":"product-type-simple"},"acf":[],"_links":{"self":[{"href":"https:\/\/factory.sale\/fi\/wp-json\/wp\/v2\/product\/88484","targetHints":{"allow":["GET"]}}],"collection":[{"href":"https:\/\/factory.sale\/fi\/wp-json\/wp\/v2\/product"}],"about":[{"href":"https:\/\/factory.sale\/fi\/wp-json\/wp\/v2\/types\/product"}],"replies":[{"embeddable":true,"href":"https:\/\/factory.sale\/fi\/wp-json\/wp\/v2\/comments?post=88484"}],"wp:featuredmedia":[{"embeddable":true,"href":"https:\/\/factory.sale\/fi\/wp-json\/wp\/v2\/media\/88476"}],"wp:attachment":[{"href":"https:\/\/factory.sale\/fi\/wp-json\/wp\/v2\/media?parent=88484"}],"wp:term":[{"taxonomy":"factory","embeddable":true,"href":"https:\/\/factory.sale\/fi\/wp-json\/wp\/v2\/factory?post=88484"},{"taxonomy":"free-shipment","embeddable":true,"href":"https:\/\/factory.sale\/fi\/wp-json\/wp\/v2\/free-shipment?post=88484"},{"taxonomy":"product_brand","embeddable":true,"href":"https:\/\/factory.sale\/fi\/wp-json\/wp\/v2\/product_brand?post=88484"},{"taxonomy":"product_cat","embeddable":true,"href":"https:\/\/factory.sale\/fi\/wp-json\/wp\/v2\/product_cat?post=88484"},{"taxonomy":"product_tag","embeddable":true,"href":"https:\/\/factory.sale\/fi\/wp-json\/wp\/v2\/product_tag?post=88484"}],"curies":[{"name":"wp","href":"https:\/\/api.w.org\/{rel}","templated":true}]}}