{"id":88311,"date":"2024-07-28T11:43:01","date_gmt":"2024-07-28T08:58:21","guid":{"rendered":"https:\/\/factory.sale\/?post_type=product&#038;p=88311"},"modified":"2025-03-23T15:25:19","modified_gmt":"2025-03-23T12:25:19","slug":"vinyylilankku-spceva-jarnvik-vit-sund-279-m2","status":"publish","type":"product","link":"https:\/\/factory.sale\/fi\/tuote\/vinyylilankku-spceva-jarnvik-vit-sund-279-m2\/","title":{"rendered":"Vinyylilankku SPC+EVA J\u00e4rnvik Vit Sund 2,79 m2"},"content":{"rendered":"<p><strong>Tuotekoodi:<\/strong> SPC-1722SE<\/p>\n<p><strong>EAN:<\/strong> 6430049655604<\/p>\n<p>&nbsp;<\/p>\n<p>&nbsp;<\/p>\n<p><strong>J\u00e4rnvik Vinyl Flooring SPC -kivikomposiittiset vinyylilattiat<\/strong><\/p>\n<p>J\u00e4rnvik UniClic SPC j\u00e4ykk\u00e4ytimellinen vinyylilankku on uuden sukupolven vinyylilattia, jossa on kivikomposiittinen (SPC) runkorakenne. J\u00e4ykk\u00e4ytimellinen vinyylilankku k\u00e4y asennettavaksi suoraan auringonvaloon, se kest\u00e4\u00e4 hyvin pistekuormaa ja sen el\u00e4minen on normaaleja vinyylilankkuja huomattavasti pienemp\u00e4\u00e4. Lankun pohjaan integroitu askel\u00e4\u00e4nieriste parantaa tilan akustiikkaa ja tekee lattiasta hiljaisemman.<br \/>\nSPC vinyylilattiamme on kest\u00e4v\u00e4 ja helppohoitoinen ja se asennetaan kelluvana. Liimaa ei tarvita ja se soveltuu k\u00e4ytett\u00e4v\u00e4ksi lattial\u00e4mmityksen kanssa. J\u00e4ykk\u00e4ytimellinen vinyylilankku soveltuu kaikkiin asuintiloihin sek\u00e4 raskaamman k\u00e4yt\u00f6n julkisiin tiloihin.<\/p>\n<p>&nbsp;<\/p>\n<p>Vinyylilankku kaikkiin asuintiloihin sek\u00e4 raskaan k\u00e4yt\u00f6n julkisiin tiloihin. Materiaali PVC (100% uusiomateriaali), SPC (70% kiviainesta).<\/p>\n<p>&nbsp;<\/p>\n<p><strong>Tuotetiedot:<\/strong><\/p>\n<p>Koko: 22,86 x 121,92 cm<br \/>\nPaksuus: 5,5 mm<br \/>\nKulutuskerros: 0,55 mm<br \/>\nMikroviiste: Ei<br \/>\nK\u00e4ytt\u00f6luokka: 33 Raskas julkinen k\u00e4ytt\u00f6<br \/>\nPonttirakenne: UniClic<br \/>\nPakkaus\/lava: 2,79 m2 \/ 167,22 m2<br \/>\nAskel\u00e4\u00e4nieriste: EVA 1,5 mm<\/p>\n<p>&nbsp;<\/p>\n<p>&nbsp;<\/p>\n<p>&nbsp;<\/p>\n<p>&nbsp;<\/p>\n<p><b>LAVAVELOITUKSET JA PIENTOIMITUSLIS\u00c4:<\/b><\/p>\n<p>EUR LAVAT 15 \u20ac, FIN LAVAT 18,6 \u20ac, KERTA LAVAT 9 \u20ac, Pientoimituslis\u00e4 (&lt;100\u20ac ostoksille) 13,2\u20ac<\/p>\n","protected":false},"excerpt":{"rendered":"<p><strong>\u00c4\u00e4net\u00f6n. El\u00e4m\u00e4ton.<\/strong><\/p>\n<p>J\u00e4rnvik UniClic SPC j\u00e4ykk\u00e4ytimellinen vinyylilankku on uuden sukupolven vinyylilattia, jossa on kivikomposiittinen (SPC) runkorakenne. J\u00e4ykk\u00e4ytimellinen vinyylilankku k\u00e4y asennettavaksi suoraan auringonvaloon, se kest\u00e4\u00e4 hyvin pistekuormaa ja sen el\u00e4minen on normaaleja vinyylilankkuja huomattavasti pienemp\u00e4\u00e4. Lankun pohjaan integroitu askel\u00e4\u00e4nieriste parantaa tilan akustiikkaa ja tekee lattiasta hiljaisemman.<br \/>\nSPC vinyylilattiamme on kest\u00e4v\u00e4 ja helppohoitoinen ja se asennetaan kelluvana. Liimaa ei tarvita ja se soveltuu k\u00e4ytett\u00e4v\u00e4ksi lattial\u00e4mmityksen kanssa. J\u00e4ykk\u00e4ytimellinen vinyylilankku soveltuu kaikkiin asuintiloihin sek\u00e4 raskaamman k\u00e4yt\u00f6n julkisiin tiloihin.<\/p>\n<p>&nbsp;<\/p>\n<p><strong>Hinta per m2.<\/strong><\/p>\n","protected":false},"featured_media":88305,"comment_status":"open","ping_status":"closed","template":"","meta":{"_acf_changed":false},"factory":[],"free-shipment":[],"product_brand":[],"product_cat":[1594,36],"product_tag":[37],"class_list":{"0":"post-88311","1":"product","2":"type-product","3":"status-publish","4":"has-post-thumbnail","6":"product_cat-vinyl-flooring","7":"product_cat-floor","8":"product_tag-floor","10":"first","11":"instock","12":"sale","13":"taxable","14":"shipping-taxable","15":"purchasable","16":"product-type-simple"},"acf":[],"_links":{"self":[{"href":"https:\/\/factory.sale\/fi\/wp-json\/wp\/v2\/product\/88311","targetHints":{"allow":["GET"]}}],"collection":[{"href":"https:\/\/factory.sale\/fi\/wp-json\/wp\/v2\/product"}],"about":[{"href":"https:\/\/factory.sale\/fi\/wp-json\/wp\/v2\/types\/product"}],"replies":[{"embeddable":true,"href":"https:\/\/factory.sale\/fi\/wp-json\/wp\/v2\/comments?post=88311"}],"wp:featuredmedia":[{"embeddable":true,"href":"https:\/\/factory.sale\/fi\/wp-json\/wp\/v2\/media\/88305"}],"wp:attachment":[{"href":"https:\/\/factory.sale\/fi\/wp-json\/wp\/v2\/media?parent=88311"}],"wp:term":[{"taxonomy":"factory","embeddable":true,"href":"https:\/\/factory.sale\/fi\/wp-json\/wp\/v2\/factory?post=88311"},{"taxonomy":"free-shipment","embeddable":true,"href":"https:\/\/factory.sale\/fi\/wp-json\/wp\/v2\/free-shipment?post=88311"},{"taxonomy":"product_brand","embeddable":true,"href":"https:\/\/factory.sale\/fi\/wp-json\/wp\/v2\/product_brand?post=88311"},{"taxonomy":"product_cat","embeddable":true,"href":"https:\/\/factory.sale\/fi\/wp-json\/wp\/v2\/product_cat?post=88311"},{"taxonomy":"product_tag","embeddable":true,"href":"https:\/\/factory.sale\/fi\/wp-json\/wp\/v2\/product_tag?post=88311"}],"curies":[{"name":"wp","href":"https:\/\/api.w.org\/{rel}","templated":true}]}}