{"id":87885,"date":"2024-07-12T15:25:40","date_gmt":"2024-07-12T12:25:41","guid":{"rendered":"https:\/\/factory.sale\/?post_type=product&#038;p=87885"},"modified":"2026-03-05T16:46:27","modified_gmt":"2026-03-05T13:46:27","slug":"huum-hive-flow-mini-puulammitteinen-85kw","status":"publish","type":"product","link":"https:\/\/factory.sale\/fi\/tuote\/huum-hive-flow-mini-puulammitteinen-85kw\/","title":{"rendered":"Puukiuas HUUM HIVE Flow Mini 8,5kW"},"content":{"rendered":"<p>HIVE Flow Mini on ihanteellinen valinta niille, jotka arvostavat ymp\u00e4rist\u00f6tietoista ajattelutapaa ja haluavat unohtumattoman saunael\u00e4myksen. Kiuas tuottaa h\u00e4k\u00e4p\u00e4\u00e4st\u00f6j\u00e4 vain 346 mg\/m\u00b3 verrattuna vastaavien kiukaiden yli 1000 mg\/m\u00b3 p\u00e4\u00e4st\u00f6ihin, ja hiukkasp\u00e4\u00e4st\u00f6t ovat vain 25 mg\/m\u00b3, mik\u00e4 on luokkansa alhaisin.<\/p>\n<p>Uudenaikainen muotoilu v\u00e4hent\u00e4\u00e4 tulipalovaaraa ja mahdollistaa tiiviimm\u00e4n asennuksen verrattuna perinteisiin kiukaisiin. Vahvan rakenteen ansiosta kiukaan yl\u00e4osan paksuus on 5 mm ja sivujen paksuus 3 mm, mik\u00e4 takaa tasaisen l\u00e4mm\u00f6n jakautumisen. HIVE Flow Mini painaa 54 kg ja siihen mahtuu 150 kg kivi\u00e4, savupiippuh\u00e4kiss\u00e4 viel\u00e4 35-40 kg lis\u00e4\u00e4 kivi\u00e4.<\/p>\n<p>Kiukaan suuri lasiovi lis\u00e4\u00e4 saunan kodikasta tunnelmaa ja mahdollistaa kiehtovista liekeist\u00e4 nauttimisen. HIVE Flow Mini t\u00e4ytt\u00e4\u00e4 tiukat ymp\u00e4rist\u00f6standardit ja ylitt\u00e4\u00e4 kaikki tunnetut tehokkuus- ja ymp\u00e4rist\u00f6mittarit puul\u00e4mmitteisille kiukaille, tarjoten laadukkaan ja kest\u00e4v\u00e4n valinnan saunallesi.<\/p>\n<p>Savupiippuh\u00e4kkiin mahtuu lis\u00e4ksi 35-40 kg kivi\u00e4.<\/p>\n<p>Oikean kokoinen kiuas = t\u00e4ydellinen sauna! K\u00e4yt\u00e4 <a href=\"https:\/\/huum.eu\/calculator\/\" target=\"_blank\" rel=\"noopener\">saunalaskuriamme<\/a> l\u00f6yt\u00e4\u00e4ksesi ihanteellisen tehon.<\/p>\n<p>&nbsp;<\/p>\n<p><strong>Pakkaus sis\u00e4lt\u00e4\u00e4:<\/strong><\/p>\n<ul>\n<li>puul\u00e4mmitteinen kiuas<\/li>\n<li>metalliritil\u00e4<\/li>\n<li>kiukaan asennus- ja k\u00e4ytt\u00f6ohje<\/li>\n<li>kuumuudenkest\u00e4v\u00e4 suojak\u00e4sine<\/li>\n<li>sytykkeit\u00e4<\/li>\n<li>metalliset kiinnityslevyt (2 kpl)<\/li>\n<li>tuhkaritil\u00e4<\/li>\n<li>puhdistusluukut (2 kpl)<\/li>\n<li>tuhka-astia<\/li>\n<\/ul>\n<p><strong>Kiuas tarvitsee lis\u00e4ksi:<\/strong><\/p>\n<ul>\n<li>105 kg <a href=\"https:\/\/factory.sale\/fi\/tuote\/lammittimen-kivet\/\" target=\"_blank\" rel=\"noopener\">kiuaskivi\u00e4<\/a> (5-10 cm)<\/li>\n<li>Liit\u00e4nt\u00e4 savupiippuun<\/li>\n<\/ul>\n<p><strong>Tekniset tiedot:<\/strong><\/p>\n<ul>\n<li>teho: 8,5 kW<\/li>\n<li>l\u00e4mmitetty huone min.: 6 m\u00b3<\/li>\n<li>l\u00e4mmitetty huone max.: 14 m\u00b3<\/li>\n<li>kivien kapasiteetti: ~105 kg<\/li>\n<li>paino: 54 kg<\/li>\n<li>korkeus: 884 mm<\/li>\n<li>leveys: 450 mm<\/li>\n<li>syvyys: 493 mm<\/li>\n<li>polttopuun pituus: 300 mm<\/li>\n<li>savuhormin kalkaisija: 114 mm<\/li>\n<\/ul>\n<p><strong>Puul\u00e4mmittimen turvaet\u00e4isyydet:<\/strong><\/p>\n<ul>\n<li>A 150 mm<\/li>\n<li>B 500 mm<\/li>\n<li>C 750 mm<\/li>\n<\/ul>\n<p><strong data-start=\"78\" data-end=\"88\">Takuu:<\/strong><\/p>\n<ul>\n<li>kotik\u00e4ytt\u00f6 \u2013 3 vuotta<\/li>\n<li>ammattik\u00e4ytt\u00f6 \u2013 1 vuosi<\/li>\n<\/ul>\n<p>Tarvitsetko varaosia t\u00e4lle kiukaalle? \u2013 L\u00e4het\u00e4 meille s\u00e4hk\u00f6postia. Kaikki muut lis\u00e4varusteet l\u00f6ytyv\u00e4t <a href=\"https:\/\/factory.sale\/fi\/tuote-osasto\/saniteetti\/saunatarvikkeet\/huum-fi-3\/\" target=\"_blank\" rel=\"noopener\">t\u00e4\u00e4lt\u00e4<\/a>.<\/p>\n<p>HUOM! Savupiippusarjat voi ostaa erikseen &#8211; <a href=\"https:\/\/factory.sale\/fi\/tuote-osasto\/saniteetti\/saunatarvikkeet\/piippusetit\/\" target=\"_blank\" rel=\"noopener\">l\u00f6yd\u00e4t ne t\u00e4\u00e4lt\u00e4<\/a><\/p>\n<p><strong>EAN: 4744103015306<\/p>\n<p><\/strong><\/p>\n<h2>HUUM HIVE FLOW MINI WOOD KIVIEN SIJOITUS<\/h2>\n<div class=\"video-wrapper \"><iframe loading=\"lazy\" title=\"Sauna inspiration \u2502 HUUM HIVE Wood \u2502 wood-burning stove\" width=\"500\" height=\"281\" src=\"https:\/\/www.youtube.com\/embed\/s5SwqfqFP9Y?feature=oembed\" frameborder=\"0\" allow=\"accelerometer; autoplay; clipboard-write; encrypted-media; gyroscope; picture-in-picture; web-share\" referrerpolicy=\"strict-origin-when-cross-origin\" allowfullscreen><\/iframe><\/div>\n<h2>HUUM SAUNA<\/h2>\n<div class=\"video-wrapper \"><iframe loading=\"lazy\" title=\"Sauna inspiration \u2502 HUUM HIVE Wood \u2502 wood-burning stove\" width=\"500\" height=\"281\" src=\"https:\/\/www.youtube.com\/embed\/s5SwqfqFP9Y?feature=oembed\" frameborder=\"0\" allow=\"accelerometer; autoplay; clipboard-write; encrypted-media; gyroscope; picture-in-picture; web-share\" referrerpolicy=\"strict-origin-when-cross-origin\" allowfullscreen><\/iframe><\/div>\n<p><strong><span style=\"font-size: 18pt;\">MIKSI HUUM?<\/span><\/strong><\/p>\n<div class=\"video-wrapper \"><iframe loading=\"lazy\" title=\"Why HUUM heaters?\" width=\"500\" height=\"281\" src=\"https:\/\/www.youtube.com\/embed\/mstEnCX5Ehs?feature=oembed\" frameborder=\"0\" allow=\"accelerometer; autoplay; clipboard-write; encrypted-media; gyroscope; picture-in-picture; web-share\" referrerpolicy=\"strict-origin-when-cross-origin\" allowfullscreen><\/iframe><\/div>\n","protected":false},"excerpt":{"rendered":"<ul>\n<li>Ainutlaatuinen muotoilu<\/li>\n<li>Innovatiivinen, patentoitavana oleva kiuasrakenne<\/li>\n<li>Tilavuus 105 kg kivi\u00e4 (savupiippuh\u00e4kill\u00e4 lis\u00e4ksi 35-40 kg)<\/li>\n<li>Taloudellinen puun k\u00e4ytt\u00f6<\/li>\n<li>Alhainen ymp\u00e4rist\u00f6vaikutus<\/li>\n<li>Lempe\u00e4 ja pitk\u00e4kestoinen l\u00f6yly<\/li>\n<\/ul>\n<p>HIVE Flow Mini -saunakiuas erottuu ylpe\u00e4sti markkinoiden tehokkaimpana ja ymp\u00e4rist\u00f6yst\u00e4v\u00e4llisimp\u00e4n\u00e4 puul\u00e4mmitteisen\u00e4 saunakiukaana. Sen innovatiivinen muotoilu takaa, ett\u00e4 75 % polttopuun l\u00e4mm\u00f6st\u00e4 pysyy saunassa eik\u00e4 karkaa savupiipun kautta. Suuri kivim\u00e4\u00e4r\u00e4 s\u00e4ilytt\u00e4\u00e4 l\u00e4mm\u00f6n, tarjoten hyv\u00e4t l\u00f6ylyt yli 30 minuuttia tulen sammumisen j\u00e4lkeen.<\/p>\n","protected":false},"featured_media":99796,"comment_status":"open","ping_status":"closed","template":"","meta":{"_acf_changed":false},"factory":[],"free-shipment":[5019],"product_brand":[4433],"product_cat":[858,484],"product_tag":[859],"class_list":{"0":"post-87885","1":"product","2":"type-product","3":"status-publish","4":"has-post-thumbnail","6":"free-shipment-ilmainen-toimitus","7":"product_brand-huum-fi","8":"product_cat-huum-fi","9":"product_cat-saunan-kiukaat","10":"product_tag-huum-fi","12":"first","13":"instock","14":"sale","15":"taxable","16":"shipping-taxable","17":"purchasable","18":"product-type-simple"},"acf":[],"_links":{"self":[{"href":"https:\/\/factory.sale\/fi\/wp-json\/wp\/v2\/product\/87885","targetHints":{"allow":["GET"]}}],"collection":[{"href":"https:\/\/factory.sale\/fi\/wp-json\/wp\/v2\/product"}],"about":[{"href":"https:\/\/factory.sale\/fi\/wp-json\/wp\/v2\/types\/product"}],"replies":[{"embeddable":true,"href":"https:\/\/factory.sale\/fi\/wp-json\/wp\/v2\/comments?post=87885"}],"wp:featuredmedia":[{"embeddable":true,"href":"https:\/\/factory.sale\/fi\/wp-json\/wp\/v2\/media\/99796"}],"wp:attachment":[{"href":"https:\/\/factory.sale\/fi\/wp-json\/wp\/v2\/media?parent=87885"}],"wp:term":[{"taxonomy":"factory","embeddable":true,"href":"https:\/\/factory.sale\/fi\/wp-json\/wp\/v2\/factory?post=87885"},{"taxonomy":"free-shipment","embeddable":true,"href":"https:\/\/factory.sale\/fi\/wp-json\/wp\/v2\/free-shipment?post=87885"},{"taxonomy":"product_brand","embeddable":true,"href":"https:\/\/factory.sale\/fi\/wp-json\/wp\/v2\/product_brand?post=87885"},{"taxonomy":"product_cat","embeddable":true,"href":"https:\/\/factory.sale\/fi\/wp-json\/wp\/v2\/product_cat?post=87885"},{"taxonomy":"product_tag","embeddable":true,"href":"https:\/\/factory.sale\/fi\/wp-json\/wp\/v2\/product_tag?post=87885"}],"curies":[{"name":"wp","href":"https:\/\/api.w.org\/{rel}","templated":true}]}}