{"id":87712,"date":"2024-07-08T08:21:34","date_gmt":"2024-07-08T08:37:04","guid":{"rendered":"https:\/\/factory.sale\/?post_type=product&#038;p=87712"},"modified":"2026-04-25T13:33:13","modified_gmt":"2026-04-25T10:33:13","slug":"caliskan-takka-uuni-302","status":"publish","type":"product","link":"https:\/\/factory.sale\/fi\/tuote\/caliskan-takka-uuni-302\/","title":{"rendered":"\u00c7al\u0131\u015fkan takka + uuni 302"},"content":{"rendered":"<p>Vuodesta toiseen \u00c7al\u0131\u015fkan Heating Systems on s\u00e4ilytt\u00e4nyt sitoutumisensa laatuun ja innovaatioihin, kehittyen alansa johtajaksi. Ymp\u00e4rist\u00f6yst\u00e4v\u00e4llisten k\u00e4yt\u00e4nt\u00f6jen noudattaminen on heid\u00e4n tuotantoprosessinsa kulmakivi. \u00c7al\u0131\u015fkan Heating Systems k\u00e4ytt\u00e4\u00e4 tuotteissaan emalimaalia, joka on yksi ymp\u00e4rist\u00f6yst\u00e4v\u00e4llisimmist\u00e4 maalivaihtoehdoista. \u00c7al\u0131\u015fkan Heating Systems arvostaa paitsi tuotteiden laatua my\u00f6s ihmisten ja ymp\u00e4rist\u00f6n terveytt\u00e4.<\/p>\n<p>Heid\u00e4n tuotteillaan on ainutlaatuiset patentoituun hy\u00f6dyllisyysmalliin ja teolliseen muotoiluun liittyv\u00e4t oikeudet. Jokainen malli on huolellisesti suunniteltu parantamaan k\u00e4ytt\u00f6kokemusta, samalla painottaen visuaalista estetiikkaa. He tarjoavat laajan valikoiman tuotteita, jotka vastaavat erilaisia makuja ja sisustustarpeita. Yhdist\u00e4m\u00e4ll\u00e4 nykyaikaiset suunnitteluperiaatteet ja teknologian, he luovat moderneja ja visuaalisesti vaikuttavia tuotteita. Heid\u00e4n suunnitteluprosessinsa huomioi estetiikan, toiminnallisuuden ja kest\u00e4vyyden, ja jokainen malli analysoidaan ja hienos\u00e4\u00e4det\u00e4\u00e4n huolellisesti k\u00e4ytt\u00e4jien tarpeiden t\u00e4ytt\u00e4miseksi ja el\u00e4m\u00e4n helpottamiseksi. Jokainen yksityiskohta on suunniteltu tuomaan lis\u00e4arvoa asiakkaiden jokap\u00e4iv\u00e4iseen el\u00e4m\u00e4\u00e4n. Valmiit mallit k\u00e4yv\u00e4t l\u00e4pi kattavan testauksen. Sek\u00e4 suunnittelu- ett\u00e4 tuotantovaiheessa tiukka testaus, laadunvalvonta ja tarkastukset takaavat korkeimmat laatustandardit. T\u00e4m\u00e4 l\u00e4hestymistapa varmistaa, ett\u00e4 asiakkaat saavat luotettavia, kest\u00e4vi\u00e4 ja visuaalisesti houkuttelevia tuotteita. He pyrkiv\u00e4t ylitt\u00e4m\u00e4\u00e4n asiakkaiden odotukset yhdist\u00e4m\u00e4ll\u00e4 luovuuden ja laadun, ja heid\u00e4n ohjaavina periaatteinaan ovat innovaatio ja erinomaisuus, jotta he voivat suunnitella tuotteita, jotka vastaavat nykyaikaisen el\u00e4m\u00e4n vaatimuksia.<\/p>\n<p>&nbsp;<\/p>\n<p><strong>Tekniset tiedot:<\/strong><\/p>\n<ul>\n<li>Teho: 12,020 kW<\/li>\n<li>L\u00e4mm\u00f6nkest\u00e4v\u00e4t tulitiilet<\/li>\n<li>Mitat: syvyys 48,5 x leveys 49 x korkeus 104 cm<\/li>\n<li>L\u00e4mp\u00f6kapasiteetti: 120 m\u00b2<\/li>\n<li>Rautavalu (yl\u00e4levy, tulipes\u00e4n kansi, tulipes\u00e4n ritil\u00e4)<\/li>\n<li>Lasitettu emalipinnoite<\/li>\n<li>Savupiipun halkaisija: 130 mm<\/li>\n<li>L\u00e4mm\u00f6nkest\u00e4v\u00e4 keraaminen lasi<\/li>\n<li>Helppo puhdistaa<\/li>\n<li>Paksu metallilevy<\/li>\n<li>Paino: 100 kg<\/li>\n<li>Polttaa puuta<\/li>\n<\/ul>\n<p>&nbsp;<\/p>\n<p><strong>Sertifioitu:<\/strong><\/p>\n<ul>\n<li>Eco Design 2022<\/li>\n<li>BlmSchV:n (liittovaltion p\u00e4\u00e4st\u00f6nsuojeluasetus) 2. taso t\u00e4ytetty.<\/li>\n<li>CE<\/li>\n<li>15a B-VG<\/li>\n<li>Certificato Ambientale<\/li>\n<li>DEFRA:n hyv\u00e4ksym\u00e4<\/li>\n<\/ul>\n<p>&nbsp;<\/p>\n<p>&nbsp;<\/p>\n<p><em>K\u00e4yt\u00e4 vain hyv\u00e4ksytty\u00e4 polttoainetta \u2013 asianmukaisesti kuivattua ja halkaistua polttopuuta!<\/em><\/p>\n<p>&nbsp;<\/p>\n<div class=\"video-wrapper \"><iframe loading=\"lazy\" title=\"302-Fireplace Stove with Oven\" width=\"500\" height=\"281\" src=\"https:\/\/www.youtube.com\/embed\/0Rrzqi0B7kc?feature=oembed\" frameborder=\"0\" allow=\"accelerometer; autoplay; clipboard-write; encrypted-media; gyroscope; picture-in-picture; web-share\" referrerpolicy=\"strict-origin-when-cross-origin\" allowfullscreen><\/iframe><\/div>\n","protected":false},"excerpt":{"rendered":"<p>Vuodesta toiseen \u00c7al\u0131\u015fkan Heating Systems on s\u00e4ilytt\u00e4nyt sitoutumisensa laatuun ja innovaatioihin, kehittyen alansa johtajaksi. Ymp\u00e4rist\u00f6yst\u00e4v\u00e4llisten k\u00e4yt\u00e4nt\u00f6jen noudattaminen on heid\u00e4n tuotantoprosessinsa kulmakivi. \u00c7al\u0131\u015fkan Heating Systems k\u00e4ytt\u00e4\u00e4 tuotteissaan emalimaalia, joka on yksi ymp\u00e4rist\u00f6yst\u00e4v\u00e4llisimmist\u00e4 maalivaihtoehdoista. \u00c7al\u0131\u015fkan Heating Systems arvostaa paitsi tuotteiden laatua my\u00f6s ihmisten ja ymp\u00e4rist\u00f6n terveytt\u00e4.<\/p>\n<p>&nbsp;<\/p>\n<p>L\u00e4mmitett\u00e4v\u00e4 alue 10 \u2013 145m\u00b2.<\/p>\n","protected":false},"featured_media":87707,"comment_status":"open","ping_status":"closed","template":"","meta":{"_acf_changed":false},"factory":[],"free-shipment":[],"product_brand":[],"product_cat":[2787,1329],"product_tag":[2011],"class_list":{"0":"post-87712","1":"product","2":"type-product","3":"status-publish","4":"has-post-thumbnail","6":"product_cat-caliskan-fi","7":"product_cat-uunit","8":"product_tag-stove-fi","10":"first","11":"instock","12":"sale","13":"taxable","14":"shipping-taxable","15":"purchasable","16":"product-type-simple"},"acf":[],"_links":{"self":[{"href":"https:\/\/factory.sale\/fi\/wp-json\/wp\/v2\/product\/87712","targetHints":{"allow":["GET"]}}],"collection":[{"href":"https:\/\/factory.sale\/fi\/wp-json\/wp\/v2\/product"}],"about":[{"href":"https:\/\/factory.sale\/fi\/wp-json\/wp\/v2\/types\/product"}],"replies":[{"embeddable":true,"href":"https:\/\/factory.sale\/fi\/wp-json\/wp\/v2\/comments?post=87712"}],"wp:featuredmedia":[{"embeddable":true,"href":"https:\/\/factory.sale\/fi\/wp-json\/wp\/v2\/media\/87707"}],"wp:attachment":[{"href":"https:\/\/factory.sale\/fi\/wp-json\/wp\/v2\/media?parent=87712"}],"wp:term":[{"taxonomy":"factory","embeddable":true,"href":"https:\/\/factory.sale\/fi\/wp-json\/wp\/v2\/factory?post=87712"},{"taxonomy":"free-shipment","embeddable":true,"href":"https:\/\/factory.sale\/fi\/wp-json\/wp\/v2\/free-shipment?post=87712"},{"taxonomy":"product_brand","embeddable":true,"href":"https:\/\/factory.sale\/fi\/wp-json\/wp\/v2\/product_brand?post=87712"},{"taxonomy":"product_cat","embeddable":true,"href":"https:\/\/factory.sale\/fi\/wp-json\/wp\/v2\/product_cat?post=87712"},{"taxonomy":"product_tag","embeddable":true,"href":"https:\/\/factory.sale\/fi\/wp-json\/wp\/v2\/product_tag?post=87712"}],"curies":[{"name":"wp","href":"https:\/\/api.w.org\/{rel}","templated":true}]}}