{"id":87660,"date":"2024-02-19T22:01:18","date_gmt":"2024-07-07T17:40:46","guid":{"rendered":"https:\/\/factory.sale\/?post_type=product&#038;p=87660"},"modified":"2025-05-04T16:26:33","modified_gmt":"2025-05-04T13:26:33","slug":"caliskan-uuni-216-kotelo","status":"publish","type":"product","link":"https:\/\/factory.sale\/fi\/tuote\/caliskan-uuni-216-kotelo\/","title":{"rendered":"\u00c7al\u0131\u015fkan uuni 216-kotelo"},"content":{"rendered":"<p>Nauti alkuper\u00e4isest\u00e4 puu-uunista ja r\u00e4tisev\u00e4st\u00e4 tulesta!<\/p>\n<p>\u00c7al\u0131\u015fkan uunit edustavat kodin syd\u00e4nt\u00e4, jonka tunnemme ja muistamme lapsuudesta.<\/p>\n<p>Palotilan vieress\u00e4 ainutlaatuinen emaloitu uuni.<br \/>\nT\u00e4m\u00e4 malli tarjoaa tunnelmaa, l\u00e4mp\u00f6\u00e4 ja my\u00f6s mahdollisuuden valmistaa ruokia.<\/p>\n<p>Siirry vihre\u00e4mp\u00e4\u00e4n \u00c7al\u0131\u015fkan puu-uuneilla. Tehokas, ymp\u00e4rist\u00f6yst\u00e4v\u00e4llinen ja \u00e4\u00e4rimm\u00e4isen tyylik\u00e4s!<\/p>\n<p>Erinomaisen korkeuden ansiosta t\u00e4m\u00e4 uuni tarjoaa mahdollisuuden kypsent\u00e4\u00e4 sek\u00e4 punaista ett\u00e4 valkoista lihaa tandoorityyliin puulla!<\/p>\n<p>\u00c4l\u00e4 j\u00e4t\u00e4 v\u00e4liin mahdollisuutta muuttaa kotisi kodikkaaksi paratiisiksi!<br \/>\n\u00c7al\u0131\u015fkan takkapuu-uuni tuo eleganssia ja tehokkuutta. Todellinen mestariteos, joka puhtailla linjoillaan ja huippuluokan suorituskyvyll\u00e4\u00e4n on huoneesi syd\u00e4n.<\/p>\n<p>Valmistettu valuraudasta yli puolen vuosisadan \u00c7al\u0131\u015fkan-perinteell\u00e4, t\u00e4m\u00e4 uuni on t\u00e4ynn\u00e4 uusimpia teknologioita ja ominaisuuksia.<\/p>\n<p>S\u00e4\u00e4st\u00e4 rahaa ja resursseja! T\u00e4m\u00e4n \u00c7al\u0131\u015fkan puu-uunin l\u00e4mmitt\u00e4misen edut ovat vertaansa vailla, erityisesti syksyn ja talven v\u00e4lisen\u00e4 siirtym\u00e4kautena.<\/p>\n<p>&nbsp;<\/p>\n<p><strong>5 vuoden takuu!<\/strong><\/p>\n<p>&nbsp;<\/p>\n<p><strong>Tekniset tiedot:<\/strong><\/p>\n<ul>\n<li>Keraaminen kaksisein\u00e4inen l\u00e4mp\u00f6eriste oikealla ja vasemmalla sivulla<\/li>\n<li>Teho: 8,450 kW<\/li>\n<li>Tulenkest\u00e4v\u00e4t shamottitiilet<\/li>\n<li>Kaksoissyklinen uunij\u00e4rjestelm\u00e4<\/li>\n<li>(Laatikon sis\u00e4mitat): syvyys 33 \u00d7 leveys 74 \u00d7 korkeus 18 cm<\/li>\n<li>Mitat: syvyys 52 \u00d7 leveys 89 \u00d7 korkeus 91 cm<\/li>\n<li>L\u00e4mp\u00f6kapasiteetti: 84 m\u00b2<\/li>\n<li>Valurautaiset osat: yl\u00e4levy, kannet, arina<\/li>\n<li>Lasitettu emalipinnoite<\/li>\n<li>Savupiipun halkaisija: 130 mm<\/li>\n<li>L\u00e4mp\u00f6shokkia kest\u00e4v\u00e4 keraaminen lasi<\/li>\n<li>Helppo puhdistaa<\/li>\n<li>Kaksivaiheinen uuni l\u00e4mp\u00f6mittarilla<\/li>\n<li>Paksu metallilevy<\/li>\n<li>Paino: 139 kg<\/li>\n<li>(Halkolaatikon tilavuus): 44 litraa<\/li>\n<li>Polttoaine: puu<\/li>\n<\/ul>\n<p>&nbsp;<\/p>\n<p>&nbsp;<\/p>\n<p><strong>Sertifikaatit:<\/strong><\/p>\n<ul>\n<li>Eco Design 2022<\/li>\n<li>Toisen tason BlmSchV (liittovaltion p\u00e4\u00e4st\u00f6nsuoja-asetus) t\u00e4ytetty.<\/li>\n<li>CE<\/li>\n<li>15a B-VG<\/li>\n<li>Certificato Ambientale<\/li>\n<li>DEFRA hyv\u00e4ksytty<\/li>\n<\/ul>\n<p>&nbsp;<\/p>\n<p>&nbsp;<\/p>\n<p><em>Lue ja noudata k\u00e4ytt\u00f6ohjeita. <\/em><\/p>\n<p><em>K\u00e4yt\u00e4 vain hyv\u00e4ksytty\u00e4 polttoainetta &#8211; asianmukaisesti kuivattua ja pilkottua polttopuuta!<\/em><\/p>\n<p>&nbsp;<\/p>\n<p>&nbsp;<\/p>\n<p><a href=\"https:\/\/factory.sale\/wp-content\/uploads\/2024\/02\/214_216_CASING_212_USER_MANUAL_ENGLISH.pdf\" target=\"_blank\" rel=\"noopener\">K\u00e4ytt\u00f6- ja asennusohje<\/a><\/p>\n<p>&nbsp;<\/p>\n<p>&nbsp;<\/p>\n<div class=\"video-wrapper \"><iframe loading=\"lazy\" title=\"216 cas\" width=\"500\" height=\"281\" src=\"https:\/\/www.youtube.com\/embed\/v5RXadGaIpI?feature=oembed\" frameborder=\"0\" allow=\"accelerometer; autoplay; clipboard-write; encrypted-media; gyroscope; picture-in-picture; web-share\" referrerpolicy=\"strict-origin-when-cross-origin\" allowfullscreen><\/iframe><\/div>\n","protected":false},"excerpt":{"rendered":"<p>\u00c7ALI\u015eKAN 216 on monitoiminen puul\u00e4mmitteinen uuni, joka on upea mestariteos miss\u00e4 tahansa huoneessa. Se voi korkealla energiatehokkuudellaan l\u00e4mmitt\u00e4\u00e4 suuren huoneen, mutta samalla voit kypsent\u00e4\u00e4 ruokasi t\u00e4ydellisesti sen uunissa hyvin suunnitellulla l\u00e4mp\u00f6polulla. Saat todella kaiken irti jokaisesta puupalasta, jonka laitat sis\u00e4\u00e4n.<br \/>\nUunissa on nerokas ilmanvaihtoliukus\u00e4\u00e4din, joka poistaa ruoanhajut uunin sis\u00e4ll\u00e4 olevan savupiipun kautta.<\/p>\n<p>L\u00e4mmitett\u00e4v\u00e4 alue 10 \u2013 75m\u00b2.<\/p>\n<p>ILMAINEN TOIMITUS EU- ALUEELLA!<\/p>\n","protected":false},"featured_media":77373,"comment_status":"open","ping_status":"closed","template":"","meta":{"_acf_changed":false},"factory":[],"free-shipment":[],"product_brand":[],"product_cat":[2787,1329],"product_tag":[],"class_list":{"0":"post-87660","1":"product","2":"type-product","3":"status-publish","4":"has-post-thumbnail","6":"product_cat-caliskan-fi","7":"product_cat-uunit","9":"first","10":"instock","11":"sale","12":"taxable","13":"shipping-taxable","14":"purchasable","15":"product-type-simple"},"acf":[],"_links":{"self":[{"href":"https:\/\/factory.sale\/fi\/wp-json\/wp\/v2\/product\/87660","targetHints":{"allow":["GET"]}}],"collection":[{"href":"https:\/\/factory.sale\/fi\/wp-json\/wp\/v2\/product"}],"about":[{"href":"https:\/\/factory.sale\/fi\/wp-json\/wp\/v2\/types\/product"}],"replies":[{"embeddable":true,"href":"https:\/\/factory.sale\/fi\/wp-json\/wp\/v2\/comments?post=87660"}],"wp:featuredmedia":[{"embeddable":true,"href":"https:\/\/factory.sale\/fi\/wp-json\/wp\/v2\/media\/77373"}],"wp:attachment":[{"href":"https:\/\/factory.sale\/fi\/wp-json\/wp\/v2\/media?parent=87660"}],"wp:term":[{"taxonomy":"factory","embeddable":true,"href":"https:\/\/factory.sale\/fi\/wp-json\/wp\/v2\/factory?post=87660"},{"taxonomy":"free-shipment","embeddable":true,"href":"https:\/\/factory.sale\/fi\/wp-json\/wp\/v2\/free-shipment?post=87660"},{"taxonomy":"product_brand","embeddable":true,"href":"https:\/\/factory.sale\/fi\/wp-json\/wp\/v2\/product_brand?post=87660"},{"taxonomy":"product_cat","embeddable":true,"href":"https:\/\/factory.sale\/fi\/wp-json\/wp\/v2\/product_cat?post=87660"},{"taxonomy":"product_tag","embeddable":true,"href":"https:\/\/factory.sale\/fi\/wp-json\/wp\/v2\/product_tag?post=87660"}],"curies":[{"name":"wp","href":"https:\/\/api.w.org\/{rel}","templated":true}]}}