{"id":87454,"date":"2024-07-01T11:21:02","date_gmt":"2024-07-01T12:50:15","guid":{"rendered":"https:\/\/factory.sale\/?post_type=product&#038;p=87454"},"modified":"2024-07-01T12:50:41","modified_gmt":"2024-07-01T12:50:41","slug":"kaksoiskatos-varastolla-6m-x-77m-44mm","status":"publish","type":"product","link":"https:\/\/factory.sale\/fi\/tuote\/kaksoiskatos-varastolla-6m-x-77m-44mm\/","title":{"rendered":"Kaksoiskatos varastolla (6m x 7,7m) 44mm"},"content":{"rendered":"<p>Kaksoiskatos autoille varastolla on loistava valinta k\u00e4yt\u00e4nn\u00f6lliselle ihmiselle. Kaksi yhdess\u00e4 \u2013 klassisen tyylinen autokatos ja puinen varasto \u2013 t\u00e4llaisia tuotteita meill\u00e4 ei ole paljon, joten voit k\u00e4ytt\u00e4\u00e4 t\u00e4t\u00e4 tilaisuutta hankkia todella hyv\u00e4 vaihtoehto. Voit helposti pys\u00e4k\u00f6id\u00e4 kaksi autoa edest\u00e4 tai takaa. Varaston yhteydess\u00e4 olevassa m\u00f6kiss\u00e4 voit s\u00e4ilytt\u00e4\u00e4 tavaroita, joille ei ole tilaa talossa. T\u00e4\u00e4ll\u00e4 voit s\u00e4ilytt\u00e4\u00e4 autonrenkaat, jouset, puutarhaty\u00f6kalut tai muut esineet, jotka eiv\u00e4t sovi kotiin s\u00e4ilytett\u00e4v\u00e4ksi. Takaamme, ett\u00e4 t\u00e4m\u00e4 kaksoiskatos varastolla koristaa tonttiasi.<\/p>\n<p>&nbsp;<\/p>\n<p>&nbsp;<\/p>\n<p>&nbsp;<\/p>\n<p><strong>Tekniset tiedot:<\/strong><\/p>\n<p>Materiaali: Sertifioitu pohjoinen m\u00e4nty tai kuusi<br \/>\nUlkomitat (leveys x pituus): 595 cm x 770 cm<br \/>\nPinta-ala: 45 m\u00b2<br \/>\nHuoneiden m\u00e4\u00e4r\u00e4: 1<br \/>\nSein\u00e4n paksuus: 44 mm<br \/>\nSivusein\u00e4n korkeus: 223 cm<br \/>\nHarjakorkeus: 290,5 cm<br \/>\nKattomateriaalit: 18 mm \u2013 20 mm ponttilauta<br \/>\nLattiamateriaali: 18 mm \u2013 20 mm ponttilauta<br \/>\nKaton ylitys: 40 cm<br \/>\nIkkunoiden luukut: Ei sis\u00e4lly<br \/>\nOvi (leveys x korkeus): 85 cm x 192 cm (1 kpl)<br \/>\nIkkunat (leveys x korkeus): 138 cm x 105 cm (1 kpl); 70 cm x 105 cm (1 kpl)<br \/>\nKaton peite: Valinnainen<br \/>\nIkkunaluukut: \u2013<\/p>\n<p>&nbsp;<\/p>\n<p>&nbsp;<\/p>\n<p><strong>Kattomateriaali (bitumikattotiilet) 410 .-<\/strong><\/p>\n<p>Musta, vihre\u00e4, punainen<\/p>\n<p><img loading=\"lazy\" decoding=\"async\" class=\"alignnone wp-image-86158\" src=\"https:\/\/factory.sale\/wp-content\/uploads\/2024\/06\/colours-wooden-me-300x82.png\" alt=\"\" width=\"512\" height=\"140\" srcset=\"https:\/\/factory.sale\/wp-content\/uploads\/2024\/06\/colours-wooden-me-300x82.png 300w, https:\/\/factory.sale\/wp-content\/uploads\/2024\/06\/colours-wooden-me-150x41.png 150w, https:\/\/factory.sale\/wp-content\/uploads\/2024\/06\/colours-wooden-me-600x164.png 600w, https:\/\/factory.sale\/wp-content\/uploads\/2024\/06\/colours-wooden-me.png 638w\" sizes=\"auto, (max-width: 512px) 100vw, 512px\" \/><\/p>\n","protected":false},"excerpt":{"rendered":"<p>Kaksoiskatos autoille varastolla on loistava valinta k\u00e4yt\u00e4nn\u00f6lliselle ihmiselle. Kaksi yhdess\u00e4 \u2013 klassisen tyylinen autokatos ja puinen varasto \u2013 t\u00e4llaisia tuotteita meill\u00e4 ei ole paljon, joten voit k\u00e4ytt\u00e4\u00e4 t\u00e4t\u00e4 tilaisuutta hankkia todella hyv\u00e4 vaihtoehto. Voit helposti pys\u00e4k\u00f6id\u00e4 kaksi autoa edest\u00e4 tai takaa. Varaston yhteydess\u00e4 olevassa m\u00f6kiss\u00e4 voit s\u00e4ilytt\u00e4\u00e4 tavaroita, joille ei ole tilaa talossa. T\u00e4\u00e4ll\u00e4 voit s\u00e4ilytt\u00e4\u00e4 autonrenkaat, jouset, puutarhaty\u00f6kalut tai muut esineet, jotka eiv\u00e4t sovi kotiin s\u00e4ilytett\u00e4v\u00e4ksi. Takaamme, ett\u00e4 t\u00e4m\u00e4 kaksoiskatos varastolla koristaa tonttiasi.<\/p>\n","protected":false},"featured_media":87438,"comment_status":"open","ping_status":"closed","template":"","meta":{"_acf_changed":false},"factory":[],"free-shipment":[],"product_brand":[],"product_cat":[1339,997],"product_tag":[1488,1489],"class_list":{"0":"post-87454","1":"product","2":"type-product","3":"status-publish","4":"has-post-thumbnail","6":"product_cat-autokatokset","7":"product_cat-piha-puutarha-fi","8":"product_tag-garden-fi","9":"product_tag-yard-fi","11":"first","12":"instock","13":"sale","14":"taxable","15":"shipping-taxable","16":"purchasable","17":"product-type-simple"},"acf":[],"_links":{"self":[{"href":"https:\/\/factory.sale\/fi\/wp-json\/wp\/v2\/product\/87454","targetHints":{"allow":["GET"]}}],"collection":[{"href":"https:\/\/factory.sale\/fi\/wp-json\/wp\/v2\/product"}],"about":[{"href":"https:\/\/factory.sale\/fi\/wp-json\/wp\/v2\/types\/product"}],"replies":[{"embeddable":true,"href":"https:\/\/factory.sale\/fi\/wp-json\/wp\/v2\/comments?post=87454"}],"wp:featuredmedia":[{"embeddable":true,"href":"https:\/\/factory.sale\/fi\/wp-json\/wp\/v2\/media\/87438"}],"wp:attachment":[{"href":"https:\/\/factory.sale\/fi\/wp-json\/wp\/v2\/media?parent=87454"}],"wp:term":[{"taxonomy":"factory","embeddable":true,"href":"https:\/\/factory.sale\/fi\/wp-json\/wp\/v2\/factory?post=87454"},{"taxonomy":"free-shipment","embeddable":true,"href":"https:\/\/factory.sale\/fi\/wp-json\/wp\/v2\/free-shipment?post=87454"},{"taxonomy":"product_brand","embeddable":true,"href":"https:\/\/factory.sale\/fi\/wp-json\/wp\/v2\/product_brand?post=87454"},{"taxonomy":"product_cat","embeddable":true,"href":"https:\/\/factory.sale\/fi\/wp-json\/wp\/v2\/product_cat?post=87454"},{"taxonomy":"product_tag","embeddable":true,"href":"https:\/\/factory.sale\/fi\/wp-json\/wp\/v2\/product_tag?post=87454"}],"curies":[{"name":"wp","href":"https:\/\/api.w.org\/{rel}","templated":true}]}}