{"id":87427,"date":"2024-07-01T11:01:23","date_gmt":"2024-07-01T11:08:47","guid":{"rendered":"https:\/\/factory.sale\/?post_type=product&#038;p=87427"},"modified":"2025-11-12T17:20:44","modified_gmt":"2025-11-12T14:20:44","slug":"autokatos-matkailuautolle-104-m-x-54-m-x-41-m","status":"publish","type":"product","link":"https:\/\/factory.sale\/fi\/tuote\/autokatos-matkailuautolle-104-m-x-54-m-x-41-m\/","title":{"rendered":"Autokatos matkailuautolle (10,4 m x 5,4 m x 4,1 m)"},"content":{"rendered":"<p>Jos sinulla on matkailuauto, tarvitset autokatoksen joka suojaa sit\u00e4 s\u00e4\u00e4lt\u00e4 ja tarjoaa helpon p\u00e4\u00e4syn. Autokatos on yksinkertainen rakenne, jossa on pylv\u00e4iden tukema katto, ilman seini\u00e4 tai ovia. Matkailuauto on ajoneuvo, jota voit k\u00e4ytt\u00e4\u00e4 matkustamiseen ja nukkumiseen, samalla tavoin kuin asuntoauto tai retkeilyauto. Autokatoksessa on suuri sis\u00e4\u00e4najokorkeus 310 cm, joka sopii useimmille matkailuautoille tai sit\u00e4 voidaan k\u00e4ytt\u00e4\u00e4 traktorin parkkeeraukseen. Se on monipuolinen ja k\u00e4tev\u00e4 ratkaisu ajoneuvollesi. Tilaa autokatoksesi t\u00e4n\u00e4\u00e4n ja nauti sen eduista!<\/p>\n<p>&nbsp;<\/p>\n<p>&nbsp;<\/p>\n<p><strong>Tekniset tiedot:<\/strong><\/p>\n<p>Rakennusmateriaali: Sertifioitu luonnollinen pohjoismainen m\u00e4nty<br \/>\nUlkomitat: 1004 x 540 cm<br \/>\nHarjakorkeus: 411 cm<br \/>\nKatto: 18-20 mm kattolaudat<br \/>\nSis\u00e4\u00e4najokorkeus: 310 cm<br \/>\nAutokatoksen tukipalkkien mitat: 18\u00d718 cm, 10 kpl<br \/>\nKaton pinta-ala: 61 m\u00b2<br \/>\nKaton ylitys: 20 cm<br \/>\nBitumikatto: Katon peite on saatavana lis\u00e4hintaan<br \/>\nKattokaltevuus: 13,8\u00b0<\/p>\n<p>&nbsp;<\/p>\n<p>&nbsp;<\/p>\n<p><strong>Bitumi huopakatto: 817,6 .-<\/strong><\/p>\n<p>Musta, vihre\u00e4, punainen<br \/>\n<img loading=\"lazy\" decoding=\"async\" class=\"alignnone wp-image-86158\" src=\"https:\/\/factory.sale\/wp-content\/uploads\/2024\/06\/colours-wooden-me-300x82.png\" alt=\"\" width=\"673\" height=\"184\" srcset=\"https:\/\/factory.sale\/wp-content\/uploads\/2024\/06\/colours-wooden-me-300x82.png 300w, https:\/\/factory.sale\/wp-content\/uploads\/2024\/06\/colours-wooden-me-150x41.png 150w, https:\/\/factory.sale\/wp-content\/uploads\/2024\/06\/colours-wooden-me-600x164.png 600w, https:\/\/factory.sale\/wp-content\/uploads\/2024\/06\/colours-wooden-me.png 638w\" sizes=\"auto, (max-width: 673px) 100vw, 673px\" \/><\/p>\n<p>&nbsp;<\/p>\n<p>&nbsp;<\/p>\n<p>&nbsp;<\/p>\n","protected":false},"excerpt":{"rendered":"<p>Jos sinulla on matkailuauto, tarvitset autokatoksen joka suojaa sit\u00e4 s\u00e4\u00e4lt\u00e4 ja tarjoaa helpon p\u00e4\u00e4syn. Autokatos on yksinkertainen rakenne, jossa on pylv\u00e4iden tukema katto, ilman seini\u00e4 tai ovia. Matkailuauto on ajoneuvo, jota voit k\u00e4ytt\u00e4\u00e4 matkustamiseen ja nukkumiseen, samalla tavoin kuin asuntoauto tai retkeilyauto. Autokatoksessa on suuri sis\u00e4\u00e4najokorkeus 310 cm, joka sopii useimmille matkailuautoille tai sit\u00e4 voidaan k\u00e4ytt\u00e4\u00e4 traktorin parkkeeraukseen. Se on monipuolinen ja k\u00e4tev\u00e4 ratkaisu ajoneuvollesi. Tilaa autokatoksesi t\u00e4n\u00e4\u00e4n ja nauti sen eduista!<\/p>\n","protected":false},"featured_media":87408,"comment_status":"open","ping_status":"closed","template":"","meta":{"_acf_changed":false},"factory":[],"free-shipment":[],"product_brand":[],"product_cat":[1339,997],"product_tag":[1487,1488,1489],"class_list":{"0":"post-87427","1":"product","2":"type-product","3":"status-publish","4":"has-post-thumbnail","6":"product_cat-autokatokset","7":"product_cat-piha-puutarha-fi","8":"product_tag-carport-fi","9":"product_tag-garden-fi","10":"product_tag-yard-fi","12":"first","13":"instock","14":"sale","15":"taxable","16":"shipping-taxable","17":"purchasable","18":"product-type-simple"},"acf":[],"_links":{"self":[{"href":"https:\/\/factory.sale\/fi\/wp-json\/wp\/v2\/product\/87427","targetHints":{"allow":["GET"]}}],"collection":[{"href":"https:\/\/factory.sale\/fi\/wp-json\/wp\/v2\/product"}],"about":[{"href":"https:\/\/factory.sale\/fi\/wp-json\/wp\/v2\/types\/product"}],"replies":[{"embeddable":true,"href":"https:\/\/factory.sale\/fi\/wp-json\/wp\/v2\/comments?post=87427"}],"wp:featuredmedia":[{"embeddable":true,"href":"https:\/\/factory.sale\/fi\/wp-json\/wp\/v2\/media\/87408"}],"wp:attachment":[{"href":"https:\/\/factory.sale\/fi\/wp-json\/wp\/v2\/media?parent=87427"}],"wp:term":[{"taxonomy":"factory","embeddable":true,"href":"https:\/\/factory.sale\/fi\/wp-json\/wp\/v2\/factory?post=87427"},{"taxonomy":"free-shipment","embeddable":true,"href":"https:\/\/factory.sale\/fi\/wp-json\/wp\/v2\/free-shipment?post=87427"},{"taxonomy":"product_brand","embeddable":true,"href":"https:\/\/factory.sale\/fi\/wp-json\/wp\/v2\/product_brand?post=87427"},{"taxonomy":"product_cat","embeddable":true,"href":"https:\/\/factory.sale\/fi\/wp-json\/wp\/v2\/product_cat?post=87427"},{"taxonomy":"product_tag","embeddable":true,"href":"https:\/\/factory.sale\/fi\/wp-json\/wp\/v2\/product_tag?post=87427"}],"curies":[{"name":"wp","href":"https:\/\/api.w.org\/{rel}","templated":true}]}}