{"id":87394,"date":"2024-07-01T10:24:23","date_gmt":"2024-07-01T10:37:13","guid":{"rendered":"https:\/\/factory.sale\/?post_type=product&#038;p=87394"},"modified":"2024-07-01T10:37:32","modified_gmt":"2024-07-01T10:37:32","slug":"kaksinkertainen-puinen-autokatos-varastolla-ja-sivuseinilla-luna-duo-f-plus-76x56-m","status":"publish","type":"product","link":"https:\/\/factory.sale\/fi\/tuote\/kaksinkertainen-puinen-autokatos-varastolla-ja-sivuseinilla-luna-duo-f-plus-76x56-m\/","title":{"rendered":"Kaksinkertainen puinen autokatos varastolla ja sivuseinill\u00e4 LUNA DUO F PLUS (7,6\u00d75,6 m)"},"content":{"rendered":"<p>Tukeva ja luotettava LUNA F PLUS autokatos on hyv\u00e4 valinta, jos haluat laajentaa puutarhaasi tyylikk\u00e4\u00e4ll\u00e4 ja toiminnallisella autokatoksella. Luonnon pehme\u00e4st\u00e4 puusta valmistettu autokatos takaa ajoneuvon oikean suojan ja optimaalisen ilmanvaihdon kaikissa olosuhteissa. T\u00e4m\u00e4n mallin yksi hy\u00f6dyllisimmist\u00e4 ominaisuuksista \u2013 k\u00e4yt\u00e4nn\u00f6lliset s\u00e4ilytyslokerot \u2013 auttaa sinua sijoittamaan turvallisesti kaikki esineet, jotka yleens\u00e4 ovat ymp\u00e4riins\u00e4.<\/p>\n<p>&nbsp;<\/p>\n<p><strong>Valitse haluamasi sivuseinien m\u00e4\u00e4r\u00e4<\/strong><\/p>\n<p>T\u00e4m\u00e4 kaksinkertainen puinen autokatos on varustettu kahdella sivusein\u00e4ll\u00e4, jotka koostuvat puukehyksest\u00e4 ja pystysuorasta rimoituksesta, mik\u00e4 tarjoaa erinomaisen suojan ajoneuvollesi. Autokatoksen rakennetta voi helposti muokata lis\u00e4paneeleilla meid\u00e4n lis\u00e4varustevalikoimastamme, lis\u00e4\u00e4m\u00e4ll\u00e4 tai poistamalla sivuseini\u00e4. Voit yksinkertaisesti valita puupaneelien m\u00e4\u00e4r\u00e4n, jotka haluat asentaa autokatoksen sivuille.<\/p>\n<p>&nbsp;<\/p>\n<p><strong>Mallin kohokohdat:<\/strong><\/p>\n<p>\u2022 Hintaan sis\u00e4ltyy kaksi autokatoksen sivusein\u00e4paneelia lis\u00e4suojaksi. Sivusein\u00e4paneelien m\u00e4\u00e4r\u00e4\u00e4 voi my\u00f6s vaihdella nollasta kolmeen.<br \/>\n\u2022 Tyylik\u00e4s tasakatto antaa ainutlaatuisen, modernin ilmeen.<br \/>\n\u2022 Kaksi tehokasta s\u00e4ilytystilaa (kumpikin 5 m\u00b2) k\u00e4yt\u00e4nn\u00f6lliseen puutarhaty\u00f6kalujen, v\u00e4lineiden ja laitteiden s\u00e4ilytykseen.<\/p>\n<p>&nbsp;<\/p>\n<p><strong>Tekniset tiedot:<\/strong><\/p>\n<p>Materiaali: Sertifioitu pohjoinen m\u00e4nty tai kuusi<br \/>\nUlkomitat (leveys x pituus): 765 cm x 565 cm<br \/>\nSis\u00e4mitat (leveys x pituus): 720 cm x 520 cm<br \/>\nSein\u00e4n paksuus: Paneeli on p\u00e4\u00e4llystetty 20 mm laudoilla molemmilla puolilla. Kehyksen puun mitat ovat 45 mm x 70 mm, lautojen mitat ovat 120 mm x 20 mm, kiinnitetty pystysuoraan 25 mm v\u00e4lein. Puu jokaiselle paneelille toimitetaan erikseen.<br \/>\nHarjakorkeus: 230 cm<br \/>\nSivusein\u00e4n korkeus: 210 cm<br \/>\nKattomateriaalit: 19 mm \u2013 20 mm ponttilauta<br \/>\nLattiamateriaali: 19 mm \u2013 20 mm ponttilauta<br \/>\nKaton pinta-ala: 43,66 m\u00b2<br \/>\nHuoneiden m\u00e4\u00e4r\u00e4: 3<br \/>\nOvi (leveys x korkeus): 2* 85 cm x 192 cm<\/p>\n<p>&nbsp;<\/p>\n<p>&nbsp;<\/p>\n<p><strong>Lis\u00e4paneeli 2,6 m x 2 m<\/strong> \/ 347,2 .-<\/p>\n","protected":false},"excerpt":{"rendered":"<p>Tukeva ja luotettava LUNA F PLUS autokatos on hyv\u00e4 valinta, jos haluat laajentaa puutarhaasi tyylikk\u00e4\u00e4ll\u00e4 ja toiminnallisella autokatoksella. Luonnon pehme\u00e4st\u00e4 puusta valmistettu autokatos takaa ajoneuvon oikean suojan ja optimaalisen ilmanvaihdon kaikissa olosuhteissa. T\u00e4m\u00e4n mallin yksi hy\u00f6dyllisimmist\u00e4 ominaisuuksista \u2013 k\u00e4yt\u00e4nn\u00f6lliset s\u00e4ilytyslokerot \u2013 auttaa sinua sijoittamaan turvallisesti kaikki esineet, jotka yleens\u00e4 ovat ymp\u00e4riins\u00e4.<\/p>\n","protected":false},"featured_media":87373,"comment_status":"open","ping_status":"closed","template":"","meta":{"_acf_changed":false},"factory":[],"free-shipment":[],"product_brand":[],"product_cat":[1339,997],"product_tag":[1488,1489],"class_list":{"0":"post-87394","1":"product","2":"type-product","3":"status-publish","4":"has-post-thumbnail","6":"product_cat-autokatokset","7":"product_cat-piha-puutarha-fi","8":"product_tag-garden-fi","9":"product_tag-yard-fi","11":"first","12":"instock","13":"sale","14":"taxable","15":"shipping-taxable","16":"purchasable","17":"product-type-simple"},"acf":[],"_links":{"self":[{"href":"https:\/\/factory.sale\/fi\/wp-json\/wp\/v2\/product\/87394","targetHints":{"allow":["GET"]}}],"collection":[{"href":"https:\/\/factory.sale\/fi\/wp-json\/wp\/v2\/product"}],"about":[{"href":"https:\/\/factory.sale\/fi\/wp-json\/wp\/v2\/types\/product"}],"replies":[{"embeddable":true,"href":"https:\/\/factory.sale\/fi\/wp-json\/wp\/v2\/comments?post=87394"}],"wp:featuredmedia":[{"embeddable":true,"href":"https:\/\/factory.sale\/fi\/wp-json\/wp\/v2\/media\/87373"}],"wp:attachment":[{"href":"https:\/\/factory.sale\/fi\/wp-json\/wp\/v2\/media?parent=87394"}],"wp:term":[{"taxonomy":"factory","embeddable":true,"href":"https:\/\/factory.sale\/fi\/wp-json\/wp\/v2\/factory?post=87394"},{"taxonomy":"free-shipment","embeddable":true,"href":"https:\/\/factory.sale\/fi\/wp-json\/wp\/v2\/free-shipment?post=87394"},{"taxonomy":"product_brand","embeddable":true,"href":"https:\/\/factory.sale\/fi\/wp-json\/wp\/v2\/product_brand?post=87394"},{"taxonomy":"product_cat","embeddable":true,"href":"https:\/\/factory.sale\/fi\/wp-json\/wp\/v2\/product_cat?post=87394"},{"taxonomy":"product_tag","embeddable":true,"href":"https:\/\/factory.sale\/fi\/wp-json\/wp\/v2\/product_tag?post=87394"}],"curies":[{"name":"wp","href":"https:\/\/api.w.org\/{rel}","templated":true}]}}