{"id":87334,"date":"2024-06-30T22:54:01","date_gmt":"2024-06-30T23:01:41","guid":{"rendered":"https:\/\/factory.sale\/?post_type=product&#038;p=87334"},"modified":"2024-07-08T12:08:19","modified_gmt":"2024-07-08T12:08:19","slug":"autotalli-kaksoiskatos-4m-x-6m-55m-x-6m","status":"publish","type":"product","link":"https:\/\/factory.sale\/fi\/tuote\/autotalli-kaksoiskatos-4m-x-6m-55m-x-6m\/","title":{"rendered":"Autotalli + kaksoiskatos (4m x 6m + 5,5m x 6m)"},"content":{"rendered":"<p>Autotalli, jossa on kaksoiskatos, on monipuolinen ratkaisu ajoneuvojen pys\u00e4k\u00f6intiin. Jos haluat suojata autoasi auringolta tai sateelta, mutta tarvitset autoa jatkuvasti, katos tarjoaa autollesi suojaa. Jos l\u00e4hdet pidemm\u00e4lle matkalle tai tarvitset turvallista paikkaa auton, kerross\u00e4nkyjen tai jopa huonekalujen s\u00e4ilytykseen, autotalli sopii my\u00f6s n\u00e4ihin tarpeisiin.<\/p>\n<p>&nbsp;<\/p>\n<p><strong>Tekniset tiedot:<\/strong><\/p>\n<p>Rakennusmateriaali: Sertifioitu luonnollinen pohjoismainen m\u00e4nty<br \/>\nUlkomitat: 400 cm x 595 cm + 550 cm x 595 cm<br \/>\nHuoneiden m\u00e4\u00e4r\u00e4: 2<br \/>\nSein\u00e4n paksuus: 44 mm<br \/>\nSivusein\u00e4n korkeus: 229.5 cm<br \/>\nHarjakorkeus: 297\u00a0cm<br \/>\nKatto: 19-20 mm kattolaudat<br \/>\nSis\u00e4\u00e4najokorkeus: 30 cm<br \/>\nOvi: 85 cm x 192 cm (1 kpl); 240 cm x 205 cm (autotallin ovet)<br \/>\nIkkunat: 138 cm x 105 cm (1 kpl)<br \/>\nKaton pinta-ala: 63 m\u00b2<\/p>\n<p><strong>V\u00e4rit:<\/strong><\/p>\n<p>Musta, vihre\u00e4, punainen<\/p>\n<p><img loading=\"lazy\" decoding=\"async\" class=\"alignnone wp-image-86156\" src=\"https:\/\/factory.sale\/wp-content\/uploads\/2024\/06\/colours-wooden-me-300x82.png\" alt=\"\" width=\"454\" height=\"124\" srcset=\"https:\/\/factory.sale\/wp-content\/uploads\/2024\/06\/colours-wooden-me-300x82.png 300w, https:\/\/factory.sale\/wp-content\/uploads\/2024\/06\/colours-wooden-me-150x41.png 150w, https:\/\/factory.sale\/wp-content\/uploads\/2024\/06\/colours-wooden-me-600x164.png 600w, https:\/\/factory.sale\/wp-content\/uploads\/2024\/06\/colours-wooden-me.png 638w\" sizes=\"auto, (max-width: 454px) 100vw, 454px\" \/><\/p>\n<p><strong>Tallin portit:<\/strong><\/p>\n<p>Puinen portti 0 \u20ac<\/p>\n<p>Osittainen autotallin portti 554,4 \u20ac<\/p>\n<p>(Ilman porttia &#8211; 300 \u20ac)<\/p>\n<p><strong>Autokatoksessa k\u00e4ytetyt laudat (19 &#8211; 20 mm):<\/strong><\/p>\n<p>Takasein\u00e4laudat 492,8 .-<\/p>\n<p>Sivusein\u00e4laudat 492,8 .-<\/p>\n<div class=\"video-wrapper \"><iframe loading=\"lazy\" title=\"How To Build a Log Cabin | Assembly Instructions\" width=\"500\" height=\"281\" src=\"https:\/\/www.youtube.com\/embed\/k9kK04ZBp0o?feature=oembed\" frameborder=\"0\" allow=\"accelerometer; autoplay; clipboard-write; encrypted-media; gyroscope; picture-in-picture; web-share\" referrerpolicy=\"strict-origin-when-cross-origin\" allowfullscreen><\/iframe><\/div>\n<p>&nbsp;<\/p>\n<div class=\"video-wrapper \"><iframe loading=\"lazy\" title=\"Hoe monteer je dakshingles voor zadeldaken?\" width=\"500\" height=\"281\" src=\"https:\/\/www.youtube.com\/embed\/9S4j3SFXrjM?feature=oembed\" frameborder=\"0\" allow=\"accelerometer; autoplay; clipboard-write; encrypted-media; gyroscope; picture-in-picture; web-share\" referrerpolicy=\"strict-origin-when-cross-origin\" allowfullscreen><\/iframe><\/div>\n<p>&nbsp;<\/p>\n<div class=\"video-wrapper \"><iframe loading=\"lazy\" title=\"Skype Video\" width=\"422\" height=\"750\" src=\"https:\/\/www.youtube.com\/embed\/n-6seNYdEBk?feature=oembed\" frameborder=\"0\" allow=\"accelerometer; autoplay; clipboard-write; encrypted-media; gyroscope; picture-in-picture; web-share\" referrerpolicy=\"strict-origin-when-cross-origin\" allowfullscreen><\/iframe><\/div>\n<p>&nbsp;<\/p>\n","protected":false},"excerpt":{"rendered":"<p>Autotalli, jossa on kaksoiskatos, on monipuolinen ratkaisu ajoneuvojen pys\u00e4k\u00f6intiin. Jos haluat suojata autoasi auringolta tai sateelta, mutta tarvitset autoa jatkuvasti, katos tarjoaa autollesi suojaa. Jos l\u00e4hdet pidemm\u00e4lle matkalle tai tarvitset turvallista paikkaa auton, kerross\u00e4nkyjen tai jopa huonekalujen s\u00e4ilytykseen, autotalli sopii my\u00f6s n\u00e4ihin tarpeisiin.<\/p>\n","protected":false},"featured_media":87324,"comment_status":"open","ping_status":"closed","template":"","meta":{"_acf_changed":false},"factory":[],"free-shipment":[],"product_brand":[],"product_cat":[1339,997],"product_tag":[1488,1489],"class_list":{"0":"post-87334","1":"product","2":"type-product","3":"status-publish","4":"has-post-thumbnail","6":"product_cat-autokatokset","7":"product_cat-piha-puutarha-fi","8":"product_tag-garden-fi","9":"product_tag-yard-fi","11":"first","12":"instock","13":"sale","14":"taxable","15":"shipping-taxable","16":"purchasable","17":"product-type-simple"},"acf":[],"_links":{"self":[{"href":"https:\/\/factory.sale\/fi\/wp-json\/wp\/v2\/product\/87334","targetHints":{"allow":["GET"]}}],"collection":[{"href":"https:\/\/factory.sale\/fi\/wp-json\/wp\/v2\/product"}],"about":[{"href":"https:\/\/factory.sale\/fi\/wp-json\/wp\/v2\/types\/product"}],"replies":[{"embeddable":true,"href":"https:\/\/factory.sale\/fi\/wp-json\/wp\/v2\/comments?post=87334"}],"wp:featuredmedia":[{"embeddable":true,"href":"https:\/\/factory.sale\/fi\/wp-json\/wp\/v2\/media\/87324"}],"wp:attachment":[{"href":"https:\/\/factory.sale\/fi\/wp-json\/wp\/v2\/media?parent=87334"}],"wp:term":[{"taxonomy":"factory","embeddable":true,"href":"https:\/\/factory.sale\/fi\/wp-json\/wp\/v2\/factory?post=87334"},{"taxonomy":"free-shipment","embeddable":true,"href":"https:\/\/factory.sale\/fi\/wp-json\/wp\/v2\/free-shipment?post=87334"},{"taxonomy":"product_brand","embeddable":true,"href":"https:\/\/factory.sale\/fi\/wp-json\/wp\/v2\/product_brand?post=87334"},{"taxonomy":"product_cat","embeddable":true,"href":"https:\/\/factory.sale\/fi\/wp-json\/wp\/v2\/product_cat?post=87334"},{"taxonomy":"product_tag","embeddable":true,"href":"https:\/\/factory.sale\/fi\/wp-json\/wp\/v2\/product_tag?post=87334"}],"curies":[{"name":"wp","href":"https:\/\/api.w.org\/{rel}","templated":true}]}}