{"id":87310,"date":"2024-06-30T22:11:57","date_gmt":"2024-06-30T22:30:15","guid":{"rendered":"https:\/\/factory.sale\/?post_type=product&#038;p=87310"},"modified":"2024-06-30T22:36:03","modified_gmt":"2024-06-30T22:36:03","slug":"kompakti-autotalli-katoksella-7m-x-6m-44mm","status":"publish","type":"product","link":"https:\/\/factory.sale\/fi\/tuote\/kompakti-autotalli-katoksella-7m-x-6m-44mm\/","title":{"rendered":"Kompakti autotalli katoksella (7m x 6m), 44mm"},"content":{"rendered":"<p>Kaksi yhdess\u00e4 \u2013 klassista tyyli\u00e4 edustava katos yhdistettyn\u00e4 puutaloon. T\u00e4h\u00e4n mahtuu helposti kaksi autoa. Voit s\u00e4ilytt\u00e4\u00e4 erilaisia tavaroita t\u00e4ss\u00e4 kompaktissa katollisessa autotallissa. T\u00e4\u00e4ll\u00e4 voit s\u00e4ilytt\u00e4\u00e4 autonrenkaat, polkupy\u00f6r\u00e4t, puutarhaty\u00f6kalut tai muut esineet, jotka eiv\u00e4t sovi kotiin s\u00e4ilytett\u00e4v\u00e4ksi.<\/p>\n<p>&nbsp;<\/p>\n<p>&nbsp;<\/p>\n<p><strong>Tekniset tiedot:<\/strong><\/p>\n<p>Materiaali: Sertifioitu pohjoinen m\u00e4nty tai kuusi<br \/>\nUlkomitat (leveys x pituus): 400 cm x 595 cm + 300 cm x 595 cm<br \/>\nSis\u00e4mitat (leveys x pituus): 369 cm x 561 cm + 283 cm x 565 cm<br \/>\nHuoneiden m\u00e4\u00e4r\u00e4: 1<br \/>\nSein\u00e4n paksuus: 44 mm<br \/>\nSivusein\u00e4n korkeus: 223 cm<br \/>\nHarjakorkeus: 303,5 cm<br \/>\nKattomateriaalit: 19 mm \u2013 20 mm ponttilauta<br \/>\nLattiamateriaali: Pakkaus ei sis\u00e4ll\u00e4 lattiaa<br \/>\nKaton ylitys: 30 cm<br \/>\nOvi (leveys x korkeus): 85 cm x 192 cm (1 kpl); 240 cm x 205 cm (autotallin ovi)<br \/>\nLasitus: Kaksinkertainen lasitus (5mm +10mm+5mm)<br \/>\nKaton ala \/ Kattokaltevuus: 50m\u00b2 \/ 16\u00b0<\/p>\n<p>&nbsp;<\/p>\n<p><strong>V\u00e4ri:<\/strong><\/p>\n<p>Musta, vihre\u00e4, punainen<\/p>\n<p><img loading=\"lazy\" decoding=\"async\" class=\"alignnone wp-image-86158\" src=\"https:\/\/factory.sale\/wp-content\/uploads\/2024\/06\/colours-wooden-me-300x82.png\" alt=\"\" width=\"534\" height=\"146\" srcset=\"https:\/\/factory.sale\/wp-content\/uploads\/2024\/06\/colours-wooden-me-300x82.png 300w, https:\/\/factory.sale\/wp-content\/uploads\/2024\/06\/colours-wooden-me-150x41.png 150w, https:\/\/factory.sale\/wp-content\/uploads\/2024\/06\/colours-wooden-me-600x164.png 600w, https:\/\/factory.sale\/wp-content\/uploads\/2024\/06\/colours-wooden-me.png 638w\" sizes=\"auto, (max-width: 534px) 100vw, 534px\" \/><\/p>\n<p>&nbsp;<\/p>\n<p><strong>Autotallin ovi:<\/strong><\/p>\n<p>Puiset autotallin ovet 0 .-<\/p>\n<p>Nosto-ovi 554,4 .-<\/p>\n<p>&nbsp;<\/p>\n<p>(Ilman autotallin ovea &#8211; 300 .-)<\/p>\n<p>&nbsp;<\/p>\n<p>&nbsp;<\/p>\n<p><strong>Kattomateriaali (bitumikattotiilet)<\/strong> 470,4 .-<\/p>\n<p>&nbsp;<\/p>\n<p>&nbsp;<\/p>\n<div class=\"video-wrapper \"><iframe loading=\"lazy\" title=\"How To Build a Log Cabin | Assembly Instructions\" width=\"500\" height=\"281\" src=\"https:\/\/www.youtube.com\/embed\/k9kK04ZBp0o?feature=oembed\" frameborder=\"0\" allow=\"accelerometer; autoplay; clipboard-write; encrypted-media; gyroscope; picture-in-picture; web-share\" referrerpolicy=\"strict-origin-when-cross-origin\" allowfullscreen><\/iframe><\/div>\n<p>&nbsp;<\/p>\n<div class=\"video-wrapper \"><iframe loading=\"lazy\" title=\"Hoe monteer je dakshingles voor zadeldaken?\" width=\"500\" height=\"281\" src=\"https:\/\/www.youtube.com\/embed\/9S4j3SFXrjM?feature=oembed\" frameborder=\"0\" allow=\"accelerometer; autoplay; clipboard-write; encrypted-media; gyroscope; picture-in-picture; web-share\" referrerpolicy=\"strict-origin-when-cross-origin\" allowfullscreen><\/iframe><\/div>\n<p>&nbsp;<\/p>\n<div class=\"video-wrapper \"><iframe loading=\"lazy\" title=\"Skype Video\" width=\"422\" height=\"750\" src=\"https:\/\/www.youtube.com\/embed\/n-6seNYdEBk?feature=oembed\" frameborder=\"0\" allow=\"accelerometer; autoplay; clipboard-write; encrypted-media; gyroscope; picture-in-picture; web-share\" referrerpolicy=\"strict-origin-when-cross-origin\" allowfullscreen><\/iframe><\/div>\n","protected":false},"excerpt":{"rendered":"<p>Kaksi yhdess\u00e4 \u2013 klassista tyyli\u00e4 edustava katos yhdistettyn\u00e4 puutaloon. T\u00e4h\u00e4n mahtuu helposti kaksi autoa. Voit s\u00e4ilytt\u00e4\u00e4 erilaisia tavaroita t\u00e4ss\u00e4 kompaktissa katollisessa autotallissa. T\u00e4\u00e4ll\u00e4 voit s\u00e4ilytt\u00e4\u00e4 autonrenkaat, polkupy\u00f6r\u00e4t, puutarhaty\u00f6kalut tai muut esineet, jotka eiv\u00e4t sovi kotiin s\u00e4ilytett\u00e4v\u00e4ksi.<\/p>\n","protected":false},"featured_media":87294,"comment_status":"open","ping_status":"closed","template":"","meta":{"_acf_changed":false},"factory":[],"free-shipment":[],"product_brand":[],"product_cat":[1339,997],"product_tag":[1488,1489],"class_list":{"0":"post-87310","1":"product","2":"type-product","3":"status-publish","4":"has-post-thumbnail","6":"product_cat-autokatokset","7":"product_cat-piha-puutarha-fi","8":"product_tag-garden-fi","9":"product_tag-yard-fi","11":"first","12":"instock","13":"sale","14":"taxable","15":"shipping-taxable","16":"purchasable","17":"product-type-simple"},"acf":[],"_links":{"self":[{"href":"https:\/\/factory.sale\/fi\/wp-json\/wp\/v2\/product\/87310","targetHints":{"allow":["GET"]}}],"collection":[{"href":"https:\/\/factory.sale\/fi\/wp-json\/wp\/v2\/product"}],"about":[{"href":"https:\/\/factory.sale\/fi\/wp-json\/wp\/v2\/types\/product"}],"replies":[{"embeddable":true,"href":"https:\/\/factory.sale\/fi\/wp-json\/wp\/v2\/comments?post=87310"}],"wp:featuredmedia":[{"embeddable":true,"href":"https:\/\/factory.sale\/fi\/wp-json\/wp\/v2\/media\/87294"}],"wp:attachment":[{"href":"https:\/\/factory.sale\/fi\/wp-json\/wp\/v2\/media?parent=87310"}],"wp:term":[{"taxonomy":"factory","embeddable":true,"href":"https:\/\/factory.sale\/fi\/wp-json\/wp\/v2\/factory?post=87310"},{"taxonomy":"free-shipment","embeddable":true,"href":"https:\/\/factory.sale\/fi\/wp-json\/wp\/v2\/free-shipment?post=87310"},{"taxonomy":"product_brand","embeddable":true,"href":"https:\/\/factory.sale\/fi\/wp-json\/wp\/v2\/product_brand?post=87310"},{"taxonomy":"product_cat","embeddable":true,"href":"https:\/\/factory.sale\/fi\/wp-json\/wp\/v2\/product_cat?post=87310"},{"taxonomy":"product_tag","embeddable":true,"href":"https:\/\/factory.sale\/fi\/wp-json\/wp\/v2\/product_tag?post=87310"}],"curies":[{"name":"wp","href":"https:\/\/api.w.org\/{rel}","templated":true}]}}