{"id":87286,"date":"2024-06-30T21:45:27","date_gmt":"2024-06-30T22:01:33","guid":{"rendered":"https:\/\/factory.sale\/?post_type=product&#038;p=87286"},"modified":"2026-05-08T01:40:47","modified_gmt":"2026-05-07T22:40:47","slug":"autotalli-kaksoiskatoksella-57-m%c2%b2","status":"publish","type":"product","link":"https:\/\/factory.sale\/fi\/tuote\/autotalli-kaksoiskatoksella-57-m%c2%b2\/","title":{"rendered":"Autotalli kaksoiskatoksella 57 m\u00b2"},"content":{"rendered":"<p><strong>Runsaasti tilaa ja turvallista suojaa<\/strong><\/p>\n<p>Paranna pihapiiri\u00e4si tilavalla 57 m\u00b2 autotallilla, johon sis\u00e4ltyy kahden auton autokatos. Huolellisesti luonnollisesta pohjoismaisesta m\u00e4nnyst\u00e4 valmistettu kokonaisuus yhdist\u00e4\u00e4 k\u00e4yt\u00e4nn\u00f6llisyyden ja tyylikk\u00e4\u00e4n ulkon\u00e4\u00f6n tarjoten ajoneuvoillesi sek\u00e4 kest\u00e4v\u00e4n ett\u00e4 esteettisen suojan.<\/p>\n<p>&nbsp;<\/p>\n<p><strong>Tinkim\u00e4t\u00f6nt\u00e4 kest\u00e4vyytt\u00e4 ja s\u00e4\u00e4suojaa<\/strong><\/p>\n<p>Rakenteessa on 44 mm:n sein\u00e4vahvuus ja reilu korkeus, mik\u00e4 takaa erinomaisen tukevuuden sek\u00e4 helpon liikkumisen autotallin sis\u00e4ll\u00e4. Vankka ja hyvin suunniteltu katto tarjoaa tehokkaan suojan vaihtelevia s\u00e4\u00e4olosuhteita vastaan.<\/p>\n<p>&nbsp;<\/p>\n<p><strong>Turvallinen ja helposti asennettava ratkaisu<\/strong><\/p>\n<p>T\u00e4m\u00e4 autotalli autokatoksella tarjoaa turvallisen pys\u00e4k\u00f6intipaikan kaksinkertaisten ikkunoiden ja tukevan lukon ansiosta. Se on suunniteltu my\u00f6s helppoa asennusta varten, ja toimitukseen sis\u00e4ltyv\u00e4t kaikki tarvittavat asennustarvikkeet. Lis\u00e4varusteena saatava lattiamateriaali viimeistelee t\u00e4m\u00e4n k\u00e4yt\u00e4nn\u00f6llisen ja kokonaisvaltaisen ratkaisun kotiisi.<\/p>\n<p>&nbsp;<\/p>\n<p>&nbsp;<\/p>\n<p>&nbsp;<\/p>\n<p><strong>Tekniset tiedot:<\/strong><\/p>\n<ul>\n<li>Materiaali: luonnollinen Siperian \/ pohjoismainen m\u00e4nty<\/li>\n<li>Ulkomitat (leveys \u00d7 pituus): 400 \u00d7 595 cm autotalli + 550 \u00d7 595 cm autokatos<\/li>\n<li>Sis\u00e4mitat (leveys \u00d7 pituus): 373 \u00d7 565 cm autotalli + 521 \u00d7 565 cm autokatos<\/li>\n<li>Sein\u00e4vahvuus: 44 mm<\/li>\n<li>Sein\u00e4n korkeus: 229,5 cm<\/li>\n<li>Kokonaiskorkeus harjalta: 297 cm<\/li>\n<li>Kattomateriaali: 19\u201320 mm kattolaudat<\/li>\n<li>Lattiamateriaali: lattia ei sis\u00e4lly hintaan, saatavana lis\u00e4maksusta<\/li>\n<li>Kattoala: 63 m\u00b2<\/li>\n<li>R\u00e4yst\u00e4s: 30 cm<\/li>\n<li>Ovi (leveys \u00d7 korkeus): 85 \u00d7 192 cm, 1 kpl<\/li>\n<li>Autotallin ovi (leveys \u00d7 korkeus): 240 \u00d7 205 cm<\/li>\n<li>Ikkuna (leveys \u00d7 korkeus): 145 \u00d7 45 cm, 1 kpl<\/li>\n<li>Katemateriaali: lis\u00e4varuste<\/li>\n<li>Kaksinkertaiset lasit<\/li>\n<li>Oven lukko sylinterill\u00e4 ja avaimella<\/li>\n<li>S\u00e4\u00e4dett\u00e4v\u00e4t saranat oviin ja ikkunoihin<\/li>\n<li>Naulat ja ruuvit asennusta varten<\/li>\n<\/ul>\n<p>&nbsp;<\/p>\n<p>&nbsp;<\/p>\n<p>Puinen autotallin ovi: 518,65 \u20ac<\/p>\n<p>Nosto-ovi: 1012,00 \u20ac<\/p>\n<p>&nbsp;<\/p>\n<p>&nbsp;<\/p>\n<p>&nbsp;<\/p>\n<p>Bitumipaanukate: 764,75 \u20ac<\/p>\n<p><img loading=\"lazy\" decoding=\"async\" class=\"alignnone wp-image-86156\" src=\"https:\/\/factory.sale\/wp-content\/uploads\/2024\/06\/colours-wooden-me-300x82.png\" alt=\"\" width=\"505\" height=\"138\" srcset=\"https:\/\/factory.sale\/wp-content\/uploads\/2024\/06\/colours-wooden-me-300x82.png 300w, https:\/\/factory.sale\/wp-content\/uploads\/2024\/06\/colours-wooden-me-150x41.png 150w, https:\/\/factory.sale\/wp-content\/uploads\/2024\/06\/colours-wooden-me-600x164.png 600w, https:\/\/factory.sale\/wp-content\/uploads\/2024\/06\/colours-wooden-me.png 638w\" sizes=\"auto, (max-width: 505px) 100vw, 505px\" \/><\/p>\n<p>&nbsp;<\/p>\n<p>&nbsp;<\/p>\n<p>Sadevesij\u00e4rjestelm\u00e4: 667,00 \u20ac<\/p>\n<p>Vakiomalliset puiset ovet ja ikkunat: 0,00 \u20ac<\/p>\n<p>PVC-ikkunat puuikkunoiden sijaan: 695,75 \u20ac<\/p>\n<p>&nbsp;<\/p>\n<p>&nbsp;<\/p>\n<div class=\"video-wrapper \"><iframe loading=\"lazy\" title=\"How To Build a Log Cabin | Assembly Instructions\" width=\"500\" height=\"281\" src=\"https:\/\/www.youtube.com\/embed\/k9kK04ZBp0o?feature=oembed\" frameborder=\"0\" allow=\"accelerometer; autoplay; clipboard-write; encrypted-media; gyroscope; picture-in-picture; web-share\" referrerpolicy=\"strict-origin-when-cross-origin\" allowfullscreen><\/iframe><\/div>\n<p>&nbsp;<\/p>\n<div class=\"video-wrapper \"><iframe loading=\"lazy\" title=\"Hoe monteer je dakshingles voor zadeldaken?\" width=\"500\" height=\"281\" src=\"https:\/\/www.youtube.com\/embed\/9S4j3SFXrjM?feature=oembed\" frameborder=\"0\" allow=\"accelerometer; autoplay; clipboard-write; encrypted-media; gyroscope; picture-in-picture; web-share\" referrerpolicy=\"strict-origin-when-cross-origin\" allowfullscreen><\/iframe><\/div>\n<p>&nbsp;<\/p>\n<div class=\"video-wrapper \"><iframe loading=\"lazy\" title=\"Skype Video\" width=\"422\" height=\"750\" src=\"https:\/\/www.youtube.com\/embed\/n-6seNYdEBk?feature=oembed\" frameborder=\"0\" allow=\"accelerometer; autoplay; clipboard-write; encrypted-media; gyroscope; picture-in-picture; web-share\" referrerpolicy=\"strict-origin-when-cross-origin\" allowfullscreen><\/iframe><\/div>\n<p>&nbsp;<\/p>\n<p>&nbsp;<\/p>\n<p>&nbsp;<\/p>\n<p>&nbsp;<\/p>\n","protected":false},"excerpt":{"rendered":"<p>P\u00e4ivit\u00e4 ulkotilasi tilavalla 57 m\u00b2 autotallillamme, jossa on kaksoiskatos. Huolellisesti luonnonv\u00e4risest\u00e4 pohjoismaisesta m\u00e4nnyst\u00e4 valmistettu autotalli yhdist\u00e4\u00e4 t\u00e4ydellisesti k\u00e4yt\u00e4nn\u00f6llisyyden ja muotoilun tarjoten sek\u00e4 kest\u00e4v\u00e4n ett\u00e4 esteettisen suojan ajoneuvoillesi.<\/p>\n","protected":false},"featured_media":87273,"comment_status":"open","ping_status":"closed","template":"","meta":{"_acf_changed":false},"factory":[],"free-shipment":[],"product_brand":[],"product_cat":[1339,997],"product_tag":[1487,1488,1489],"class_list":{"0":"post-87286","1":"product","2":"type-product","3":"status-publish","4":"has-post-thumbnail","6":"product_cat-autokatokset","7":"product_cat-piha-puutarha-fi","8":"product_tag-carport-fi","9":"product_tag-garden-fi","10":"product_tag-yard-fi","12":"first","13":"instock","14":"sale","15":"taxable","16":"shipping-taxable","17":"purchasable","18":"product-type-simple"},"acf":[],"_links":{"self":[{"href":"https:\/\/factory.sale\/fi\/wp-json\/wp\/v2\/product\/87286","targetHints":{"allow":["GET"]}}],"collection":[{"href":"https:\/\/factory.sale\/fi\/wp-json\/wp\/v2\/product"}],"about":[{"href":"https:\/\/factory.sale\/fi\/wp-json\/wp\/v2\/types\/product"}],"replies":[{"embeddable":true,"href":"https:\/\/factory.sale\/fi\/wp-json\/wp\/v2\/comments?post=87286"}],"wp:featuredmedia":[{"embeddable":true,"href":"https:\/\/factory.sale\/fi\/wp-json\/wp\/v2\/media\/87273"}],"wp:attachment":[{"href":"https:\/\/factory.sale\/fi\/wp-json\/wp\/v2\/media?parent=87286"}],"wp:term":[{"taxonomy":"factory","embeddable":true,"href":"https:\/\/factory.sale\/fi\/wp-json\/wp\/v2\/factory?post=87286"},{"taxonomy":"free-shipment","embeddable":true,"href":"https:\/\/factory.sale\/fi\/wp-json\/wp\/v2\/free-shipment?post=87286"},{"taxonomy":"product_brand","embeddable":true,"href":"https:\/\/factory.sale\/fi\/wp-json\/wp\/v2\/product_brand?post=87286"},{"taxonomy":"product_cat","embeddable":true,"href":"https:\/\/factory.sale\/fi\/wp-json\/wp\/v2\/product_cat?post=87286"},{"taxonomy":"product_tag","embeddable":true,"href":"https:\/\/factory.sale\/fi\/wp-json\/wp\/v2\/product_tag?post=87286"}],"curies":[{"name":"wp","href":"https:\/\/api.w.org\/{rel}","templated":true}]}}