{"id":87233,"date":"2024-06-30T19:20:50","date_gmt":"2024-06-30T19:33:50","guid":{"rendered":"https:\/\/factory.sale\/?post_type=product&#038;p=87233"},"modified":"2024-07-07T23:15:58","modified_gmt":"2024-07-07T23:15:58","slug":"neliomuotoinen-palju-akryylisisuksella","status":"publish","type":"product","link":"https:\/\/factory.sale\/fi\/tuote\/neliomuotoinen-palju-akryylisisuksella\/","title":{"rendered":"Neli\u00f6muotoinen palju, akryylisisuksella"},"content":{"rendered":"<p>Etsitk\u00f6 rentouttavaa ja viihtyis\u00e4\u00e4 tapaa nauttia luonnosta? Haluatko kokea vesiterapian hy\u00f6dyt omalla takapihallasi? Saatat olla kiinnostunut neli\u00f6nmuotoisesta paljuistamme, jossa on akryylisisus.<\/p>\n<p>T\u00e4m\u00e4 on ainutlaatuinen ja kest\u00e4v\u00e4 tuote, joka yhdist\u00e4\u00e4 puun luonnollisen kauneuden akryylin mukavuuteen ja k\u00e4yt\u00e4nn\u00f6llisyyteen. Paljumme ovat valmistettu korkealaatuisesta kuusipuusta, joka on vastustuskykyinen laholle ja hy\u00f6nteisille. Valinnaiset puuvaihtoehdot: lehtikuusi, l\u00e4mp\u00f6puu, puukomposiitti tai seetri, riippuen mieltymyksist\u00e4si ja budjetistasi.<\/p>\n<p>Akryylisisus on saatavana valkoisena, harmaana, ruskeana tai sinisen\u00e4, ja sill\u00e4 on sile\u00e4 ja helposti puhdistettava pinta. Eristeet tarjoavat enemm\u00e4n l\u00e4mm\u00f6npitoa kuin puiset paljut, mik\u00e4 tarkoittaa energian ja veden s\u00e4\u00e4st\u00f6\u00e4. Sisuksen neli\u00f6nmuotoisella ja tilavalla kapasiteetilla, joka on 1700 l \u2013 1900 l, mahtuu mukavasti 6-8 henkil\u00f6\u00e4. Sis\u00e4mitat ovat 180 x 180 cm ja ulkomitat 202 x 202 cm. Kokonaiskorkeus on noin 1 m ja syvyys 88 cm. Penkin korkeus on 28 cm ja penkin leveys on 40 cm. Puun paksuus on 20 mm ja paino on 240 kg.<\/p>\n<p>&nbsp;<\/p>\n<p>&nbsp;<\/p>\n<p><strong>Tekniset tiedot:<\/strong><\/p>\n<p>Muoto: Neli\u00f6<br \/>\nSis\u00e4halkaisija: 180\u00d7180 cm;<br \/>\nUlkohalkaisija: 202\u00d7202 cm;<br \/>\nKokonaiskorkeus: 1 m;<br \/>\nSyvyys: 88 cm;<br \/>\nPenkin korkeus: 28 cm;<br \/>\nPenkin leveys: 40 cm;<br \/>\nVerhouslautojen paksuus: 20 mm;<br \/>\nVesim\u00e4\u00e4r\u00e4: 1700 l &#8211; 1900 l;<br \/>\nPaino: 240 kg;<br \/>\nKapasiteetti: 6-8 henkil\u00f6\u00e4.<\/p>\n<p>&nbsp;<\/p>\n<p>&nbsp;<\/p>\n<p><strong>Vakiosetti:<\/strong><\/p>\n<p>Puu: Siperian kuusi (standardi); vaihtoehdot: lehtikuusi, l\u00e4mp\u00f6puu, puukomposiitti, seetri;<br \/>\nAkryylisisus: vaihtoehdot: valkoinen, harmaa, sininen;<br \/>\nUlkoinen uuni (ter\u00e4s 304) 2 metrin savupiipulla ja katolla;<br \/>\nRuostumattomasta ter\u00e4ksest\u00e4 valmistetut vanteet: 2 kpl;<br \/>\nUlkopuoliset puiset portaat;<br \/>\nL\u00e4mp\u00f6mittari;<br \/>\nPuiset hyllyt;<br \/>\nVeden poisto sivulta;<br \/>\nKauha.<\/p>\n<p>&nbsp;<\/p>\n<p>&nbsp;<\/p>\n<p><strong>Lis\u00e4varusteet ja ominaisuudet<\/strong><\/p>\n<p>Paljumme mukana tulee vakio tarvikkeita, mukaan lukien ulkoinen uuni (ter\u00e4s 304) 2 metrin savupiipulla ja katolla, kaksi ruostumattomasta ter\u00e4ksest\u00e4 valmistettua vannetta, ulkoiset puiset portaat, l\u00e4mp\u00f6mittari, puiset hyllyt, veden poisto sivulta ja kauha. Ulkoinen uuni on turvallinen ja tehokas tapa l\u00e4mmitt\u00e4\u00e4 vett\u00e4 ja sill\u00e4 on tyylik\u00e4s muotoilu, joka t\u00e4ydent\u00e4\u00e4 puista paljua. Ulkoiset puiset portaat tekev\u00e4t paljuun p\u00e4\u00e4syst\u00e4 ja poistumisesta helppoa ja puiset hyllyt ovat k\u00e4tev\u00e4 paikka s\u00e4ilytt\u00e4\u00e4 juomia ja v\u00e4lipaloja. L\u00e4mp\u00f6mittari auttaa seuraamaan veden l\u00e4mp\u00f6tilaa ja kauha auttaa veden sekoittamisessa tasaisen l\u00e4mmityksen takaamiseksi. Veden poisto sivulta mahdollistaa veden helpon tyhjent\u00e4misen.<\/p>\n<p>&nbsp;<\/p>\n<p>&nbsp;<\/p>\n<p><strong>Miksi valita meid\u00e4n neli\u00f6nmuotoinen palju?<\/strong><\/p>\n<p>Meid\u00e4n neli\u00f6nmuotoinen akryylisisuksella varustettu palju on t\u00e4ydellinen valinta kaikille, jotka rakastavat luontoa ja hyvinvointia. Se on loistava tapa rentoutua, virkist\u00e4yty\u00e4 ja nauttia raikkaasta ilmasta ja rauhoittavasta vedest\u00e4. Voit k\u00e4ytt\u00e4\u00e4 sit\u00e4 ymp\u00e4ri vuoden ja se lis\u00e4\u00e4 arvoa ja vieh\u00e4tysvoimaa kiinteist\u00f6\u00f6si. Tilaa omasi t\u00e4n\u00e4\u00e4n ja valmistaudu kokemaan paras ulkospaa!<\/p>\n<p>&nbsp;<\/p>\n<p>&nbsp;<\/p>\n<p>&nbsp;<\/p>\n<p><strong>Akryyliv\u00e4rivaihtoehdot:<\/strong><\/p>\n<p>Sininen, valkoinen, musta, ruskea<\/p>\n<p><img loading=\"lazy\" decoding=\"async\" class=\"alignnone wp-image-87211\" src=\"https:\/\/factory.sale\/wp-content\/uploads\/2024\/06\/acrylic-colours-272x300.png\" alt=\"\" width=\"401\" height=\"442\" srcset=\"https:\/\/factory.sale\/wp-content\/uploads\/2024\/06\/acrylic-colours-272x300.png 272w, https:\/\/factory.sale\/wp-content\/uploads\/2024\/06\/acrylic-colours-136x150.png 136w, https:\/\/factory.sale\/wp-content\/uploads\/2024\/06\/acrylic-colours-600x661.png 600w, https:\/\/factory.sale\/wp-content\/uploads\/2024\/06\/acrylic-colours.png 646w\" sizes=\"auto, (max-width: 401px) 100vw, 401px\" \/><\/p>\n<p>&nbsp;<\/p>\n<p>&nbsp;<\/p>\n<p><strong>Puuvaihtoehdot:<\/strong><\/p>\n<p>Kuusi 0 .- \/ Lehtikuusi 159,6 .- \/ L\u00e4mp\u00f6puu 159,6 .- \/ Puukomposiitti 159,6 .- \/ Seetri 775,2 .-.<\/p>\n<p>&nbsp;<\/p>\n<p>&nbsp;<\/p>\n<p><strong>Maalattu, kyll\u00e4stetty<\/strong> 114 .-<\/p>\n<p><img loading=\"lazy\" decoding=\"async\" class=\"alignnone wp-image-87216\" src=\"https:\/\/factory.sale\/wp-content\/uploads\/2024\/06\/Bildschirmfoto-2024-06-30-um-21.34.17-300x275.png\" alt=\"\" width=\"447\" height=\"410\" srcset=\"https:\/\/factory.sale\/wp-content\/uploads\/2024\/06\/Bildschirmfoto-2024-06-30-um-21.34.17-300x275.png 300w, https:\/\/factory.sale\/wp-content\/uploads\/2024\/06\/Bildschirmfoto-2024-06-30-um-21.34.17-150x138.png 150w, https:\/\/factory.sale\/wp-content\/uploads\/2024\/06\/Bildschirmfoto-2024-06-30-um-21.34.17-600x550.png 600w, https:\/\/factory.sale\/wp-content\/uploads\/2024\/06\/Bildschirmfoto-2024-06-30-um-21.34.17.png 674w\" sizes=\"auto, (max-width: 447px) 100vw, 447px\" \/><\/p>\n<p>&nbsp;<\/p>\n<p><strong>L\u00e4mmitin:<\/strong><\/p>\n<p>Ulkoinen l\u00e4mmitin 20 KW \/ 0 .-<\/p>\n<p>Ulkoinen l\u00e4mmitin 26 KW \/ 85,5 .-<\/p>\n<p>Ulkoinen l\u00e4mmitin 30 KW \/ 182,4 .-<\/p>\n<p>&nbsp;<\/p>\n<p>&nbsp;<\/p>\n<p>&nbsp;<\/p>\n<p><strong>L\u00e4mmittimen metallivaihtoehdot:<\/strong><\/p>\n<p>Ter\u00e4s 304 \/ 0 .-<\/p>\n<p>Ter\u00e4s 316 \/ 245,1 .-<\/p>\n<p>&nbsp;<\/p>\n<p>&nbsp;<\/p>\n<p><strong>S\u00e4hk\u00f6l\u00e4mmitys puul\u00e4mmitteisten uunien sijaan:<\/strong><\/p>\n<p>Gecko-l\u00e4mmitin 228 .-<\/p>\n<p>S\u00e4hk\u00f6l\u00e4mmitin 6 KW, 380 V \/ 165,3 .-<\/p>\n<p>Wi-Fi-kaukos\u00e4\u00e4din 153,9 .-<\/p>\n<p>&nbsp;<\/p>\n<p><strong>L\u00e4mp\u00f6kansi\u00a0<\/strong>364,8 .-<\/p>\n<p>&nbsp;<\/p>\n<p><strong>Portaiden vaihtoehdot:<\/strong><\/p>\n<p>2 askelmaa 0 .-<\/p>\n<p>3 askelmaa 0 .-<\/p>\n<p>Py\u00f6re\u00e4t portaat 131,1 .-<\/p>\n<p>L\u00e4mp\u00f6kansi 250,8 .-<\/p>\n<p>&nbsp;<\/p>\n<p>&nbsp;<\/p>\n<p><strong><em>Saatavilla enemm\u00e4n lis\u00e4varusteita, kysy lis\u00e4\u00e4.<\/em><\/strong><\/p>\n<p>&nbsp;<\/p>\n<p>&nbsp;<\/p>\n<p><a href=\"https:\/\/factory.sale\/wp-content\/uploads\/2024\/07\/Porealtaan-kayttoohje.pdf\" target=\"_blank\" rel=\"noopener\">Porealtaan k\u00e4ytt\u00f6ohje<\/a><\/p>\n<p><a href=\"https:\/\/factory.sale\/wp-content\/uploads\/2024\/06\/sand-filter.pdf\" target=\"_blank\" rel=\"noopener\">Hiekkasuodatin<\/a><\/p>\n<p>&nbsp;<\/p>\n<div class=\"video-wrapper \"><\/div>\n","protected":false},"excerpt":{"rendered":"<p>Meid\u00e4n neli\u00f6nmuotoinen akryylisisuksella varustettu palju on t\u00e4ydellinen valinta kaikille, jotka rakastavat luontoa ja hyvinvointia. Se on loistava tapa rentoutua, virkist\u00e4yty\u00e4 ja nauttia raikkaasta ilmasta ja rauhoittavasta vedest\u00e4. Voit k\u00e4ytt\u00e4\u00e4 sit\u00e4 ymp\u00e4ri vuoden ja se lis\u00e4\u00e4 arvoa ja vieh\u00e4tysvoimaa kiinteist\u00f6\u00f6si. Tilaa omasi t\u00e4n\u00e4\u00e4n ja valmistaudu kokemaan paras ulkospaa!<\/p>\n","protected":false},"featured_media":87223,"comment_status":"open","ping_status":"closed","template":"","meta":{"_acf_changed":false},"factory":[],"free-shipment":[],"product_brand":[],"product_cat":[2210,2588],"product_tag":[1488,2846,1489],"class_list":{"0":"post-87233","1":"product","2":"type-product","3":"status-publish","4":"has-post-thumbnail","6":"product_cat-kylpytynnyrit","7":"product_cat-lasikuituiset-kylpytynnyrit","8":"product_tag-garden-fi","9":"product_tag-hot-tub-fi","10":"product_tag-yard-fi","12":"first","13":"instock","14":"sale","15":"taxable","16":"shipping-taxable","17":"purchasable","18":"product-type-simple"},"acf":[],"_links":{"self":[{"href":"https:\/\/factory.sale\/fi\/wp-json\/wp\/v2\/product\/87233","targetHints":{"allow":["GET"]}}],"collection":[{"href":"https:\/\/factory.sale\/fi\/wp-json\/wp\/v2\/product"}],"about":[{"href":"https:\/\/factory.sale\/fi\/wp-json\/wp\/v2\/types\/product"}],"replies":[{"embeddable":true,"href":"https:\/\/factory.sale\/fi\/wp-json\/wp\/v2\/comments?post=87233"}],"wp:featuredmedia":[{"embeddable":true,"href":"https:\/\/factory.sale\/fi\/wp-json\/wp\/v2\/media\/87223"}],"wp:attachment":[{"href":"https:\/\/factory.sale\/fi\/wp-json\/wp\/v2\/media?parent=87233"}],"wp:term":[{"taxonomy":"factory","embeddable":true,"href":"https:\/\/factory.sale\/fi\/wp-json\/wp\/v2\/factory?post=87233"},{"taxonomy":"free-shipment","embeddable":true,"href":"https:\/\/factory.sale\/fi\/wp-json\/wp\/v2\/free-shipment?post=87233"},{"taxonomy":"product_brand","embeddable":true,"href":"https:\/\/factory.sale\/fi\/wp-json\/wp\/v2\/product_brand?post=87233"},{"taxonomy":"product_cat","embeddable":true,"href":"https:\/\/factory.sale\/fi\/wp-json\/wp\/v2\/product_cat?post=87233"},{"taxonomy":"product_tag","embeddable":true,"href":"https:\/\/factory.sale\/fi\/wp-json\/wp\/v2\/product_tag?post=87233"}],"curies":[{"name":"wp","href":"https:\/\/api.w.org\/{rel}","templated":true}]}}